{"id":216081,"date":"2024-03-13T15:12:59","date_gmt":"2024-03-13T14:12:59","guid":{"rendered":"https:\/\/desdropi.com\/elparque\/depiladora-masculina-remington-bht2000a-bodyguard\/"},"modified":"2025-04-14T03:35:09","modified_gmt":"2025-04-14T01:35:09","slug":"depiladora-masculina-remington-bht2000a-bodyguard","status":"publish","type":"product","link":"https:\/\/desdropi.com\/elparque\/depiladora-masculina-remington-bht2000a-bodyguard\/","title":{"rendered":"Depiladora Masculina Remington BHT2000A Bodyguard"},"content":{"rendered":"<div class=\"descripcion-tab\">\n<p class=\"title\"><strong>AFEITADORA CORPORAL BODYGUARD BHT2000A<\/strong><\/p>\n<p class=\"title\"><span style=\"color: #333333;\">Si quieres lucir un aspecto cuidado en las distancias cortas, esta afeitadora corporal resistente al agua es perfecta para ti.<\/span><\/p>\n<p class=\"title\"><span style=\"color: #333333;\"> Gracias a su dise\u00f1o, con cabezales intercambiables para perfilar con libertad, tus zonas \u00edntimas estar\u00e1n siempre perfectas.<\/span><\/p>\n<div class=\"dropdown-context-panel\">\n<div class=\"product-description\">\n<div class=\"mobile-list product-desc active\">\n<p>La afeitadora corporal Bodyguard dispone de un peine extra\u00edble para diferentes longitudes de vello y de una delicada c\u00f3moda cuchilla superior para evitar cortes y rasgu\u00f1os.<\/p>\n<p>Adem\u00e1s, gracias a los hasta 40 minutos de uso inal\u00e1mbrico, este accesorio de cuidado masculino satisface todas tus necesidades de corte.<\/p>\n<ul>\n<li>Cuchillas con revestimiento de titanio<\/li>\n<li>Cuchillas autoafilables<\/li>\n<li>5 longitudes predeterminadas<\/li>\n<li>Miniafeitadora de l\u00e1minas para un resultado \u00f3ptimo<\/li>\n<li>Peine extra\u00edble para cortar y perfilar con precisi\u00f3n<\/li>\n<li>Rueda de selecci\u00f3n de longitud de corte<\/li>\n<li>C\u00f3moda cuchilla superior fija que evita cortes y rasgu\u00f1os<\/li>\n<li>Protector de peine completo<\/li>\n<li>Ventana Easy View\u00ae que muestra la longitud de corte seleccionada<\/li>\n<li>Recargable<\/li>\n<li>40 min de autonom\u00eda<\/li>\n<li>14-16 horas de tiempo de recarga<\/li>\n<li>Piloto indicador de carga<\/li>\n<li>Resistente al agua<\/li>\n<li>Acabado antideslizante<\/li>\n<\/ul>\n<p>&nbsp;<\/p>\n<\/div>\n<\/div>\n<\/div>\n<\/div>\n","protected":false},"excerpt":{"rendered":"<p>AFEITADORA CORPORAL BODYGUARD BHT2000A Si quieres lucir un aspecto cuidado en las distancias cortas, esta afeitadora corporal resistente al agua<\/p>\n","protected":false},"featured_media":216082,"comment_status":"open","ping_status":"closed","template":"","meta":{"_joinchat":[]},"product_cat":[6510,6878,825,6097],"product_tag":[],"class_list":{"0":"post-216081","1":"product","2":"type-product","3":"status-publish","4":"has-post-thumbnail","6":"product_cat-vello-y-pelo","7":"product_cat-depiladoras","8":"product_cat-pequeno-electrodomestico","9":"product_cat-cuidado-personal","10":"pa_marca-remington","12":"first","13":"instock","14":"taxable","15":"shipping-taxable","16":"purchasable","17":"product-type-simple"},"_links":{"self":[{"href":"https:\/\/desdropi.com\/elparque\/wp-json\/wp\/v2\/product\/216081"}],"collection":[{"href":"https:\/\/desdropi.com\/elparque\/wp-json\/wp\/v2\/product"}],"about":[{"href":"https:\/\/desdropi.com\/elparque\/wp-json\/wp\/v2\/types\/product"}],"replies":[{"embeddable":true,"href":"https:\/\/desdropi.com\/elparque\/wp-json\/wp\/v2\/comments?post=216081"}],"version-history":[{"count":1,"href":"https:\/\/desdropi.com\/elparque\/wp-json\/wp\/v2\/product\/216081\/revisions"}],"predecessor-version":[{"id":225029,"href":"https:\/\/desdropi.com\/elparque\/wp-json\/wp\/v2\/product\/216081\/revisions\/225029"}],"wp:featuredmedia":[{"embeddable":true,"href":"https:\/\/desdropi.com\/elparque\/wp-json\/wp\/v2\/media\/216082"}],"wp:attachment":[{"href":"https:\/\/desdropi.com\/elparque\/wp-json\/wp\/v2\/media?parent=216081"}],"wp:term":[{"taxonomy":"product_cat","embeddable":true,"href":"https:\/\/desdropi.com\/elparque\/wp-json\/wp\/v2\/product_cat?post=216081"},{"taxonomy":"product_tag","embeddable":true,"href":"https:\/\/desdropi.com\/elparque\/wp-json\/wp\/v2\/product_tag?post=216081"}],"curies":[{"name":"wp","href":"https:\/\/api.w.org\/{rel}","templated":true}]}}