{"id":216189,"date":"2024-03-15T00:18:02","date_gmt":"2024-03-14T23:18:02","guid":{"rendered":"https:\/\/desdropi.com\/elparque\/frigo-combi-nevir-nvr-5605ctnfe-188x60-nf-blanco\/"},"modified":"2025-04-14T03:50:10","modified_gmt":"2025-04-14T01:50:10","slug":"frigo-combi-nevir-nvr-5605ctnfe-188x60-nf-blanco","status":"publish","type":"product","link":"https:\/\/desdropi.com\/elparque\/frigo-combi-nevir-nvr-5605ctnfe-188x60-nf-blanco\/","title":{"rendered":"frigo combi nevir nvr-5605ctnfe 188&#215;60 nf blanco"},"content":{"rendered":"<div class=\"descripcion-tab\"><strong>CARACTER\u00cdSTICAS PRINCIPALES<\/strong><\/p>\n<ul>\n<li>Frigor\u00edfico Tipo Combi<\/li>\n<li>Total No Frost<\/li>\n<li>Puertas en Color Blanco<\/li>\n<li>Control Electr\u00f3nico de Temperatura<\/li>\n<li>Fast Cooling \u2013 Enfriamiento R\u00e1pido<\/li>\n<li>Bandejas de Cristal Ajustables<\/li>\n<li>Iluminaci\u00f3n LED Interior<\/li>\n<li>Sistema Inverter de Ventilaci\u00f3n<\/li>\n<li>Puertas Reversibles<\/li>\n<li>Patas Ajustables<\/li>\n<\/ul>\n<p><strong>COMPARTIMENTOS<\/strong><\/p>\n<ul>\n<li>3 Baldas de Cristal Ajustables en Altura<\/li>\n<li>5 Balcones de Puerta de Diferentes Tama\u00f1os<\/li>\n<li>Caj\u00f3n de Verduras y Frutas para M\u00e1xima Frescura<\/li>\n<li>3 Cajones Divisores Transparentes en el Congelador<\/li>\n<li>Volumen Total de Uso: 302 Litros<\/li>\n<li>Volumen Frigor\u00edfico: 224 Litros<\/li>\n<li>Volumen Congelador: 86 Litros<\/li>\n<\/ul>\n<p><strong>MEDIDAS<\/strong><\/p>\n<ul>\n<li>Ancho x Alto x Profundo (Unidad): 595 x 1880 x 630 mm<\/li>\n<li>Ancho x Alto x Profundo (Embalaje): 657 x 1950 x 688 mm<\/li>\n<li>Unidad de Embalaje: 1<\/li>\n<li>EAN: 8427155802105<\/li>\n<\/ul>\n<p><strong>CONSUMO<\/strong><\/p>\n<ul>\n<li>Consumo Energ\u00e9tico: 235 kWh\/a\u00f1o<\/li>\n<li>Alimentaci\u00f3n: 220-240V\/50Hz<\/li>\n<li>Refrigerante: R600A<\/li>\n<li>Sonoridad: 42 dB<\/li>\n<li>Clase Sub-Tropical*<\/li>\n<li>Clasificaci\u00f3n Energ\u00e9tica: E<\/li>\n<li>Rango \u00d3ptimo de Funcionamiento entre +16\u00ba a +38\u00ba<\/li>\n<\/ul>\n<\/div>\n","protected":false},"excerpt":{"rendered":"<p>CARACTER\u00cdSTICAS PRINCIPALES Frigor\u00edfico Tipo Combi Total No Frost Puertas en Color Blanco Control Electr\u00f3nico de Temperatura Fast Cooling \u2013 Enfriamiento<\/p>\n","protected":false},"featured_media":216190,"comment_status":"open","ping_status":"closed","template":"","meta":{"_joinchat":[]},"product_cat":[],"product_tag":[],"class_list":{"0":"post-216189","1":"product","2":"type-product","3":"status-publish","4":"has-post-thumbnail","6":"pa_marca-nevir","7":"pa_nofrost-si","9":"first","10":"instock","11":"taxable","12":"shipping-taxable","13":"purchasable","14":"product-type-simple"},"_links":{"self":[{"href":"https:\/\/desdropi.com\/elparque\/wp-json\/wp\/v2\/product\/216189"}],"collection":[{"href":"https:\/\/desdropi.com\/elparque\/wp-json\/wp\/v2\/product"}],"about":[{"href":"https:\/\/desdropi.com\/elparque\/wp-json\/wp\/v2\/types\/product"}],"replies":[{"embeddable":true,"href":"https:\/\/desdropi.com\/elparque\/wp-json\/wp\/v2\/comments?post=216189"}],"version-history":[{"count":1,"href":"https:\/\/desdropi.com\/elparque\/wp-json\/wp\/v2\/product\/216189\/revisions"}],"predecessor-version":[{"id":225054,"href":"https:\/\/desdropi.com\/elparque\/wp-json\/wp\/v2\/product\/216189\/revisions\/225054"}],"wp:featuredmedia":[{"embeddable":true,"href":"https:\/\/desdropi.com\/elparque\/wp-json\/wp\/v2\/media\/216190"}],"wp:attachment":[{"href":"https:\/\/desdropi.com\/elparque\/wp-json\/wp\/v2\/media?parent=216189"}],"wp:term":[{"taxonomy":"product_cat","embeddable":true,"href":"https:\/\/desdropi.com\/elparque\/wp-json\/wp\/v2\/product_cat?post=216189"},{"taxonomy":"product_tag","embeddable":true,"href":"https:\/\/desdropi.com\/elparque\/wp-json\/wp\/v2\/product_tag?post=216189"}],"curies":[{"name":"wp","href":"https:\/\/api.w.org\/{rel}","templated":true}]}}