{"id":216350,"date":"2024-03-15T18:46:33","date_gmt":"2024-03-15T17:46:33","guid":{"rendered":"https:\/\/desdropi.com\/elparque\/?post_type=product&#038;p=216350"},"modified":"2024-05-17T13:02:24","modified_gmt":"2024-05-17T11:02:24","slug":"martwatch-dcu-curved-glass-pro-gris","status":"publish","type":"product","link":"https:\/\/desdropi.com\/elparque\/martwatch-dcu-curved-glass-pro-gris\/","title":{"rendered":"MARTWATCH DCU CURVED GLASS PRO GRIS"},"content":{"rendered":"<div class=\"descripcion-tab\">NOMBRE DEL PRODUCTO<br \/>\nMarca DCU<br \/>\nModelo 34157026<br \/>\nEAN8436556992452<br \/>\n<strong>Exhibici\u00f3n<\/strong><\/p>\n<ul>\n<li>Diagonal de la pantalla 4,65<\/li>\n<li>Pantalla t\u00e1ctil S\u00ed<\/li>\n<li>Pantalla a color S\u00ed<\/li>\n<li>Tipo de visualizador Digital<\/li>\n<li>Resoluci\u00f3n de la pantalla 240 x 284<\/li>\n<\/ul>\n<p><strong>Puertos e Interfaces<\/strong><\/p>\n<ul>\n<li>Puerto USB No<\/li>\n<li>Versi\u00f3n de Bluetooth 5.1<\/li>\n<li>Wifi No<\/li>\n<li>Comunicaci\u00f3n de Campo Cercano (NFC) No<\/li>\n<\/ul>\n<p><strong>Peso y dimensiones<\/strong><\/p>\n<ul>\n<li>Profundidad 35<\/li>\n<li>Peso 36<\/li>\n<li>Grosor 9<\/li>\n<li>Ancho 42<\/li>\n<\/ul>\n<p><strong>Control de energ\u00eda<\/strong><\/p>\n<ul>\n<li>Tiempo de carga3<\/li>\n<li>Tecnolog\u00eda de bater\u00eda Pol\u00edmero de litio<\/li>\n<li>Tipo de bater\u00eda Bater\u00eda integrada<\/li>\n<li>Capacidad de bater\u00eda 230<\/li>\n<li>Duraci\u00f3n de la bater\u00eda 15<\/li>\n<\/ul>\n<p><strong>Contenido del embalaje<\/strong><\/p>\n<ul>\n<li>Manual de usuario S\u00ed<\/li>\n<\/ul>\n<p><strong>Dise\u00f1o<\/strong><\/p>\n<ul>\n<li>Longitud de la correa 24,2<\/li>\n<li>Funciones de protecci\u00f3n Resistente al agua<\/li>\n<li>Material de la banda Silicona<\/li>\n<li>C\u00f3digo IP (International Protection) IP67<\/li>\n<li>Forma Rectangular<\/li>\n<li>Watch case size 35<\/li>\n<li>Tipo de cierre Hebilla para correa con una clavija<\/li>\n<li>Color de la esfera Gris<\/li>\n<li>Color de la correa Gris<\/li>\n<li>Tama\u00f1o de banda Talla \u00fanica<\/li>\n<li>Color de hebilla Met\u00e1lico<\/li>\n<li>G\u00e9nero Unisex<\/li>\n<li>Posicionamiento de mercado Reloj inteligente<\/li>\n<\/ul>\n<p><strong>Desempe\u00f1o<\/strong><\/p>\n<ul>\n<li>Micr\u00f3fono incorporado S\u00ed<\/li>\n<li>C\u00e1mara incorporada No<\/li>\n<li>Altavoces incorporados S\u00ed<\/li>\n<li>Radio FM No<\/li>\n<\/ul>\n<p><strong>Caracter\u00edsticas<\/strong><\/p>\n<ul>\n<li>Acceso remoto para responder al tel\u00e9fono S\u00ed<\/li>\n<li>Identificador de llamadas S\u00ed<\/li>\n<li>Alarma(s) audibles S\u00ed<\/li>\n<li>Distancia recorrida S\u00ed<\/li>\n<li>Cron\u00f3metro S\u00ed<\/li>\n<li>Calidad del sue\u00f1o S\u00ed<\/li>\n<li>Notificaciones del calendario S\u00ed<\/li>\n<li>Notificaciones de llamada S\u00ed<\/li>\n<li>Supervisi\u00f3n de la actividad S\u00ed<\/li>\n<li>Pod\u00f3metro S\u00ed<\/li>\n<li>Temporizador S\u00ed<\/li>\n<li>Notificaciones de SMS S\u00ed<\/li>\n<li>Sensor de nivel de ox\u00edgeno en sangre S\u00ed<\/li>\n<li>Remote capture photo S\u00ed<\/li>\n<li>Motor vibratorio S\u00ed<\/li>\n<li>Visualizaci\u00f3n de clima S\u00ed<\/li>\n<li>Sensor frecuencia card\u00edaca S\u00ed<\/li>\n<li>Remote music playback S\u00ed<\/li>\n<li>Calor\u00edas quemadas S\u00ed<\/li>\n<li>Calendario S\u00ed<\/li>\n<li>Tensi\u00f3metro S\u00ed<\/li>\n<li>Alarma S\u00ed<\/li>\n<\/ul>\n<p><strong>Conexi\u00f3n<\/strong><\/p>\n<ul>\n<li>Tarjeta SIM Datos M\u00f3viles<\/li>\n<\/ul>\n<\/div>\n","protected":false},"excerpt":{"rendered":"<p><span style=\"color: #ff0000;\"><strong>\u00a1ENV\u00cdO GRATIS!<\/strong><\/span><\/p>\n","protected":false},"featured_media":216351,"comment_status":"open","ping_status":"closed","template":"","meta":{"_joinchat":[]},"product_cat":[795,6819,6873],"product_tag":[],"class_list":{"0":"post-216350","1":"product","2":"type-product","3":"status-publish","4":"has-post-thumbnail","6":"product_cat-electronica","7":"product_cat-relojes","8":"product_cat-smartwatches","10":"first","11":"instock","12":"taxable","13":"shipping-taxable","14":"purchasable","15":"product-type-simple"},"_links":{"self":[{"href":"https:\/\/desdropi.com\/elparque\/wp-json\/wp\/v2\/product\/216350"}],"collection":[{"href":"https:\/\/desdropi.com\/elparque\/wp-json\/wp\/v2\/product"}],"about":[{"href":"https:\/\/desdropi.com\/elparque\/wp-json\/wp\/v2\/types\/product"}],"replies":[{"embeddable":true,"href":"https:\/\/desdropi.com\/elparque\/wp-json\/wp\/v2\/comments?post=216350"}],"version-history":[{"count":0,"href":"https:\/\/desdropi.com\/elparque\/wp-json\/wp\/v2\/product\/216350\/revisions"}],"wp:featuredmedia":[{"embeddable":true,"href":"https:\/\/desdropi.com\/elparque\/wp-json\/wp\/v2\/media\/216351"}],"wp:attachment":[{"href":"https:\/\/desdropi.com\/elparque\/wp-json\/wp\/v2\/media?parent=216350"}],"wp:term":[{"taxonomy":"product_cat","embeddable":true,"href":"https:\/\/desdropi.com\/elparque\/wp-json\/wp\/v2\/product_cat?post=216350"},{"taxonomy":"product_tag","embeddable":true,"href":"https:\/\/desdropi.com\/elparque\/wp-json\/wp\/v2\/product_tag?post=216350"}],"curies":[{"name":"wp","href":"https:\/\/api.w.org\/{rel}","templated":true}]}}