{"id":216368,"date":"2024-03-16T09:47:08","date_gmt":"2024-03-16T08:47:08","guid":{"rendered":"https:\/\/desdropi.com\/elparque\/?post_type=product&#038;p=216368"},"modified":"2024-06-05T11:33:56","modified_gmt":"2024-06-05T09:33:56","slug":"tv-samsung-77-tq77s93c-qdoled-uhd-smart-tv","status":"publish","type":"product","link":"https:\/\/desdropi.com\/elparque\/tv-samsung-77-tq77s93c-qdoled-uhd-smart-tv\/","title":{"rendered":"TV SAMSUNG 77&#8243; TQ77S93C QDOLED UHD SMART TV"},"content":{"rendered":"<div class=\"descripcion-tab\">NOMBRE DEL PRODUCTO<br \/>\nMarca SAMSUNG<br \/>\nModelo TQ77S93CATXXC<br \/>\nEAN8806094948868<br \/>\n<strong>Exhibici\u00f3n<\/strong><\/p>\n<ul>\n<li>Relaci\u00f3n de aspecto nativa 16:9<\/li>\n<li>Tecnolog\u00eda de interpolaci\u00f3n de movimiento Motion Xcelerator Turbo+<\/li>\n<li>Frecuencia nativa de refresco 144<\/li>\n<li>Diagonal de pantalla 195,58<\/li>\n<li>Pantalla antirreflectante S\u00ed<\/li>\n<li>Retroiluminaci\u00f3n del panel OLED<\/li>\n<li>Tipo de matriz OLED<\/li>\n<li>Resoluci\u00f3n 4K Ultra HD<\/li>\n<li>Pulgadas 77&#8243;<\/li>\n<li>Resoluci\u00f3n de la pantalla 3840 x 2160<\/li>\n<li>Tecnolog\u00eda del panel OLED<\/li>\n<li>Forma de la pantalla Plana<\/li>\n<\/ul>\n<p><strong>Audio<\/strong><\/p>\n<ul>\n<li>Potencia estimada RMS40<\/li>\n<li>Subwoofer incorporado S\u00ed<\/li>\n<li>Decodificadores incorporados Dolby Atmos<\/li>\n<li>Tecnolog\u00edas de decodificaci\u00f3n de audio Dolby Digital, Dolby Digital Plus MS12 5,1 ch<\/li>\n<li>Q-Symphony S\u00ed<\/li>\n<li>Adaptive sound+ S\u00ed<\/li>\n<li>Multiroom audio technology Multiroom Link<\/li>\n<li>Active voice amplifier (AVA) S\u00ed<\/li>\n<\/ul>\n<p><strong>Puertos e Interfaces<\/strong><\/p>\n<ul>\n<li>N\u00famero de puertos HDMI4<\/li>\n<li>PC (D-Sub) No<\/li>\n<li>Ethernet LAN (RJ-45) cantidad de puertos 1<\/li>\n<li>Audio digital, salida optica 1<\/li>\n<li>Interfaz com\u00fan S\u00ed<\/li>\n<li>Interfaz com\u00fan Plus (CI+) S\u00ed<\/li>\n<li>Versi\u00f3n Common interface Plus (CI+) 1.4<\/li>\n<li>Entrada de CA S\u00ed<\/li>\n<li>Cantidad de puertos USB 2.02<\/li>\n<\/ul>\n<p><strong>Peso y dimensiones<\/strong><\/p>\n<ul>\n<li>Ancho del dispositivo (con soporte) 1718,5<\/li>\n<li>Altura del dispositivo (con soporte) 1058,9<\/li>\n<li>Profundidad dispositivo (con soporte) 359,8<\/li>\n<li>Peso (con soporte) 37,8<\/li>\n<li>Ancho (sin base) 1718,5<\/li>\n<li>Profundidad (sin base) 44,9<\/li>\n<li>Altura (sin base) 987,6<\/li>\n<li>Peso (sin base) 35,1<\/li>\n<li>Ancho del soporte 36,6<\/li>\n<li>Profundidad del soporte 35,98<\/li>\n<li>Rango de pulgadas M\u00e1s de 75<\/li>\n<\/ul>\n<p><strong>Control de energ\u00eda<\/strong><\/p>\n<ul>\n<li>Energy efficiency class (SDR) F<\/li>\n<li>Energy efficiency class (HDR) G<\/li>\n<li>Energy consumption (SDR) per 1000 hours 117<\/li>\n<li>Energy consumption (HDR) per 1000 hours 188<\/li>\n<li>Consumo de energ\u00eda (inactivo)0,5<\/li>\n<li>Consumo de energ\u00eda (max)460 W<\/li>\n<li>Voltaje de entrada AC 220 &#8211; 240<\/li>\n<li>Frecuencia de entrada AC 50\/60<\/li>\n<li>Energy efficiency scale De la A a la G<\/li>\n<\/ul>\n<p><strong>Empaquetado<\/strong><\/p>\n<ul>\n<li>Soporte de sobremesaS\u00ed<\/li>\n<li>Mando a distancia incluidoS\u00ed<\/li>\n<li>Tipo de control remotoTM2360E<\/li>\n<li>Manual electr\u00f3nicoS\u00ed<\/li>\n<li>Ancho del paquete1890<\/li>\n<li>Altura del paquete1182<\/li>\n<li>Profundidad del paquete192<\/li>\n<li>Peso del paquete49,1<\/li>\n<\/ul>\n<p><strong>Sintonizador de la TV<\/strong><\/p>\n<ul>\n<li>Tipo de sintonizador Anal\u00f3gico y digital<\/li>\n<li>N\u00famero de sintonizadores 2<\/li>\n<li>Formato de se\u00f1al digital DVB-C, DVB-S2, DVB-T2<\/li>\n<\/ul>\n<p><strong>Caracter\u00edsticas de administraci\u00f3n<\/strong><\/p>\n<ul>\n<li>Gu\u00eda electr\u00f3nica de programaci\u00f3n S\u00ed<\/li>\n<li>Voice guide S\u00ed<\/li>\n<li>N\u00famero de lenguajes OSD 29<\/li>\n<li>Exhibici\u00f3n en pantalla (OSD) S\u00ed<\/li>\n<li>Apagado autom\u00e1tico S\u00ed<\/li>\n<li>Funciona con Samsung Bixby S\u00ed<\/li>\n<\/ul>\n<p><strong>Dise\u00f1o<\/strong><\/p>\n<ul>\n<li>Rollable display No<\/li>\n<li>Color del producto Negro<\/li>\n<li>Interruptor de encendido\/apagado integrado S\u00ed<\/li>\n<li>montaje VESA S\u00ed<\/li>\n<li>Interfaz de panel de montaje 400 x 300<\/li>\n<li>Tipo de soporte Soporte central<\/li>\n<li>Color del soporte Negro<\/li>\n<\/ul>\n<p><strong>Desempe\u00f1o<\/strong><\/p>\n<ul>\n<li>Alto Rango Din\u00e1mico (HDR) S\u00ed<\/li>\n<li>High Dynamic Range (HDR) technologyHLG (Hybrid Log Gamma), High Dynamic Range 10+ (HDR10 Plus)<\/li>\n<li>Funciones de teletextoS\u00ed<\/li>\n<li>Funci\u00f3n de subt\u00edtulos S\u00ed<\/li>\n<li>Modo ambiente Ambient Mode+<\/li>\n<li>AI Upscale S\u00ed<\/li>\n<li>AMD FreeSync S\u00ed<\/li>\n<li>Tipo de FreeSync de AMD Free Sync Premium<\/li>\n<li>Game featuresHGiG, ALLM, Game Motion Plus, Super Ultra Amplia, Zoom Mini Mapa<\/li>\n<li>Funci\u00f3n Multi View S\u00ed<\/li>\n<li>Compatibilidad con Wireless Dex S\u00ed<\/li>\n<\/ul>\n<p><strong>Smart TV<\/strong><\/p>\n<ul>\n<li>Versi\u00f3n de sistema operativo Tizen Smart TV<\/li>\n<li>HbbTV S\u00ed<\/li>\n<li>Hybrid Broadcast Broadband TV (HbbTV) version2.0.3<\/li>\n<li>TV por Internet S\u00ed<\/li>\n<li>Smart TV S\u00ed<\/li>\n<li>Sistema operativo instalado Tizen<\/li>\n<\/ul>\n<p><strong>Conexi\u00f3n<\/strong><\/p>\n<ul>\n<li>Wifi S\u00ed<\/li>\n<li>Ethernet S\u00ed<\/li>\n<li>Wi-Fi est\u00e1ndares Wi-Fi 5<\/li>\n<li>Bluetooth S\u00ed<\/li>\n<li>Versi\u00f3n de Bluetooth 5.2<\/li>\n<li>Navegador web S\u00ed<\/li>\n<li>Navegaci\u00f3n S\u00ed<\/li>\n<\/ul>\n<\/div>\n","protected":false},"excerpt":{"rendered":"<p><span style=\"color: #ff0000;\"><strong>Consigue 300\u20ac de reembolso. M\u00e1s info haciendo click <a href=\"https:\/\/www.samsung.com\/es\/offer\/consigue-hasta-1000-euros-de-regalo-al-comprar-tu-tv-neo-qled-y-oled\/\">aqu\u00ed<\/a><\/strong><\/span><\/p>\n","protected":false},"featured_media":216369,"comment_status":"open","ping_status":"closed","template":"","meta":{"_joinchat":[]},"product_cat":[795,7145,6464,7144,7069],"product_tag":[],"class_list":{"0":"post-216368","1":"product","2":"type-product","3":"status-publish","4":"has-post-thumbnail","6":"product_cat-electronica","7":"product_cat-hd","8":"product_cat-televisores-electronica","9":"product_cat-uhd-4k","10":"product_cat-tv-60-79","12":"first","13":"instock","14":"taxable","15":"shipping-taxable","16":"purchasable","17":"product-type-simple"},"_links":{"self":[{"href":"https:\/\/desdropi.com\/elparque\/wp-json\/wp\/v2\/product\/216368"}],"collection":[{"href":"https:\/\/desdropi.com\/elparque\/wp-json\/wp\/v2\/product"}],"about":[{"href":"https:\/\/desdropi.com\/elparque\/wp-json\/wp\/v2\/types\/product"}],"replies":[{"embeddable":true,"href":"https:\/\/desdropi.com\/elparque\/wp-json\/wp\/v2\/comments?post=216368"}],"version-history":[{"count":0,"href":"https:\/\/desdropi.com\/elparque\/wp-json\/wp\/v2\/product\/216368\/revisions"}],"wp:featuredmedia":[{"embeddable":true,"href":"https:\/\/desdropi.com\/elparque\/wp-json\/wp\/v2\/media\/216369"}],"wp:attachment":[{"href":"https:\/\/desdropi.com\/elparque\/wp-json\/wp\/v2\/media?parent=216368"}],"wp:term":[{"taxonomy":"product_cat","embeddable":true,"href":"https:\/\/desdropi.com\/elparque\/wp-json\/wp\/v2\/product_cat?post=216368"},{"taxonomy":"product_tag","embeddable":true,"href":"https:\/\/desdropi.com\/elparque\/wp-json\/wp\/v2\/product_tag?post=216368"}],"curies":[{"name":"wp","href":"https:\/\/api.w.org\/{rel}","templated":true}]}}