{"id":216392,"date":"2024-03-16T11:28:59","date_gmt":"2024-03-16T10:28:59","guid":{"rendered":"https:\/\/desdropi.com\/elparque\/?post_type=product&#038;p=216392"},"modified":"2024-05-18T01:00:08","modified_gmt":"2024-05-17T23:00:08","slug":"smartphone-redmi-13c-4-128-674-clover-green","status":"publish","type":"product","link":"https:\/\/desdropi.com\/elparque\/smartphone-redmi-13c-4-128-674-clover-green\/","title":{"rendered":"SMARTPHONE REDMI 13C 4\/128 6,74&#8243; CLOVER GREEN"},"content":{"rendered":"<div class=\"descripcion-tab\">\nNOMBRE DEL PRODUCTO<br \/>\nMarca XIAOMI<br \/>\nModelo MZB0FNQEU<br \/>\nEAN6941812754153<br \/>\n<strong>Procesador<\/strong><\/p>\n<ul>\n<li>Modelo del procesador Helio G85<\/li>\n<li>Arquitectura del procesador ARM Cortex-A75+Cortex-A55<\/li>\n<li>Familia de procesador MediaTek<\/li>\n<li>Litograf\u00eda del procesador 12<\/li>\n<li>N\u00famero de n\u00facleos de procesador 8<\/li>\n<li>Frecuencia del procesador 2<\/li>\n<\/ul>\n<p><strong>Exhibici\u00f3n<\/strong><\/p>\n<ul>\n<li>Brillo de pantalla 450<\/li>\n<li>Tipo de visualizador LCD<\/li>\n<li>Densidad del pixel 260<\/li>\n<li>Forma de la pantalla Plana<\/li>\n<li>Tipo de cristal de pantalla Corning Glass<\/li>\n<li>Alto Rango Din\u00e1mico (HDR) S\u00ed<\/li>\n<li>M\u00e1xima velocidad de actualizaci\u00f3n 90<\/li>\n<li>Resoluci\u00f3n de la pantalla 1600 x 720<\/li>\n<li>Brillo m\u00e1ximo de la pantalla (exteriores) 600<\/li>\n<li>Tama\u00f1o de la pantalla 6,74&#8243;<\/li>\n<\/ul>\n<p><strong>Puertos e Interfaces<\/strong><\/p>\n<ul>\n<li>Conector USB USB Tipo C<\/li>\n<li>Auriculares 3,5 mm<\/li>\n<li>Puerto USB S\u00ed<\/li>\n<\/ul>\n<p><strong>Peso y dimensiones<\/strong><\/p>\n<ul>\n<li>Ancho 78<\/li>\n<li>Profundidad 8,09<\/li>\n<li>Altura 168<\/li>\n<li>Peso 192<\/li>\n<\/ul>\n<p><strong>Detalles t\u00e9cnicos<\/strong><\/p>\n<ul>\n<li>Cumplimiento de sostenibilidad S\u00ed<\/li>\n<li>Sustainability certificates TUV<\/li>\n<\/ul>\n<p><strong>Medios de almacenaje<\/strong><\/p>\n<ul>\n<li>Tarjetas de memoria compatibles MicroSD (TransFlash)<\/li>\n<li>Tama\u00f1o m\u00e1ximo de tarjeta de memoria 1<\/li>\n<li>Tipo de memoria RAM interna LPDDR4X<\/li>\n<li>Memoria interna 128<\/li>\n<li>RAM interna 4<\/li>\n<\/ul>\n<p><strong>Mensajer\u00eda<\/strong><\/p>\n<ul>\n<li>Sistema de mensajer\u00eda multimedia (MMS) S\u00ed<\/li>\n<li>Servicios de mensajes cortos (SMS )S\u00ed<\/li>\n<li>Correo electr\u00f3nico S\u00ed<\/li>\n<\/ul>\n<p><strong>Navegaci\u00f3n<\/strong><\/p>\n<ul>\n<li>Br\u00fajula electr\u00f3nica S\u00ed<\/li>\n<li>GPS (sat\u00e9lite) S\u00ed<\/li>\n<li>GLONASS S\u00ed<\/li>\n<li>BeiDou S\u00ed<\/li>\n<li>Galileo S\u00ed<\/li>\n<li>GPS S\u00ed<\/li>\n<\/ul>\n<p><strong>Software<\/strong><\/p>\n<ul>\n<li>Operating system fork MIUI 14<\/li>\n<li>Sistema operativo instalado Android 13<\/li>\n<li>Plataforma Android<\/li>\n<\/ul>\n<p><strong>C\u00e1mara fotogr\u00e1fica<\/strong><\/p>\n<ul>\n<li>Modos de grabaci\u00f3n de v\u00eddeo720p, 1080p<\/li>\n<li>Detector de rostroS\u00ed<\/li>\n<li>Velocidad m\u00e1xima de cuadro30<\/li>\n<li>Modo nocheS\u00ed<\/li>\n<li>Resoluci\u00f3n en velocidad de captura1280x720@30fps, 1920&#215;1080@30fps<\/li>\n<li>Resoluci\u00f3n de la c\u00e1mara trasera (num\u00e9rica)50<\/li>\n<li>Resoluci\u00f3n de la c\u00e1mara frontal (num\u00e9rica)8<\/li>\n<li>N\u00famero de apertura de la c\u00e1mara trasera1,8<\/li>\n<li>N\u00famero de apertura de la segunda c\u00e1mara trasera2,4<\/li>\n<li>N\u00famero de apertura de la c\u00e1mara frontal2<\/li>\n<li>Tipo de c\u00e1mara frontalC\u00e1mara \u00fanica<\/li>\n<li>Flash en c\u00e1mara traseraS\u00ed<\/li>\n<li>Elementos de la lente de la c\u00e1mara traseraLente de 5 elementos<\/li>\n<li>Modo de alto rango din\u00e1mico (HDR) de la c\u00e1maraS\u00ed<\/li>\n<li>Tipo de c\u00e1mara traseraTriple c\u00e1mara<\/li>\n<li>Resoluci\u00f3n de la c\u00e1mara con objetivo macro (num\u00e9rica)2<\/li>\n<li>Resoluci\u00f3n de captura de video1920 x 1080<\/li>\n<li>Modo retrato S\u00ed<\/li>\n<li>Modo de lapso de tiempo S\u00ed<\/li>\n<li>Fotograf\u00eda macro S\u00ed<\/li>\n<\/ul>\n<p><strong>Contenido del embalaje<\/strong><\/p>\n<ul>\n<li>Gu\u00eda de configuraci\u00f3n r\u00e1pida S\u00ed<\/li>\n<li>Tarjeta de garant\u00eda S\u00ed<\/li>\n<li>Adaptador AC incluido No<\/li>\n<li>Ejection pin S\u00ed<\/li>\n<li>Potencia de adaptador AC10<\/li>\n<li>Cables incluidos USB Tipo C<\/li>\n<li>Auriculares incluidos No<\/li>\n<li>Tarjeta de memoria incluida No<\/li>\n<li>Pluma digital incluida No<\/li>\n<\/ul>\n<p><strong>Sensores<\/strong><\/p>\n<ul>\n<li>Sensor de proximidad S\u00ed<\/li>\n<li>Sensor de luz ambiental S\u00ed<\/li>\n<li>Aceler\u00f3metro S\u00ed<\/li>\n<\/ul>\n<p><strong>Bater\u00eda<\/strong><\/p>\n<ul>\n<li>Tiempo de hablado (WCDMA) 31<\/li>\n<li>Tiempo de suspensi\u00f3n (WCDMA) 600<\/li>\n<li>Tiempo continuo de reproducci\u00f3n de audio 114<\/li>\n<li>Tiempo continuo de reproducci\u00f3n de video 23<\/li>\n<li>Bater\u00eda recargable S\u00ed<\/li>\n<li>Capacidad de bater\u00eda 5000<\/li>\n<\/ul>\n<p><strong>Dise\u00f1o<\/strong><\/p>\n<ul>\n<li>Nombre del colorClover Green<\/li>\n<li>Factor de forma Barra<\/li>\n<li>Color del tel\u00e9fono Verde<\/li>\n<\/ul>\n<p><strong>Desempe\u00f1o<\/strong><\/p>\n<ul>\n<li>Lector de huella digital S\u00ed<\/li>\n<li>Adaptador gr\u00e1fico Mali-G52 MC2<\/li>\n<li>Carga r\u00e1pida S\u00ed<\/li>\n<li>Reconocimiento de cara S\u00ed<\/li>\n<li>Fast charging technology Power Delivery<\/li>\n<\/ul>\n<p><strong>Multimedia<\/strong><\/p>\n<ul>\n<li>Radio FM S\u00ed<\/li>\n<\/ul>\n<p><strong>Suscripci\u00f3n<\/strong><\/p>\n<ul>\n<li>Tipo de suscripci\u00f3nSin suscripci\u00f3n<\/li>\n<\/ul>\n<p><strong>Conexi\u00f3n<\/strong><\/p>\n<ul>\n<li>Wifi S\u00ed<\/li>\n<li>Bluetooth S\u00ed<\/li>\n<li>Perfiles de Bluetooth AAC, SBC<\/li>\n<li>Tipo de tarjeta SIM NanoSIM<\/li>\n<li>NFC S\u00ed<\/li>\n<li>Est\u00e1ndares 3G WCDMA<\/li>\n<li>Est\u00e1ndar 4G LTE-TDD &amp; LTE-FDD<\/li>\n<li>Est\u00e1ndar 5G No compatible<\/li>\n<li>Capacidad de la tarjeta SIM SIM doble<\/li>\n<li>Mobile network generation 4G<\/li>\n<li>Versi\u00f3n de Bluetooth 5.3<\/li>\n<\/ul>\n<\/div>\n","protected":false},"excerpt":{"rendered":"<p>NOMBRE DEL PRODUCTO Marca XIAOMI Modelo MZB0FNQEU EAN6941812754153 Procesador Modelo del procesador Helio G85 Arquitectura del procesador ARM Cortex-A75+Cortex-A55 Familia<\/p>\n","protected":false},"featured_media":216393,"comment_status":"open","ping_status":"closed","template":"","meta":{"_joinchat":[]},"product_cat":[795,6480,6479,6476],"product_tag":[],"class_list":{"0":"post-216392","1":"product","2":"type-product","3":"status-publish","4":"has-post-thumbnail","6":"product_cat-electronica","7":"product_cat-android-smartphones-telefonos","8":"product_cat-smartphones-telefonos","9":"product_cat-telefonos","11":"first","12":"instock","13":"taxable","14":"shipping-taxable","15":"purchasable","16":"product-type-simple"},"_links":{"self":[{"href":"https:\/\/desdropi.com\/elparque\/wp-json\/wp\/v2\/product\/216392"}],"collection":[{"href":"https:\/\/desdropi.com\/elparque\/wp-json\/wp\/v2\/product"}],"about":[{"href":"https:\/\/desdropi.com\/elparque\/wp-json\/wp\/v2\/types\/product"}],"replies":[{"embeddable":true,"href":"https:\/\/desdropi.com\/elparque\/wp-json\/wp\/v2\/comments?post=216392"}],"version-history":[{"count":0,"href":"https:\/\/desdropi.com\/elparque\/wp-json\/wp\/v2\/product\/216392\/revisions"}],"wp:featuredmedia":[{"embeddable":true,"href":"https:\/\/desdropi.com\/elparque\/wp-json\/wp\/v2\/media\/216393"}],"wp:attachment":[{"href":"https:\/\/desdropi.com\/elparque\/wp-json\/wp\/v2\/media?parent=216392"}],"wp:term":[{"taxonomy":"product_cat","embeddable":true,"href":"https:\/\/desdropi.com\/elparque\/wp-json\/wp\/v2\/product_cat?post=216392"},{"taxonomy":"product_tag","embeddable":true,"href":"https:\/\/desdropi.com\/elparque\/wp-json\/wp\/v2\/product_tag?post=216392"}],"curies":[{"name":"wp","href":"https:\/\/api.w.org\/{rel}","templated":true}]}}