{"id":216406,"date":"2024-03-16T11:59:54","date_gmt":"2024-03-16T10:59:54","guid":{"rendered":"https:\/\/desdropi.com\/elparque\/?post_type=product&#038;p=216406"},"modified":"2024-06-05T11:33:56","modified_gmt":"2024-06-05T09:33:56","slug":"tv-samsung-75-tq75q64c-qled-uhd-smart-tv-hdr10-262072","status":"publish","type":"product","link":"https:\/\/desdropi.com\/elparque\/tv-samsung-75-tq75q64c-qled-uhd-smart-tv-hdr10-262072\/","title":{"rendered":"TV SAMSUNG 75&#8243; TQ75Q64C QLED UHD SMART TV HDR10+ 262072"},"content":{"rendered":"<div class=\"descripcion-tab\">\nNOMBRE DEL PRODUCTO<br \/>\nMarca SAMSUNG<br \/>\nModelo TQ75Q64CAUXXC<br \/>\nEAN8806094916874<br \/>\n<strong>Exhibici\u00f3n<\/strong><\/p>\n<ul>\n<li>Pulgadas 75&#8243;<\/li>\n<li>Resoluci\u00f3n 4K Ultra HD<\/li>\n<li>Resoluci\u00f3n de la pantalla 3840 x 2160<\/li>\n<li>Tecnolog\u00eda del panel QLED<\/li>\n<li>Relaci\u00f3n de aspecto nativa 16:9<\/li>\n<li>Tecnolog\u00eda de interpolaci\u00f3n de movimiento Motion Xcelerator<\/li>\n<li>\u00c1ngulo de visi\u00f3n, horizontal 178<\/li>\n<li>\u00c1ngulo de visi\u00f3n, vertical 178<\/li>\n<li>Diagonal de pantalla 190,5<\/li>\n<li>Frecuencia nativa de refresco 50<\/li>\n<li>Forma de la pantalla Plana<\/li>\n<\/ul>\n<p><strong>Audio<\/strong><\/p>\n<ul>\n<li>N\u00famero de altavoces 2<\/li>\n<li>Potencia estimada RMS20<\/li>\n<li>Tecnolog\u00edas de decodificaci\u00f3n de audio Dolby Atmos<\/li>\n<li>Audio pre-selection descriptor S\u00ed<\/li>\n<li>Adaptive sound S\u00ed<\/li>\n<li>Q-Symphony S\u00ed<\/li>\n<li>Music wall S\u00ed<\/li>\n<li>Multiroom S\u00ed<\/li>\n<\/ul>\n<p><strong>Puertos e Interfaces<\/strong><\/p>\n<ul>\n<li>N\u00famero de puertos HDMI3<\/li>\n<li>PC (D-Sub) No<\/li>\n<li>Canal de retorno de audio (ARC) S\u00ed<\/li>\n<li>Ethernet LAN (RJ-45) cantidad de puertos 1<\/li>\n<li>Cantidad de puertos USB 2.02<\/li>\n<li>Audio digital, salida optica 1<\/li>\n<li>N\u00famero de puertos RF1<\/li>\n<li>Interfaz com\u00fan S\u00ed<\/li>\n<li>Control de electr\u00f3nica de consumo (CEC) Anynet+<\/li>\n<\/ul>\n<p><strong>Peso y dimensiones<\/strong><\/p>\n<ul>\n<li>Ancho del dispositivo (con soporte) 1676,7<\/li>\n<li>Ancho (sin base) 1676,7<\/li>\n<li>Profundidad (sin base) 26,6<\/li>\n<li>Altura (sin base) 959,8<\/li>\n<li>Profundidad dispositivo (con soporte) 320<\/li>\n<li>Altura del dispositivo (con soporte) 997,3<\/li>\n<li>Ancho del soporte 126<\/li>\n<li>Profundidad del soporte 32<\/li>\n<li>Peso (con soporte) 32<\/li>\n<li>Peso (sin base) 31,4<\/li>\n<li>Rango de pulgadas De 65 a 75<\/li>\n<\/ul>\n<p><strong>Control de energ\u00eda<\/strong><\/p>\n<ul>\n<li>Energy efficiency class (SDR) D<\/li>\n<li>Energy efficiency class (HDR) G<\/li>\n<li>Energy consumption (SDR) per 1000 hours 85<\/li>\n<li>Consumo energ\u00e9tico 85<\/li>\n<li>Energy consumption (HDR) per 1000 hours 197<\/li>\n<li>Consumo de energ\u00eda (inactivo) 0,5<\/li>\n<li>Voltaje de entrada AC 220-240<\/li>\n<li>Frecuencia de entrada AC 50\/60<\/li>\n<li>Modo de ahorro de energ\u00eda S\u00ed<\/li>\n<li>Consumo de energ\u00eda (max) 230<\/li>\n<\/ul>\n<p><strong>Empaquetado<\/strong><\/p>\n<ul>\n<li>Ancho del paquete 1834<\/li>\n<li>Profundidad del paquete 190<\/li>\n<li>Altura del paquete 1110<\/li>\n<li>Tipo de embalaje Caja<\/li>\n<li>Peso del paquete 42,3<\/li>\n<li>Cables incluidos Corriente alterna<\/li>\n<li>Mando a distancia incluido S\u00ed<\/li>\n<li>Tipo de control remoto TM2360E<\/li>\n<li>Manual electr\u00f3nico S\u00ed<\/li>\n<\/ul>\n<p><strong>Sintonizador de la TV<\/strong><\/p>\n<ul>\n<li>Tipo de sintonizador Anal\u00f3gico y digital<\/li>\n<li>Autobusqueda de canal S\u00ed<\/li>\n<li>Formato de se\u00f1al digital DVB-C, DVB-S2, DVB-T2<\/li>\n<\/ul>\n<p><strong>Caracter\u00edsticas de administraci\u00f3n<\/strong><\/p>\n<ul>\n<li>Control por voz S\u00ed<\/li>\n<li>Voice guide S\u00ed<\/li>\n<li>Gu\u00eda electr\u00f3nica de programaci\u00f3n S\u00ed<\/li>\n<li>Exhibici\u00f3n en pantalla (OSD) S\u00ed<\/li>\n<li>N\u00famero de lenguajes OSD 28<\/li>\n<li>Modo ECO S\u00ed<\/li>\n<li>Apagado autom\u00e1tico S\u00ed<\/li>\n<li>Funciona con Amazon Alexa S\u00ed<\/li>\n<li>Funciona con el Asistente de Google S\u00ed<\/li>\n<li>Funciona con Samsung Bixby S\u00ed<\/li>\n<\/ul>\n<p><strong>Dise\u00f1o<\/strong><\/p>\n<ul>\n<li>Color del producto Negro<\/li>\n<li>montaje VESA S\u00ed<\/li>\n<li>Bezel type3 Bezel-less<\/li>\n<li>Tipo de soporte Base de patas<\/li>\n<li>Interfaz de panel de montaje 400 x 400<\/li>\n<\/ul>\n<p><strong>Desempe\u00f1o<\/strong><\/p>\n<ul>\n<li>Alto Rango Din\u00e1mico (HDR) S\u00ed<\/li>\n<li>High Dynamic Range (HDR) technology High Dynamic Range 10+ (HDR10 Plus), Hybrid Log-Gamma (HLG), Quantum HDR<\/li>\n<li>Modo de juego S\u00ed<\/li>\n<li>Funciones de teletexto S\u00ed<\/li>\n<li>Funci\u00f3n de subt\u00edtulos S\u00ed<\/li>\n<li>Modo ambiente S\u00ed<\/li>\n<li>Eco sensor S\u00ed<\/li>\n<li>Brightness detection S\u00ed<\/li>\n<li>Detecci\u00f3n del color S\u00ed<\/li>\n<li>TV key support S\u00ed<\/li>\n<li>Reducci\u00f3n de ruido S\u00ed<\/li>\n<li>Tecnolog\u00eda de procesamiento de imagen Samsung Contrast Enhancer<\/li>\n<li>Game featuresGame Motion Plus, HGiG, Super Ultra Wide Game View, Juego Autom\u00e1tico, Zoom del Minimapa<\/li>\n<li>Tecnolog\u00edas espec\u00edficas Motion xcelerator<\/li>\n<li>Tap view S\u00ed<\/li>\n<li>Compatibilidad con Wireless Dex S\u00ed<\/li>\n<li>Funci\u00f3n Multi View S\u00ed<\/li>\n<li>Sonido de TV a dispositivo m\u00f3vil S\u00ed<\/li>\n<li>MBR support S\u00ed<\/li>\n<li>ConnectShare (HDD)S\u00ed<\/li>\n<li>ConnectShare (USB) S\u00ed<\/li>\n<\/ul>\n<p><strong>Smart TV<\/strong><\/p>\n<ul>\n<li>Sound mirroring S\u00ed<\/li>\n<li>Modos inteligentes Modo director, Juego, Pel\u00edcula<\/li>\n<li>Duplicaci\u00f3n de inicio de TV S\u00ed<\/li>\n<li>Universal guide S\u00ed<\/li>\n<li>Aplicaciones de v\u00eddeo Samsung TV Plus<\/li>\n<li>TV por Internet S\u00ed<\/li>\n<li>Smart TV S\u00ed<\/li>\n<li>Sistema operativo instalado Tizen<\/li>\n<\/ul>\n<p><strong>Conexi\u00f3n<\/strong><\/p>\n<ul>\n<li>Wifi S\u00ed<\/li>\n<li>Ethernet S\u00ed<\/li>\n<li>Wi-Fi est\u00e1ndares Wi-Fi 5 (802.11ac)<\/li>\n<li>Bluetooth S\u00ed<\/li>\n<li>Versi\u00f3n de Bluetooth 5.2<\/li>\n<li>Navegador web S\u00ed<\/li>\n<\/ul>\n<\/div>\n","protected":false},"excerpt":{"rendered":"<p>NOMBRE DEL PRODUCTO Marca SAMSUNG Modelo TQ75Q64CAUXXC EAN8806094916874 Exhibici\u00f3n Pulgadas 75&#8243; Resoluci\u00f3n 4K Ultra HD Resoluci\u00f3n de la pantalla 3840<\/p>\n","protected":false},"featured_media":216407,"comment_status":"open","ping_status":"closed","template":"","meta":{"_joinchat":[]},"product_cat":[795,7145,6464,7144,7069],"product_tag":[],"class_list":{"0":"post-216406","1":"product","2":"type-product","3":"status-publish","4":"has-post-thumbnail","6":"product_cat-electronica","7":"product_cat-hd","8":"product_cat-televisores-electronica","9":"product_cat-uhd-4k","10":"product_cat-tv-60-79","12":"first","13":"instock","14":"taxable","15":"shipping-taxable","16":"purchasable","17":"product-type-simple"},"_links":{"self":[{"href":"https:\/\/desdropi.com\/elparque\/wp-json\/wp\/v2\/product\/216406"}],"collection":[{"href":"https:\/\/desdropi.com\/elparque\/wp-json\/wp\/v2\/product"}],"about":[{"href":"https:\/\/desdropi.com\/elparque\/wp-json\/wp\/v2\/types\/product"}],"replies":[{"embeddable":true,"href":"https:\/\/desdropi.com\/elparque\/wp-json\/wp\/v2\/comments?post=216406"}],"version-history":[{"count":0,"href":"https:\/\/desdropi.com\/elparque\/wp-json\/wp\/v2\/product\/216406\/revisions"}],"wp:featuredmedia":[{"embeddable":true,"href":"https:\/\/desdropi.com\/elparque\/wp-json\/wp\/v2\/media\/216407"}],"wp:attachment":[{"href":"https:\/\/desdropi.com\/elparque\/wp-json\/wp\/v2\/media?parent=216406"}],"wp:term":[{"taxonomy":"product_cat","embeddable":true,"href":"https:\/\/desdropi.com\/elparque\/wp-json\/wp\/v2\/product_cat?post=216406"},{"taxonomy":"product_tag","embeddable":true,"href":"https:\/\/desdropi.com\/elparque\/wp-json\/wp\/v2\/product_tag?post=216406"}],"curies":[{"name":"wp","href":"https:\/\/api.w.org\/{rel}","templated":true}]}}