{"id":216412,"date":"2024-03-16T12:16:27","date_gmt":"2024-03-16T11:16:27","guid":{"rendered":"https:\/\/desdropi.com\/elparque\/?post_type=product&#038;p=216412"},"modified":"2024-06-05T11:33:56","modified_gmt":"2024-06-05T09:33:56","slug":"tv-samsung-55-qe55qn700b-neoqled-8k","status":"publish","type":"product","link":"https:\/\/desdropi.com\/elparque\/tv-samsung-55-qe55qn700b-neoqled-8k\/","title":{"rendered":"TV SAMSUNG 55&#8243; QE55QN700B NEOQLED 8K"},"content":{"rendered":"<div class=\"descripcion-tab\">\nNOMBRE DEL PRODUCTO<br \/>\nMarca SAMSUNG<br \/>\nModelo QE55QN700BTXXC<br \/>\nEAN8806094194623<br \/>\n<strong>Exhibici\u00f3n<\/strong><\/p>\n<ul>\n<li>Relaci\u00f3n de aspecto nativa 16:9<\/li>\n<li>Tecnolog\u00eda de interpolaci\u00f3n de movimiento PQI (Picture Quality Index) 4700<\/li>\n<li>Frecuencia nativa de refresco50<\/li>\n<li>Diagonal de pantalla 138<\/li>\n<li>Pantalla antirreflectante S\u00ed<\/li>\n<li>Retroiluminaci\u00f3n del panel Full Array Local Dimming<\/li>\n<li>Tipo de matriz VA<\/li>\n<li>Resoluci\u00f3n 8K Ultra HD<\/li>\n<li>Pulgadas 55&#8243;<\/li>\n<li>Resoluci\u00f3n de la pantalla 7680 x 4320<\/li>\n<li>Tecnolog\u00eda del panel Neo QLED (MiniLED)<\/li>\n<li>Forma de la pantalla Plana<\/li>\n<\/ul>\n<p><strong>Audio<\/strong><\/p>\n<ul>\n<li>Potencia estimada RMS60<\/li>\n<li>Subwoofer incorporado S\u00ed<\/li>\n<li>Q-Symphony S\u00ed<\/li>\n<li>Music wall S\u00ed<\/li>\n<li>Multiroom S\u00ed<\/li>\n<li>Multiroom audio technology Samsung Multiroom Link<\/li>\n<li>Enhanced Audio Return Channel (eARC) (Canal de retorno de audio mejorado) S\u00ed<\/li>\n<li>Audio pre-selection descriptor S\u00ed<\/li>\n<li>Adaptive sound S\u00ed<\/li>\n<li>Active voice amplifier (AVA) S\u00ed<\/li>\n<li>Decodificadores incorporados Dolby Atmos,Dolby Digital<\/li>\n<li>Tecnolog\u00edas de decodificaci\u00f3n de audio Dolby Digital Plus<\/li>\n<\/ul>\n<p><strong>Puertos e Interfaces<\/strong><\/p>\n<ul>\n<li>N\u00famero de puertos HDMI4<\/li>\n<li>PC (D-Sub)No<\/li>\n<li>Cambio r\u00e1pido entre entradas HDMIS\u00ed<\/li>\n<li>Canal de retorno de audio (ARC)S\u00ed<\/li>\n<li>Ethernet LAN (RJ-45) cantidad de puertos1<\/li>\n<li>Cantidad de puertos USB 2.03<\/li>\n<li>Audio digital, salida optica1<\/li>\n<li>N\u00famero de puertos RF4<\/li>\n<li>Interfaz com\u00fanS\u00ed<\/li>\n<li>Interfaz com\u00fan Plus (CI+)S\u00ed<\/li>\n<li>Versi\u00f3n Common interface Plus (CI+)1.4<\/li>\n<li>Control de electr\u00f3nica de consumo (CEC)Anynet+<\/li>\n<\/ul>\n<p><strong>Peso y dimensiones<\/strong><\/p>\n<ul>\n<li>Ancho del dispositivo (con soporte) 1224,8<\/li>\n<li>Ancho (sin base) 122,5<\/li>\n<li>Profundidad (sin base) 1,78<\/li>\n<li>Profundidad dispositivo (con soporte) 298,4<\/li>\n<li>Altura del dispositivo (con soporte) 775,8<\/li>\n<li>Ancho del soporte 36<\/li>\n<li>Profundidad del soporte 29,8<\/li>\n<li>Altura (sin base 70,5<\/li>\n<li>Peso (con soporte) 24,4<\/li>\n<li>Peso (sin base) 16,6<\/li>\n<li>Rango de pulgadas De 50 a 60<\/li>\n<\/ul>\n<p><strong>Control de energ\u00eda<\/strong><\/p>\n<ul>\n<li>Energy efficiency class (SDR) G<\/li>\n<li>Energy efficiency class (HDR) G<\/li>\n<li>Energy consumption (SDR) per 1000 hours 193<\/li>\n<li>Consumo energ\u00e9tico 193<\/li>\n<li>Consumo de energ\u00eda (inactivo) 0,5<\/li>\n<li>Energy consumption (HDR) per 1000 hours 269<\/li>\n<li>Voltaje de entrada AC220-240<\/li>\n<li>Frecuencia de entrada AC50\/60<\/li>\n<li>Modo de ahorro de energ\u00eda S\u00ed<\/li>\n<li>Energy efficiency scale De la A a la G<\/li>\n<\/ul>\n<p><strong>Empaquetado<\/strong><\/p>\n<ul>\n<li>Ancho del paquete 1427<\/li>\n<li>Profundidad del paquete 179<\/li>\n<li>Altura del paquete 843<\/li>\n<li>Tipo de embalaje Caja<\/li>\n<li>Peso del paquete 31,9<\/li>\n<li>Tipo de control remoto TM2280E<\/li>\n<li>Incluye mando a distancia Smart Remote S\u00ed<\/li>\n<li>Manual electr\u00f3nico S\u00ed<\/li>\n<li>Cables incluidos Corriente alterna<\/li>\n<li>Kit de montaje S\u00ed<\/li>\n<\/ul>\n<p><strong>Sintonizador de la TV<\/strong><\/p>\n<ul>\n<li>Tipo de sintonizador Anal\u00f3gico y digital<\/li>\n<li>Autobusqueda de canal S\u00ed<\/li>\n<li>Formato de se\u00f1al digital DVB-C,DVB-S2,DVB-T2<\/li>\n<\/ul>\n<p><strong>Otras caracter\u00edsticas<\/strong><\/p>\n<ul>\n<li>Caja de conexiones One Connect S\u00ed<\/li>\n<\/ul>\n<p><strong>Caracter\u00edsticas de administraci\u00f3n<\/strong><\/p>\n<ul>\n<li>Funciona con Amazon Alexa S\u00ed<\/li>\n<li>Funciona con el Asistente de Google S\u00ed<\/li>\n<li>Funciona con Samsung Bixby S\u00ed<\/li>\n<li>Imagen en imagen S\u00ed<\/li>\n<li>Exhibici\u00f3n en pantalla (OSD) S\u00ed<\/li>\n<li>Control por voz S\u00ed<\/li>\n<li>Voice guide S\u00ed<\/li>\n<li>Gu\u00eda electr\u00f3nica de programaci\u00f3n S\u00ed<\/li>\n<li>N\u00famero de lenguajes OSD28<\/li>\n<li>Apagado autom\u00e1tico S\u00ed<\/li>\n<\/ul>\n<p><strong>Dise\u00f1o<\/strong><\/p>\n<ul>\n<li>Color del producto Acero inoxidable<\/li>\n<li>montaje VESA S\u00ed<\/li>\n<li>Dise\u00f1o sin marco S\u00ed<\/li>\n<li>Bezel type4 Bezel-less<\/li>\n<li>Interfaz de panel de montaje 400 x 300<\/li>\n<li>Tipo de soporte Soporte conectado<\/li>\n<\/ul>\n<p><strong>Desempe\u00f1o<\/strong><\/p>\n<ul>\n<li>Alto Rango Din\u00e1mico (HDR) S\u00ed<\/li>\n<li>High Dynamic Range (HDR) technology High Dynamic Range 10+ (HDR10 Plus),Hybrid Log-Gamma (HLG),Quantum HDR 2000<\/li>\n<li>Modo de juego S\u00ed<\/li>\n<li>Funciones de teletexto S\u00ed<\/li>\n<li>Funci\u00f3n de subt\u00edtulos S\u00ed<\/li>\n<li>Tecnolog\u00edas espec\u00edficasMicro dimming, Motion Xcelerator Turbo<\/li>\n<li>Tecnolog\u00eda de procesamiento de imagen Samsung Contrast Enhancer<\/li>\n<li>Compatibilidad con c\u00e1mara 360 S\u00ed<\/li>\n<li>Compatibilidad con reproductor de v\u00eddeo 360 S\u00ed<\/li>\n<li>Ampliaci\u00f3n de la escala de video S\u00ed<\/li>\n<li>Compatibilidad con Wireless Dex S\u00ed<\/li>\n<li>Modo ambiente Ambient Mode+<\/li>\n<li>Sensor de luz ambiental S\u00ed<\/li>\n<li>Game features Modo autom\u00e1tico de baja latencia (ALLM, Auto Low Latency Mode), Dynamic Black EQ, Game Motion Plus, Super Ultra Wide Game View<\/li>\n<li>AMD FreeSync S\u00ed<\/li>\n<li>Tipo de FreeSync de AMDFree Sync Premium Pro<\/li>\n<li>Brightness detection S\u00ed<\/li>\n<li>TV key support S\u00ed<\/li>\n<li>Eco sensor S\u00ed<\/li>\n<li>Grabaci\u00f3n USB S\u00ed<\/li>\n<li>ConnectShare (USB) S\u00ed<\/li>\n<li>ConnectShare (HDD) S\u00ed<\/li>\n<li>Soporte remoto inteligente S\u00ed<\/li>\n<li>IPv6 support S\u00ed<\/li>\n<li>Galer\u00eda de im\u00e1genes S\u00ed<\/li>\n<li>Compatibilidad con la aplicaci\u00f3n SmartThings S\u00ed<\/li>\n<li>Pantalla multiple S\u00ed<\/li>\n<\/ul>\n<p><strong>Smart TV<\/strong><\/p>\n<ul>\n<li>HbbTV S\u00ed<\/li>\n<li>Sound mirroring S\u00ed<\/li>\n<li>Universal guide S\u00ed<\/li>\n<li>Interacci\u00f3n de voz de campo lejano S\u00ed<\/li>\n<li>Modos inteligentes Modo director, Juego, Pel\u00edcula<\/li>\n<li>Duplicaci\u00f3n de inicio de TV S\u00ed<\/li>\n<li>Aplicaciones de v\u00eddeo Samsung TV Plus<\/li>\n<li>Duplicaci\u00f3n de pantalla S\u00ed<\/li>\n<li>TV por Internet S\u00ed<\/li>\n<li>Smart TV S\u00ed<\/li>\n<li>Sistema operativo instalado Tizen<\/li>\n<\/ul>\n<p><strong>Conexi\u00f3n<\/strong><\/p>\n<ul>\n<li>Wifi S\u00ed<\/li>\n<li>Ethernet S\u00ed<\/li>\n<li>Bluetooth S\u00ed<\/li>\n<li>Wi-Fi Direct S\u00ed<\/li>\n<li>Navegador web S\u00ed<\/li>\n<li>Navegaci\u00f3n S\u00ed<\/li>\n<li>Versi\u00f3n de Bluetooth 5.2<\/li>\n<li>Wi-Fi est\u00e1ndares Wi-Fi 5 (802.11ac)<\/li>\n<li>Soporte HID S\u00ed<\/li>\n<\/ul>\n<\/div>\n","protected":false},"excerpt":{"rendered":"<p>NOMBRE DEL PRODUCTO Marca SAMSUNG Modelo QE55QN700BTXXC EAN8806094194623 Exhibici\u00f3n Relaci\u00f3n de aspecto nativa 16:9 Tecnolog\u00eda de interpolaci\u00f3n de movimiento PQI<\/p>\n","protected":false},"featured_media":216413,"comment_status":"open","ping_status":"closed","template":"","meta":{"_joinchat":[]},"product_cat":[795,7145,7144,7068],"product_tag":[],"class_list":{"0":"post-216412","1":"product","2":"type-product","3":"status-publish","4":"has-post-thumbnail","6":"product_cat-electronica","7":"product_cat-hd","8":"product_cat-uhd-4k","9":"product_cat-tv-40-59","11":"first","12":"instock","13":"taxable","14":"shipping-taxable","15":"purchasable","16":"product-type-simple"},"_links":{"self":[{"href":"https:\/\/desdropi.com\/elparque\/wp-json\/wp\/v2\/product\/216412"}],"collection":[{"href":"https:\/\/desdropi.com\/elparque\/wp-json\/wp\/v2\/product"}],"about":[{"href":"https:\/\/desdropi.com\/elparque\/wp-json\/wp\/v2\/types\/product"}],"replies":[{"embeddable":true,"href":"https:\/\/desdropi.com\/elparque\/wp-json\/wp\/v2\/comments?post=216412"}],"version-history":[{"count":0,"href":"https:\/\/desdropi.com\/elparque\/wp-json\/wp\/v2\/product\/216412\/revisions"}],"wp:featuredmedia":[{"embeddable":true,"href":"https:\/\/desdropi.com\/elparque\/wp-json\/wp\/v2\/media\/216413"}],"wp:attachment":[{"href":"https:\/\/desdropi.com\/elparque\/wp-json\/wp\/v2\/media?parent=216412"}],"wp:term":[{"taxonomy":"product_cat","embeddable":true,"href":"https:\/\/desdropi.com\/elparque\/wp-json\/wp\/v2\/product_cat?post=216412"},{"taxonomy":"product_tag","embeddable":true,"href":"https:\/\/desdropi.com\/elparque\/wp-json\/wp\/v2\/product_tag?post=216412"}],"curies":[{"name":"wp","href":"https:\/\/api.w.org\/{rel}","templated":true}]}}