{"id":216514,"date":"2024-03-18T18:43:03","date_gmt":"2024-03-18T17:43:03","guid":{"rendered":"https:\/\/desdropi.com\/elparque\/?post_type=product&#038;p=216514"},"modified":"2024-06-05T11:33:56","modified_gmt":"2024-06-05T09:33:56","slug":"tv-samsung-55-tq55qn85c-neoqled-uhd-hdr1500-120hz","status":"publish","type":"product","link":"https:\/\/desdropi.com\/elparque\/tv-samsung-55-tq55qn85c-neoqled-uhd-hdr1500-120hz\/","title":{"rendered":"TV SAMSUNG 55&#8243; TQ55QN85C NEOQLED UHD HDR1500 120HZ"},"content":{"rendered":"<div class=\"descripcion-tab\">NOMBRE DEL PRODUCTO<br \/>\nMarca SAMSUNG<br \/>\nModelo TQ55QN85CATXXC<br \/>\nEAN8806094906127<br \/>\n<strong>Exhibici\u00f3n<\/strong><\/p>\n<ul>\n<li>Relaci\u00f3n de aspecto nativa 16:9<\/li>\n<li>Tecnolog\u00eda de interpolaci\u00f3n de movimiento Motion Xcelerator Turbo+<\/li>\n<li>Frecuencia nativa de refresco 120<\/li>\n<li>Diagonal de pantalla 138<\/li>\n<li>Pantalla antirreflectante S\u00ed<\/li>\n<li>Resoluci\u00f3n 4K Ultra HD<\/li>\n<li>Tipo de matriz VA<\/li>\n<li>Retroiluminaci\u00f3n del panel Full Array Local Dimming<\/li>\n<li>Pulgadas 55&#8243;<\/li>\n<li>Resoluci\u00f3n de la pantalla 3840 x 2160<\/li>\n<li>Tecnolog\u00eda del panel Neo QLED (MiniLED)<\/li>\n<li>Forma de la pantalla Plana<\/li>\n<\/ul>\n<p><strong>Audio<\/strong><\/p>\n<ul>\n<li>Potencia estimada RMS 60<\/li>\n<li>Subwoofer incorporado S\u00ed<\/li>\n<li>Decodificadores incorporados Dolby Atmos<\/li>\n<li>Q-Symphony S\u00ed<\/li>\n<li>Adaptive sound+ S\u00ed<\/li>\n<li>Multiroom S\u00ed<\/li>\n<li>Multiroom audio technology Samsung Multiroom Link<\/li>\n<li>Active voice amplifier (AVA) S\u00ed<\/li>\n<\/ul>\n<p><strong>Puertos e Interfaces<\/strong><\/p>\n<ul>\n<li>N\u00famero de puertos HDMI 4<\/li>\n<li>PC (D-Sub) No<\/li>\n<li>Ethernet LAN (RJ-45) cantidad de puertos 1<\/li>\n<li>Audio digital, salida optica 1<\/li>\n<li>N\u00famero de puertos RF 1<\/li>\n<li>Interfaz com\u00fan S\u00ed<\/li>\n<li>Interfaz com\u00fan Plus (CI+) S\u00ed<\/li>\n<li>Versi\u00f3n Common interface Plus (CI+) 1.4<\/li>\n<li>Control de electr\u00f3nica de consumo (CEC) Anynet+<\/li>\n<li>Entrada de CA S\u00ed<\/li>\n<li>Cantidad de puertos USB 2.02<\/li>\n<\/ul>\n<p><strong>Peso y dimensiones<\/strong><\/p>\n<ul>\n<li>Ancho del dispositivo (con soporte) 1227,4<\/li>\n<li>Altura del dispositivo (con soporte) 767,9<\/li>\n<li>Profundidad dispositivo (con soporte) 253<\/li>\n<li>Peso (con soporte) 20,2<\/li>\n<li>Ancho (sin base) 1227,4<\/li>\n<li>Profundidad (sin base) 25,9<\/li>\n<li>Altura (sin base) 705,6<\/li>\n<li>Peso (sin base) 17,2<\/li>\n<li>Ancho del soporte 36,8<\/li>\n<li>Profundidad del soporte 25,3<\/li>\n<li>Rango de pulgadas De 50 a 60<\/li>\n<\/ul>\n<p><strong>Control de energ\u00eda<\/strong><\/p>\n<ul>\n<li>Energy efficiency class (SDR) F<\/li>\n<li>Energy efficiency class (HDR) G<\/li>\n<li>Energy consumption (SDR) per 1000 hours 77<\/li>\n<li>Energy consumption (HDR) per 1000 hours 155<\/li>\n<li>Consumo energ\u00e9tico 77 W<\/li>\n<li>Consumo de energ\u00eda (inactivo) 0,5<\/li>\n<li>Consumo de energ\u00eda (max) 200<\/li>\n<li>Voltaje de entrada AC 220 &#8211; 240<\/li>\n<li>Frecuencia de entrada AC 50\/60<\/li>\n<li>Energy efficiency scale De la A a la G<\/li>\n<\/ul>\n<p><strong>Empaquetado<\/strong><\/p>\n<ul>\n<li>Soporte de sobremesa S\u00ed<\/li>\n<li>Mando a distancia incluido S\u00ed<\/li>\n<li>Tipo de control remoto TM 2360E<\/li>\n<li>Manual electr\u00f3nico S\u00ed<\/li>\n<li>Ancho del paquete 1448<\/li>\n<li>Altura del paquete 836<\/li>\n<li>Profundidad del paquete 172<\/li>\n<li>Peso del paquete 26,2<\/li>\n<\/ul>\n<p><strong>Sintonizador de la TV<\/strong><\/p>\n<ul>\n<li>Tipo de sintonizador Anal\u00f3gico y digital<\/li>\n<li>N\u00famero de sintonizadores 2<\/li>\n<li>Formato de se\u00f1al digital DVB-C, DVB-S2, DVB-T2<\/li>\n<\/ul>\n<p><strong>Caracter\u00edsticas de administraci\u00f3n<\/strong><\/p>\n<ul>\n<li>Gu\u00eda electr\u00f3nica de programaci\u00f3n S\u00ed<\/li>\n<li>Voice guide S\u00ed<\/li>\n<li>N\u00famero de lenguajes OSD 29<\/li>\n<li>Exhibici\u00f3n en pantalla (OSD) S\u00ed<\/li>\n<li>Imagen en imagen S\u00ed<\/li>\n<li>Apagado autom\u00e1tico S\u00ed<\/li>\n<li>Funciona con Samsung Bixby S\u00ed<\/li>\n<\/ul>\n<p><strong>Dise\u00f1o<\/strong><\/p>\n<ul>\n<li>Rollable display No<\/li>\n<li>Color del producto Negro<\/li>\n<li>Interruptor de encendido\/apagado integrado S\u00ed<\/li>\n<li>montaje VESA S\u00ed<\/li>\n<li>Interfaz de panel de montaje 200 x 200<\/li>\n<li>Tipo de soporte Soporte central<\/li>\n<li>Color del soporte Negro<\/li>\n<\/ul>\n<p><strong>Desempe\u00f1o<\/strong><\/p>\n<ul>\n<li>Alto Rango Din\u00e1mico (HDR) S\u00ed<\/li>\n<li>High Dynamic Range (HDR) technology High Dynamic Range 10+ (HDR10 Plus)<\/li>\n<li>Funciones de teletexto S\u00ed<\/li>\n<li>Funci\u00f3n de subt\u00edtulos S\u00ed<\/li>\n<li>Modo ambiente Ambient Mode+<\/li>\n<li>Eco sensor S\u00ed<\/li>\n<li>Brightness detection S\u00ed<\/li>\n<li>Detecci\u00f3n del color S\u00ed<\/li>\n<li>AI Upscale S\u00ed<\/li>\n<li>TV key support S\u00ed<\/li>\n<li>Tecnolog\u00eda de procesamiento de imagen Procesador Neural Quantum 4K<\/li>\n<li>AMD FreeSync S\u00ed<\/li>\n<li>Tipo de FreeSync de AMDFree Sync Premium Pro<\/li>\n<li>Game features Modo autom\u00e1tico de baja latencia (ALLM, Auto Low Latency Mode), HGiG<\/li>\n<li>Tecnolog\u00edas espec\u00edficas Motion Xcelerator Turbo+<\/li>\n<li>Compatibilidad con la aplicaci\u00f3n SmartThings S\u00ed<\/li>\n<li>Tap view S\u00ed<\/li>\n<li>Funci\u00f3n Multi View S\u00ed<\/li>\n<li>Compatibilidad con Wireless Dex S\u00ed<\/li>\n<\/ul>\n<p><strong>Smart TV<\/strong><\/p>\n<ul>\n<li>Versi\u00f3n de sistema operativo Tizen Smart TV<\/li>\n<li>Modos inteligentes Modo director, Juego, Pel\u00edcula<\/li>\n<li>Aplicaciones de v\u00eddeo Samsung TV Plus<\/li>\n<li>TV por Internet S\u00ed<\/li>\n<li>Smart TV S\u00ed<\/li>\n<li>Sistema operativo instalado Tizen<\/li>\n<\/ul>\n<p><strong>Conexi\u00f3n<\/strong><\/p>\n<ul>\n<li>Wifi S\u00ed<\/li>\n<li>Ethernet S\u00ed<\/li>\n<li>Wi-Fi est\u00e1ndares Wi-Fi 5 (802.11ac)<\/li>\n<li>Bluetooth S\u00ed<\/li>\n<li>Versi\u00f3n de Bluetooth 5.2<\/li>\n<li>Navegador web S\u00ed<\/li>\n<li>Navegaci\u00f3n S\u00ed<\/li>\n<\/ul>\n<\/div>\n","protected":false},"excerpt":{"rendered":"<p>NOMBRE DEL PRODUCTO Marca SAMSUNG Modelo TQ55QN85CATXXC EAN8806094906127 Exhibici\u00f3n Relaci\u00f3n de aspecto nativa 16:9 Tecnolog\u00eda de interpolaci\u00f3n de movimiento Motion<\/p>\n","protected":false},"featured_media":216515,"comment_status":"open","ping_status":"closed","template":"","meta":{"_joinchat":[]},"product_cat":[795,7145,6464,7144,7068],"product_tag":[],"class_list":{"0":"post-216514","1":"product","2":"type-product","3":"status-publish","4":"has-post-thumbnail","6":"product_cat-electronica","7":"product_cat-hd","8":"product_cat-televisores-electronica","9":"product_cat-uhd-4k","10":"product_cat-tv-40-59","12":"first","13":"instock","14":"taxable","15":"shipping-taxable","16":"purchasable","17":"product-type-simple"},"_links":{"self":[{"href":"https:\/\/desdropi.com\/elparque\/wp-json\/wp\/v2\/product\/216514"}],"collection":[{"href":"https:\/\/desdropi.com\/elparque\/wp-json\/wp\/v2\/product"}],"about":[{"href":"https:\/\/desdropi.com\/elparque\/wp-json\/wp\/v2\/types\/product"}],"replies":[{"embeddable":true,"href":"https:\/\/desdropi.com\/elparque\/wp-json\/wp\/v2\/comments?post=216514"}],"version-history":[{"count":0,"href":"https:\/\/desdropi.com\/elparque\/wp-json\/wp\/v2\/product\/216514\/revisions"}],"wp:featuredmedia":[{"embeddable":true,"href":"https:\/\/desdropi.com\/elparque\/wp-json\/wp\/v2\/media\/216515"}],"wp:attachment":[{"href":"https:\/\/desdropi.com\/elparque\/wp-json\/wp\/v2\/media?parent=216514"}],"wp:term":[{"taxonomy":"product_cat","embeddable":true,"href":"https:\/\/desdropi.com\/elparque\/wp-json\/wp\/v2\/product_cat?post=216514"},{"taxonomy":"product_tag","embeddable":true,"href":"https:\/\/desdropi.com\/elparque\/wp-json\/wp\/v2\/product_tag?post=216514"}],"curies":[{"name":"wp","href":"https:\/\/api.w.org\/{rel}","templated":true}]}}