{"id":216528,"date":"2024-03-18T19:14:49","date_gmt":"2024-03-18T18:14:49","guid":{"rendered":"https:\/\/desdropi.com\/elparque\/?post_type=product&#038;p=216528"},"modified":"2024-05-17T13:02:28","modified_gmt":"2024-05-17T11:02:28","slug":"tv-samsung-65-tu65cu7105-crystal-uhd-smart-tv-bt","status":"publish","type":"product","link":"https:\/\/desdropi.com\/elparque\/tv-samsung-65-tu65cu7105-crystal-uhd-smart-tv-bt\/","title":{"rendered":"TV SAMSUNG 65&#8243; TU65CU7105 CRYSTAL UHD SMART TV BT"},"content":{"rendered":"<div class=\"descripcion-tab\">\nNOMBRE DEL PRODUCTO<br \/>\nMarca SAMSUNG<br \/>\nModelo TU65CU7105KXXC<br \/>\nEAN8806094907933<br \/>\n<strong>Exhibici\u00f3n<\/strong><\/p>\n<ul>\n<li>Pulgadas 165,1<\/li>\n<li>Resoluci\u00f3n de la pantalla 3840 x 2160<\/li>\n<li>Tecnolog\u00eda del panel LED<\/li>\n<li>Relaci\u00f3n de aspecto nativa 16:9<\/li>\n<li>Tecnolog\u00eda de interpolaci\u00f3n de movimiento Motion Xcelerator<\/li>\n<li>Frecuencia nativa de refresco 50<\/li>\n<li>Nombre comercial de la relaci\u00f3n de contraste din\u00e1mico Mega Contrast<\/li>\n<li>Diagonal de pantalla 163<\/li>\n<li>Resoluci\u00f3n 4K Ultra HD<\/li>\n<li>Forma de la pantalla Plana<\/li>\n<\/ul>\n<p><strong>Audio<\/strong><\/p>\n<ul>\n<li>N\u00famero de altavoces 2<\/li>\n<li>Potencia estimada RMS20<\/li>\n<li>Tecnolog\u00edas de decodificaci\u00f3n de audio Dolby Digital Plus<\/li>\n<li>Audio pre-selection descriptor S\u00ed<\/li>\n<li>Adaptive sound S\u00ed<\/li>\n<li>Q-Symphony S\u00ed<\/li>\n<li>Multiroom S\u00ed<\/li>\n<li>Multiroom audio technology Samsung Multiroom Link<\/li>\n<\/ul>\n<p><strong>Puertos e Interfaces<\/strong><\/p>\n<ul>\n<li>N\u00famero de puertos HDMI 3<\/li>\n<li>PC (D-Sub) No<\/li>\n<li>Ethernet LAN (RJ-45) cantidad de puertos 1<\/li>\n<li>Cantidad de puertos USB 2.01<\/li>\n<li>Audio digital, salida optica 1<\/li>\n<li>N\u00famero de puertos RF 2<\/li>\n<li>Interfaz com\u00fan S\u00ed<\/li>\n<li>Interfaz com\u00fan Plus (CI+) S\u00ed<\/li>\n<li>Versi\u00f3n Common interface Plus (CI+)v1.4<\/li>\n<li>Control de electr\u00f3nica de consumo (CEC) Anynet+<\/li>\n<\/ul>\n<p><strong>Peso y dimensiones<\/strong><\/p>\n<ul>\n<li>Ancho del dispositivo (con soporte) 1449,4<\/li>\n<li>Ancho (sin base) 1449,4<\/li>\n<li>Profundidad (sin base) 59,9<\/li>\n<li>Altura (sin base) 830,3<\/li>\n<li>Profundidad dispositivo (con soporte) 282,1<\/li>\n<li>Altura del dispositivo (con soporte) 906,6<\/li>\n<li>Ancho del soporte 118,5<\/li>\n<li>Profundidad del soporte 28,2<\/li>\n<li>Peso (con soporte) 20,9<\/li>\n<li>Peso (sin base) 20,6<\/li>\n<\/ul>\n<p><strong>Control de energ\u00eda<\/strong><\/p>\n<ul>\n<li>Energy efficiency class (SDR) G<\/li>\n<li>Energy efficiency class (HDR) G<\/li>\n<li>Energy consumption (SDR) per 1000 hours 112<\/li>\n<li>Consumo energ\u00e9tico 112<\/li>\n<li>Energy consumption (HDR) per 1000 hours 187<\/li>\n<li>Consumo de energ\u00eda (inactivo) 0,5<\/li>\n<li>Consumo de energ\u00eda (max) 195<\/li>\n<li>Voltaje de entrada AC 220-240<\/li>\n<li>Frecuencia de entrada AC 50\/60<\/li>\n<li>Modo de ahorro de energ\u00eda S\u00ed<\/li>\n<\/ul>\n<p><strong>Empaquetado<\/strong><\/p>\n<ul>\n<li>Ancho del paquete 1606<\/li>\n<li>Profundidad del paquete 184<\/li>\n<li>Altura del paquete 963<\/li>\n<li>Tipo de embalaje Caja<\/li>\n<li>Peso del paquete 28,6<\/li>\n<li>Mando a distancia incluido S\u00ed<\/li>\n<li>Tipo de control remoto TM2240<\/li>\n<li>Cables incluidos Corriente alterna<\/li>\n<li>Manual electr\u00f3nico S\u00ed<\/li>\n<\/ul>\n<p><strong>Sintonizador de la TV<\/strong><\/p>\n<ul>\n<li>Tipo de sintonizador Anal\u00f3gico y digital<\/li>\n<li>Autobusqueda de canal S\u00ed<\/li>\n<li>Formato de se\u00f1al digital DVB-C, DVB-T2<\/li>\n<\/ul>\n<p><strong>Caracter\u00edsticas de administraci\u00f3n<\/strong><\/p>\n<ul>\n<li>Voice guide S\u00ed<\/li>\n<li>Gu\u00eda electr\u00f3nica de programaci\u00f3n S\u00ed<\/li>\n<li>Exhibici\u00f3n en pantalla (OSD) S\u00ed<\/li>\n<li>N\u00famero de lenguajes OSD 27<\/li>\n<li>Apagado autom\u00e1tico S\u00ed<\/li>\n<\/ul>\n<p><strong>Caracter\u00edsticas especiales<\/strong><\/p>\n<ul>\n<li>Tecnolog\u00edas Samsung (AV\/TV)Micro Dimming, Motion Xcelerator<\/li>\n<\/ul>\n<p><strong>Dise\u00f1o<\/strong><\/p>\n<ul>\n<li>Color del producto Negro<\/li>\n<li>montaje VESA S\u00ed<\/li>\n<li>Interfaz de panel de montaje 400 x 300<\/li>\n<li>Bezel type3 Bezel-less<\/li>\n<li>Tipo de soporte Base de patas<\/li>\n<\/ul>\n<p><strong>Desempe\u00f1o<\/strong><\/p>\n<ul>\n<li>Alto Rango Din\u00e1mico (HDR) S\u00ed<\/li>\n<li>High Dynamic Range (HDR) technologyHigh Dynamic Range 10+ (HDR10 Plus), Hybrid Log-Gamma (HLG)<\/li>\n<li>Modo de juego S\u00ed<\/li>\n<li>Funciones de teletexto S\u00ed<\/li>\n<li>Funci\u00f3n de subt\u00edtulos S\u00ed<\/li>\n<li>Eco sensor S\u00ed<\/li>\n<li>Brightness detection S\u00ed<\/li>\n<li>Detecci\u00f3n del color S\u00ed<\/li>\n<li>TV key support S\u00ed<\/li>\n<li>Reducci\u00f3n de ruido S\u00ed<\/li>\n<li>Game features Modo autom\u00e1tico de baja latencia (ALLM, Auto Low Latency Mode), Game Bar, HGiG<\/li>\n<li>Compatibilidad con la aplicaci\u00f3n SmartThings S\u00ed<\/li>\n<li>Tap view S\u00ed<\/li>\n<li>Compatibilidad con Wireless Dex S\u00ed<\/li>\n<li>Funci\u00f3n Multi View S\u00ed<\/li>\n<li>Grabaci\u00f3n USB No<\/li>\n<\/ul>\n<p><strong>Smart TV<\/strong><\/p>\n<ul>\n<li>TV por Internet S\u00ed<\/li>\n<li>HbbTV S\u00ed<\/li>\n<li>Hybrid Broadcast Broadband TV (HbbTV) version 2.0.3<\/li>\n<li>Aplicaciones de v\u00eddeo Samsung TV Plus<\/li>\n<li>Smart TV S\u00ed<\/li>\n<li>Sistema operativo instalado Tizen<\/li>\n<\/ul>\n<p><strong>Conexi\u00f3n<\/strong><\/p>\n<ul>\n<li>Wifi S\u00ed<\/li>\n<li>Ethernet S\u00ed<\/li>\n<li>Wi-Fi est\u00e1ndares Wi-Fi 5 (802.11ac)<\/li>\n<li>Bluetooth S\u00ed<\/li>\n<li>Versi\u00f3n de Bluetooth 5.2<\/li>\n<\/ul>\n<\/div>\n","protected":false},"excerpt":{"rendered":"<p>NOMBRE DEL PRODUCTO Marca SAMSUNG Modelo TU65CU7105KXXC EAN8806094907933 Exhibici\u00f3n Pulgadas 165,1 Resoluci\u00f3n de la pantalla 3840 x 2160 Tecnolog\u00eda del<\/p>\n","protected":false},"featured_media":216529,"comment_status":"open","ping_status":"closed","template":"","meta":{"_joinchat":[]},"product_cat":[795,7145,6464,7144,7069],"product_tag":[],"class_list":{"0":"post-216528","1":"product","2":"type-product","3":"status-publish","4":"has-post-thumbnail","6":"product_cat-electronica","7":"product_cat-hd","8":"product_cat-televisores-electronica","9":"product_cat-uhd-4k","10":"product_cat-tv-60-79","12":"first","13":"instock","14":"sale","15":"taxable","16":"shipping-taxable","17":"purchasable","18":"product-type-simple"},"_links":{"self":[{"href":"https:\/\/desdropi.com\/elparque\/wp-json\/wp\/v2\/product\/216528"}],"collection":[{"href":"https:\/\/desdropi.com\/elparque\/wp-json\/wp\/v2\/product"}],"about":[{"href":"https:\/\/desdropi.com\/elparque\/wp-json\/wp\/v2\/types\/product"}],"replies":[{"embeddable":true,"href":"https:\/\/desdropi.com\/elparque\/wp-json\/wp\/v2\/comments?post=216528"}],"version-history":[{"count":0,"href":"https:\/\/desdropi.com\/elparque\/wp-json\/wp\/v2\/product\/216528\/revisions"}],"wp:featuredmedia":[{"embeddable":true,"href":"https:\/\/desdropi.com\/elparque\/wp-json\/wp\/v2\/media\/216529"}],"wp:attachment":[{"href":"https:\/\/desdropi.com\/elparque\/wp-json\/wp\/v2\/media?parent=216528"}],"wp:term":[{"taxonomy":"product_cat","embeddable":true,"href":"https:\/\/desdropi.com\/elparque\/wp-json\/wp\/v2\/product_cat?post=216528"},{"taxonomy":"product_tag","embeddable":true,"href":"https:\/\/desdropi.com\/elparque\/wp-json\/wp\/v2\/product_tag?post=216528"}],"curies":[{"name":"wp","href":"https:\/\/api.w.org\/{rel}","templated":true}]}}