{"id":216536,"date":"2024-03-18T20:01:26","date_gmt":"2024-03-18T19:01:26","guid":{"rendered":"https:\/\/desdropi.com\/elparque\/?post_type=product&#038;p=216536"},"modified":"2024-06-05T11:33:56","modified_gmt":"2024-06-05T09:33:56","slug":"tv-lg-48-48c34la-uhd-oled-alfa9-dolbyatmos","status":"publish","type":"product","link":"https:\/\/desdropi.com\/elparque\/tv-lg-48-48c34la-uhd-oled-alfa9-dolbyatmos\/","title":{"rendered":"TV LG 48&#8243; 48C34LA UHD OLED ALFA9 DOLBYATMOS"},"content":{"rendered":"<div class=\"descripcion-tab\">\nNOMBRE DEL PRODUCTO<br \/>\nMarca LG<br \/>\nModelo OLED48C34LA.AEU<br \/>\nEAN8806087073225<br \/>\n<strong>Exhibici\u00f3n<\/strong><\/p>\n<ul>\n<li>Relaci\u00f3n de aspecto nativa 16:9<\/li>\n<li>Formato de pantalla, ajustes 4:3, 16:9, Acercar<\/li>\n<li>Tiempo de respuesta 0,1<\/li>\n<li>Tecnolog\u00eda de interpolaci\u00f3n de movimiento OLED Motion<\/li>\n<li>Frecuencia nativa de refresco 120<\/li>\n<li>\u00c1ngulo de visi\u00f3n, horizontal 180<\/li>\n<li>Diagonal de pantalla 121,9<\/li>\n<li>Tipo de matriz OLED<\/li>\n<li>Resoluci\u00f3n 4K Ultra HD<\/li>\n<li>Retroiluminaci\u00f3n del panel OLED<\/li>\n<li>Pulgadas 48&#8243;<\/li>\n<li>Resoluci\u00f3n de la pantalla 3840 x 2160<\/li>\n<li>Escaneado progresivo S\u00ed<\/li>\n<li>Tecnolog\u00eda del panel OLED<\/li>\n<li>Forma de la pantalla Plana<\/li>\n<\/ul>\n<p><strong>Audio<\/strong><\/p>\n<ul>\n<li>N\u00famero de altavoces 4<\/li>\n<li>Potencia estimada RMS 40<\/li>\n<li>Subwoofer incorporado S\u00ed<\/li>\n<li>Decodificadores incorporados Dolby Atmos, Dolby Digital<\/li>\n<li>Modos de sonido AI Sound Pro<\/li>\n<li>Nivelador autom\u00e1tico de volumen S\u00ed<\/li>\n<li>Adaptive sound S\u00ed<\/li>\n<li>Control de sonido adaptativo (ASC, Adaptive Sound Control) S\u00ed<\/li>\n<li>Enhanced Audio Return Channel (eARC) (Canal de retorno de audio mejorado) S\u00ed<\/li>\n<\/ul>\n<p><strong>Puertos e Interfaces<\/strong><\/p>\n<ul>\n<li>N\u00famero de puertos HDMI 4<\/li>\n<li>PC (D-Sub) No<\/li>\n<li>Versi\u00f3n HDMI 2.1<\/li>\n<li>Canal de retorno de audio (ARC) S\u00ed<\/li>\n<li>HDCP S\u00ed<\/li>\n<li>Ethernet LAN (RJ-45) cantidad de puertos 1<\/li>\n<li>Cantidad de puertos USB 2.03<\/li>\n<li>Entrada de audio para PC No<\/li>\n<li>Audio digital, salida optica 1<\/li>\n<li>Salidas para auriculares 1<\/li>\n<li>N\u00famero de puertos RF 1<\/li>\n<li>Tipo de conector RFF, IEC<\/li>\n<li>Interfaz com\u00fan S\u00ed<\/li>\n<li>Interfaz com\u00fan Plus (CI+) S\u00ed<\/li>\n<li>Control de electr\u00f3nica de consumo (CEC) SimpLink<\/li>\n<li>Entrada de CA S\u00ed<\/li>\n<\/ul>\n<p><strong>Peso y dimensiones<\/strong><\/p>\n<ul>\n<li>Ancho del dispositivo (con soporte) 1071<\/li>\n<li>Profundidad dispositivo (con soporte) 230<\/li>\n<li>Altura del dispositivo (con soporte) 675<\/li>\n<li>Peso (con soporte) 16,8<\/li>\n<li>Ancho (sin base) 107,1<\/li>\n<li>Profundidad (sin base) 4,69<\/li>\n<li>Altura (sin base) 61,8<\/li>\n<li>Peso (sin base) 14,9<\/li>\n<li>Rango de pulgadas De 43 a 48<\/li>\n<\/ul>\n<p><strong>Control de energ\u00eda<\/strong><\/p>\n<ul>\n<li>Energy efficiency class (SDR) G<\/li>\n<li>Energy efficiency class (HDR) G<\/li>\n<li>Energy consumption (SDR) per 1000 hours 66<\/li>\n<li>Energy consumption (HDR) per 1000 hours 105<\/li>\n<li>Consumo de energ\u00eda (inactivo) 0,5<\/li>\n<li>Voltaje de entrada AC 100 &#8211; 240<\/li>\n<li>Frecuencia de entrada AC 50\/60<\/li>\n<li>Modo de ahorro de energ\u00eda S\u00ed<\/li>\n<li>Energy efficiency scale De la A a la G<\/li>\n<\/ul>\n<p><strong>Empaquetado<\/strong><\/p>\n<ul>\n<li>Soporte de sobremesa S\u00ed<\/li>\n<li>Incluye mando a distancia Smart Remote S\u00ed<\/li>\n<li>Manual electr\u00f3nico S\u00ed<\/li>\n<li>Ancho del paquete 1373<\/li>\n<li>Profundidad del paquete 162<\/li>\n<li>Altura del paquete 735<\/li>\n<li>Peso del paquete 20,5<\/li>\n<li>Tipo de embalaje Caja<\/li>\n<\/ul>\n<p><strong>Sintonizador de la TV<\/strong><\/p>\n<ul>\n<li>Tipo de sintonizador Digital<\/li>\n<li>Se\u00f1al anal\u00f3gica No compatible<\/li>\n<li>N\u00famero de sintonizadores 1<\/li>\n<li>Autobusqueda de canal S\u00ed<\/li>\n<li>Formato de se\u00f1al digital DVB-S2, DVB-T2<\/li>\n<\/ul>\n<p><strong>Aprobaciones reguladoras<\/strong><\/p>\n<ul>\n<li>Certificaci\u00f3n Lativ\u00f9 4K \/ Tivusat 4K<\/li>\n<\/ul>\n<p><strong>Otras caracter\u00edsticas<\/strong><\/p>\n<ul>\n<li>Frecuencia de escaneo de pantalla 100\/120 Hz<\/li>\n<\/ul>\n<p><strong>Caracter\u00edsticas de administraci\u00f3n<\/strong><\/p>\n<ul>\n<li>Control por voz S\u00ed<\/li>\n<li>Gu\u00eda electr\u00f3nica de programaci\u00f3n S\u00ed<\/li>\n<li>Exhibici\u00f3n en pantalla (OSD) S\u00ed<\/li>\n<li>N\u00famero de lenguajes OSD 37<\/li>\n<li>Imagen en imagen S\u00ed<\/li>\n<li>modo hotel S\u00ed<\/li>\n<li>Modo ECO S\u00ed<\/li>\n<li>Firmware actualizable S\u00ed<\/li>\n<li>modo hotel S\u00ed<\/li>\n<li>Apagado autom\u00e1tico S\u00ed<\/li>\n<li>Temporizador de apagado S\u00ed<\/li>\n<li>Temporizador Encendido\/Apagado S\u00ed<\/li>\n<li>Funciona con Amazon Alexa S\u00ed<\/li>\n<\/ul>\n<p><strong>Dise\u00f1o<\/strong><\/p>\n<ul>\n<li>Color del producto Plata<\/li>\n<li>Nombre del color Dark Titan Silver<\/li>\n<li>montaje VESA S\u00ed<\/li>\n<li>Interfaz de panel de montaje 300 x 200<\/li>\n<\/ul>\n<p><strong>Desempe\u00f1o<\/strong><\/p>\n<ul>\n<li>Control parental S\u00ed<\/li>\n<li>Soporte remoto inteligente S\u00ed<\/li>\n<li>Grabaci\u00f3n USB No<\/li>\n<li>Alto Rango Din\u00e1mico (HDR) S\u00ed<\/li>\n<li>High Dynamic Range (HDR) technology Dolby Vision, Filmmaker Mode, High Dynamic Range 10 (HDR10), Hybrid Log-Gamma (HLG)<\/li>\n<li>Modo de juegoS\u00ed<\/li>\n<li>Funciones de teletexto S\u00ed<\/li>\n<li>Teletexto 2000<\/li>\n<li>Est\u00e1ndares de teletexto Texto superior<\/li>\n<li>Funci\u00f3n de subt\u00edtulos S\u00ed<\/li>\n<li>Formatos de v\u00eddeo compatibles HEVC, VP9<\/li>\n<li>Formatos de audio soportados AAC, AC3, AC4, EAC3, HE-AAC, MP2, MP3, PCM, WMA, apt-X<\/li>\n<li>Formatos de compresi\u00f3n de video H.265, HEVC, MPEG2, MPEG4, VP9<\/li>\n<li>Formatos de subt\u00edtulos soportados DVB<\/li>\n<li>Sensor de luz ambiental S\u00ed<\/li>\n<li>Oscurecimiento local No<\/li>\n<li>Tecnolog\u00eda de procesamiento de imagen LG AI Picture Pro<\/li>\n<li>Reducci\u00f3n de ruido S\u00ed<\/li>\n<li>AMD FreeSync S\u00ed<\/li>\n<li>Tipo de Free Sync de AMDFreeSync Premium<\/li>\n<li>NVIDIA G-SYNC S\u00ed<\/li>\n<li>Game features Modo autom\u00e1tico de baja latencia (ALLM, Auto Low Latency Mode), Game Dashboard, Game Optimizer, Frecuencia de actualizaci\u00f3n variable (VRR, Variable Refresh Rate)<\/li>\n<li>4K upscaler S\u00ed<\/li>\n<li>Ampliaci\u00f3n de la escala de video S\u00ed<\/li>\n<\/ul>\n<p><strong>Smart TV<\/strong><\/p>\n<ul>\n<li>Versi\u00f3n de sistema operativoweb OS 23<\/li>\n<li>Duplicaci\u00f3n de pantalla S\u00ed<\/li>\n<li>V\u00eddeo a la carta de apoyo (VOD) S\u00ed<\/li>\n<li>Apple AirPlay 2 support S\u00ed<\/li>\n<li>HbbTV S\u00ed<\/li>\n<li>Modos inteligentes Cine, Modo director, Deportes, Est\u00e1ndar, Vivo<\/li>\n<li>Aplicaciones de v\u00eddeo Amazon Prime Video, Apple TV, DAZN, Disney+, NOW TV, Netflix, RaiPlay, Rakuten TV, YouTube<\/li>\n<li>Aplicaciones de estilo de vida Sedition Art<\/li>\n<li>Aplicaciones de deportes DAZN, Sports Alerts<\/li>\n<li>Aplicaciones de m\u00fasica Spotify<\/li>\n<li>TV por Internet S\u00ed<\/li>\n<li>Smart TV S\u00ed<\/li>\n<li>Sistema operativo instalado Web OS<\/li>\n<\/ul>\n<p><strong>Conexi\u00f3n<\/strong><\/p>\n<ul>\n<li>Wifi S\u00ed<\/li>\n<li>Ethernet S\u00ed<\/li>\n<li>Wi-Fi est\u00e1ndares 802.11a, 802.11b, 802.11g, Wi-Fi 4 (802.11n), Wi-Fi 5 (802.11ac)<\/li>\n<li>Bluetooth S\u00ed<\/li>\n<li>Versi\u00f3n de Bluetooth 5.0<\/li>\n<li>Bluetooth Low Energy (BLE) S\u00ed<\/li>\n<li>Miracast S\u00ed<\/li>\n<li>Navegaci\u00f3n S\u00ed<\/li>\n<li>Navegador web<\/li>\n<\/ul>\n<\/div>\n","protected":false},"excerpt":{"rendered":"<p>NOMBRE DEL PRODUCTO Marca LG Modelo OLED48C34LA.AEU EAN8806087073225 Exhibici\u00f3n Relaci\u00f3n de aspecto nativa 16:9 Formato de pantalla, ajustes 4:3, 16:9,<\/p>\n","protected":false},"featured_media":216537,"comment_status":"open","ping_status":"closed","template":"","meta":{"_joinchat":[]},"product_cat":[795,7145,6464,7144,7068],"product_tag":[],"class_list":{"0":"post-216536","1":"product","2":"type-product","3":"status-publish","4":"has-post-thumbnail","6":"product_cat-electronica","7":"product_cat-hd","8":"product_cat-televisores-electronica","9":"product_cat-uhd-4k","10":"product_cat-tv-40-59","12":"first","13":"instock","14":"taxable","15":"shipping-taxable","16":"purchasable","17":"product-type-simple"},"_links":{"self":[{"href":"https:\/\/desdropi.com\/elparque\/wp-json\/wp\/v2\/product\/216536"}],"collection":[{"href":"https:\/\/desdropi.com\/elparque\/wp-json\/wp\/v2\/product"}],"about":[{"href":"https:\/\/desdropi.com\/elparque\/wp-json\/wp\/v2\/types\/product"}],"replies":[{"embeddable":true,"href":"https:\/\/desdropi.com\/elparque\/wp-json\/wp\/v2\/comments?post=216536"}],"version-history":[{"count":0,"href":"https:\/\/desdropi.com\/elparque\/wp-json\/wp\/v2\/product\/216536\/revisions"}],"wp:featuredmedia":[{"embeddable":true,"href":"https:\/\/desdropi.com\/elparque\/wp-json\/wp\/v2\/media\/216537"}],"wp:attachment":[{"href":"https:\/\/desdropi.com\/elparque\/wp-json\/wp\/v2\/media?parent=216536"}],"wp:term":[{"taxonomy":"product_cat","embeddable":true,"href":"https:\/\/desdropi.com\/elparque\/wp-json\/wp\/v2\/product_cat?post=216536"},{"taxonomy":"product_tag","embeddable":true,"href":"https:\/\/desdropi.com\/elparque\/wp-json\/wp\/v2\/product_tag?post=216536"}],"curies":[{"name":"wp","href":"https:\/\/api.w.org\/{rel}","templated":true}]}}