{"id":216569,"date":"2024-03-20T10:16:58","date_gmt":"2024-03-20T09:16:58","guid":{"rendered":"https:\/\/desdropi.com\/elparque\/?post_type=product&#038;p=216569"},"modified":"2024-05-17T13:02:28","modified_gmt":"2024-05-17T11:02:28","slug":"tv-lg-77-77b36la-uhd-oled-alfa7-120fps-dolbyatmos","status":"publish","type":"product","link":"https:\/\/desdropi.com\/elparque\/tv-lg-77-77b36la-uhd-oled-alfa7-120fps-dolbyatmos\/","title":{"rendered":"TV LG 77&#8243; 77B36LA UHD OLED ALFA7 120FPS DOLBYATMOS"},"content":{"rendered":"<div class=\"descripcion-tab\">\nNOMBRE DEL PRODUCTO<br \/>\nMarca LG<br \/>\nModelo OLED77B36LA<br \/>\nEAN 8806098765423<br \/>\n<strong>Exhibici\u00f3n<\/strong><\/p>\n<ul>\n<li>Pulgadas 77&#8243;<\/li>\n<li>Resoluci\u00f3n 4K Ultra HD<\/li>\n<li>Resoluci\u00f3n de la pantalla 3840 x 2160<\/li>\n<li>Escaneado progresivo S\u00ed<\/li>\n<li>Tecnolog\u00eda del panel OLED<\/li>\n<li>Relaci\u00f3n de aspecto nativa 16:9<\/li>\n<li>Formato de pantalla, ajustes 4:3, 16:9, Acercar<\/li>\n<li>Tecnolog\u00eda de interpolaci\u00f3n de movimiento OLED Motion<\/li>\n<li>Frecuencia nativa de refresc o100<\/li>\n<li>Diagonal de pantalla 195,6<\/li>\n<li>Retroiluminaci\u00f3n del panel OLED<\/li>\n<li>Tipo de matriz OLED<\/li>\n<li>Forma de la pantalla Plana<\/li>\n<\/ul>\n<p><strong>Audio<\/strong><\/p>\n<ul>\n<li>N\u00famero de altavoces 2<\/li>\n<li>Potencia estimada RMS 20<\/li>\n<li>Canales de salida de audio 2.0<\/li>\n<li>Decodificadores incorporados Dolby Atmos<\/li>\n<li>Modos de sonido AI Sound Pro<\/li>\n<li>Nivelador autom\u00e1tico de volumen S\u00ed<\/li>\n<li>Adaptive sound S\u00ed<\/li>\n<li>Enhanced Audio Return Channel (eARC) (Canal de retorno de audio mejorado) S\u00ed<\/li>\n<li>Control de sonido adaptativo (ASC, Adaptive Sound Control) S\u00ed<\/li>\n<\/ul>\n<p><strong>Puertos e Interfaces<\/strong><\/p>\n<ul>\n<li>N\u00famero de puertos HDMI 4<\/li>\n<li>PC (D-Sub) No<\/li>\n<li>Versi\u00f3n HDM I2.1<\/li>\n<li>Canal de retorno de audio (ARC) S\u00ed<\/li>\n<li>Ethernet LAN (RJ-45) cantidad de puertos 1<\/li>\n<li>Cantidad de puertos USB 2.02<\/li>\n<li>N\u00famero de puertos RF 2<\/li>\n<li>Audio digital, salida optica 1<\/li>\n<li>Interfaz com\u00fan S\u00ed<\/li>\n<li>Interfaz com\u00fan Plus (CI+) No<\/li>\n<li>Control de electr\u00f3nica de consumo (CEC)Simp Link<\/li>\n<li>Entrada de CA S\u00ed<\/li>\n<li>Salida remoto (IR) 1<\/li>\n<\/ul>\n<p><strong>Peso y dimensiones<\/strong><\/p>\n<ul>\n<li>Ancho del dispositivo (con soporte) 1723<\/li>\n<li>Profundidad dispositivo (con soporte) 270<\/li>\n<li>Altura del dispositivo (con soporte) 1043<\/li>\n<li>Peso (con soporte) 30<\/li>\n<li>Ancho (sin base) 172,3<\/li>\n<li>Profundidad (sin base) 5,53<\/li>\n<li>Altura (sin base) 99,2<\/li>\n<li>Peso (sin base) 26,7<\/li>\n<li>Ancho del soporte 74,9<\/li>\n<li>Profundidad del soporte 72<\/li>\n<li>Rango de pulgadas M\u00e1s de 75<\/li>\n<\/ul>\n<p><strong>Control de energ\u00eda<\/strong><\/p>\n<ul>\n<li>Energy efficiency class (SDR) F<\/li>\n<li>Energy efficiency class (HDR) G<\/li>\n<li>Energy consumption (SDR) per 1000 hours 131<\/li>\n<li>Energy consumption (HDR) per 1000 hours 219<\/li>\n<li>Consumo de energ\u00eda (inactivo) 2<\/li>\n<li>Consumo de energ\u00eda (apagado) 0,5<\/li>\n<li>Voltaje de entrada AC 100-240<\/li>\n<li>Modo de ahorro de energ\u00eda S\u00ed<\/li>\n<li>Frecuencia de entrada AC 50\/60<\/li>\n<li>Energy efficiency scale De la A a la G<\/li>\n<\/ul>\n<p><strong>Empaquetado<\/strong><\/p>\n<ul>\n<li>Soporte de sobremesa S\u00ed<\/li>\n<li>Mando a distancia incluido S\u00ed<\/li>\n<li>Ancho del paquete 1879<\/li>\n<li>Profundidad del paquete 285<\/li>\n<li>Altura del paquete 1130<\/li>\n<li>Peso del paquete 42,8<\/li>\n<li>Tipo de embalaje Caja<\/li>\n<li>Cables incluidos Corriente alterna<\/li>\n<\/ul>\n<p><strong>Sintonizador de la TV<\/strong><\/p>\n<ul>\n<li>Tipo de sintonizado rAnal\u00f3gico y digital<\/li>\n<\/ul>\n<p><strong>Otras caracter\u00edsticas<\/strong><\/p>\n<ul>\n<li>Frecuencia de escaneo de pantalla 100\/120<\/li>\n<\/ul>\n<p><strong>Caracter\u00edsticas de administraci\u00f3n<\/strong><\/p>\n<ul>\n<li>Control por voz S\u00ed<\/li>\n<li>Gu\u00eda electr\u00f3nica de programaci\u00f3n S\u00ed<\/li>\n<li>Exhibici\u00f3n en pantalla (OSD) S\u00ed<\/li>\n<li>Imagen en imagen S\u00ed<\/li>\n<\/ul>\n<p><strong>Dise\u00f1o<\/strong><\/p>\n<ul>\n<li>Rollable display No<\/li>\n<li>Color del producto Negro<\/li>\n<li>montaje VESA S\u00ed<\/li>\n<li>Interfaz de panel de montaje400 x 200<\/li>\n<li>Iluminaci\u00f3n ambiental S\u00ed<\/li>\n<\/ul>\n<p><strong>Desempe\u00f1o<\/strong><\/p>\n<ul>\n<li>Alto Rango Din\u00e1mico (HDR) S\u00ed<\/li>\n<li>High Dynamic Range (HDR) technology Dolby Vision, High Dynamic Range 10 (HDR10), Hybrid Log-Gamma (HLG)<\/li>\n<li>Modo de juego S\u00ed<\/li>\n<li>Formatos de audio soportados AAC, AC3, AC4, HE-AAC, MP2, MP3, PCM, Wave, apt-X<\/li>\n<li>Sensor de luz ambiental S\u00ed<\/li>\n<li>AI Upscale S\u00ed<\/li>\n<li>Tecnolog\u00eda de procesamiento de imagen LG AI Picture Pro<\/li>\n<li>Reducci\u00f3n de ruido S\u00ed<\/li>\n<li>AMD FreeSync S\u00ed<\/li>\n<li>Tipo de FreeSync de AMD FreeSync<\/li>\n<li>NVIDIA G-SYNC S\u00ed<\/li>\n<li>Game features Modo autom\u00e1tico de baja latencia (ALLM, Auto Low Latency Mode), Game Dashboard, Game Optimizer, Frecuencia de actualizaci\u00f3n variable (VRR, Variable Refresh Rate)<\/li>\n<li>4K upscaler S\u00ed<\/li>\n<li>Ampliaci\u00f3n de la escala de video S\u00ed<\/li>\n<li>Control parental S\u00ed<\/li>\n<li>Soporte remoto inteligente S\u00ed<\/li>\n<li>Grabaci\u00f3n USB No<\/li>\n<\/ul>\n<p><strong>Smart TV<\/strong><\/p>\n<ul>\n<li>Versi\u00f3n de sistema operativo 23<\/li>\n<li>Duplicaci\u00f3n de pantalla S\u00ed<\/li>\n<li>V\u00eddeo a la carta de apoyo (VOD) S\u00ed<\/li>\n<li>Apple AirPlay 2 support S\u00ed<\/li>\n<li>Modos inteligentes Cine, Modo director, Juego, Personal, Deportes, Vivo<\/li>\n<li>Aplicaciones de v\u00eddeo Amazon Prime Video, Apple TV, Disney+, NOW TV, Netflix, YouTube<\/li>\n<li>Aplicaciones de deportes Sports Alerts<\/li>\n<li>Aplicaciones de m\u00fasica Spotify<\/li>\n<li>Aplicaciones de estilo de vida Sedition Art<\/li>\n<li>TV por Internet S\u00ed<\/li>\n<li>Smart TV S\u00ed<\/li>\n<li>Sistema operativo instalado Web OS<\/li>\n<\/ul>\n<p><strong>Conexi\u00f3n<\/strong><\/p>\n<ul>\n<li>Wifi S\u00ed<\/li>\n<li>Ethernet S\u00ed<\/li>\n<li>Wi-Fi est\u00e1ndares 802.11a, 802.11b, 802.11g, Wi-Fi 4 (802.11n), Wi-Fi 5 (802.11ac)<\/li>\n<li>Bluetooth S\u00ed<\/li>\n<li>Versi\u00f3n de Bluetooth\u00a0 5.0<\/li>\n<li>Bluetooth Low Energy (BLE) S\u00ed<\/li>\n<li>Miracast S\u00ed<\/li>\n<li>Navegaci\u00f3n S\u00ed<\/li>\n<li>Navegador web S\u00ed<\/li>\n<li>Soporte HID S\u00ed<\/li>\n<\/ul>\n<\/div>\n","protected":false},"excerpt":{"rendered":"<p>NOMBRE DEL PRODUCTO Marca LG Modelo OLED77B36LA EAN 8806098765423 Exhibici\u00f3n Pulgadas 77&#8243; Resoluci\u00f3n 4K Ultra HD Resoluci\u00f3n de la pantalla<\/p>\n","protected":false},"featured_media":216570,"comment_status":"open","ping_status":"closed","template":"","meta":{"_joinchat":[]},"product_cat":[795,7145,6464,7144,7069],"product_tag":[],"class_list":{"0":"post-216569","1":"product","2":"type-product","3":"status-publish","4":"has-post-thumbnail","6":"product_cat-electronica","7":"product_cat-hd","8":"product_cat-televisores-electronica","9":"product_cat-uhd-4k","10":"product_cat-tv-60-79","12":"first","13":"instock","14":"sale","15":"taxable","16":"shipping-taxable","17":"purchasable","18":"product-type-simple"},"_links":{"self":[{"href":"https:\/\/desdropi.com\/elparque\/wp-json\/wp\/v2\/product\/216569"}],"collection":[{"href":"https:\/\/desdropi.com\/elparque\/wp-json\/wp\/v2\/product"}],"about":[{"href":"https:\/\/desdropi.com\/elparque\/wp-json\/wp\/v2\/types\/product"}],"replies":[{"embeddable":true,"href":"https:\/\/desdropi.com\/elparque\/wp-json\/wp\/v2\/comments?post=216569"}],"version-history":[{"count":0,"href":"https:\/\/desdropi.com\/elparque\/wp-json\/wp\/v2\/product\/216569\/revisions"}],"wp:featuredmedia":[{"embeddable":true,"href":"https:\/\/desdropi.com\/elparque\/wp-json\/wp\/v2\/media\/216570"}],"wp:attachment":[{"href":"https:\/\/desdropi.com\/elparque\/wp-json\/wp\/v2\/media?parent=216569"}],"wp:term":[{"taxonomy":"product_cat","embeddable":true,"href":"https:\/\/desdropi.com\/elparque\/wp-json\/wp\/v2\/product_cat?post=216569"},{"taxonomy":"product_tag","embeddable":true,"href":"https:\/\/desdropi.com\/elparque\/wp-json\/wp\/v2\/product_tag?post=216569"}],"curies":[{"name":"wp","href":"https:\/\/api.w.org\/{rel}","templated":true}]}}