{"id":216678,"date":"2024-03-22T19:22:07","date_gmt":"2024-03-22T18:22:07","guid":{"rendered":"https:\/\/desdropi.com\/elparque\/?post_type=product&#038;p=216678"},"modified":"2024-05-17T13:02:30","modified_gmt":"2024-05-17T11:02:30","slug":"tv-lg-55-55qned826re-qdotnanocell-alfa7","status":"publish","type":"product","link":"https:\/\/desdropi.com\/elparque\/tv-lg-55-55qned826re-qdotnanocell-alfa7\/","title":{"rendered":"TV LG 55&#8243; 55QNED826RE QDOT+NANOCELL ALFA7"},"content":{"rendered":"<div class=\"Descripcion-tab\">\nNOMBRE DEL PRODUCTO<br \/>\nMarca LG<br \/>\nModelo 55 QNED826RE<br \/>\nEAN8806087094718<br \/>\n<strong>Exhibici\u00f3n<\/strong><\/p>\n<ul>\n<li>Pulgadas 55&#8243;<\/li>\n<li>Resoluci\u00f3n 4K Ultra HD<\/li>\n<li>Resoluci\u00f3n de la pantalla 3840 x 2160<\/li>\n<li>Tecnolog\u00eda del panel QNED<\/li>\n<li>Relaci\u00f3n de aspecto nativa 16:9<\/li>\n<li>Frecuencia nativa de refresco 120<\/li>\n<li>Diagonal de pantalla 139<\/li>\n<li>Forma de la pantalla Plana<\/li>\n<\/ul>\n<p><strong>Audio<\/strong><\/p>\n<ul>\n<li>N\u00famero de altavoces 2<\/li>\n<li>Potencia estimada RMS 20<\/li>\n<li>Canales de salida de audio 2.0<\/li>\n<li>Decodificadores incorporados Dolby Atmos<\/li>\n<li>Modos de sonido AI Sound Pro, Clear Voice Pro<\/li>\n<li>Enhanced Audio Return Channel (eARC) (Canal de retorno de audio mejorado) S\u00ed<\/li>\n<\/ul>\n<p><strong>Puertos e Interfaces<\/strong><\/p>\n<ul>\n<li>N\u00famero de puertos HDMI 4<\/li>\n<li>PC (D-Sub) No<\/li>\n<li>Versi\u00f3n HDMI 2.1<\/li>\n<li>Ethernet LAN (RJ-45) cantidad de puertos 1<\/li>\n<li>Cantidad de puertos USB 2.02<\/li>\n<li>Audio digital, salida optica 1<\/li>\n<li>N\u00famero de puertos RF 2<\/li>\n<li>Interfaz com\u00fan S\u00ed<\/li>\n<li>Control de electr\u00f3nica de consumo (CEC) Simp Link<\/li>\n<\/ul>\n<p><strong>Peso y dimensiones<\/strong><\/p>\n<ul>\n<li>Rango de pulgadas De 50 a 60<\/li>\n<\/ul>\n<p><strong>Control de energ\u00eda<\/strong><\/p>\n<ul>\n<li>Energy efficiency class (SDR) E<\/li>\n<li>Energy efficiency class (HDR) G<\/li>\n<li>Energy consumption (SDR) per 1000 hours 64<\/li>\n<li>Energy consumption (HDR) per 1000 hours 129<\/li>\n<li>Consumo de energ\u00eda (inactivo) 0,5<\/li>\n<li>Voltaje de entrada AC 100 &#8211; 240<\/li>\n<li>Frecuencia de entrada AC 50\/60<\/li>\n<li>Energy efficiency scale De la A a la G<\/li>\n<\/ul>\n<p><strong>Empaquetado<\/strong><\/p>\n<ul>\n<li>Soporte de sobremesa S\u00ed<\/li>\n<li>Mando a distancia incluido S\u00ed<\/li>\n<\/ul>\n<p><strong>Caracter\u00edsticas de administraci\u00f3n<\/strong><\/p>\n<ul>\n<li>Control por voz S\u00ed<\/li>\n<li>Imagen en imagen S\u00ed<\/li>\n<li>Funciona con Amazon Alexa S\u00ed<\/li>\n<\/ul>\n<p><strong>Dise\u00f1o<\/strong><\/p>\n<ul>\n<li>Color del producto Negro<\/li>\n<li>montaje VESA S\u00ed<\/li>\n<li>Interfaz de panel de montaje 300 x 300<\/li>\n<li>Introduction year 2023<\/li>\n<li>Tipo de soporte Soporte central<\/li>\n<li>Color del soporte Negro<\/li>\n<\/ul>\n<p><strong>Desempe\u00f1o<\/strong><\/p>\n<ul>\n<li>Alto Rango Din\u00e1mico (HDR) S\u00ed<\/li>\n<li>Modo de juego S\u00ed<\/li>\n<li>High Dynamic Range (HDR) technology High Dynamic Range 10 (HDR10), Hybrid Log-Gamma (HLG)<\/li>\n<li>Formatos de audio soportados AAC, AC3, AC4, EAC3, HE-AAC, MP2, MP3, PCM, WMA<\/li>\n<li>AI Upscale S\u00ed<\/li>\n<li>Tecnolog\u00eda de procesamiento de imagen LG AI Picture Pro<\/li>\n<li>Galer\u00eda de im\u00e1genes S\u00ed<\/li>\n<li>Pantalla multiple S\u00ed<\/li>\n<li>AMD FreeSync S\u00ed<\/li>\n<li>Tipo de Free Sync de AMD FreeSync Premium<\/li>\n<li>Game features Modo autom\u00e1tico de baja latencia (ALLM, Auto Low Latency Mode), Game Optimizer, Frecuencia de actualizaci\u00f3n variable (VRR, Variable Refresh Rate)<\/li>\n<li>4K upscaler S\u00ed<\/li>\n<\/ul>\n<p><strong>Smart TV<\/strong><\/p>\n<ul>\n<li>Versi\u00f3n de sistema operativo 23<\/li>\n<li>Apple AirPlay 2 support S\u00ed<\/li>\n<li>Sound mirroring S\u00ed<\/li>\n<li>Modos inteligentes Cine, Modo director, Juego, Deportes, Est\u00e1ndar, Vivo<\/li>\n<li>TV por Internet S\u00ed<\/li>\n<li>Smart TV S\u00ed<\/li>\n<li>Sistema operativo instalado Web OS<\/li>\n<\/ul>\n<p><strong>Conexi\u00f3n<\/strong><\/p>\n<ul>\n<li>Wifi S\u00ed<\/li>\n<li>Ethernet S\u00ed<\/li>\n<li>Wi-Fi est\u00e1ndares Wi-Fi 5 (802.11ac)<\/li>\n<li>Bluetooth S\u00ed<\/li>\n<li>Versi\u00f3n de Bluetooth 5.0<\/li>\n<li>Navegaci\u00f3n S\u00ed<\/li>\n<li>Navegador web S\u00ed<\/li>\n<\/ul>\n<\/div>\n","protected":false},"excerpt":{"rendered":"<p>NOMBRE DEL PRODUCTO Marca LG Modelo 55 QNED826RE EAN8806087094718 Exhibici\u00f3n Pulgadas 55&#8243; Resoluci\u00f3n 4K Ultra HD Resoluci\u00f3n de la pantalla<\/p>\n","protected":false},"featured_media":216639,"comment_status":"open","ping_status":"closed","template":"","meta":{"_joinchat":[]},"product_cat":[795,7145,6464,7144,7068],"product_tag":[],"class_list":{"0":"post-216678","1":"product","2":"type-product","3":"status-publish","4":"has-post-thumbnail","6":"product_cat-electronica","7":"product_cat-hd","8":"product_cat-televisores-electronica","9":"product_cat-uhd-4k","10":"product_cat-tv-40-59","12":"first","13":"instock","14":"sale","15":"taxable","16":"shipping-taxable","17":"purchasable","18":"product-type-simple"},"_links":{"self":[{"href":"https:\/\/desdropi.com\/elparque\/wp-json\/wp\/v2\/product\/216678"}],"collection":[{"href":"https:\/\/desdropi.com\/elparque\/wp-json\/wp\/v2\/product"}],"about":[{"href":"https:\/\/desdropi.com\/elparque\/wp-json\/wp\/v2\/types\/product"}],"replies":[{"embeddable":true,"href":"https:\/\/desdropi.com\/elparque\/wp-json\/wp\/v2\/comments?post=216678"}],"version-history":[{"count":0,"href":"https:\/\/desdropi.com\/elparque\/wp-json\/wp\/v2\/product\/216678\/revisions"}],"wp:featuredmedia":[{"embeddable":true,"href":"https:\/\/desdropi.com\/elparque\/wp-json\/wp\/v2\/media\/216639"}],"wp:attachment":[{"href":"https:\/\/desdropi.com\/elparque\/wp-json\/wp\/v2\/media?parent=216678"}],"wp:term":[{"taxonomy":"product_cat","embeddable":true,"href":"https:\/\/desdropi.com\/elparque\/wp-json\/wp\/v2\/product_cat?post=216678"},{"taxonomy":"product_tag","embeddable":true,"href":"https:\/\/desdropi.com\/elparque\/wp-json\/wp\/v2\/product_tag?post=216678"}],"curies":[{"name":"wp","href":"https:\/\/api.w.org\/{rel}","templated":true}]}}