{"id":216690,"date":"2024-03-22T20:10:42","date_gmt":"2024-03-22T19:10:42","guid":{"rendered":"https:\/\/desdropi.com\/elparque\/?post_type=product&#038;p=216690"},"modified":"2024-06-05T11:33:56","modified_gmt":"2024-06-05T09:33:56","slug":"tv-lg-65-65ur73006la-uhd-stv-web23-alfa5-aithinq","status":"publish","type":"product","link":"https:\/\/desdropi.com\/elparque\/tv-lg-65-65ur73006la-uhd-stv-web23-alfa5-aithinq\/","title":{"rendered":"TV LG 65&#8243; 65UR73006LA UHD STV WEB23 ALFA5 AITHINQ"},"content":{"rendered":"<div class=\"descripcion-tab\">NOMBRE DEL PRODUCTO<br \/>\nMarca LG<br \/>\nModelo 65UR 7300 6LA<br \/>\nEAN8806087973655<br \/>\n<strong>Exhibici\u00f3n<\/strong><\/p>\n<ul>\n<li>Pulgadas 65&#8243;<\/li>\n<li>Resoluci\u00f3n 4K Ultra HD<\/li>\n<li>Resoluci\u00f3n de la pantalla 3840 x 2160<\/li>\n<li>Escaneado progresivo S\u00ed<\/li>\n<li>Tecnolog\u00eda del panel LED<\/li>\n<li>Retroiluminaci\u00f3n LED S\u00ed<\/li>\n<li>Relaci\u00f3n de aspecto nativa 16:9<\/li>\n<li>Formato de pantalla, ajustes 4:3, 16:9, Acercar<\/li>\n<li>Frecuencia nativa de refresc o50<\/li>\n<li>Diagonal de pantalla 165,1<\/li>\n<li>Tipo de matriz IPS<\/li>\n<li>Retroiluminaci\u00f3n del panel Direct LED<\/li>\n<li>Forma de la pantalla Plana<\/li>\n<\/ul>\n<p><strong>Audio<\/strong><\/p>\n<ul>\n<li>N\u00famero de altavoces 2<\/li>\n<li>Potencia estimada RMS 20<\/li>\n<li>Decodificadores incorporados Dolby Digital<\/li>\n<li>Modos de sonido AI Sound<\/li>\n<li>Nivelador autom\u00e1tico de volumen S\u00ed<\/li>\n<li>Enhanced Audio Return Channel (eARC) (Canal de retorno de audio mejorado) S\u00ed<\/li>\n<li>Control de sonido adaptativo (ASC, Adaptive Sound Control) S\u00ed<\/li>\n<\/ul>\n<p><strong>Puertos e Interfaces<\/strong><\/p>\n<ul>\n<li>Control de electr\u00f3nica de consumo (CEC)Simp Link<\/li>\n<li>Interfaz com\u00fan Plus (CI+) S\u00ed<\/li>\n<li>Interfaz com\u00fan S\u00ed<\/li>\n<li>N\u00famero de puertos RF 1<\/li>\n<li>Cantidad de puertos USB 2.02<\/li>\n<li>Ethernet LAN (RJ-45) cantidad de puertos 1<\/li>\n<li>Canal de retorno de audio (ARC) S\u00ed<\/li>\n<li>N\u00famero de puertos HDMI 3<\/li>\n<li>PC (D-Sub) No<\/li>\n<li>Versi\u00f3n HDMI 2.1<\/li>\n<\/ul>\n<p><strong>Peso y dimensiones<\/strong><\/p>\n<ul>\n<li>Ancho del soporte 131,9<\/li>\n<li>Ancho del dispositivo (con soporte) 1446<\/li>\n<li>Profundidad dispositivo (con soporte) 341<\/li>\n<li>Altura del dispositivo (con soporte) 905<\/li>\n<li>Peso (con soporte) 17,1<\/li>\n<li>Ancho (sin base) 144,6<\/li>\n<li>Profundidad (sin base) 8,08<\/li>\n<li>Altura (sin base) 83,4<\/li>\n<li>Peso (sin base) 16,8<\/li>\n<li>Rango de pulgadas De 65 a 75<\/li>\n<\/ul>\n<p><strong>Control de energ\u00eda<\/strong><\/p>\n<ul>\n<li>Energy efficiency scale De la A a la G<\/li>\n<li>Modo de ahorro de energ\u00eda S\u00ed<\/li>\n<li>Frecuencia de entrada AC 50<\/li>\n<li>Voltaje de entrada AC 100-240<\/li>\n<li>Consumo de energ\u00eda (inactivo) 0,5<\/li>\n<li>Energy consumption (HDR) per 1000 hours 145<\/li>\n<li>Energy consumption (SDR) per 1000 hours 110<\/li>\n<li>Energy efficiency class (SDR) G<\/li>\n<li>Energy efficiency class (HDR)G<\/li>\n<\/ul>\n<p><strong>Empaquetado<\/strong><\/p>\n<ul>\n<li>Tipo de embalaje Caja<\/li>\n<li>Peso del paquete 23,8<\/li>\n<li>Ancho del paquete 1600<\/li>\n<li>Profundidad del paquete 172<\/li>\n<li>Altura del paquete 970<\/li>\n<li>Mando a distancia incluido S\u00ed<\/li>\n<li>Soporte de sobremesa S\u00ed<\/li>\n<\/ul>\n<p><strong>Sintonizador de la TV<\/strong><\/p>\n<ul>\n<li>Tipo de sintonizador Anal\u00f3gico y digital<\/li>\n<li>Se\u00f1al anal\u00f3gica PAL, SECAM<\/li>\n<li>N\u00famero de sintonizadores 1<\/li>\n<li>Auto busqueda de canal S\u00ed<\/li>\n<li>Formato de se\u00f1al digital DVB-S, DVB-S2, DVB-T, DVB-T2<\/li>\n<\/ul>\n<p><strong>Caracter\u00edsticas de administraci\u00f3n<\/strong><\/p>\n<ul>\n<li>Funciona con Amazon Alexa S\u00ed<\/li>\n<li>Funciona con el Asistente de Google S\u00ed<\/li>\n<li>Temporizador Encendido\/Apagado S\u00ed<\/li>\n<li>Temporizador de apagado S\u00ed<\/li>\n<li>Apagado autom\u00e1tico S\u00ed<\/li>\n<li>Modo ECO S\u00ed<\/li>\n<li>N\u00famero de lenguajes OSD 37<\/li>\n<li>Exhibici\u00f3n en pantalla (OSD) S\u00ed<\/li>\n<li>Gu\u00eda electr\u00f3nica de programaci\u00f3n S\u00ed<\/li>\n<\/ul>\n<p><strong>Dise\u00f1o<\/strong><\/p>\n<ul>\n<li>Rollable display No<\/li>\n<li>Color del producto Negro<\/li>\n<li>montaje VESA S\u00ed<\/li>\n<li>Interfaz de panel de montaje 300 x 400<\/li>\n<\/ul>\n<p><strong>Desempe\u00f1o<\/strong><\/p>\n<ul>\n<li>Alto Rango Din\u00e1mico (HDR) S\u00ed<\/li>\n<li>High Dynamic Range (HDR) technology Filmmaker Mode, High Dynamic Range 10 (HDR10), Hybrid Log-Gamma (HLG)<\/li>\n<li>Modo de juego S\u00ed<\/li>\n<li>Funciones de teletexto S\u00ed<\/li>\n<li>Funci\u00f3n de subt\u00edtulos S\u00ed<\/li>\n<li>Formatos de v\u00eddeo compatibles AVI, HEVC, HEVC\/H.265, VP9<\/li>\n<li>Formatos de audio soportados AAC, AC3, AC4, EAC3, HAAC, MP2, MP3, PCM, WMA, apt-X, eAAC+<\/li>\n<li>Formatos de compresi\u00f3n de video AVI, H.265, H.265+, HEVC, MPEG2, MPEG4, VP9<\/li>\n<li>Formatos de subt\u00edtulos soportados DVB<\/li>\n<li>Reducci\u00f3n de ruido S\u00ed<\/li>\n<li>Game features Modo autom\u00e1tico de baja latencia (ALLM, Auto Low Latency Mode), Game Dashboard, Game Optimizer<\/li>\n<li>4K upscaler S\u00ed<\/li>\n<li>Ampliaci\u00f3n de la escala de video S\u00ed<\/li>\n<li>Grabaci\u00f3n USB No<\/li>\n<li>Control parental S\u00ed<\/li>\n<li>Soporte remoto inteligente S\u00ed<\/li>\n<\/ul>\n<p><strong>Smart TV<\/strong><\/p>\n<ul>\n<li>Versi\u00f3n de sistema operativo 23<\/li>\n<li>Duplicaci\u00f3n de pantalla S\u00ed<\/li>\n<li>V\u00eddeo a la carta de apoyo (VOD) S\u00ed<\/li>\n<li>Apple AirPlay 2 support S\u00ed<\/li>\n<li>HbbTV S\u00ed<\/li>\n<li>Modos inteligentes Cine, Modo director, Juego, Deportes, Est\u00e1ndar, True Cinema<\/li>\n<li>Aplicaciones de v\u00eddeo Amazon Prime Video, Apple TV, DAZN, Disney+, NOW TV, Netflix, RaiPlay, Rakuten TV, YouTube<\/li>\n<li>Aplicaciones de m\u00fasica Spotify<\/li>\n<li>Aplicaciones de deportes DAZN, Sports Alerts<\/li>\n<li>Aplicaciones de estilo de vida Sedition Art<\/li>\n<li>TV por Internet S\u00ed<\/li>\n<li>Smart TV S\u00ed<\/li>\n<li>Sistema operativo instalado Web OS<\/li>\n<\/ul>\n<p><strong>Conexi\u00f3n<\/strong><\/p>\n<ul>\n<li>Wifi S\u00ed<\/li>\n<li>Ethernet S\u00ed<\/li>\n<li>Wi-Fi est\u00e1ndares 802.11a, 802.11b, 802.11g, Wi-Fi 4 (802.11n), Wi-Fi 5 (802.11ac)<\/li>\n<li>Bluetooth S\u00ed<\/li>\n<li>Versi\u00f3n de Bluetooth 5.0<\/li>\n<li>Navegaci\u00f3n S\u00ed<\/li>\n<li>Navegador web S\u00ed<\/li>\n<\/ul>\n<\/div>\n","protected":false},"excerpt":{"rendered":"<p>NOMBRE DEL PRODUCTO Marca LG Modelo 65UR 7300 6LA EAN8806087973655 Exhibici\u00f3n Pulgadas 65&#8243; Resoluci\u00f3n 4K Ultra HD Resoluci\u00f3n de la<\/p>\n","protected":false},"featured_media":216691,"comment_status":"open","ping_status":"closed","template":"","meta":{"_joinchat":[]},"product_cat":[795,7145,6464,7144,7164,7069,7157],"product_tag":[],"class_list":{"0":"post-216690","1":"product","2":"type-product","3":"status-publish","4":"has-post-thumbnail","6":"product_cat-electronica","7":"product_cat-hd","8":"product_cat-televisores-electronica","9":"product_cat-uhd-4k","10":"product_cat-ofertas-canape","11":"product_cat-tv-60-79","12":"product_cat-ofertas-televisores","14":"first","15":"instock","16":"taxable","17":"shipping-taxable","18":"purchasable","19":"product-type-simple"},"_links":{"self":[{"href":"https:\/\/desdropi.com\/elparque\/wp-json\/wp\/v2\/product\/216690"}],"collection":[{"href":"https:\/\/desdropi.com\/elparque\/wp-json\/wp\/v2\/product"}],"about":[{"href":"https:\/\/desdropi.com\/elparque\/wp-json\/wp\/v2\/types\/product"}],"replies":[{"embeddable":true,"href":"https:\/\/desdropi.com\/elparque\/wp-json\/wp\/v2\/comments?post=216690"}],"version-history":[{"count":0,"href":"https:\/\/desdropi.com\/elparque\/wp-json\/wp\/v2\/product\/216690\/revisions"}],"wp:featuredmedia":[{"embeddable":true,"href":"https:\/\/desdropi.com\/elparque\/wp-json\/wp\/v2\/media\/216691"}],"wp:attachment":[{"href":"https:\/\/desdropi.com\/elparque\/wp-json\/wp\/v2\/media?parent=216690"}],"wp:term":[{"taxonomy":"product_cat","embeddable":true,"href":"https:\/\/desdropi.com\/elparque\/wp-json\/wp\/v2\/product_cat?post=216690"},{"taxonomy":"product_tag","embeddable":true,"href":"https:\/\/desdropi.com\/elparque\/wp-json\/wp\/v2\/product_tag?post=216690"}],"curies":[{"name":"wp","href":"https:\/\/api.w.org\/{rel}","templated":true}]}}