{"id":216708,"date":"2024-03-23T09:36:17","date_gmt":"2024-03-23T08:36:17","guid":{"rendered":"https:\/\/desdropi.com\/elparque\/?post_type=product&#038;p=216708"},"modified":"2024-05-17T13:02:31","modified_gmt":"2024-05-17T11:02:31","slug":"tv-lg-65-65ur91006la-uhd-stv-web23-magic-slim","status":"publish","type":"product","link":"https:\/\/desdropi.com\/elparque\/tv-lg-65-65ur91006la-uhd-stv-web23-magic-slim\/","title":{"rendered":"TV LG 65&#8243; 65UR91006LA UHD STV WEB23 MAGIC SLIM"},"content":{"rendered":"<div class=\"descripcion-tab\">\nNOMBRE DEL PRODUCTO<br \/>\nMarca LG<br \/>\nModelo 65 UR 91006 LA<br \/>\nEAN8806091812742<br \/>\n<strong>Exhibici\u00f3n<\/strong><\/p>\n<ul>\n<li>Pulgadas 65&#8243;<\/li>\n<li>Resoluci\u00f3n 4K Ultra HD<\/li>\n<li>Tecnolog\u00eda del panel LED<\/li>\n<li>Resoluci\u00f3n de la pantalla 3840 x 2160<\/li>\n<li>Relaci\u00f3n de aspecto nativa 16:9<\/li>\n<li>Frecuencia nativa de refresc o50<\/li>\n<li>Diagonal de pantalla 165,1<\/li>\n<li>Tipo de matriz VA<\/li>\n<li>Retroiluminaci\u00f3n del panelEdge LED<\/li>\n<li>Forma de la pantalla Plana<\/li>\n<\/ul>\n<p><strong>Audio<\/strong><\/p>\n<ul>\n<li>N\u00famero de altavoces 2<\/li>\n<li>Potencia estimada RMS 20<\/li>\n<li>Decodificadores incorporados Dolby Atmos, Dolby Digital<\/li>\n<li>Modos de sonido AI Sound Pro<\/li>\n<li>Adaptive sound S\u00ed<\/li>\n<li>Enhanced Audio Return Channel (eARC) (Canal de retorno de audio mejorado) S\u00ed<\/li>\n<li>Control de sonido adaptativo (ASC, Adaptive Sound Control) S\u00ed<\/li>\n<\/ul>\n<p><strong>Puertos e Interfaces<\/strong><\/p>\n<ul>\n<li>Interfaz com\u00fan S\u00ed<\/li>\n<li>N\u00famero de puertos RF 1<\/li>\n<li>Audio digital, salida optica 1<\/li>\n<li>Cantidad de puertos USB 2.02<\/li>\n<li>Ethernet LAN (RJ-45) cantidad de puertos 1<\/li>\n<li>HDCP S\u00ed<\/li>\n<li>Canal de retorno de audio (ARC) S\u00ed<\/li>\n<li>Versi\u00f3n HDMI 2.1<\/li>\n<li>N\u00famero de puertos HDMI 3<\/li>\n<\/ul>\n<p><strong>Peso y dimensiones<\/strong><\/p>\n<ul>\n<li>Ancho del soporte 34<\/li>\n<li>Profundidad del soporte 28,5<\/li>\n<li>Peso (sin base) 23,6<\/li>\n<li>Altura (sin base) 84<\/li>\n<li>Profundidad (sin base) 2,97<\/li>\n<li>Ancho (sin base) 145,6<\/li>\n<li>Peso (con soporte) 27,4<\/li>\n<li>Altura del dispositivo (con soporte) 869<\/li>\n<li>Profundidad dispositivo (con soporte) 285<\/li>\n<li>Ancho del dispositivo (con soporte) 1456<\/li>\n<li>Rango de pulgadas De 65 a 75<\/li>\n<\/ul>\n<p><strong>Control de energ\u00eda<\/strong><\/p>\n<ul>\n<li>Energy efficiency class (SDR) F<\/li>\n<li>Energy efficiency class (HDR) G<\/li>\n<li>Energy consumption (SDR) per 1000 hours 100<\/li>\n<li>Energy consumption (HDR) per 1000 hours 156<\/li>\n<li>Consumo de energ\u00eda (inactivo) 0,5<\/li>\n<li>Voltaje de entrada AC 100 &#8211; 240<\/li>\n<li>Frecuencia de entrada AC 50\/60<\/li>\n<li>Modo de ahorro de energ\u00eda S\u00ed<\/li>\n<li>Energy efficiency scale De la A a la G<\/li>\n<\/ul>\n<p><strong>Empaquetado<\/strong><\/p>\n<ul>\n<li>Soporte de sobremesa S\u00ed<\/li>\n<li>Cables incluidos Corriente alterna<\/li>\n<li>Incluye mando a distancia Smart Remote S\u00ed<\/li>\n<li>Ancho del paquete 1600<\/li>\n<li>Profundidad del paquete 203<\/li>\n<li>Altura del paquete 970<\/li>\n<li>Peso del paquete 34,7<\/li>\n<\/ul>\n<p><strong>Sintonizador de la TV<\/strong><\/p>\n<ul>\n<li>Tipo de sintonizador Digital<\/li>\n<li>Se\u00f1al anal\u00f3gica No compatible<\/li>\n<li>Autobusqueda de canal S\u00ed<\/li>\n<li>Formato de se\u00f1al digital DVB-S2, DVB-T2<\/li>\n<\/ul>\n<p><strong>Dise\u00f1o<\/strong><\/p>\n<ul>\n<li>Color del producto Azul<\/li>\n<li>Nombre del color Ashed Blue<\/li>\n<li>montaje VESA S\u00ed<\/li>\n<li>Interfaz de panel de montaje 300 x 300<\/li>\n<\/ul>\n<p><strong>Desempe\u00f1o<\/strong><\/p>\n<ul>\n<li>Alto Rango Din\u00e1mico (HDR) S\u00ed<\/li>\n<li>High Dynamic Range (HDR) technology Filmmaker Mode, High Dynamic Range 10 (HDR10), Hybrid Log-Gamma (HLG)<\/li>\n<li>Modo de juego S\u00ed<\/li>\n<li>Funciones de teletexto S\u00ed<\/li>\n<li>Formatos de v\u00eddeo compatibles HEVC, VP9<\/li>\n<li>Formatos de audio soportados AAC, AC3, AC4, EAC3, HE-AAC, MP2, MP3, PCM, WMA, apt-X<\/li>\n<li>Formatos de compresi\u00f3n de video H.265, HEVC, MPEG2, MPEG4, VP9<\/li>\n<li>Formatos de subt\u00edtulos soportados DVB<\/li>\n<li>Sensor de luz ambiental S\u00ed<\/li>\n<li>Oscurecimiento local S\u00ed<\/li>\n<li>Reducci\u00f3n de ruido S\u00ed<\/li>\n<\/ul>\n<p><strong>Smart TV<\/strong><\/p>\n<ul>\n<li>Versi\u00f3n de sistema operativo 23<\/li>\n<li>Grabaci\u00f3n diferida (timeshift) S\u00ed<\/li>\n<li>Modos inteligentes Cine, Modo director, Deportes, Est\u00e1ndar, Vivo<\/li>\n<li>Aplicaciones de v\u00eddeo Amazon Prime Video, Apple TV, DAZN, Disney+, NOW TV, Netflix, RaiPlay, Rakuten TV, YouTube<\/li>\n<li>Aplicaciones de m\u00fasica Spotify<\/li>\n<li>Aplicaciones de deportes DAZN, Sports Alerts<\/li>\n<li>Aplicaciones de estilo de vida Sedition Art<\/li>\n<li>TV por Internet S\u00ed<\/li>\n<li>Smart TV S\u00ed<\/li>\n<li>Sistema operativo instalado Web OS<\/li>\n<\/ul>\n<p><strong>Conexi\u00f3n<\/strong><\/p>\n<ul>\n<li>Wifi S\u00ed<\/li>\n<li>Ethernet S\u00ed<\/li>\n<li>Bluetooth S\u00ed<\/li>\n<li>Versi\u00f3n de Bluetooth 5.0<\/li>\n<li>Wi-Fi est\u00e1ndares Wi-Fi 5 (802.11ac)<\/li>\n<li>Miracast S\u00ed<\/li>\n<li>Navegaci\u00f3n S\u00ed<\/li>\n<li>Navegador web S\u00ed<\/li>\n<\/ul>\n<p>\u00e7<\/p>\n<\/div>\n","protected":false},"excerpt":{"rendered":"<p>NOMBRE DEL PRODUCTO Marca LG Modelo 65 UR 91006 LA EAN8806091812742 Exhibici\u00f3n Pulgadas 65&#8243; Resoluci\u00f3n 4K Ultra HD Tecnolog\u00eda del<\/p>\n","protected":false},"featured_media":216702,"comment_status":"open","ping_status":"closed","template":"","meta":{"_joinchat":[]},"product_cat":[795,7145,6464,7144,7164,7069],"product_tag":[],"class_list":{"0":"post-216708","1":"product","2":"type-product","3":"status-publish","4":"has-post-thumbnail","6":"product_cat-electronica","7":"product_cat-hd","8":"product_cat-televisores-electronica","9":"product_cat-uhd-4k","10":"product_cat-ofertas-canape","11":"product_cat-tv-60-79","13":"first","14":"instock","15":"sale","16":"taxable","17":"shipping-taxable","18":"purchasable","19":"product-type-simple"},"_links":{"self":[{"href":"https:\/\/desdropi.com\/elparque\/wp-json\/wp\/v2\/product\/216708"}],"collection":[{"href":"https:\/\/desdropi.com\/elparque\/wp-json\/wp\/v2\/product"}],"about":[{"href":"https:\/\/desdropi.com\/elparque\/wp-json\/wp\/v2\/types\/product"}],"replies":[{"embeddable":true,"href":"https:\/\/desdropi.com\/elparque\/wp-json\/wp\/v2\/comments?post=216708"}],"version-history":[{"count":0,"href":"https:\/\/desdropi.com\/elparque\/wp-json\/wp\/v2\/product\/216708\/revisions"}],"wp:featuredmedia":[{"embeddable":true,"href":"https:\/\/desdropi.com\/elparque\/wp-json\/wp\/v2\/media\/216702"}],"wp:attachment":[{"href":"https:\/\/desdropi.com\/elparque\/wp-json\/wp\/v2\/media?parent=216708"}],"wp:term":[{"taxonomy":"product_cat","embeddable":true,"href":"https:\/\/desdropi.com\/elparque\/wp-json\/wp\/v2\/product_cat?post=216708"},{"taxonomy":"product_tag","embeddable":true,"href":"https:\/\/desdropi.com\/elparque\/wp-json\/wp\/v2\/product_tag?post=216708"}],"curies":[{"name":"wp","href":"https:\/\/api.w.org\/{rel}","templated":true}]}}