{"id":216726,"date":"2024-03-23T10:20:35","date_gmt":"2024-03-23T09:20:35","guid":{"rendered":"https:\/\/desdropi.com\/elparque\/?post_type=product&#038;p=216726"},"modified":"2024-05-17T13:02:32","modified_gmt":"2024-05-17T11:02:32","slug":"tv-lg-75-75ur91006la-uhd-stv-web23-magic-slim","status":"publish","type":"product","link":"https:\/\/desdropi.com\/elparque\/tv-lg-75-75ur91006la-uhd-stv-web23-magic-slim\/","title":{"rendered":"TV LG 75&#8243; 75UR91006LA UHD STV WEB23 MAGIC SLIM"},"content":{"rendered":"<div class=\"descripcion-tab\">\nNOMBRE DEL PRODUCTO<br \/>\nMarca LG<br \/>\nModelo 75 UR91006LA<br \/>\nEAN8806087071764<br \/>\n<strong>Exhibici\u00f3n<\/strong><\/p>\n<ul>\n<li>Pulgadas 75&#8243;<\/li>\n<li>Resoluci\u00f3n 4K Ultra HD<\/li>\n<li>Resoluci\u00f3n de la pantalla 3840 x 2160<\/li>\n<li>Tecnolog\u00eda del panel LED<\/li>\n<li>Diagonal de pantalla 189<\/li>\n<li>Retroiluminaci\u00f3n del panel Edge LED<\/li>\n<li>Frecuencia nativa de refresc o50<\/li>\n<li>Relaci\u00f3n de aspecto nativa 16:9<\/li>\n<li>Tipo de matriz IPS<\/li>\n<li>Forma de la pantalla Plana<\/li>\n<\/ul>\n<p><strong>Audio<\/strong><\/p>\n<ul>\n<li>Modos de sonido AI Sound Pro, Clear Voice Pro<\/li>\n<li>N\u00famero de altavoces 2<\/li>\n<li>Potencia estimada RMS 20<\/li>\n<li>Canales de salida de audio 2.0<\/li>\n<li>Tecnolog\u00edas de decodificaci\u00f3n de audio Dolby Digital<\/li>\n<li>Decodificadores incorporados Dolby Atmos, Dolby Digital<\/li>\n<li>Enhanced Audio Return Channel (eARC) (Canal de retorno de audio mejorado) S\u00ed<\/li>\n<li>Control de sonido adaptativo (ASC, Adaptive Sound Control) S\u00ed<\/li>\n<\/ul>\n<p><strong>Puertos e Interfaces<\/strong><\/p>\n<ul>\n<li>Cantidad de puertos USB 2.02<\/li>\n<li>N\u00famero de puertos HDMI 3<\/li>\n<li>PC (D-Sub) No<\/li>\n<li>Versi\u00f3n HDMI 2.1<\/li>\n<li>Canal de retorno de audio (ARC) S\u00ed<\/li>\n<li>HDCP S\u00ed<\/li>\n<li>Ethernet LAN (RJ-45) cantidad de puertos 1<\/li>\n<li>Audio digital, salida optica 1<\/li>\n<li>N\u00famero de puertos RF 1<\/li>\n<li>Interfaz com\u00fan S\u00ed<\/li>\n<\/ul>\n<p><strong>Peso y dimensiones<\/strong><\/p>\n<ul>\n<li>Ancho (sin base) 167,7<\/li>\n<li>Altura (sin base) 96,5<\/li>\n<li>Profundidad (sin base) 3,09<\/li>\n<li>Ancho del dispositivo (con soporte) 1677<\/li>\n<li>Altura del dispositivo (con soporte) 1042<\/li>\n<li>Profundidad dispositivo (con soporte) 370<\/li>\n<li>Ancho del soporte 38<\/li>\n<li>Profundidad del soporte 37<\/li>\n<li>Peso (sin base) 33,3<\/li>\n<li>Peso (con soporte) 41,5<\/li>\n<li>Rango de pulgadas De 65 a 75<\/li>\n<\/ul>\n<p><strong>Control de energ\u00eda<\/strong><\/p>\n<ul>\n<li>Voltaje de entrada AC 100 &#8211; 240<\/li>\n<li>Frecuencia de entrada AC 50\/60<\/li>\n<li>Energy efficiency class (SDR) F<\/li>\n<li>Energy efficiency class (HDR) G<\/li>\n<li>Energy efficiency scale De la A a la G<\/li>\n<li>Energy consumption (SDR) per 1000 hours 114<\/li>\n<li>Energy consumption (HDR) per 1000 hours 198<\/li>\n<li>Consumo de energ\u00eda (inactivo) 0,5<\/li>\n<li>Tipo de fuente de alimentaci\u00f3n Internal<\/li>\n<\/ul>\n<p><strong>Empaquetado<\/strong><\/p>\n<ul>\n<li>Peso del paquete 52,4<\/li>\n<li>Ancho del paquete 1820<\/li>\n<li>Altura del paquete 1205<\/li>\n<li>Profundidad del paquete 228<\/li>\n<li>Tipo de embalaje Caja<\/li>\n<li>Soporte de sobremesa S\u00ed<\/li>\n<li>Cables incluidos Corriente alterna<\/li>\n<li>Mando a distancia incluido S\u00ed<\/li>\n<li>Incluye mando a distancia Smart Remote S\u00ed<\/li>\n<\/ul>\n<p><strong>Sintonizador de la TV<\/strong><\/p>\n<ul>\n<li>Tipo de sintonizador Digital<\/li>\n<li>Auto busqueda de canal S\u00ed<\/li>\n<li>Formato de se\u00f1al digital DVB-S2, DVB-T2<\/li>\n<\/ul>\n<p><strong>Dise\u00f1o<\/strong><\/p>\n<ul>\n<li>montaje VESA S\u00ed<\/li>\n<li>Interfaz de panel de montaje 400 x 300<\/li>\n<li>Color del producto Azul<\/li>\n<li>Nombre del color Ashed Blue<\/li>\n<\/ul>\n<p><strong>Desempe\u00f1o<\/strong><\/p>\n<ul>\n<li>Alto Rango Din\u00e1mico (HDR) S\u00ed<\/li>\n<li>High Dynamic Range (HDR) technology Filmmaker Mode, High Dynamic Range 10 (HDR10), Hybrid Log-Gamma (HLG)<\/li>\n<li>Oscurecimiento local S\u00ed<\/li>\n<li>Reducci\u00f3n de ruido S\u00ed<\/li>\n<li>Formatos de audio soportados AAC, AC3, AC4, EAC3, HE-AAC, MP2, MP3, PCM, WMA, apt-X<\/li>\n<li>Modo de juego S\u00ed<\/li>\n<li>Funciones de teletexto S\u00ed<\/li>\n<\/ul>\n<p><strong>Smart TV<\/strong><\/p>\n<ul>\n<li>Modos inteligentes Cine, Modo director, Juego, Deportes<\/li>\n<li>Aplicaciones de v\u00eddeo Amazon Prime Video, Apple TV, DAZN, Disney+, NOW TV, Netflix, RaiPlay, Rakuten TV, YouTube<\/li>\n<li>Aplicaciones de m\u00fasica Spotify<\/li>\n<li>Aplicaciones de deportes DAZN, Sports Alerts<\/li>\n<li>Aplicaciones de estilo de vida Sedition Art<\/li>\n<li>Versi\u00f3n de sistema operativo 23<\/li>\n<li>TV por Internet S\u00ed<\/li>\n<li>Smart TV S\u00ed<\/li>\n<li>Sistema operativo instalado Web OS<\/li>\n<\/ul>\n<p><strong>Conexi\u00f3n<\/strong><\/p>\n<ul>\n<li>Navegador web S\u00ed<\/li>\n<li>Wifi S\u00ed<\/li>\n<li>Ethernet S\u00ed<\/li>\n<li>Bluetooth S\u00ed<\/li>\n<li>Versi\u00f3n de Bluetooth 5.0<\/li>\n<li>Navegaci\u00f3n S\u00ed<\/li>\n<\/ul>\n<\/div>\n","protected":false},"excerpt":{"rendered":"<p>NOMBRE DEL PRODUCTO Marca LG Modelo 75 UR91006LA EAN8806087071764 Exhibici\u00f3n Pulgadas 75&#8243; Resoluci\u00f3n 4K Ultra HD Resoluci\u00f3n de la pantalla<\/p>\n","protected":false},"featured_media":216702,"comment_status":"open","ping_status":"closed","template":"","meta":{"_joinchat":[]},"product_cat":[795,7145,6464,7144,7164,7069],"product_tag":[],"class_list":{"0":"post-216726","1":"product","2":"type-product","3":"status-publish","4":"has-post-thumbnail","6":"product_cat-electronica","7":"product_cat-hd","8":"product_cat-televisores-electronica","9":"product_cat-uhd-4k","10":"product_cat-ofertas-canape","11":"product_cat-tv-60-79","13":"first","14":"instock","15":"sale","16":"taxable","17":"shipping-taxable","18":"purchasable","19":"product-type-simple"},"_links":{"self":[{"href":"https:\/\/desdropi.com\/elparque\/wp-json\/wp\/v2\/product\/216726"}],"collection":[{"href":"https:\/\/desdropi.com\/elparque\/wp-json\/wp\/v2\/product"}],"about":[{"href":"https:\/\/desdropi.com\/elparque\/wp-json\/wp\/v2\/types\/product"}],"replies":[{"embeddable":true,"href":"https:\/\/desdropi.com\/elparque\/wp-json\/wp\/v2\/comments?post=216726"}],"version-history":[{"count":0,"href":"https:\/\/desdropi.com\/elparque\/wp-json\/wp\/v2\/product\/216726\/revisions"}],"wp:featuredmedia":[{"embeddable":true,"href":"https:\/\/desdropi.com\/elparque\/wp-json\/wp\/v2\/media\/216702"}],"wp:attachment":[{"href":"https:\/\/desdropi.com\/elparque\/wp-json\/wp\/v2\/media?parent=216726"}],"wp:term":[{"taxonomy":"product_cat","embeddable":true,"href":"https:\/\/desdropi.com\/elparque\/wp-json\/wp\/v2\/product_cat?post=216726"},{"taxonomy":"product_tag","embeddable":true,"href":"https:\/\/desdropi.com\/elparque\/wp-json\/wp\/v2\/product_tag?post=216726"}],"curies":[{"name":"wp","href":"https:\/\/api.w.org\/{rel}","templated":true}]}}