{"id":216728,"date":"2024-03-23T11:20:00","date_gmt":"2024-03-23T10:20:00","guid":{"rendered":"https:\/\/desdropi.com\/elparque\/?post_type=product&#038;p=216728"},"modified":"2024-05-17T13:02:34","modified_gmt":"2024-05-17T11:02:34","slug":"tv-lg-70-70ur80006lj-uhd-stv-alfa5-web23-magicrem","status":"publish","type":"product","link":"https:\/\/desdropi.com\/elparque\/tv-lg-70-70ur80006lj-uhd-stv-alfa5-web23-magicrem\/","title":{"rendered":"TV LG 70&#8243; 70UR80006LJ UHD STV ALFA5 WEB23 MAGICREM"},"content":{"rendered":"<div class=\"descripcion-tab\">\nNOMBRE DEL PRODUCTO<br \/>\nMarca LG<br \/>\nModel o70 UR8000 6LJ<br \/>\nEAN8806087075120<br \/>\n<strong>Exhibici\u00f3n<\/strong><\/p>\n<ul>\n<li>Pulgadas 70&#8243;<\/li>\n<li>Resoluci\u00f3n 4K Ultra HD<\/li>\n<li>Resoluci\u00f3n de la pantalla 3840 x 2160<\/li>\n<li>Retroiluminaci\u00f3n del panel Direct-LED<\/li>\n<li>Relaci\u00f3n de aspecto nativa 16:9<\/li>\n<li>Frecuencia nativa de refresc o50<\/li>\n<li>Diagonal de pantalla 177<\/li>\n<li>Forma de la pantalla Plana<\/li>\n<\/ul>\n<p><strong>Audio<\/strong><\/p>\n<ul>\n<li>Potencia estimada RMS 20<\/li>\n<li>Canales de salida de audio 2.0<\/li>\n<li>Modos de sonido AI Sound Pro, Clear Voice Pro<\/li>\n<li>Enhanced Audio Return Channel (eARC) (Canal de retorno de audio mejorado) S\u00ed<\/li>\n<\/ul>\n<p><strong>Puertos e Interfaces<\/strong><\/p>\n<ul>\n<li>N\u00famero de puertos HDMI 3<\/li>\n<li>PC (D-Sub) No<\/li>\n<li>Cantidad de puertos USB 2.02<\/li>\n<li>N\u00famero de puertos RF 2<\/li>\n<li>Interfaz com\u00fan S\u00ed<\/li>\n<\/ul>\n<p><strong>Peso y dimensiones<\/strong><\/p>\n<ul>\n<li>Ancho (sin base) 156,2<\/li>\n<li>Altura (sin base) 90,7<\/li>\n<li>Profundidad (sin base) 5,99<\/li>\n<li>Ancho del dispositivo (con soporte) 1562<\/li>\n<li>Altura del dispositivo (con soporte) 972<\/li>\n<li>Profundidad dispositivo (con soporte) 361<\/li>\n<li>Ancho del soporte 124,7<\/li>\n<li>Profundidad del soporte 36,1<\/li>\n<li>Peso (sin base) 27,7<\/li>\n<li>Peso (con soporte) 28,1<\/li>\n<li>Rango de pulgadas De 65 a 75<\/li>\n<\/ul>\n<p><strong>Control de energ\u00eda<\/strong><\/p>\n<ul>\n<li>Energy efficiency class (SDR) F<\/li>\n<li>Energy consumption (SDR) per 1000 hours 114<\/li>\n<li>Energy consumption (HDR) per 1000 hours 176<\/li>\n<li>Energy efficiency class (HDR) G<\/li>\n<li>Voltaje de entrada AC 100~240<\/li>\n<li>Frecuencia de entrada AC 50\/60<\/li>\n<\/ul>\n<p><strong>Empaquetado<\/strong><\/p>\n<ul>\n<li>Peso del paquete 35,9<\/li>\n<li>Ancho del paquete 1700<\/li>\n<li>Altura del paquete 1070<\/li>\n<li>Profundidad del paquete 187<\/li>\n<li>Soporte de sobremesa S\u00ed<\/li>\n<li>Cables incluidos Corriente alterna<\/li>\n<li>Mando a distancia incluido S\u00ed<\/li>\n<\/ul>\n<p><strong>Dise\u00f1o<\/strong><\/p>\n<ul>\n<li>montaje VESA S\u00ed<\/li>\n<li>Interfaz de panel de montaje 400 x 400<\/li>\n<li>Rollable display No<\/li>\n<li>Color del producto Negro<\/li>\n<\/ul>\n<p><strong>Desempe\u00f1o<\/strong><\/p>\n<ul>\n<li>Soporte remoto inteligente S\u00ed<\/li>\n<li>Alto Rango Din\u00e1mico (HDR) S\u00ed<\/li>\n<li>High Dynamic Range (HDR) technology High Dynamic Range 10 (HDR10), Hybrid Log-Gamma (HLG)<\/li>\n<li>Formatos de audio soportados AAC, AC3, AC4, EAC3, HE-AAC, MP2, MP3, PCM, WMA, apt-X<\/li>\n<\/ul>\n<p><strong>Smart TV<\/strong><\/p>\n<ul>\n<li>TV por Internet S\u00ed<\/li>\n<li>Versi\u00f3n de sistema operativo 23<\/li>\n<li>Modos inteligentes Modo director<\/li>\n<li>Smart TV S\u00ed<\/li>\n<li>Sistema operativo instalado Web OS<\/li>\n<\/ul>\n<p><strong>Conexi\u00f3n<\/strong><\/p>\n<ul>\n<li>Wifi S\u00ed<\/li>\n<li>Ethernet S\u00ed<\/li>\n<li>Wi-Fi est\u00e1ndares Wi-Fi 5 (802.11ac)<\/li>\n<li>Bluetooth S\u00ed<\/li>\n<li>Versi\u00f3n de Bluetooth 5.0<\/li>\n<\/ul>\n<\/div>\n","protected":false},"excerpt":{"rendered":"<p>NOMBRE DEL PRODUCTO Marca LG Model o70 UR8000 6LJ EAN8806087075120 Exhibici\u00f3n Pulgadas 70&#8243; Resoluci\u00f3n 4K Ultra HD Resoluci\u00f3n de la<\/p>\n","protected":false},"featured_media":216729,"comment_status":"open","ping_status":"closed","template":"","meta":{"_joinchat":[]},"product_cat":[795,7145,6464,7144,7164,7069],"product_tag":[],"class_list":{"0":"post-216728","1":"product","2":"type-product","3":"status-publish","4":"has-post-thumbnail","6":"product_cat-electronica","7":"product_cat-hd","8":"product_cat-televisores-electronica","9":"product_cat-uhd-4k","10":"product_cat-ofertas-canape","11":"product_cat-tv-60-79","13":"first","14":"instock","15":"sale","16":"taxable","17":"shipping-taxable","18":"purchasable","19":"product-type-simple"},"_links":{"self":[{"href":"https:\/\/desdropi.com\/elparque\/wp-json\/wp\/v2\/product\/216728"}],"collection":[{"href":"https:\/\/desdropi.com\/elparque\/wp-json\/wp\/v2\/product"}],"about":[{"href":"https:\/\/desdropi.com\/elparque\/wp-json\/wp\/v2\/types\/product"}],"replies":[{"embeddable":true,"href":"https:\/\/desdropi.com\/elparque\/wp-json\/wp\/v2\/comments?post=216728"}],"version-history":[{"count":0,"href":"https:\/\/desdropi.com\/elparque\/wp-json\/wp\/v2\/product\/216728\/revisions"}],"wp:featuredmedia":[{"embeddable":true,"href":"https:\/\/desdropi.com\/elparque\/wp-json\/wp\/v2\/media\/216729"}],"wp:attachment":[{"href":"https:\/\/desdropi.com\/elparque\/wp-json\/wp\/v2\/media?parent=216728"}],"wp:term":[{"taxonomy":"product_cat","embeddable":true,"href":"https:\/\/desdropi.com\/elparque\/wp-json\/wp\/v2\/product_cat?post=216728"},{"taxonomy":"product_tag","embeddable":true,"href":"https:\/\/desdropi.com\/elparque\/wp-json\/wp\/v2\/product_tag?post=216728"}],"curies":[{"name":"wp","href":"https:\/\/api.w.org\/{rel}","templated":true}]}}