{"id":216757,"date":"2024-03-23T13:39:22","date_gmt":"2024-03-23T12:39:22","guid":{"rendered":"https:\/\/desdropi.com\/elparque\/?post_type=product&#038;p=216757"},"modified":"2024-05-17T13:02:35","modified_gmt":"2024-05-17T11:02:35","slug":"tv-lg-77-77m39la-uhd-oled-evo-alfa9-zero-connect","status":"publish","type":"product","link":"https:\/\/desdropi.com\/elparque\/tv-lg-77-77m39la-uhd-oled-evo-alfa9-zero-connect\/","title":{"rendered":"TV LG 77&#8243; 77M39LA UHD OLED EVO ALFA9 ZERO CONNECT"},"content":{"rendered":"<div class=\"descripcion-tab\">\n<strong>NOMBRE DEL PRODUCTO<\/strong><br \/>\nMarca LG<br \/>\nModelo OLED 77M39LA<br \/>\nEAN8806084511867<br \/>\n<strong>Exhibici\u00f3n<\/strong><\/p>\n<ul>\n<li>Diagonal de pantalla 245<\/li>\n<li>Pulgadas 77&#8243;<\/li>\n<li>Tecnolog\u00eda del panel OLED evo<\/li>\n<li>Relaci\u00f3n de aspecto nativa 16:9<\/li>\n<li>Resoluci\u00f3n de la pantalla 3840 x 2160<\/li>\n<li>Frecuencia nativa de refresco 100<\/li>\n<li>Tecnolog\u00eda de interpolaci\u00f3n de movimiento OLED Motion<\/li>\n<li>Resoluci\u00f3n 4K Ultra HD<\/li>\n<li>Forma de la pantalla Plana<\/li>\n<\/ul>\n<p><strong>Audio<\/strong><\/p>\n<ul>\n<li>Modos de sonido AI Sound Pro<\/li>\n<li>Potencia estimada RMS 60<\/li>\n<li>Canales de salida de audio 4.2<\/li>\n<li>Decodificadores incorporados Dolby Atmos<\/li>\n<li>Enhanced Audio Return Channel (eARC) (Canal de retorno de audio mejorado) S\u00ed<\/li>\n<\/ul>\n<p><strong>Puertos e Interfaces<\/strong><\/p>\n<ul>\n<li>Control de electr\u00f3nica de consumo (CEC)Simp Link<\/li>\n<li>N\u00famero de puertos HDMI 3<\/li>\n<li>Cantidad de puertos USB 2.02<\/li>\n<li>Ethernet LAN (RJ-45) cantidad de puertos 1<\/li>\n<li>Interfaz com\u00fan S\u00ed<\/li>\n<li>Audio digital, salida optica 1<\/li>\n<\/ul>\n<p><strong>Peso y dimensiones<\/strong><\/p>\n<ul>\n<li>Ancho (sin base) 1712<\/li>\n<li>Altura (sin base) 992<\/li>\n<li>Profundidad (sin base) 24,8<\/li>\n<li>Peso (sin base) 36,8<\/li>\n<li>Rango de pulgadas M\u00e1s de 75<\/li>\n<\/ul>\n<p><strong>Control de energ\u00eda<\/strong><\/p>\n<ul>\n<li>Energy efficiency class (SDR) G<\/li>\n<li>Energy efficiency class (HDR) G<\/li>\n<li>Energy efficiency scale De la A a la G<\/li>\n<li>Energy consumption (SDR) per 1000 hours 197<\/li>\n<li>Energy consumption (HDR) per 1000 hours 556<\/li>\n<li>Consumo de energ\u00eda (inactivo) 0,5<\/li>\n<li>Voltaje de entrada AC 100 &#8211; 240<\/li>\n<li>Frecuencia de entrada AC 50\/60<\/li>\n<\/ul>\n<p><strong>Empaquetado<\/strong><\/p>\n<ul>\n<li>Soporte de sobremesa S\u00ed<\/li>\n<li>Ancho del paquete 2355<\/li>\n<li>Altura del paquete 1410<\/li>\n<li>Profundidad del paquete 325<\/li>\n<li>Peso del paquete 101,6<\/li>\n<li>Mando a distancia incluido S\u00ed<\/li>\n<\/ul>\n<p><strong>Sintonizador de la TV<\/strong><\/p>\n<ul>\n<li>Tipo de sintonizador Anal\u00f3gico y digital<\/li>\n<\/ul>\n<p><strong>Caracter\u00edsticas de administraci\u00f3n<\/strong><\/p>\n<ul>\n<li>Funciona con Amazon Alexa S\u00ed<\/li>\n<\/ul>\n<p><strong>Dise\u00f1o<\/strong><\/p>\n<ul>\n<li>Color del producto Negro, Plata<\/li>\n<li>montaje VESA S\u00ed<\/li>\n<li>Interfaz de panel de montaje 300 x 300<\/li>\n<li>Tipo de soporte Base de patas<\/li>\n<\/ul>\n<p><strong>Desempe\u00f1o<\/strong><\/p>\n<ul>\n<li>Tecnolog\u00eda de procesamiento de imagen LG AI Picture Pro<\/li>\n<li>High Dynamic Range (HDR) technology Dolby Vision, Filmmaker Mode, High Dynamic Range 10 (HDR10), Hybrid Log-Gamma (HLG)<\/li>\n<li>Alto Rango Din\u00e1mico (HDR) S\u00ed<\/li>\n<li>NVIDIA G-SYNC S\u00ed<\/li>\n<li>AMD FreeSync S\u00ed<\/li>\n<li>Game features Modo autom\u00e1tico de baja latencia (ALLM, Auto Low Latency Mode), Game Dashboard, Game Optimizer, HGiG, Frecuencia de actualizaci\u00f3n variable (VRR, Variable Refresh Rate)<\/li>\n<li>Galer\u00eda de im\u00e1genes S\u00ed<\/li>\n<li>Funci\u00f3n Multi View S\u00ed<\/li>\n<li>Formatos de audio soportados AAC, AC3, AC4, EAC3, HE-AAC, MP2, MP3, PCM, WMA, apt-X<\/li>\n<\/ul>\n<p><strong>Smart TV<\/strong><\/p>\n<ul>\n<li>Modos inteligentes Cine, Dolby Vision, Modo director, Juego, Deportes<\/li>\n<li>TV por Internet S\u00ed<\/li>\n<li>Versi\u00f3n de sistema operativo 23<\/li>\n<li>Apple AirPlay 2 support S\u00ed<\/li>\n<li>Aplicaciones de deportes Sports Alerts<\/li>\n<li>Smart TV S\u00ed<\/li>\n<li>Sistema operativo instalado Web OS<\/li>\n<\/ul>\n<p><strong>Conexi\u00f3n<\/strong><\/p>\n<ul>\n<li>Navegador web S\u00ed<\/li>\n<li>Wifi S\u00ed<\/li>\n<li>Ethernet S\u00ed<\/li>\n<li>Wi-Fi est\u00e1ndares Wi-Fi 6 (802.11ax)<\/li>\n<li>Bluetooth S\u00ed<\/li>\n<li>Versi\u00f3n de Bluetooth 5.0<\/li>\n<\/ul>\n<\/div>\n","protected":false},"excerpt":{"rendered":"<p>NOMBRE DEL PRODUCTO Marca LG Modelo OLED 77M39LA EAN8806084511867 Exhibici\u00f3n Diagonal de pantalla 245 Pulgadas 77&#8243; Tecnolog\u00eda del panel OLED<\/p>\n","protected":false},"featured_media":216758,"comment_status":"open","ping_status":"closed","template":"","meta":{"_joinchat":[]},"product_cat":[795,7145,6464,7144,7164,7069],"product_tag":[],"class_list":{"0":"post-216757","1":"product","2":"type-product","3":"status-publish","4":"has-post-thumbnail","6":"product_cat-electronica","7":"product_cat-hd","8":"product_cat-televisores-electronica","9":"product_cat-uhd-4k","10":"product_cat-ofertas-canape","11":"product_cat-tv-60-79","13":"first","14":"instock","15":"sale","16":"taxable","17":"shipping-taxable","18":"purchasable","19":"product-type-simple"},"_links":{"self":[{"href":"https:\/\/desdropi.com\/elparque\/wp-json\/wp\/v2\/product\/216757"}],"collection":[{"href":"https:\/\/desdropi.com\/elparque\/wp-json\/wp\/v2\/product"}],"about":[{"href":"https:\/\/desdropi.com\/elparque\/wp-json\/wp\/v2\/types\/product"}],"replies":[{"embeddable":true,"href":"https:\/\/desdropi.com\/elparque\/wp-json\/wp\/v2\/comments?post=216757"}],"version-history":[{"count":0,"href":"https:\/\/desdropi.com\/elparque\/wp-json\/wp\/v2\/product\/216757\/revisions"}],"wp:featuredmedia":[{"embeddable":true,"href":"https:\/\/desdropi.com\/elparque\/wp-json\/wp\/v2\/media\/216758"}],"wp:attachment":[{"href":"https:\/\/desdropi.com\/elparque\/wp-json\/wp\/v2\/media?parent=216757"}],"wp:term":[{"taxonomy":"product_cat","embeddable":true,"href":"https:\/\/desdropi.com\/elparque\/wp-json\/wp\/v2\/product_cat?post=216757"},{"taxonomy":"product_tag","embeddable":true,"href":"https:\/\/desdropi.com\/elparque\/wp-json\/wp\/v2\/product_tag?post=216757"}],"curies":[{"name":"wp","href":"https:\/\/api.w.org\/{rel}","templated":true}]}}