{"id":216786,"date":"2024-03-25T12:50:21","date_gmt":"2024-03-25T11:50:21","guid":{"rendered":"https:\/\/desdropi.com\/elparque\/?post_type=product&#038;p=216786"},"modified":"2024-05-17T13:02:36","modified_gmt":"2024-05-17T11:02:36","slug":"smartwatch-polar-pacer-pro-gry-blk-m-l-hr","status":"publish","type":"product","link":"https:\/\/desdropi.com\/elparque\/smartwatch-polar-pacer-pro-gry-blk-m-l-hr\/","title":{"rendered":"SMARTWATCH POLAR PACER PRO GRY\/BLK M\/L HR"},"content":{"rendered":"<div class=\"descripcion-tab\"><\/div>\n<p>NOMBRE DEL PRODUCTO<\/p>\n<p>Marca POLAR<br \/>\nModelo 900107610<br \/>\nEAN725882063980<br \/>\n<strong>Exhibici\u00f3n<\/strong><\/p>\n<ul>\n<li>Pantalla t\u00e1ctil\u00a0 No<\/li>\n<li>Tecnolog\u00eda de visualizaci\u00f3n MIP<\/li>\n<li>Tipo de visualizador Digital<\/li>\n<li>Resoluci\u00f3n de la pantalla 240 x 240<\/li>\n<li>Diagonal de la pantalla 1,2&#8243;<\/li>\n<li>Pantalla con funci\u00f3n Always-on S\u00ed<\/li>\n<li>Tipo de vidrio de reloj Corning Gorilla Glass 3<\/li>\n<li>Retroiluminaci\u00f3n S\u00ed<\/li>\n<\/ul>\n<p><strong>Puertos e Interfaces<\/strong><\/p>\n<ul>\n<li>Puerto USBNo<\/li>\n<li>WifiNo<\/li>\n<li>BluetoothS\u00ed<\/li>\n<li>Versi\u00f3n de Bluetooth5.1<\/li>\n<li>Comunicaci\u00f3n de Campo Cercano (NFC)No<\/li>\n<\/ul>\n<p><strong>Peso y dimensiones<\/strong><\/p>\n<ul>\n<li>Ancho45<\/li>\n<li>Profundidad45<\/li>\n<li>Grosor1,2<\/li>\n<li>Peso41<\/li>\n<\/ul>\n<p><strong>Control de energ\u00eda<\/strong><\/p>\n<ul>\n<li>Tecnolog\u00eda de bater\u00edaPol\u00edmero de litio<\/li>\n<li>Capacidad de bater\u00eda265<\/li>\n<li>Autonom\u00eda1032<\/li>\n<li>Duraci\u00f3n de la bater\u00eda7<\/li>\n<\/ul>\n<p><strong>Condiciones ambientales<\/strong><\/p>\n<ul>\n<li>Intervalo de temperatura operativa-10 &#8211; 50<\/li>\n<\/ul>\n<p><strong>Contenido del embalaje<\/strong><\/p>\n<ul>\n<li>Cables incluidosUSB<\/li>\n<li>Contenido del paquete Polar Pacer Pro + Cinta Frecuencia Polar H10<\/li>\n<\/ul>\n<p><strong>Dise\u00f1o<\/strong><\/p>\n<ul>\n<li>Color de la esfera Negro<\/li>\n<li>Posicionamiento de mercado Reloj para deporte<\/li>\n<li>Watch case size45<\/li>\n<li>Watch case material Pl\u00e1stico<\/li>\n<li>Color de la correa Negro<\/li>\n<li>Material de la banda Silicona<\/li>\n<li>Tama\u00f1o de bandaS\/L<\/li>\n<li>Material de la lente Vidrio<\/li>\n<li>FormaAlrededor<\/li>\n<li>Tama\u00f1o de mu\u00f1eca 120 &#8211; 210<\/li>\n<li>G\u00e9neroUnisex<\/li>\n<li>Material de hebilla Aluminio<\/li>\n<li>Tipo de cierre Hebilla para correa con una clavija<\/li>\n<li>Funciones de protecci\u00f3n Resistente al agua<\/li>\n<li>Humedad: resistente al agua hasta 50<\/li>\n<\/ul>\n<p><strong>Desempe\u00f1o<\/strong><\/p>\n<ul>\n<li>Micr\u00f3fono incorporado No<\/li>\n<li>Altavoces incorporados No<\/li>\n<li>C\u00e1mara incorporada No<\/li>\n<li>Radio FMNo<\/li>\n<li>Frecuencia del procesador 192<\/li>\n<li>Idiomas de soporte Chino simplificado, Checo, Dan\u00e9s, Alem\u00e1n, Holand\u00e9s, Ingl\u00e9s, Espa\u00f1ol, Estonio, Fin\u00e9s, Franc\u00e9s, H\u00fangaro, Italiano, Noruego, Portugu\u00e9s, Ruso, Esloveno, Sueco, Turco<\/li>\n<\/ul>\n<p><strong>Caracter\u00edsticas<\/strong><\/p>\n<ul>\n<li>Actividad recomendadaNataci\u00f3n<\/li>\n<li>Control de la m\u00fasicaS\u00ed<\/li>\n<li>Din\u00e1micas de correrS\u00ed<\/li>\n<li>Bar\u00f3metroS\u00ed<\/li>\n<li>Sensor frecuencia card\u00edacaS\u00ed<\/li>\n<li>Distancia recorridaS\u00ed<\/li>\n<li>Pod\u00f3metroS\u00ed<\/li>\n<li>Aceler\u00f3metroS\u00ed<\/li>\n<li>Magnet\u00f3metroS\u00ed<\/li>\n<li>Metas personalesS\u00ed<\/li>\n<li>Calidad del sue\u00f1oS\u00ed<\/li>\n<li>Gesti\u00f3n de la informaci\u00f3n personalContador regresivo, Cron\u00f3metro<\/li>\n<li>Sensor de luz ambientalNo<\/li>\n<li>Modo reloj24h<\/li>\n<li>Firmware actualizableS\u00ed<\/li>\n<li>Br\u00fajula electr\u00f3nicaS\u00ed<\/li>\n<li>AlarmaS\u00ed<\/li>\n<li>Cron\u00f3metroS\u00ed<\/li>\n<\/ul>\n<p><strong>Conexi\u00f3n<\/strong><\/p>\n<ul>\n<li>Tarjeta SIM Datos M\u00f3viles S\u00ed<\/li>\n<li>GPS (sat\u00e9lite) S\u00ed<\/li>\n<li>GLONASS S\u00ed<\/li>\n<li>Galileo S\u00ed<\/li>\n<li>Sistema por Sat\u00e9lite Quasi-Zenith (QZSS)S\u00ed<\/li>\n<\/ul>\n","protected":false},"excerpt":{"rendered":"<p><span style=\"color: #ff0000;\"><strong>\u00a1ENV\u00cdO GRATIS!<\/strong><\/span><\/p>\n","protected":false},"featured_media":216805,"comment_status":"open","ping_status":"closed","template":"","meta":{"_joinchat":[]},"product_cat":[6819,6873,795],"product_tag":[],"class_list":{"0":"post-216786","1":"product","2":"type-product","3":"status-publish","4":"has-post-thumbnail","6":"product_cat-relojes","7":"product_cat-smartwatches","8":"product_cat-electronica","10":"first","11":"instock","12":"sale","13":"taxable","14":"shipping-taxable","15":"purchasable","16":"product-type-simple"},"_links":{"self":[{"href":"https:\/\/desdropi.com\/elparque\/wp-json\/wp\/v2\/product\/216786"}],"collection":[{"href":"https:\/\/desdropi.com\/elparque\/wp-json\/wp\/v2\/product"}],"about":[{"href":"https:\/\/desdropi.com\/elparque\/wp-json\/wp\/v2\/types\/product"}],"replies":[{"embeddable":true,"href":"https:\/\/desdropi.com\/elparque\/wp-json\/wp\/v2\/comments?post=216786"}],"version-history":[{"count":0,"href":"https:\/\/desdropi.com\/elparque\/wp-json\/wp\/v2\/product\/216786\/revisions"}],"wp:featuredmedia":[{"embeddable":true,"href":"https:\/\/desdropi.com\/elparque\/wp-json\/wp\/v2\/media\/216805"}],"wp:attachment":[{"href":"https:\/\/desdropi.com\/elparque\/wp-json\/wp\/v2\/media?parent=216786"}],"wp:term":[{"taxonomy":"product_cat","embeddable":true,"href":"https:\/\/desdropi.com\/elparque\/wp-json\/wp\/v2\/product_cat?post=216786"},{"taxonomy":"product_tag","embeddable":true,"href":"https:\/\/desdropi.com\/elparque\/wp-json\/wp\/v2\/product_tag?post=216786"}],"curies":[{"name":"wp","href":"https:\/\/api.w.org\/{rel}","templated":true}]}}