{"id":216804,"date":"2024-03-25T13:19:16","date_gmt":"2024-03-25T12:19:16","guid":{"rendered":"https:\/\/desdropi.com\/elparque\/?post_type=product&#038;p=216804"},"modified":"2024-05-17T13:02:36","modified_gmt":"2024-05-17T11:02:36","slug":"lavadora-balay-3ts984xe-8k-1200r-inox-mate","status":"publish","type":"product","link":"https:\/\/desdropi.com\/elparque\/lavadora-balay-3ts984xe-8k-1200r-inox-mate\/","title":{"rendered":"LAVADORA BALAY 3TS984XE 8K 1200R INOX MATE"},"content":{"rendered":"<div class=\"descripcion-tab\"><strong>NOMBRE DEL PRODUCTO<\/strong><\/div>\n<ul>\n<li class=\"descripcion-tab\">Marca BALAY<\/li>\n<li class=\"descripcion-tab\">Modelo 3TS984X<\/li>\n<li class=\"descripcion-tab\">EAN 4242006303815<\/li>\n<\/ul>\n<div class=\"descripcion-tab\"><strong>Peso y dimensiones<\/strong><\/p>\n<ul>\n<li>Ancho 598<\/li>\n<li>Profundidad 550<\/li>\n<li>Altura 848<\/li>\n<\/ul>\n<p><strong>Control de energ\u00eda<\/strong><\/p>\n<ul>\n<li>Clase de eficiencia energ\u00e9tica &#8211; C<\/li>\n<li>Consumo de energ\u00eda por ciclo de lavado 0,617<\/li>\n<li>Corriente 10<\/li>\n<li>Voltaje de entrada AC 220 &#8211; 240<\/li>\n<li>Frecuencia de entrada AC 50<\/li>\n<li>Consumo de energ\u00eda (apagado) 0,17<\/li>\n<li>Carga conectada 2300<\/li>\n<\/ul>\n<p><strong>Otras caracter\u00edsticas<\/strong><\/p>\n<ul>\n<li>Consumo anual de energ\u00eda, lavado 135<\/li>\n<li>Consumo anual de agua de lavado 9460<\/li>\n<\/ul>\n<p><strong>Ergonom\u00eda<\/strong><\/p>\n<ul>\n<li>Indicador de etapa del programa LED S\u00ed<\/li>\n<\/ul>\n<p><strong>Dise\u00f1o<\/strong><\/p>\n<ul>\n<li>Tipo de instalaci\u00f3n Independiente<\/li>\n<li>Color del producto Gris<\/li>\n<li>Carga Frontal \/ Superior .Carga frontal<\/li>\n<li>Pantalla incorporada S\u00ed<\/li>\n<li>Tipo de visualizador LED<\/li>\n<li>Bisagra para puerta Izquierda<\/li>\n<li>Volumen de tambor 58<\/li>\n<li>Tipo de control Botones, Giratorio<\/li>\n<\/ul>\n<p><strong>Desempe\u00f1o<\/strong><\/p>\n<ul>\n<li>Capacidad de carga (kilos) 8<\/li>\n<li>Revoluciones m\u00e1ximas de centrifugado 1200<\/li>\n<li>Clase de secado por giro C<\/li>\n<li>Nivel de ruido (lavado) 51<\/li>\n<li>Tiempo del ciclo (m\u00e1x.) 240<\/li>\n<li>Programaci\u00f3n diferida S\u00ed<\/li>\n<li>Tiempo de programaci\u00f3n 24<\/li>\n<li>Nivel de ruido (centrifugado) 76<\/li>\n<li>M\u00ednima velocidad de centrifugado 400<\/li>\n<li>humedad residual 60<\/li>\n<li>Velocidad de rotaci\u00f3n ajustable S\u00ed<\/li>\n<li>Programas de lavado Higiene\/Contra alergias, Negro, Fr\u00edo, Algod\u00f3n, Eco, Sint\u00e9tico, Delicado\/seda<\/li>\n<\/ul>\n<\/div>\n","protected":false},"excerpt":{"rendered":"<p><img decoding=\"async\" class=\"alignnone wp-image-205427 size-full\" src=\"https:\/\/desdropi.com\/elparque\/wp-content\/uploads\/eficiencia-C.png\" alt=\"\" width=\"56\" height=\"33\" \/>\u00a0<u><a href=\"https:\/\/eprel.ec.europa.eu\/informationsheet\/Fiche_1014031_ES.pdf\" target=\"_blank\" rel=\"noopener\">Ficha de informaci\u00f3n de producto<\/a><\/u><\/p>\n","protected":false},"featured_media":216808,"comment_status":"open","ping_status":"closed","template":"","meta":{"_joinchat":[]},"product_cat":[780,6444,6443],"product_tag":[],"class_list":{"0":"post-216804","1":"product","2":"type-product","3":"status-publish","4":"has-post-thumbnail","6":"product_cat-gran-electrodomestico","7":"product_cat-carga-frontal-lavadoras","8":"product_cat-lavadoras","10":"first","11":"instock","12":"sale","13":"taxable","14":"shipping-taxable","15":"purchasable","16":"product-type-simple"},"_links":{"self":[{"href":"https:\/\/desdropi.com\/elparque\/wp-json\/wp\/v2\/product\/216804"}],"collection":[{"href":"https:\/\/desdropi.com\/elparque\/wp-json\/wp\/v2\/product"}],"about":[{"href":"https:\/\/desdropi.com\/elparque\/wp-json\/wp\/v2\/types\/product"}],"replies":[{"embeddable":true,"href":"https:\/\/desdropi.com\/elparque\/wp-json\/wp\/v2\/comments?post=216804"}],"version-history":[{"count":0,"href":"https:\/\/desdropi.com\/elparque\/wp-json\/wp\/v2\/product\/216804\/revisions"}],"wp:featuredmedia":[{"embeddable":true,"href":"https:\/\/desdropi.com\/elparque\/wp-json\/wp\/v2\/media\/216808"}],"wp:attachment":[{"href":"https:\/\/desdropi.com\/elparque\/wp-json\/wp\/v2\/media?parent=216804"}],"wp:term":[{"taxonomy":"product_cat","embeddable":true,"href":"https:\/\/desdropi.com\/elparque\/wp-json\/wp\/v2\/product_cat?post=216804"},{"taxonomy":"product_tag","embeddable":true,"href":"https:\/\/desdropi.com\/elparque\/wp-json\/wp\/v2\/product_tag?post=216804"}],"curies":[{"name":"wp","href":"https:\/\/api.w.org\/{rel}","templated":true}]}}