{"id":216829,"date":"2024-03-25T19:13:37","date_gmt":"2024-03-25T18:13:37","guid":{"rendered":"https:\/\/desdropi.com\/elparque\/?post_type=product&#038;p=216829"},"modified":"2024-05-17T13:02:45","modified_gmt":"2024-05-17T11:02:45","slug":"lavadora-balay-3ts3106b-10k-1400r-bca","status":"publish","type":"product","link":"https:\/\/desdropi.com\/elparque\/lavadora-balay-3ts3106b-10k-1400r-bca\/","title":{"rendered":"LAVADORA BALAY 3TS3106B 10K 1400R BCA"},"content":{"rendered":"<div class=\"descripcion-tab\"><strong>NOMBRE DEL PRODUCTO<\/strong><br \/>\nMarca BALAY<br \/>\nModelo 3TS3106B<br \/>\nEAN4242006309206<br \/>\n<strong>Peso y dimensiones<\/strong><\/p>\n<ul>\n<li>Ancho 598<\/li>\n<li>Profundidad 588<\/li>\n<li>Altura 845<\/li>\n<li>Peso 74,7<\/li>\n<li>Profundidad con puerta abierta 104,9<\/li>\n<\/ul>\n<p><strong>Control de energ\u00eda<\/strong><\/p>\n<ul>\n<li>Energy efficiency scale De la A a la G<\/li>\n<li>Consumo de energ\u00eda por 100 ciclos 51<\/li>\n<li>Consumo de agua por ciclo de lavado 50<\/li>\n<li>Consumo de energ\u00eda por ciclo de lavado 0,51<\/li>\n<li>Frecuencia de entrada AC 50 &#8211; 60<\/li>\n<li>Carga conectada 2300<\/li>\n<li>Voltaje de entrada AC 220 &#8211; 240<\/li>\n<li>Corriente 10<\/li>\n<li>Clase eficiencia de energ\u00eda A<\/li>\n<\/ul>\n<p><strong>Ergonom\u00eda<\/strong><\/p>\n<ul>\n<li>Parte superior extra\u00edble S\u00ed<\/li>\n<li>Indicador tiempo restante de lavado S\u00ed<\/li>\n<\/ul>\n<p><strong>Dise\u00f1o<\/strong><\/p>\n<ul>\n<li>Longitud del cable 1,6<\/li>\n<li>Tipo de instalaci\u00f3n Independiente<\/li>\n<li>Carga Frontal \/ Superior .Frontal<\/li>\n<li>Color del producto Blanco<\/li>\n<li>Bisagra para puerta Izquierda<\/li>\n<li>Door opening Apertura lateral<\/li>\n<li>Color de la puerta Blanco<\/li>\n<li>Pantalla incorporada S\u00ed<\/li>\n<li>Tipo de visualizador LED<\/li>\n<li>Tipo de control Giratorio, Tocar<\/li>\n<li>Door handle colour Blanco<\/li>\n<li>Ventana de visi\u00f3n S\u00ed<\/li>\n<\/ul>\n<p><strong>Desempe\u00f1o<\/strong><\/p>\n<ul>\n<li>Capacidad de carga (kilos) 10 kg<\/li>\n<li>Revoluciones m\u00e1ximas de centrifugado 1400<\/li>\n<li>Clase de secado por giro B<\/li>\n<li>Clase de emisi\u00f3n de ruido B<\/li>\n<li>Nivel de ruido (centrifugado) 74<\/li>\n<li>Programas de lavado Delicado, lana, ropa blanca\/tejidos resistentes, muy delicado<\/li>\n<li>Programaci\u00f3n diferida S\u00ed<\/li>\n<li>Funci\u00f3n pausa y carga S\u00ed<\/li>\n<li>Detecci\u00f3n autom\u00e1tica de carga S\u00ed<\/li>\n<li>Opci\u00f3n quitamanchas S\u00ed<\/li>\n<li>Control autom\u00e1tico de carga S\u00ed<\/li>\n<li>Sistema control espuma S\u00ed<\/li>\n<li>Dosificaci\u00f3n autom\u00e1tica detergente No<\/li>\n<\/ul>\n<\/div>\n","protected":false},"excerpt":{"rendered":"<p><a href=\"https:\/\/www.eldisser.com\/etiquetaEnergetica\/00BLANCA\/LAVADORAS\/BOSCH\/263755.pdf\" target=\"_blank\" rel=\"noopener\"><img decoding=\"async\" class=\"alignnone wp-image-205400 size-full\" src=\"https:\/\/desdropi.com\/elparque\/wp-content\/uploads\/eficiencia-A.png\" alt=\"\" width=\"56\" height=\"33\" \/><\/a>\u00a0<u><a href=\"https:\/\/eprel.ec.europa.eu\/informationsheet\/Fiche_1403813_ES.pdf\" target=\"_blank\" rel=\"noopener\">Ficha de informaci\u00f3n de producto<\/a><\/u><\/p>\n","protected":false},"featured_media":216830,"comment_status":"open","ping_status":"closed","template":"","meta":{"_joinchat":[]},"product_cat":[780,6444,6443],"product_tag":[],"class_list":{"0":"post-216829","1":"product","2":"type-product","3":"status-publish","4":"has-post-thumbnail","6":"product_cat-gran-electrodomestico","7":"product_cat-carga-frontal-lavadoras","8":"product_cat-lavadoras","10":"first","11":"instock","12":"sale","13":"taxable","14":"shipping-taxable","15":"purchasable","16":"product-type-simple"},"_links":{"self":[{"href":"https:\/\/desdropi.com\/elparque\/wp-json\/wp\/v2\/product\/216829"}],"collection":[{"href":"https:\/\/desdropi.com\/elparque\/wp-json\/wp\/v2\/product"}],"about":[{"href":"https:\/\/desdropi.com\/elparque\/wp-json\/wp\/v2\/types\/product"}],"replies":[{"embeddable":true,"href":"https:\/\/desdropi.com\/elparque\/wp-json\/wp\/v2\/comments?post=216829"}],"version-history":[{"count":0,"href":"https:\/\/desdropi.com\/elparque\/wp-json\/wp\/v2\/product\/216829\/revisions"}],"wp:featuredmedia":[{"embeddable":true,"href":"https:\/\/desdropi.com\/elparque\/wp-json\/wp\/v2\/media\/216830"}],"wp:attachment":[{"href":"https:\/\/desdropi.com\/elparque\/wp-json\/wp\/v2\/media?parent=216829"}],"wp:term":[{"taxonomy":"product_cat","embeddable":true,"href":"https:\/\/desdropi.com\/elparque\/wp-json\/wp\/v2\/product_cat?post=216829"},{"taxonomy":"product_tag","embeddable":true,"href":"https:\/\/desdropi.com\/elparque\/wp-json\/wp\/v2\/product_tag?post=216829"}],"curies":[{"name":"wp","href":"https:\/\/api.w.org\/{rel}","templated":true}]}}