{"id":216872,"date":"2024-03-26T11:38:58","date_gmt":"2024-03-26T10:38:58","guid":{"rendered":"https:\/\/desdropi.com\/elparque\/ventilador-techo-cecotec-05879-aero-4260-4-aspas-106cm-m-d-purpura\/"},"modified":"2025-04-14T09:30:45","modified_gmt":"2025-04-14T07:30:45","slug":"ventilador-techo-cecotec-05879-aero-4260-4-aspas-106cm-m-d-purpura","status":"publish","type":"product","link":"https:\/\/desdropi.com\/elparque\/ventilador-techo-cecotec-05879-aero-4260-4-aspas-106cm-m-d-purpura\/","title":{"rendered":"ventilador techo cecotec 05879 aero 4260 4\/aspas 106cm m\/d purpura"},"content":{"rendered":"<div class=\"descripcion-tab\">\n<ul>\n<li><strong>Ventilador de techo:<\/strong>Con 40 W con motor DC y 42\u0094 con luz LED, mando a distancia , temporizador, 6 velocidades y 5 aspas reversibles.<\/li>\n<\/ul>\n<p><strong>Descripci\u00f3n:<\/strong><\/p>\n<ul>\n<li>Gran potencia de 40 W, con motor de cobre de alto rendimiento que aumenta el caudal de aire y la sensaci\u00f3n de frescor, con la m\u00e1xima fiabilidad y durabilidad. Su motor DC de corriente directa mejora el funcionamiento del ventilador por lo que aumenta su eficiencia y genera un menor consumo el\u00e9ctrico. Adem\u00e1s trabaja de manera silenciosa.<\/li>\n<li>Ampl\u00edo di\u00e1metro de 42 pulgadas (106 cm) que aumentan la cobertura de aire fresco en la estancia.<\/li>\n<li>El ventilador integra una l\u00e1mpara LED que lo convierte en un pr\u00e1ctico equipo h\u00edbrido. Consigue luz y un ambiente perfecto en tu hogar de la forma m\u00e1s eficaz y asequible. Selecciona entre sus 3 colores disponibles.<\/li>\n<li>C\u00f3modo y sencillo control gracias a su mando a distancia, desde el cual seleccionar el funcionamiento del ventilador.<\/li>\n<li>Su temporizador permite seleccionar hasta 8 horas de funcionamiento, tras el cual el ventilador se apagar\u00e1.<\/li>\n<li>Podr\u00e1s elegir entre 6 velocidades de funcionamiento, adecuando la intensidad del caudal de aire a tus necesidades.<\/li>\n<li>Sistema formado por 5 aspas reversibles totalmente innovadoras y aerodin\u00e1micas, dise\u00f1adas para maximizar el flujo de aire y garantizar un caudal constante de aire fresco.<\/li>\n<li>El ventilador dispone de un sistema de inversi\u00f3n de giro del motor para realizar la funci\u00f3n Verano\/Invierno. Mediante un conmutador se selecciona el sentido de rotaci\u00f3n de las aspas, en un sentido en Verano para generar una agradable brisa y en sentido contrario en Invierno para impulsar el aire caliente concentrado en el techo hacia el suelo, perfecto para complementar tu sistema de calefacci\u00f3n. Contr\u00f3lalo desde el mando a distancia.<\/li>\n<\/ul>\n<\/div>\n","protected":false},"excerpt":{"rendered":"<p>Ventilador de techo:Con 40 W con motor DC y 42\u0094 con luz LED, mando a distancia , temporizador, 6 velocidades<\/p>\n","protected":false},"featured_media":134104,"comment_status":"open","ping_status":"open","template":"","meta":{"_joinchat":[]},"product_cat":[6575,3301,5440],"product_tag":[],"class_list":{"0":"post-216872","1":"product","2":"type-product","3":"status-publish","4":"has-post-thumbnail","6":"product_cat-de-techo","7":"product_cat-climatizacion-y-calefaccion","8":"product_cat-ventiladores","9":"pa_marca-cecotec-clima","11":"first","12":"instock","13":"taxable","14":"shipping-taxable","15":"purchasable","16":"product-type-simple"},"_links":{"self":[{"href":"https:\/\/desdropi.com\/elparque\/wp-json\/wp\/v2\/product\/216872"}],"collection":[{"href":"https:\/\/desdropi.com\/elparque\/wp-json\/wp\/v2\/product"}],"about":[{"href":"https:\/\/desdropi.com\/elparque\/wp-json\/wp\/v2\/types\/product"}],"replies":[{"embeddable":true,"href":"https:\/\/desdropi.com\/elparque\/wp-json\/wp\/v2\/comments?post=216872"}],"version-history":[{"count":1,"href":"https:\/\/desdropi.com\/elparque\/wp-json\/wp\/v2\/product\/216872\/revisions"}],"predecessor-version":[{"id":224695,"href":"https:\/\/desdropi.com\/elparque\/wp-json\/wp\/v2\/product\/216872\/revisions\/224695"}],"wp:featuredmedia":[{"embeddable":true,"href":"https:\/\/desdropi.com\/elparque\/wp-json\/wp\/v2\/media\/134104"}],"wp:attachment":[{"href":"https:\/\/desdropi.com\/elparque\/wp-json\/wp\/v2\/media?parent=216872"}],"wp:term":[{"taxonomy":"product_cat","embeddable":true,"href":"https:\/\/desdropi.com\/elparque\/wp-json\/wp\/v2\/product_cat?post=216872"},{"taxonomy":"product_tag","embeddable":true,"href":"https:\/\/desdropi.com\/elparque\/wp-json\/wp\/v2\/product_tag?post=216872"}],"curies":[{"name":"wp","href":"https:\/\/api.w.org\/{rel}","templated":true}]}}