{"id":216876,"date":"2024-03-26T11:52:52","date_gmt":"2024-03-26T10:52:52","guid":{"rendered":"https:\/\/desdropi.com\/elparque\/ventilador-techo-cecotec-05942-3-aspas-105cm-m-d-blanco\/"},"modified":"2024-05-18T23:49:02","modified_gmt":"2024-05-18T21:49:02","slug":"ventilador-techo-cecotec-05942-3-aspas-105cm-m-d-blanco","status":"publish","type":"product","link":"https:\/\/desdropi.com\/elparque\/ventilador-techo-cecotec-05942-3-aspas-105cm-m-d-blanco\/","title":{"rendered":"ventilador techo cecotec 05942 3 aspas 105cm m\/d blanco"},"content":{"rendered":"<div class=\"descripcion-tab\">\n<strong><span class=\"e1pizqy31 css-hga4sk\">Descripci\u00f3n<\/span><\/strong><\/p>\n<div class=\"css-k1moeq e1pizqy32\">\n<ul>\n<li><strong>EnergySilence Aero 460<\/strong><\/li>\n<li>Ventilador de techo con luz y mando a distancia EnergySilence Aero 460 genera m\u00e1ximo caudal de aire de forma silenciosa y confortable con su tecnolog\u00eda EnergySilence.<\/li>\n<li>Incluye mando a distancia para un control intuitivo y remoto, y dise\u00f1o 2 en 1 que incorpora l\u00e1mpara. Podr\u00e1s programarlo hasta 6 horas y seleccionar la intensidad entre sus 3 velocidades.<\/li>\n<li>Dispone de posici\u00f3n verano e invierno.<\/li>\n<li>Energy Silence Technology: consigue una profunda sensaci\u00f3n de aire fresco al instante con el m\u00e1ximo silencio y confort.<\/li>\n<li>Aero Blades: 3 aspas totalmente innovadoras, aerodin\u00e1micas y de gran di\u00e1metro. Garantiza el m\u00e1ximo flujo de aire de forma constante.<\/li>\n<li>Cool&amp; Heat System: sistema de inversi\u00f3n de giro del motor para realizar la funci\u00f3n verano\/invierno. Selecciona el sentido de rotaci\u00f3n de las aspas mediante un conmutador.<\/li>\n<li>Genera una agradable brisa en verano y un ambiente c\u00e1lido en invierno.<\/li>\n<li>Smart Control: control remoto inteligente mediante mando a distancia. Intuitivo, pr\u00e1ctico y f\u00e1cil de usar.<\/li>\n<li>AirFlow Advance: tecnolog\u00eda que ofrece un ambiente fresco con el m\u00ednimo consumo. Ahorrar\u00e1s en tu factura de la luz.<\/li>\n<li>Light System 2in1: incluye una l\u00e1mpara que lo convierte en un pr\u00e1ctico equipo h\u00edbrido. Alumbra de la forma m\u00e1s eficaz.<\/li>\n<li>3Speed Function: 3 velocidades (baja-Noche, media-Eco y alta-Turbo) para adecuar la intensidad del caudal de aire.<\/li>\n<li>Power Wind: gran potencia de 49 W, con motor de alto rendimiento y m\u00e1xima durabilidad que aumenta el caudal y la sensaci\u00f3n de frescor.<\/li>\n<li>Cool Timer: temporizador programable 1, 3 o 6 horas tras las que el ventilador se apaga de forma autom\u00e1tica.<\/li>\n<li>Elegant Design: dise\u00f1o moderno y elegante en color blanco.<\/li>\n<li>Security System: sistema de seguridad integral que evita cualquier tipo de incidencia.<\/li>\n<li>Health&amp; Safety: cumple con la normativa vigente en cuanto a seguridad y protecci\u00f3n del medio ambiente, para que cuides de los tuyos y de tu entorno.<\/li>\n<li>Assembly Kit: incluye un set con todos los elementos necesarios para realizar el montaje con total facilidad.<\/li>\n<li>Altura: 37,5 cm.<\/li>\n<li>Peso: 5,5 Kg.<\/li>\n<\/ul>\n<div id=\"technical-details\" class=\"css-0 egxb0x40\">\n<div class=\"css-1vrowg6\">\n<div id=\"composition\" class=\"e1hv9n5v2 css-ldw7pi\"><strong><span class=\"e1hv9n5v0 css-hga4sk\">Composici\u00f3n<\/span><\/strong><\/p>\n<div class=\"css-1azcdyx e1hv9n5v1\">\n<ul>\n<li>Ventilador EnergySilence Aero 460.<\/li>\n<li>Mando a distancia.<\/li>\n<li>Kit de montaje.<\/li>\n<li>Manual de instrucciones.<\/li>\n<\/ul>\n<\/div>\n<\/div>\n<\/div>\n<\/div>\n<\/div>\n","protected":false},"excerpt":{"rendered":"<p>Descripci\u00f3n EnergySilence Aero 460 Ventilador de techo con luz y mando a distancia EnergySilence Aero 460 genera m\u00e1ximo caudal de<\/p>\n","protected":false},"featured_media":202719,"comment_status":"open","ping_status":"closed","template":"","meta":{"_joinchat":[]},"product_cat":[6575,3301,5440],"product_tag":[],"class_list":{"0":"post-216876","1":"product","2":"type-product","3":"status-publish","4":"has-post-thumbnail","6":"product_cat-de-techo","7":"product_cat-climatizacion-y-calefaccion","8":"product_cat-ventiladores","9":"pa_marca-cecotec-clima","11":"first","12":"instock","13":"taxable","14":"shipping-taxable","15":"purchasable","16":"product-type-simple"},"_links":{"self":[{"href":"https:\/\/desdropi.com\/elparque\/wp-json\/wp\/v2\/product\/216876"}],"collection":[{"href":"https:\/\/desdropi.com\/elparque\/wp-json\/wp\/v2\/product"}],"about":[{"href":"https:\/\/desdropi.com\/elparque\/wp-json\/wp\/v2\/types\/product"}],"replies":[{"embeddable":true,"href":"https:\/\/desdropi.com\/elparque\/wp-json\/wp\/v2\/comments?post=216876"}],"version-history":[{"count":0,"href":"https:\/\/desdropi.com\/elparque\/wp-json\/wp\/v2\/product\/216876\/revisions"}],"wp:featuredmedia":[{"embeddable":true,"href":"https:\/\/desdropi.com\/elparque\/wp-json\/wp\/v2\/media\/202719"}],"wp:attachment":[{"href":"https:\/\/desdropi.com\/elparque\/wp-json\/wp\/v2\/media?parent=216876"}],"wp:term":[{"taxonomy":"product_cat","embeddable":true,"href":"https:\/\/desdropi.com\/elparque\/wp-json\/wp\/v2\/product_cat?post=216876"},{"taxonomy":"product_tag","embeddable":true,"href":"https:\/\/desdropi.com\/elparque\/wp-json\/wp\/v2\/product_tag?post=216876"}],"curies":[{"name":"wp","href":"https:\/\/api.w.org\/{rel}","templated":true}]}}