{"id":216877,"date":"2024-03-26T11:58:22","date_gmt":"2024-03-26T10:58:22","guid":{"rendered":"https:\/\/desdropi.com\/elparque\/ventilador-techo-cecotec-4850-dc-steel-122cm-05837\/"},"modified":"2025-04-14T09:30:44","modified_gmt":"2025-04-14T07:30:44","slug":"ventilador-techo-cecotec-4850-dc-steel-122cm-05837","status":"publish","type":"product","link":"https:\/\/desdropi.com\/elparque\/ventilador-techo-cecotec-4850-dc-steel-122cm-05837\/","title":{"rendered":"ventilador techo cecotec 4850 dc steel 122cm 05837"},"content":{"rendered":"<div class=\"descripcion-tab\">\n<strong><span class=\"e1pizqy31 css-hga4sk\">Descripci\u00f3n<\/span><\/strong><\/p>\n<div class=\"css-k1moeq e1pizqy32\">\n<ul>\n<li>Gran potencia de 30 W, con motor DC de alto rendimiento que aumenta el caudal de aire y la sensaci\u00f3n de frescor, con la m\u00e1xima fiabilidad y durabilidad.<\/li>\n<li>Su motor DC de corriente directa mejora el funcionamiento del ventilador por lo que aumenta su eficiencia y genera un menor consumo el\u00e9ctrico. Adem\u00e1s trabaja de manera silenciosa.<\/li>\n<li>Amplio di\u00e1metro de 48 pulgadas (122 cm) que aumenta la cobertura de aire fresco en la estancia.<\/li>\n<li>Sistema formado por 3 aspas totalmente innovadoras y aerodin\u00e1micas, dise\u00f1adas para maximizar el flujo de aire y garantizar un caudal constante de aire fresco.<\/li>\n<li>El ventilador integra una l\u00e1mpara LED con 22 W que lo convierte en un pr\u00e1ctico equipo h\u00edbrido. Consigue luz y un ambiente perfecto en tu hogar de la forma m\u00e1s eficaz y asequible.<\/li>\n<li>C\u00f3modo y sencillo control gracias a su mando a distancia, desde el cual seleccionar el funcionamiento del ventilador.<\/li>\n<li>Su temporizador permite seleccionar 1, 2, 4 u 8 horas de funcionamiento, tras el cual el ventilador se apagar\u00e1.<\/li>\n<li>Podr\u00e1s elegir entre 6 velocidades de funcionamiento adecuando la intensidad del caudal de aire a tus necesidades.<\/li>\n<li>Podr\u00e1s elegir entre 3 modos de funcionamiento (Low, Medium y High), adecuando la intensidad del caudal de aire a tus necesidades.<\/li>\n<li>El ventilador dispone de un sistema de inversi\u00f3n de giro del motor para realizar la funci\u00f3n verano\/invierno.<\/li>\n<li>Mediante un conmutador se selecciona el sentido de rotaci\u00f3n de las aspas, en un sentido en verano para generar una agradable brisa y en sentido contrario en invierno para impulsar el aire caliente concentrado en el techo hacia el suelo, perfecto para complementar tu sistema de calefacci\u00f3n.<\/li>\n<li>Contr\u00f3lalo desde el mando.<\/li>\n<li>Incluye funci\u00f3n de brisa natural, es decir, una vez seleccionada una velocidad el ventilador es capaz de adaptar la ventilaci\u00f3n a dicha velocidad teniendo en cuenta su entorno.<\/li>\n<li>Se consigue una ventilaci\u00f3n m\u00e1s suave y c\u00f3moda.<\/li>\n<\/ul>\n<p><strong><span class=\"e1hv9n5v0 css-hga4sk\">Composici\u00f3n<\/span><\/strong><\/p>\n<div class=\"css-1azcdyx e1hv9n5v1\">\n<ul>\n<li>Ventilador de techo<\/li>\n<li>Kit de montaje<\/li>\n<li>Mando a distancia<\/li>\n<li>Manual de instrucciones<\/li>\n<\/ul>\n<\/div>\n<\/div>\n<\/div>\n","protected":false},"excerpt":{"rendered":"<p>Descripci\u00f3n Gran potencia de 30 W, con motor DC de alto rendimiento que aumenta el caudal de aire y la<\/p>\n","protected":false},"featured_media":216878,"comment_status":"open","ping_status":"closed","template":"","meta":{"_joinchat":[]},"product_cat":[6575,3301,5440],"product_tag":[],"class_list":{"0":"post-216877","1":"product","2":"type-product","3":"status-publish","4":"has-post-thumbnail","6":"product_cat-de-techo","7":"product_cat-climatizacion-y-calefaccion","8":"product_cat-ventiladores","9":"pa_marca-cecotec-clima","11":"first","12":"instock","13":"taxable","14":"shipping-taxable","15":"purchasable","16":"product-type-simple"},"_links":{"self":[{"href":"https:\/\/desdropi.com\/elparque\/wp-json\/wp\/v2\/product\/216877"}],"collection":[{"href":"https:\/\/desdropi.com\/elparque\/wp-json\/wp\/v2\/product"}],"about":[{"href":"https:\/\/desdropi.com\/elparque\/wp-json\/wp\/v2\/types\/product"}],"replies":[{"embeddable":true,"href":"https:\/\/desdropi.com\/elparque\/wp-json\/wp\/v2\/comments?post=216877"}],"version-history":[{"count":1,"href":"https:\/\/desdropi.com\/elparque\/wp-json\/wp\/v2\/product\/216877\/revisions"}],"predecessor-version":[{"id":224891,"href":"https:\/\/desdropi.com\/elparque\/wp-json\/wp\/v2\/product\/216877\/revisions\/224891"}],"wp:featuredmedia":[{"embeddable":true,"href":"https:\/\/desdropi.com\/elparque\/wp-json\/wp\/v2\/media\/216878"}],"wp:attachment":[{"href":"https:\/\/desdropi.com\/elparque\/wp-json\/wp\/v2\/media?parent=216877"}],"wp:term":[{"taxonomy":"product_cat","embeddable":true,"href":"https:\/\/desdropi.com\/elparque\/wp-json\/wp\/v2\/product_cat?post=216877"},{"taxonomy":"product_tag","embeddable":true,"href":"https:\/\/desdropi.com\/elparque\/wp-json\/wp\/v2\/product_tag?post=216877"}],"curies":[{"name":"wp","href":"https:\/\/api.w.org\/{rel}","templated":true}]}}