{"id":216884,"date":"2024-03-26T12:16:20","date_gmt":"2024-03-26T11:16:20","guid":{"rendered":"https:\/\/desdropi.com\/elparque\/?post_type=product&#038;p=216884"},"modified":"2024-05-17T13:02:37","modified_gmt":"2024-05-17T11:02:37","slug":"smartwatch-polar-pacer-pro-champ-gold-s-l","status":"publish","type":"product","link":"https:\/\/desdropi.com\/elparque\/smartwatch-polar-pacer-pro-champ-gold-s-l\/","title":{"rendered":"SMARTWATCH POLAR PACER PRO CHAMP\/GOLD S-L"},"content":{"rendered":"<div class=\"descripcion-tab\">\n<ul>\n<li>\n<h4>NOMBRE DEL PRODUCTO<\/h4>\n<ul>\n<li>MarcaPOLAR<\/li>\n<li>Modelo900108611<\/li>\n<li>EAN725882064321<\/li>\n<\/ul>\n<h4>Exhibici\u00f3n<\/h4>\n<ul>\n<li>Pantalla t\u00e1ctil No<\/li>\n<li>Tecnolog\u00eda de visualizaci\u00f3n MIP<\/li>\n<li>Tipo de visualizador Digital<\/li>\n<li>Resoluci\u00f3n de la pantalla 240 x 240<\/li>\n<li>Diagonal de la pantalla 1,2&#8243;<\/li>\n<li>Pantalla con funci\u00f3n Always-on S\u00ed<\/li>\n<li>Tipo de vidrio de relojCorning Gorilla Glass 3<\/li>\n<li>Retroiluminaci\u00f3n S\u00ed<\/li>\n<\/ul>\n<h4>Puertos e Interfaces<\/h4>\n<ul>\n<li>Puerto USB No<\/li>\n<li>Wifi No<\/li>\n<li>Bluetooth S\u00ed<\/li>\n<li>Versi\u00f3n de Bluetooth 5<\/li>\n<li>Comunicaci\u00f3n de Campo Cercano (NFC) No<\/li>\n<\/ul>\n<h4>Peso y dimensiones<\/h4>\n<ul>\n<li>Ancho 45<\/li>\n<li>Profundidad 45<\/li>\n<li>Grosor 1,15<\/li>\n<li>Peso 41<\/li>\n<\/ul>\n<h4>Control de energ\u00eda<\/h4>\n<ul>\n<li>Tecnolog\u00eda de bater\u00eda Pol\u00edmero de litio<\/li>\n<li>Capacidad de bater\u00eda 265<\/li>\n<li>Autonom\u00eda 1032<\/li>\n<li>Duraci\u00f3n de la bater\u00eda 7<\/li>\n<\/ul>\n<h4>Condiciones ambientales<\/h4>\n<ul>\n<li>Intervalo de temperatura operativa -10 &#8211; 50<\/li>\n<\/ul>\n<h4>Contenido del embalaje<\/h4>\n<ul>\n<li>Cables incluidos USB<\/li>\n<\/ul>\n<h4>Dise\u00f1o<\/h4>\n<ul>\n<li>Color de la esfera Beige<\/li>\n<li>Posicionamiento de mercado Reloj para deporte<\/li>\n<li>Watch case size 45<\/li>\n<li>Watch case material Pl\u00e1stico<\/li>\n<li>Color de la correa Beige y Oro<\/li>\n<li>Material de la banda Silicona<\/li>\n<li>Tama\u00f1o de bandaS\/L<\/li>\n<li>Material de la lenteVidrio<\/li>\n<li>Forma Alrededor<\/li>\n<li>Tama\u00f1o de mu\u00f1eca 120 &#8211; 210<\/li>\n<li>G\u00e9neroUnisex<\/li>\n<li>Material de hebilla Aluminio<\/li>\n<li>Tipo de cierreHebilla para correa con una clavija<\/li>\n<li>Funciones de protecci\u00f3n Resistente al agua<\/li>\n<li>Humedad: resistente al agua hasta50<\/li>\n<\/ul>\n<h4>Desempe\u00f1o<\/h4>\n<ul>\n<li>Micr\u00f3fono incorporado No<\/li>\n<li>Altavoces incorporados No<\/li>\n<li>C\u00e1mara incorporada No<\/li>\n<li>Radio FM No<\/li>\n<li>Frecuencia del procesador 192<\/li>\n<li>Idiomas de soporteChino simplificado, Checo, Dan\u00e9s, Alem\u00e1n, Holand\u00e9s, Ingl\u00e9s, Espa\u00f1ol, Estonio, Fin\u00e9s, Franc\u00e9s, H\u00fangaro, Italiano, Noruego, Portugu\u00e9s, Ruso, Esloveno, Sueco, Turco<\/li>\n<\/ul>\n<h4>Caracter\u00edsticas<\/h4>\n<ul>\n<li>Actividad recomendada Nataci\u00f3n<\/li>\n<li>Control de la m\u00fasica S\u00ed<\/li>\n<li>Din\u00e1micas de correr S\u00ed<\/li>\n<li>Bar\u00f3metro S\u00ed<\/li>\n<li>Sensor frecuencia card\u00edaca S\u00ed<\/li>\n<li>Distancia recorrida S\u00ed<\/li>\n<li>Pod\u00f3metro S\u00ed<\/li>\n<li>Aceler\u00f3metro S\u00ed<\/li>\n<li>Magnet\u00f3metroS<\/li>\n<li>Metas personales S\u00ed<\/li>\n<li>Calidad del sue\u00f1o S\u00ed<\/li>\n<li>Gesti\u00f3n de la informaci\u00f3n personalContador regresivo, Cron\u00f3metro<\/li>\n<li>Sensor de luz ambiental No<\/li>\n<li>Modo reloj24h<\/li>\n<li>Firmware actualizable S\u00ed<\/li>\n<li>Br\u00fajula electr\u00f3nica S\u00ed<\/li>\n<li>Alarma S\u00ed<\/li>\n<li>Cron\u00f3metro S\u00ed<\/li>\n<\/ul>\n<h4>Conexi\u00f3n<\/h4>\n<ul>\n<li>Tarjeta SIM Datos M\u00f3viles S\u00ed<\/li>\n<li>GPS (sat\u00e9lite) S\u00ed<\/li>\n<\/ul>\n<\/li>\n<\/ul>\n<\/div>\n","protected":false},"excerpt":{"rendered":"<p><span style=\"color: #ff0000;\"><strong>\u00a1ENV\u00cdO GRATIS!<\/strong><\/span><\/p>\n","protected":false},"featured_media":216904,"comment_status":"open","ping_status":"closed","template":"","meta":{"_joinchat":[]},"product_cat":[795,6819,6873],"product_tag":[],"class_list":{"0":"post-216884","1":"product","2":"type-product","3":"status-publish","4":"has-post-thumbnail","6":"product_cat-electronica","7":"product_cat-relojes","8":"product_cat-smartwatches","10":"first","11":"instock","12":"sale","13":"taxable","14":"shipping-taxable","15":"purchasable","16":"product-type-simple"},"_links":{"self":[{"href":"https:\/\/desdropi.com\/elparque\/wp-json\/wp\/v2\/product\/216884"}],"collection":[{"href":"https:\/\/desdropi.com\/elparque\/wp-json\/wp\/v2\/product"}],"about":[{"href":"https:\/\/desdropi.com\/elparque\/wp-json\/wp\/v2\/types\/product"}],"replies":[{"embeddable":true,"href":"https:\/\/desdropi.com\/elparque\/wp-json\/wp\/v2\/comments?post=216884"}],"version-history":[{"count":0,"href":"https:\/\/desdropi.com\/elparque\/wp-json\/wp\/v2\/product\/216884\/revisions"}],"wp:featuredmedia":[{"embeddable":true,"href":"https:\/\/desdropi.com\/elparque\/wp-json\/wp\/v2\/media\/216904"}],"wp:attachment":[{"href":"https:\/\/desdropi.com\/elparque\/wp-json\/wp\/v2\/media?parent=216884"}],"wp:term":[{"taxonomy":"product_cat","embeddable":true,"href":"https:\/\/desdropi.com\/elparque\/wp-json\/wp\/v2\/product_cat?post=216884"},{"taxonomy":"product_tag","embeddable":true,"href":"https:\/\/desdropi.com\/elparque\/wp-json\/wp\/v2\/product_tag?post=216884"}],"curies":[{"name":"wp","href":"https:\/\/api.w.org\/{rel}","templated":true}]}}