{"id":216943,"date":"2024-03-27T00:14:52","date_gmt":"2024-03-26T23:14:52","guid":{"rendered":"https:\/\/desdropi.com\/elparque\/mata-mosquitos-cecotec-01787-raqueta\/"},"modified":"2025-04-14T09:30:14","modified_gmt":"2025-04-14T07:30:14","slug":"mata-mosquitos-cecotec-01787-raqueta","status":"publish","type":"product","link":"https:\/\/desdropi.com\/elparque\/mata-mosquitos-cecotec-01787-raqueta\/","title":{"rendered":"mata mosquitos cecotec 01787 raqueta"},"content":{"rendered":"<div class=\"descripcion-tab\">\n<strong>Descripci\u00f3n<\/strong><\/p>\n<ul>\n<li>2 en 1: la raqueta matamosquitos cuenta con una base para convertirse en l\u00e1mpara f\u00e1cilmente.<\/li>\n<li>Potente descarga de 3000V: la raqueta emite una potente descarga el\u00e9ctrica para acabar con los mosquitos de un solo golpe.<\/li>\n<li>Dos modos: utiliza la raqueta en el modo que mejor te convenga: manual o autom\u00e1tico.<\/li>\n<li>Indicador de bater\u00eda: verifica f\u00e1cilmente la bater\u00eda restante de tu raqueta gracias al indicador de bater\u00eda.<\/li>\n<li>Bater\u00eda de 1200 mAh: disfruta de una larga autonom\u00eda gracias a su bater\u00eda de 1200 mAh.<\/li>\n<\/ul>\n<p><strong>Composici\u00f3n<\/strong><\/p>\n<ul>\n<li>Raqueta matamoscas<\/li>\n<\/ul>\n<\/div>\n","protected":false},"excerpt":{"rendered":"<p>Descripci\u00f3n 2 en 1: la raqueta matamosquitos cuenta con una base para convertirse en l\u00e1mpara f\u00e1cilmente. Potente descarga de 3000V:<\/p>\n","protected":false},"featured_media":217095,"comment_status":"open","ping_status":"closed","template":"","meta":{"_joinchat":[]},"product_cat":[6576,7007,3301],"product_tag":[],"class_list":{"0":"post-216943","1":"product","2":"type-product","3":"status-publish","4":"has-post-thumbnail","6":"product_cat-ambiente","7":"product_cat-insecticidas","8":"product_cat-climatizacion-y-calefaccion","9":"pa_marca-cecotec","11":"first","12":"instock","13":"taxable","14":"shipping-taxable","15":"purchasable","16":"product-type-simple"},"_links":{"self":[{"href":"https:\/\/desdropi.com\/elparque\/wp-json\/wp\/v2\/product\/216943"}],"collection":[{"href":"https:\/\/desdropi.com\/elparque\/wp-json\/wp\/v2\/product"}],"about":[{"href":"https:\/\/desdropi.com\/elparque\/wp-json\/wp\/v2\/types\/product"}],"replies":[{"embeddable":true,"href":"https:\/\/desdropi.com\/elparque\/wp-json\/wp\/v2\/comments?post=216943"}],"version-history":[{"count":1,"href":"https:\/\/desdropi.com\/elparque\/wp-json\/wp\/v2\/product\/216943\/revisions"}],"predecessor-version":[{"id":225057,"href":"https:\/\/desdropi.com\/elparque\/wp-json\/wp\/v2\/product\/216943\/revisions\/225057"}],"wp:featuredmedia":[{"embeddable":true,"href":"https:\/\/desdropi.com\/elparque\/wp-json\/wp\/v2\/media\/217095"}],"wp:attachment":[{"href":"https:\/\/desdropi.com\/elparque\/wp-json\/wp\/v2\/media?parent=216943"}],"wp:term":[{"taxonomy":"product_cat","embeddable":true,"href":"https:\/\/desdropi.com\/elparque\/wp-json\/wp\/v2\/product_cat?post=216943"},{"taxonomy":"product_tag","embeddable":true,"href":"https:\/\/desdropi.com\/elparque\/wp-json\/wp\/v2\/product_tag?post=216943"}],"curies":[{"name":"wp","href":"https:\/\/api.w.org\/{rel}","templated":true}]}}