{"id":216944,"date":"2024-03-27T00:14:52","date_gmt":"2024-03-26T23:14:52","guid":{"rendered":"https:\/\/desdropi.com\/elparque\/mata-mosquitos-cecotec-01788-waterproof-con-luz\/"},"modified":"2025-04-14T09:30:14","modified_gmt":"2025-04-14T07:30:14","slug":"mata-mosquitos-cecotec-01788-waterproof-con-luz","status":"publish","type":"product","link":"https:\/\/desdropi.com\/elparque\/mata-mosquitos-cecotec-01788-waterproof-con-luz\/","title":{"rendered":"mata mosquitos cecotec 01788 waterproof con luz"},"content":{"rendered":"<div class=\"descripcion-tab\">\n<strong>Descripci\u00f3n<\/strong><\/p>\n<ul>\n<li>3 en 1: mata mosquitos, l\u00e1mpara con luz a ambos lados y linterna en su parte inferior.<\/li>\n<li>Bater\u00eda de 1800 mAh que proporciona una gran autonom\u00eda para que lo puedas colocar donde quieras.<\/li>\n<li>Protecci\u00f3n IPX4 por lo que es resistente al agua.<\/li>\n<li>Potencia de 5 W que aporta un gran rendimiento.<\/li>\n<li>Gracias a su sistema de suspensi\u00f3n podr\u00e1s colocarlo donde quieras de forma c\u00f3moda y segura.<\/li>\n<\/ul>\n<p><strong>Composici\u00f3n<\/strong><\/p>\n<ul>\n<li>Producto<\/li>\n<li>Manual de instrucciones<\/li>\n<\/ul>\n<\/div>\n","protected":false},"excerpt":{"rendered":"<p>Descripci\u00f3n 3 en 1: mata mosquitos, l\u00e1mpara con luz a ambos lados y linterna en su parte inferior. Bater\u00eda de<\/p>\n","protected":false},"featured_media":217100,"comment_status":"open","ping_status":"closed","template":"","meta":{"_joinchat":[]},"product_cat":[6576,7007,3301],"product_tag":[],"class_list":{"0":"post-216944","1":"product","2":"type-product","3":"status-publish","4":"has-post-thumbnail","6":"product_cat-ambiente","7":"product_cat-insecticidas","8":"product_cat-climatizacion-y-calefaccion","9":"pa_marca-cecotec","11":"first","12":"instock","13":"taxable","14":"shipping-taxable","15":"purchasable","16":"product-type-simple"},"_links":{"self":[{"href":"https:\/\/desdropi.com\/elparque\/wp-json\/wp\/v2\/product\/216944"}],"collection":[{"href":"https:\/\/desdropi.com\/elparque\/wp-json\/wp\/v2\/product"}],"about":[{"href":"https:\/\/desdropi.com\/elparque\/wp-json\/wp\/v2\/types\/product"}],"replies":[{"embeddable":true,"href":"https:\/\/desdropi.com\/elparque\/wp-json\/wp\/v2\/comments?post=216944"}],"version-history":[{"count":1,"href":"https:\/\/desdropi.com\/elparque\/wp-json\/wp\/v2\/product\/216944\/revisions"}],"predecessor-version":[{"id":225058,"href":"https:\/\/desdropi.com\/elparque\/wp-json\/wp\/v2\/product\/216944\/revisions\/225058"}],"wp:featuredmedia":[{"embeddable":true,"href":"https:\/\/desdropi.com\/elparque\/wp-json\/wp\/v2\/media\/217100"}],"wp:attachment":[{"href":"https:\/\/desdropi.com\/elparque\/wp-json\/wp\/v2\/media?parent=216944"}],"wp:term":[{"taxonomy":"product_cat","embeddable":true,"href":"https:\/\/desdropi.com\/elparque\/wp-json\/wp\/v2\/product_cat?post=216944"},{"taxonomy":"product_tag","embeddable":true,"href":"https:\/\/desdropi.com\/elparque\/wp-json\/wp\/v2\/product_tag?post=216944"}],"curies":[{"name":"wp","href":"https:\/\/api.w.org\/{rel}","templated":true}]}}