{"id":216978,"date":"2024-03-27T11:14:32","date_gmt":"2024-03-27T10:14:32","guid":{"rendered":"https:\/\/desdropi.com\/elparque\/?post_type=product&#038;p=216978"},"modified":"2024-05-17T13:02:39","modified_gmt":"2024-05-17T11:02:39","slug":"smartphone-spc-smart-3-2516332q-3-32-545-turquesa","status":"publish","type":"product","link":"https:\/\/desdropi.com\/elparque\/smartphone-spc-smart-3-2516332q-3-32-545-turquesa\/","title":{"rendered":"SMARTPHONE SPC SMART 3 2516332Q 3\/32 5,45&#8243; TURQUESA"},"content":{"rendered":"<div class=\"descripcion-tab\">\n<strong>Procesador<\/strong><\/p>\n<ul>\n<li>Familia de procesador: MediaTek<\/li>\n<li>Modelo del procesador: MT6739<\/li>\n<li>N\u00famero de n\u00facleos de procesador: 4<\/li>\n<li>Frecuencia del procesador: 1,5<\/li>\n<\/ul>\n<p><strong>Exhibici\u00f3n<\/strong><\/p>\n<ul>\n<li>Resoluci\u00f3n de la pantalla: 960 x 442<\/li>\n<li>Forma de la pantalla: Plana<\/li>\n<li>Densidad del pixel: 195<\/li>\n<li>Pantalla con esquinas redondeadas: S\u00ed<\/li>\n<li>Relaci\u00f3n de aspecto nativa: 19.5:9<\/li>\n<li>Tipo de visualizador: IPS<\/li>\n<li>N\u00famero de colores de la pantalla: 16,7 millones de colores<\/li>\n<li>Tama\u00f1o de la pantalla: 13,8<\/li>\n<\/ul>\n<p><strong>Puertos e Interfaces<\/strong><\/p>\n<ul>\n<li>Puerto USB: S\u00ed<\/li>\n<li>Conector USB: MicroUSB<\/li>\n<li>Auriculares: 3,5 mm<\/li>\n<\/ul>\n<p><strong>Peso y dimensiones<\/strong><\/p>\n<ul>\n<li>Peso: 146,2<\/li>\n<li>Ancho: 67,2<\/li>\n<li>Profundidad: 9,95<\/li>\n<li>Altura: 141,1<\/li>\n<\/ul>\n<p><strong>Medios de almacenaje<\/strong><\/p>\n<ul>\n<li>RAM interna: 3<\/li>\n<li>Memoria interna: 32<\/li>\n<li>Tarjetas de memoria compatibles: MicroSD (TransFlash), MicroSDHC, MicroSDXC<\/li>\n<li>Tama\u00f1o m\u00e1ximo de tarjeta de memoria: 128<\/li>\n<\/ul>\n<p><strong>Navegaci\u00f3n<\/strong><\/p>\n<ul>\n<li>GPS: S\u00ed<\/li>\n<li>GPS (sat\u00e9lite): S\u00ed<\/li>\n<\/ul>\n<p><strong>Software<\/strong><\/p>\n<ul>\n<li>Plataforma: Android<\/li>\n<li>Sistema operativo instalado: Android 12<\/li>\n<\/ul>\n<p><strong>C\u00e1mara fotogr\u00e1fica<\/strong><\/p>\n<ul>\n<li>Resoluci\u00f3n de la c\u00e1mara frontal (num\u00e9rica): 5<\/li>\n<li>Tipo de c\u00e1mara trasera: C\u00e1mara \u00fanica<\/li>\n<li>Resoluci\u00f3n de la c\u00e1mara trasera (num\u00e9rica): 8<\/li>\n<li>Tipo de c\u00e1mara frontal: C\u00e1mara \u00fanica<\/li>\n<li>Resoluci\u00f3n de captura de video: 1920 x 1080<\/li>\n<li>Velocidad m\u00e1xima de cuadro: 30<\/li>\n<li>Resoluci\u00f3n en velocidad de captura: 1920&#215;1080@30fps<\/li>\n<li>Flash en c\u00e1mara trasera: S\u00ed<\/li>\n<\/ul>\n<p><strong>Contenido del embalaje<\/strong><\/p>\n<ul>\n<li>Gu\u00eda de configuraci\u00f3n r\u00e1pida: S\u00ed<\/li>\n<li>Cables incluidos: MicroUSB<\/li>\n<\/ul>\n<p><strong>Sensores<\/strong><\/p>\n<ul>\n<li>Aceler\u00f3metro: S\u00ed<\/li>\n<\/ul>\n<p><strong>Bater\u00eda<\/strong><\/p>\n<ul>\n<li>Capacidad de bater\u00eda: 2500<\/li>\n<\/ul>\n<p><strong>Dise\u00f1o<\/strong><\/p>\n<ul>\n<li>Factor de forma: Barra<\/li>\n<li>Color del tel\u00e9fono: Turquesa<\/li>\n<\/ul>\n<p><strong>Desempe\u00f1o<\/strong><\/p>\n<ul>\n<li>Adaptador gr\u00e1fico: IMG GE8100<\/li>\n<li>USB On-The-Go soportado: S\u00ed<\/li>\n<\/ul>\n<p><strong>Multimedia<\/strong><\/p>\n<ul>\n<li>Radio FM: S\u00ed<\/li>\n<\/ul>\n<p><strong>Suscripci\u00f3n<\/strong><\/p>\n<ul>\n<li>Tipo de suscripci\u00f3n: Sin suscripci\u00f3n<\/li>\n<\/ul>\n<p><strong>Conexi\u00f3n<\/strong><\/p>\n<ul>\n<li>Capacidad de la tarjeta SIM: SIM doble<\/li>\n<li>Mobile network generation: 4G<\/li>\n<li>Tipo de tarjeta SIM: NanoSIM<\/li>\n<li>Est\u00e1ndares 3G: HSPA+<\/li>\n<li>Est\u00e1ndar 5G: No compatible<\/li>\n<li>Bandas 3G soportadas: 900, 2100<\/li>\n<li>Bluetooth: S\u00ed<\/li>\n<li>Versi\u00f3n de Bluetooth: 4.2<\/li>\n<li>Wifi: S\u00ed<\/li>\n<li>Wi-Fi est\u00e1ndares: 802.11b, 802.11g, Wi-Fi 4 (802.11n)<\/li>\n<li>Banda de frecuencia: Single-band<\/li>\n<\/ul>\n<\/div>\n","protected":false},"excerpt":{"rendered":"<p><span style=\"color: #ff0000;\"><strong>\u00a1ENV\u00cdO GRATIS!<\/strong><\/span><\/p>\n","protected":false},"featured_media":216986,"comment_status":"open","ping_status":"closed","template":"","meta":{"_joinchat":[]},"product_cat":[6476,6480,6479,795],"product_tag":[],"class_list":{"0":"post-216978","1":"product","2":"type-product","3":"status-publish","4":"has-post-thumbnail","6":"product_cat-telefonos","7":"product_cat-android-smartphones-telefonos","8":"product_cat-smartphones-telefonos","9":"product_cat-electronica","11":"first","12":"instock","13":"sale","14":"taxable","15":"shipping-taxable","16":"purchasable","17":"product-type-simple"},"_links":{"self":[{"href":"https:\/\/desdropi.com\/elparque\/wp-json\/wp\/v2\/product\/216978"}],"collection":[{"href":"https:\/\/desdropi.com\/elparque\/wp-json\/wp\/v2\/product"}],"about":[{"href":"https:\/\/desdropi.com\/elparque\/wp-json\/wp\/v2\/types\/product"}],"replies":[{"embeddable":true,"href":"https:\/\/desdropi.com\/elparque\/wp-json\/wp\/v2\/comments?post=216978"}],"version-history":[{"count":0,"href":"https:\/\/desdropi.com\/elparque\/wp-json\/wp\/v2\/product\/216978\/revisions"}],"wp:featuredmedia":[{"embeddable":true,"href":"https:\/\/desdropi.com\/elparque\/wp-json\/wp\/v2\/media\/216986"}],"wp:attachment":[{"href":"https:\/\/desdropi.com\/elparque\/wp-json\/wp\/v2\/media?parent=216978"}],"wp:term":[{"taxonomy":"product_cat","embeddable":true,"href":"https:\/\/desdropi.com\/elparque\/wp-json\/wp\/v2\/product_cat?post=216978"},{"taxonomy":"product_tag","embeddable":true,"href":"https:\/\/desdropi.com\/elparque\/wp-json\/wp\/v2\/product_tag?post=216978"}],"curies":[{"name":"wp","href":"https:\/\/api.w.org\/{rel}","templated":true}]}}