{"id":217000,"date":"2024-03-27T11:44:44","date_gmt":"2024-03-27T10:44:44","guid":{"rendered":"https:\/\/desdropi.com\/elparque\/?post_type=product&#038;p=217000"},"modified":"2024-05-18T01:00:08","modified_gmt":"2024-05-17T23:00:08","slug":"smartphone-redmi-a2-3-64-65-light-blue","status":"publish","type":"product","link":"https:\/\/desdropi.com\/elparque\/smartphone-redmi-a2-3-64-65-light-blue\/","title":{"rendered":"SMARTPHONE REDMI A2 3\/64 6,5&#8243; LIGHT BLUE"},"content":{"rendered":"<div class=\"descripcion-tab\">\n<strong>NOMBRE DEL PRODUCTO<\/strong><\/p>\n<ul>\n<li>Marca: XIAOMI<\/li>\n<li>Modelo: MZB0EZOEU<\/li>\n<li>EAN: 6941812743072<\/li>\n<\/ul>\n<p><strong>Procesador<\/strong><\/p>\n<ul>\n<li>Familia de procesador: MediaTek<\/li>\n<li>Frecuencia del procesador turbo: 2,2<\/li>\n<li>N\u00famero de n\u00facleos de procesador: 8<\/li>\n<\/ul>\n<p><strong>Exhibici\u00f3n<\/strong><\/p>\n<ul>\n<li>Resoluci\u00f3n de la pantalla: 1600 x 720<\/li>\n<li>Forma de la pantalla: Plana<\/li>\n<li>Relaci\u00f3n de aspecto nativa: 20:9<\/li>\n<li>Tama\u00f1o de la pantalla: 16,6<\/li>\n<\/ul>\n<p><strong>Puertos e Interfaces<\/strong><\/p>\n<ul>\n<li>Puerto USB: S\u00ed<\/li>\n<li>Conector USB: MicroUSB<\/li>\n<li>Auriculares: 3,5 mm<\/li>\n<\/ul>\n<p><strong>Peso y dimensiones<\/strong><\/p>\n<ul>\n<li>Peso: 192<\/li>\n<li>Ancho: 76,8<\/li>\n<li>Profundidad: 9,09<\/li>\n<li>Altura: 164,9<\/li>\n<\/ul>\n<p><strong>Medios de almacenaje<\/strong><\/p>\n<ul>\n<li>RAM interna: 3<\/li>\n<li>Memoria interna: 64<\/li>\n<li>Tipo de memoria RAM interna: LPDDR4X<\/li>\n<li>Tarjetas de memoria compatibles: MicroSD (TransFlash)<\/li>\n<li>Tama\u00f1o m\u00e1ximo de tarjeta de memoria: 1<\/li>\n<li>Tipo de ranura para tarjeta de memoria: Ranura dedicada<\/li>\n<\/ul>\n<p><strong>Mensajer\u00eda<\/strong><\/p>\n<ul>\n<li>Sistema de mensajer\u00eda multimedia (MMS): S\u00ed<\/li>\n<li>Correo electr\u00f3nico: S\u00ed<\/li>\n<li>Servicios de mensajes cortos (SMS): S\u00ed<\/li>\n<\/ul>\n<p><strong>Navegaci\u00f3n<\/strong><\/p>\n<ul>\n<li>GPS: S\u00ed<\/li>\n<li>GPS (sat\u00e9lite): S\u00ed<\/li>\n<li>GLONASS: S\u00ed<\/li>\n<li>Galileo: S\u00ed<\/li>\n<li>Br\u00fajula electr\u00f3nica: S\u00ed<\/li>\n<li>BeiDou: S\u00ed<\/li>\n<\/ul>\n<p><strong>Software<\/strong><\/p>\n<ul>\n<li>Plataforma: Android<\/li>\n<li>Sistema operativo instalado: Android 13 Go edition<\/li>\n<li>Asistente virtual: Google Assistant<\/li>\n<\/ul>\n<p><strong>C\u00e1mara fotogr\u00e1fica<\/strong><\/p>\n<ul>\n<li>Tipo de c\u00e1mara trasera: C\u00e1mara doble<\/li>\n<li>Resoluci\u00f3n de la c\u00e1mara trasera (num\u00e9rica): 8<\/li>\n<li>N\u00famero de apertura de la c\u00e1mara trasera: 2<\/li>\n<li>Tipo de c\u00e1mara frontal: C\u00e1mara \u00fanica<\/li>\n<li>Resoluci\u00f3n de la c\u00e1mara frontal (num\u00e9rica): 5<\/li>\n<li>N\u00famero de apertura de la c\u00e1mara frontal: 2,2<\/li>\n<li>Flash en c\u00e1mara trasera: S\u00ed<\/li>\n<li>Tipo de flash: LED<\/li>\n<li>Resoluci\u00f3n de captura de video: 1920 x 1080<\/li>\n<li>Velocidad m\u00e1xima de cuadro: 30<\/li>\n<li>Resoluci\u00f3n en velocidad de captura: 1280&#215;720@30fps, 1920&#215;1080@30fps<\/li>\n<li>Modos de grabaci\u00f3n de v\u00eddeo: 720p, 1080p<\/li>\n<li>Modo de lapso de tiempo: S\u00ed<\/li>\n<li>Modo retrato: S\u00ed<\/li>\n<\/ul>\n<p><strong>Contenido del embalaje<\/strong><\/p>\n<ul>\n<li>Potencia de adaptador AC: 10<\/li>\n<li>Adaptador AC incluido: S\u00ed<\/li>\n<li>Gu\u00eda de configuraci\u00f3n r\u00e1pida: S\u00ed<\/li>\n<li>Tarjeta de garant\u00eda: S\u00ed<\/li>\n<li>Cables incluidos: USB<\/li>\n<li>Ejection pin: S\u00ed<\/li>\n<\/ul>\n<p><strong>Sensores<\/strong><\/p>\n<ul>\n<li>Sensor de proximidad: S\u00ed<\/li>\n<li>Aceler\u00f3metro: S\u00ed<\/li>\n<li>Sensor de luz ambiental: S\u00ed<\/li>\n<\/ul>\n<p><strong>Bater\u00eda<\/strong><\/p>\n<ul>\n<li>Capacidad de bater\u00eda: 5000<\/li>\n<\/ul>\n<p><strong>Dise\u00f1o<\/strong><\/p>\n<ul>\n<li>Factor de forma: Barra<\/li>\n<li>Color del tel\u00e9fono: Azul claro<\/li>\n<\/ul>\n<p><strong>Desempe\u00f1o<\/strong><\/p>\n<ul>\n<li>Video llamada: S\u00ed<\/li>\n<li>Carga r\u00e1pida: S\u00ed<\/li>\n<li>Altavoz: S\u00ed<\/li>\n<li>Alerta vibratoria: S\u00ed<\/li>\n<\/ul>\n<p><strong>Multimedia<\/strong><\/p>\n<ul>\n<li>Radio FM: S\u00ed<\/li>\n<\/ul>\n<p><strong>Suscripci\u00f3n<\/strong><\/p>\n<ul>\n<li>Tipo de suscripci\u00f3n: Sin suscripci\u00f3n<\/li>\n<\/ul>\n<p><strong>Conexi\u00f3n<\/strong><\/p>\n<ul>\n<li>Capacidad de la tarjeta SIM: SIM doble<\/li>\n<li>Mobile network generation: 4G<\/li>\n<li>Tipo de tarjeta SIM: NanoSIM<\/li>\n<li>Est\u00e1ndares 3G: HSPA<\/li>\n<li>Est\u00e1ndar 4G: LTE-TDD &amp; LTE-FDD<\/li>\n<li>Est\u00e1ndar 5G: No compatible<\/li>\n<li>Wifi: S\u00ed<\/li>\n<li>Bluetooth: S\u00ed<\/li>\n<li>Versi\u00f3n de Bluetooth: 5.0<\/li>\n<li>Wi-Fi est\u00e1ndares: 802.11a, 802.11b, 802.11g, Wi-Fi 4 (802.11n)<\/li>\n<\/ul>\n<\/div>\n","protected":false},"excerpt":{"rendered":"<p>NOMBRE DEL PRODUCTO Marca: XIAOMI Modelo: MZB0EZOEU EAN: 6941812743072 Procesador Familia de procesador: MediaTek Frecuencia del procesador turbo: 2,2 N\u00famero<\/p>\n","protected":false},"featured_media":217005,"comment_status":"open","ping_status":"closed","template":"","meta":{"_joinchat":[]},"product_cat":[6476,6480,6479,795],"product_tag":[],"class_list":{"0":"post-217000","1":"product","2":"type-product","3":"status-publish","4":"has-post-thumbnail","6":"product_cat-telefonos","7":"product_cat-android-smartphones-telefonos","8":"product_cat-smartphones-telefonos","9":"product_cat-electronica","11":"first","12":"instock","13":"taxable","14":"shipping-taxable","15":"purchasable","16":"product-type-simple"},"_links":{"self":[{"href":"https:\/\/desdropi.com\/elparque\/wp-json\/wp\/v2\/product\/217000"}],"collection":[{"href":"https:\/\/desdropi.com\/elparque\/wp-json\/wp\/v2\/product"}],"about":[{"href":"https:\/\/desdropi.com\/elparque\/wp-json\/wp\/v2\/types\/product"}],"replies":[{"embeddable":true,"href":"https:\/\/desdropi.com\/elparque\/wp-json\/wp\/v2\/comments?post=217000"}],"version-history":[{"count":0,"href":"https:\/\/desdropi.com\/elparque\/wp-json\/wp\/v2\/product\/217000\/revisions"}],"wp:featuredmedia":[{"embeddable":true,"href":"https:\/\/desdropi.com\/elparque\/wp-json\/wp\/v2\/media\/217005"}],"wp:attachment":[{"href":"https:\/\/desdropi.com\/elparque\/wp-json\/wp\/v2\/media?parent=217000"}],"wp:term":[{"taxonomy":"product_cat","embeddable":true,"href":"https:\/\/desdropi.com\/elparque\/wp-json\/wp\/v2\/product_cat?post=217000"},{"taxonomy":"product_tag","embeddable":true,"href":"https:\/\/desdropi.com\/elparque\/wp-json\/wp\/v2\/product_tag?post=217000"}],"curies":[{"name":"wp","href":"https:\/\/api.w.org\/{rel}","templated":true}]}}