{"id":217002,"date":"2024-03-27T11:53:50","date_gmt":"2024-03-27T10:53:50","guid":{"rendered":"https:\/\/desdropi.com\/elparque\/?post_type=product&#038;p=217002"},"modified":"2024-05-17T13:02:39","modified_gmt":"2024-05-17T11:02:39","slug":"smartwatch-suunto-race-titanium-charcoal-49mm","status":"publish","type":"product","link":"https:\/\/desdropi.com\/elparque\/smartwatch-suunto-race-titanium-charcoal-49mm\/","title":{"rendered":"SMARTWATCH SUUNTO RACE TITANIUM CHARCOAL 49MM"},"content":{"rendered":"<p>NOMBRE DEL PRODUCTO<br \/>\nMarcaSUUNTO<br \/>\nModeloSS050932000<br \/>\nEAN6417084209870<br \/>\n<strong>Exhibici\u00f3n<\/strong><\/p>\n<ul>\n<li>Resoluci\u00f3n de la pantalla466 x 466<\/li>\n<li>Pantalla t\u00e1ctilS\u00ed<\/li>\n<li>Diagonal de la pantalla1,43&#8243;<\/li>\n<li>Pantalla a colorS\u00ed<\/li>\n<li>Tipo de vidrio de relojZafiro<\/li>\n<li>Retroiluminaci\u00f3nS\u00ed<\/li>\n<\/ul>\n<p><strong>Puertos e Interfaces.<\/strong><\/p>\n<ul>\n<li>BluetoothS\u00ed<br \/>\n<strong>Peso y dimensiones<\/strong><\/li>\n<li>Ancho de banda2,2<\/li>\n<li>Dimensiones (Ancho x Profundidad x Altura)49 x 49 x 13,6<\/li>\n<li>Peso69 g<\/li>\n<\/ul>\n<p><strong>Control de energ\u00eda<\/strong><\/p>\n<ul>\n<li>Tipo de bater\u00edaBater\u00eda integrada<\/li>\n<li>Tecnolog\u00eda de bater\u00edaI\u00f3n de litio<\/li>\n<li>Duraci\u00f3n de la bater\u00eda26 d\u00edas<\/li>\n<li>Vida \u00fatil de la bater\u00eda (modo GPS)12 d\u00edas<\/li>\n<\/ul>\n<p><strong>Condiciones ambientales<\/strong><\/p>\n<ul>\n<li>Intervalo de temperatura operativa-20 &#8211; 55<\/li>\n<li>Intervalo de temperatura de almacenaje-20 &#8211; 55<\/li>\n<\/ul>\n<p><strong>Software<\/strong><\/p>\n<p>Aplicaciones de actividad deportivaStrava, TrainingPeaks, Endomondo y m\u00e1s<br \/>\n<strong>Contenido del embalaje<\/strong><\/p>\n<ul>\n<li>Manual de usuarioS\u00ed<\/li>\n<li>CargadorS\u00ed<\/li>\n<\/ul>\n<p><strong>Dise\u00f1o<\/strong><\/p>\n<ul>\n<li>Posicionamiento de mercadoReloj para deporte<\/li>\n<li>Watch case size49<\/li>\n<li>Color de la esferaGris<\/li>\n<li>Watch case materialPoliamida reforzada con fibra de vidrio<\/li>\n<li>Color de la correaNegro<\/li>\n<li>Material de la bandaSilicona<\/li>\n<li>FormaAlrededor<\/li>\n<li>Tama\u00f1o de mu\u00f1eca125 &#8211; 175<\/li>\n<li>Material de la correaSilicona<\/li>\n<li>Funciones de protecci\u00f3nResistente al agua.<\/li>\n<li>Humedad: resistente al agua hasta100<\/li>\n<\/ul>\n<p><strong>Desempe\u00f1o<\/strong><\/p>\n<ul>\n<li>Micr\u00f3fono incorporadoNo<\/li>\n<li>Altavoces incorporadosNo<\/li>\n<li>C\u00e1mara incorporadaNo<\/li>\n<\/ul>\n<p><strong>Caracter\u00edsticas<\/strong><\/p>\n<ul>\n<li>Programaci\u00f3n del entrenamientoS\u00ed<\/li>\n<li>Orientaci\u00f3n en tiempo realS\u00ed<\/li>\n<li>Sugerencia de tiempo de recuperaci\u00f3nS\u00ed<\/li>\n<li>Supervisi\u00f3n de la actividadS\u00ed<\/li>\n<li>Medici\u00f3n del efecto del entrenamientoS\u00ed<\/li>\n<li>Din\u00e1micas de correrS\u00ed<\/li>\n<li>Bar\u00f3metroS\u00ed<\/li>\n<li>Alt\u00edmetroS\u00ed<\/li>\n<li>Pa\u00eds de origenFinlandia<\/li>\n<li>Sensor frecuencia card\u00edacaS\u00ed<\/li>\n<li>Sensor de nivel de ox\u00edgeno en sangreS\u00ed<\/li>\n<li>Calor\u00edas quemadasS\u00ed<\/li>\n<li>Activity trackerS\u00ed<\/li>\n<li>Modo multideporteS\u00ed<\/li>\n<li>Calidad del sue\u00f1oS\u00ed<\/li>\n<li>Gesti\u00f3n de la informaci\u00f3n personalContador regresivo, Cron\u00f3metro<\/li>\n<li>Notificaciones inteligentesS\u00ed<\/li>\n<li>Firmware actualizableS\u00ed<\/li>\n<li>Alt\u00edmetro barom\u00e9tricoS\u00ed<\/li>\n<li>AlarmaS\u00ed<\/li>\n<li>Sistema de medici\u00f3n a distanciaImperial, M\u00e9trico<\/li>\n<li>Pron\u00f3sticos del climaS\u00ed<\/li>\n<\/ul>\n<p><strong>Conexi\u00f3n<\/strong><\/p>\n<ul>\n<li>GPS (sat\u00e9lite)S\u00ed<\/li>\n<li>BeiDouS\u00ed<\/li>\n<li>GLONASSS\u00ed<\/li>\n<li>GalileoS\u00ed<\/li>\n<li>Sistema por Sat\u00e9lite Quasi-Zenith (QZSS)S\u00ed<\/li>\n<\/ul>\n","protected":false},"excerpt":{"rendered":"<p><span style=\"color: #ff0000;\"><strong>\u00a1ENV\u00cdO GRATIS!<\/strong><\/span><\/p>\n","protected":false},"featured_media":217011,"comment_status":"open","ping_status":"closed","template":"","meta":{"_joinchat":[]},"product_cat":[795,6819,6873],"product_tag":[],"class_list":{"0":"post-217002","1":"product","2":"type-product","3":"status-publish","4":"has-post-thumbnail","6":"product_cat-electronica","7":"product_cat-relojes","8":"product_cat-smartwatches","10":"first","11":"instock","12":"sale","13":"taxable","14":"shipping-taxable","15":"purchasable","16":"product-type-simple"},"_links":{"self":[{"href":"https:\/\/desdropi.com\/elparque\/wp-json\/wp\/v2\/product\/217002"}],"collection":[{"href":"https:\/\/desdropi.com\/elparque\/wp-json\/wp\/v2\/product"}],"about":[{"href":"https:\/\/desdropi.com\/elparque\/wp-json\/wp\/v2\/types\/product"}],"replies":[{"embeddable":true,"href":"https:\/\/desdropi.com\/elparque\/wp-json\/wp\/v2\/comments?post=217002"}],"version-history":[{"count":0,"href":"https:\/\/desdropi.com\/elparque\/wp-json\/wp\/v2\/product\/217002\/revisions"}],"wp:featuredmedia":[{"embeddable":true,"href":"https:\/\/desdropi.com\/elparque\/wp-json\/wp\/v2\/media\/217011"}],"wp:attachment":[{"href":"https:\/\/desdropi.com\/elparque\/wp-json\/wp\/v2\/media?parent=217002"}],"wp:term":[{"taxonomy":"product_cat","embeddable":true,"href":"https:\/\/desdropi.com\/elparque\/wp-json\/wp\/v2\/product_cat?post=217002"},{"taxonomy":"product_tag","embeddable":true,"href":"https:\/\/desdropi.com\/elparque\/wp-json\/wp\/v2\/product_tag?post=217002"}],"curies":[{"name":"wp","href":"https:\/\/api.w.org\/{rel}","templated":true}]}}