{"id":217170,"date":"2024-03-27T19:53:34","date_gmt":"2024-03-27T18:53:34","guid":{"rendered":"https:\/\/desdropi.com\/elparque\/?post_type=product&#038;p=217170"},"modified":"2024-05-18T01:00:08","modified_gmt":"2024-05-17T23:00:08","slug":"smartphone-cubot-note-21-6-128-656-naranja","status":"publish","type":"product","link":"https:\/\/desdropi.com\/elparque\/smartphone-cubot-note-21-6-128-656-naranja\/","title":{"rendered":"SMARTPHONE CUBOT NOTE 21 6\/128 6,56&#8243; NARANJA"},"content":{"rendered":"<div class=\"descripcion-tab\">\n<strong>NOMBRE DEL PRODUCTO:<\/strong> Smartphone CUBOT CUBNT21ORA<\/p>\n<ul>\n<li><strong>Marca:<\/strong> CUBOT<\/li>\n<li><strong>Modelo:<\/strong> CUBNT21ORA<\/li>\n<li><strong>EAN:<\/strong> 6924136719527<\/li>\n<\/ul>\n<p><strong>Procesador:<\/strong><\/p>\n<ul>\n<li>Modelo del procesador: Unisoc T606<\/li>\n<li>N\u00famero de n\u00facleos de procesador: 8<\/li>\n<\/ul>\n<p><strong>Exhibici\u00f3n:<\/strong><\/p>\n<ul>\n<li>Pantalla t\u00e1ctil: S\u00ed<\/li>\n<li>Forma de la pantalla: Plana<\/li>\n<li>Resoluci\u00f3n de la pantalla: HD+<\/li>\n<li>Tama\u00f1o de la pantalla: 6,56&#8243;<\/li>\n<\/ul>\n<p><strong>Puertos e Interfaces:<\/strong><\/p>\n<ul>\n<li>Puerto USB: S\u00ed<\/li>\n<li>Conector USB: USB Tipo C<\/li>\n<\/ul>\n<p><strong>Peso y dimensiones:<\/strong><\/p>\n<ul>\n<li>Ancho: 75,9 mm<\/li>\n<li>Profundidad: 10,55 mm<\/li>\n<li>Altura: 165,75 mm<\/li>\n<\/ul>\n<p><strong>Medios de almacenaje:<\/strong><\/p>\n<ul>\n<li>RAM interna: 6 GB<\/li>\n<li>Memoria interna: 128 GB<\/li>\n<li>Tarjetas de memoria compatibles: MicroSD (TransFlash)<\/li>\n<\/ul>\n<p><strong>Navegaci\u00f3n:<\/strong><\/p>\n<ul>\n<li>GPS (sat\u00e9lite): S\u00ed<\/li>\n<li>GLONASS: S\u00ed<\/li>\n<li>BeiDou: S\u00ed<\/li>\n<li>GPSS\u00ed<\/li>\n<\/ul>\n<p><strong>Software:<\/strong><\/p>\n<ul>\n<li>Sistema operativo instalado: Android 13<\/li>\n<li>Plataforma: Android<\/li>\n<\/ul>\n<p><strong>C\u00e1mara fotogr\u00e1fica:<\/strong><\/p>\n<ul>\n<li>Tipo de c\u00e1mara trasera: Doble c\u00e1mara<\/li>\n<li>Resoluci\u00f3n de la c\u00e1mara trasera (num\u00e9rica): 50 MP<\/li>\n<li>Tipo de c\u00e1mara frontal: C\u00e1mara \u00fanica<\/li>\n<li>Resoluci\u00f3n de la c\u00e1mara frontal (num\u00e9rica): 8 MP<\/li>\n<li>Flash en c\u00e1mara trasera: S\u00ed<\/li>\n<\/ul>\n<p><strong>Contenido del embalaje:<\/strong><\/p>\n<ul>\n<li>Gu\u00eda de configuraci\u00f3n r\u00e1pida: S\u00ed<\/li>\n<li>Cables incluidos: USB Tipo C<\/li>\n<li>Adaptador AC incluido: S\u00ed<\/li>\n<\/ul>\n<p><strong>Sensores:<\/strong><\/p>\n<ul>\n<li>Sensor de proximidad: S\u00ed<\/li>\n<li>Aceler\u00f3metro: S\u00ed<\/li>\n<li>Sensor magn\u00e9tico: S\u00ed<\/li>\n<li>Giroscopio: S\u00ed<\/li>\n<li>Sensor de luz ambiental: S\u00ed<\/li>\n<\/ul>\n<p><strong>Bater\u00eda:<\/strong><\/p>\n<ul>\n<li>Capacidad de bater\u00eda: 5200 mAh<\/li>\n<\/ul>\n<p><strong>Dise\u00f1o:<\/strong><\/p>\n<ul>\n<li>Factor de forma: Barra<\/li>\n<li>Color del tel\u00e9fono: Naranja<\/li>\n<\/ul>\n<p><strong>Desempe\u00f1o:<\/strong><\/p>\n<ul>\n<li>Altavoces: Est\u00e9reo<\/li>\n<\/ul>\n<p><strong>Conexi\u00f3n:<\/strong><\/p>\n<ul>\n<li>Capacidad de la tarjeta SIM: Doble SIM<\/li>\n<li>Tipo de tarjeta SIM: NanoSIM<\/li>\n<li>Wifi: S\u00ed<\/li>\n<li>Bluetooth: S\u00ed<\/li>\n<li>Versi\u00f3n de Bluetooth: 5.0<\/li>\n<li>NFC: S\u00ed<\/li>\n<li>Mobile network generation: 5G<\/li>\n<\/ul>\n<\/div>\n","protected":false},"excerpt":{"rendered":"<p>NOMBRE DEL PRODUCTO: Smartphone CUBOT CUBNT21ORA Marca: CUBOT Modelo: CUBNT21ORA EAN: 6924136719527 Procesador: Modelo del procesador: Unisoc T606 N\u00famero de<\/p>\n","protected":false},"featured_media":217172,"comment_status":"open","ping_status":"closed","template":"","meta":{"_joinchat":[]},"product_cat":[6476,6480,6479,795],"product_tag":[],"class_list":{"0":"post-217170","1":"product","2":"type-product","3":"status-publish","4":"has-post-thumbnail","6":"product_cat-telefonos","7":"product_cat-android-smartphones-telefonos","8":"product_cat-smartphones-telefonos","9":"product_cat-electronica","11":"first","12":"instock","13":"taxable","14":"shipping-taxable","15":"purchasable","16":"product-type-simple"},"_links":{"self":[{"href":"https:\/\/desdropi.com\/elparque\/wp-json\/wp\/v2\/product\/217170"}],"collection":[{"href":"https:\/\/desdropi.com\/elparque\/wp-json\/wp\/v2\/product"}],"about":[{"href":"https:\/\/desdropi.com\/elparque\/wp-json\/wp\/v2\/types\/product"}],"replies":[{"embeddable":true,"href":"https:\/\/desdropi.com\/elparque\/wp-json\/wp\/v2\/comments?post=217170"}],"version-history":[{"count":0,"href":"https:\/\/desdropi.com\/elparque\/wp-json\/wp\/v2\/product\/217170\/revisions"}],"wp:featuredmedia":[{"embeddable":true,"href":"https:\/\/desdropi.com\/elparque\/wp-json\/wp\/v2\/media\/217172"}],"wp:attachment":[{"href":"https:\/\/desdropi.com\/elparque\/wp-json\/wp\/v2\/media?parent=217170"}],"wp:term":[{"taxonomy":"product_cat","embeddable":true,"href":"https:\/\/desdropi.com\/elparque\/wp-json\/wp\/v2\/product_cat?post=217170"},{"taxonomy":"product_tag","embeddable":true,"href":"https:\/\/desdropi.com\/elparque\/wp-json\/wp\/v2\/product_tag?post=217170"}],"curies":[{"name":"wp","href":"https:\/\/api.w.org\/{rel}","templated":true}]}}