{"id":217220,"date":"2024-03-27T20:41:06","date_gmt":"2024-03-27T19:41:06","guid":{"rendered":"https:\/\/desdropi.com\/elparque\/?post_type=product&#038;p=217220"},"modified":"2024-05-18T01:00:08","modified_gmt":"2024-05-17T23:00:08","slug":"smartphone-spc-discovery-2-6-128-66-deep-sky","status":"publish","type":"product","link":"https:\/\/desdropi.com\/elparque\/smartphone-spc-discovery-2-6-128-66-deep-sky\/","title":{"rendered":"SMARTPHONE SPC DISCOVERY 2 6\/128 6,6&#8243; DEEP SKY"},"content":{"rendered":"<div class=\"descripcion-tab\">\n<p><strong>NOMBRE DEL PRODUCTO:<\/strong> Smartphone SPC 25216128D<\/p>\n<p><strong>Marca:<\/strong> SPC<\/p>\n<p><strong>Modelo:<\/strong> 25216128D<\/p>\n<p><strong>EAN:<\/strong> 8436609912420<\/p>\n<p><strong>Procesador:<\/strong><\/p>\n<ul>\n<li>Familia de procesador: Unisoc<\/li>\n<li>Modelo del procesador: T606<\/li>\n<li>N\u00famero de n\u00facleos de procesador: 8<\/li>\n<li>Frecuencia del procesador: 1,6 GHz<\/li>\n<\/ul>\n<p><strong>Exhibici\u00f3n:<\/strong><\/p>\n<ul>\n<li>Resoluci\u00f3n de la pantalla: 1612 x 720<\/li>\n<li>Forma de la pantalla: Plana<\/li>\n<li>Densidad del pixel: 269<\/li>\n<li>Pantalla con esquinas redondeadas: S\u00ed<\/li>\n<li>Relaci\u00f3n de aspecto nativa: 20:9<\/li>\n<li>Tipo de visualizador: IPS<\/li>\n<li>N\u00famero de colores de la pantalla: 16,7 millones de colores<\/li>\n<li>Tama\u00f1o de la pantalla: 6,6&#8243;<\/li>\n<\/ul>\n<p><strong>Puertos e Interfaces:<\/strong><\/p>\n<ul>\n<li>Puerto USB: S\u00ed<\/li>\n<li>Conector USB: USB-C<\/li>\n<li>Auriculares: S\u00ed<\/li>\n<\/ul>\n<p><strong>Peso y dimensiones:<\/strong><\/p>\n<ul>\n<li>Peso: 193 g<\/li>\n<li>Ancho: 76 mm<\/li>\n<li>Profundidad: 8,45 mm<\/li>\n<li>Altura: 164,2 mm<\/li>\n<\/ul>\n<p><strong>Medios de almacenaje:<\/strong><\/p>\n<ul>\n<li>RAM interna: 6 GB<\/li>\n<li>Memoria interna: 128 GB<\/li>\n<li>Tarjetas de memoria compatibles: MicroSD<\/li>\n<li>Memoria interna m\u00e1xima: 512 GB<\/li>\n<\/ul>\n<p><strong>Navegaci\u00f3n:<\/strong><\/p>\n<ul>\n<li>GPS: S\u00ed<\/li>\n<li>GPS (sat\u00e9lite): S\u00ed<\/li>\n<\/ul>\n<p><strong>Software:<\/strong><\/p>\n<ul>\n<li>Plataforma: Android<\/li>\n<li>Sistema operativo instalado: Android 13<\/li>\n<\/ul>\n<p><strong>C\u00e1mara fotogr\u00e1fica:<\/strong><\/p>\n<ul>\n<li>Resoluci\u00f3n de la c\u00e1mara frontal (num\u00e9rica): 8 MP<\/li>\n<li>Tipo de c\u00e1mara trasera: C\u00e1mara doble<\/li>\n<li>Resoluci\u00f3n de la c\u00e1mara trasera (num\u00e9rica): 50 MP<\/li>\n<li>Tipo de c\u00e1mara frontal: C\u00e1mara \u00fanica<\/li>\n<li>Resoluci\u00f3n de captura de video: 1920 x 1080<\/li>\n<li>Velocidad m\u00e1xima de cuadro: 60 fps<\/li>\n<li>Resoluci\u00f3n en velocidad de captura: 1920&#215;1080@60fps<\/li>\n<li>Flash en c\u00e1mara trasera: S\u00ed<\/li>\n<li>Resoluci\u00f3n de la segunda c\u00e1mara trasera (num\u00e9rica): 2 MP<\/li>\n<\/ul>\n<p><strong>Contenido del embalaje:<\/strong><\/p>\n<ul>\n<li>Gu\u00eda de configuraci\u00f3n r\u00e1pida: S\u00ed<\/li>\n<li>Cables incluidos: USB-C<\/li>\n<\/ul>\n<p><strong>Sensores:<\/strong><\/p>\n<ul>\n<li>Aceler\u00f3metro: S\u00ed<\/li>\n<\/ul>\n<p><strong>Bater\u00eda:<\/strong><\/p>\n<ul>\n<li>Capacidad de bater\u00eda: 5000 mAh<\/li>\n<\/ul>\n<p><strong>Dise\u00f1o:<\/strong><\/p>\n<ul>\n<li>Factor de forma: Barra<\/li>\n<li>Color del tel\u00e9fono: Azul<\/li>\n<\/ul>\n<p><strong>Desempe\u00f1o:<\/strong><\/p>\n<ul>\n<li>Adaptador gr\u00e1fico: Mali G57 MP1<\/li>\n<\/ul>\n<p><strong>Multimedia:<\/strong><\/p>\n<ul>\n<li>Radio FM: S\u00ed<\/li>\n<\/ul>\n<p><strong>Suscripci\u00f3n:<\/strong><\/p>\n<ul>\n<li>No especificada<\/li>\n<\/ul>\n<p><strong>Conexi\u00f3n:<\/strong><\/p>\n<ul>\n<li>Capacidad de la tarjeta SIM: SIM doble<\/li>\n<li>Mobile network generation: 4G<\/li>\n<li>Tipo de tarjeta SIM: NanoSIM<\/li>\n<li>Est\u00e1ndares 3G: HSPA+<\/li>\n<li>Est\u00e1ndar 5G: No compatible<\/li>\n<li>Bandas 3G soportadas: 900\/2100 MHz<\/li>\n<li>Bluetooth: S\u00ed<\/li>\n<li>Versi\u00f3n de Bluetooth: 5.0<\/li>\n<li>Wifi: S\u00ed<\/li>\n<li>Wi-Fi est\u00e1ndares: Wi-Fi 5. 802.11 a\/b\/g\/n\/ac. 2.4GHz y 5GHz<\/li>\n<\/ul>\n<\/div>\n","protected":false},"excerpt":{"rendered":"<p>NOMBRE DEL PRODUCTO: Smartphone SPC 25216128D Marca: SPC Modelo: 25216128D EAN: 8436609912420 Procesador: Familia de procesador: Unisoc Modelo del procesador:<\/p>\n","protected":false},"featured_media":217222,"comment_status":"open","ping_status":"closed","template":"","meta":{"_joinchat":[]},"product_cat":[6476,6480,6479,795],"product_tag":[],"class_list":{"0":"post-217220","1":"product","2":"type-product","3":"status-publish","4":"has-post-thumbnail","6":"product_cat-telefonos","7":"product_cat-android-smartphones-telefonos","8":"product_cat-smartphones-telefonos","9":"product_cat-electronica","11":"first","12":"instock","13":"taxable","14":"shipping-taxable","15":"purchasable","16":"product-type-simple"},"_links":{"self":[{"href":"https:\/\/desdropi.com\/elparque\/wp-json\/wp\/v2\/product\/217220"}],"collection":[{"href":"https:\/\/desdropi.com\/elparque\/wp-json\/wp\/v2\/product"}],"about":[{"href":"https:\/\/desdropi.com\/elparque\/wp-json\/wp\/v2\/types\/product"}],"replies":[{"embeddable":true,"href":"https:\/\/desdropi.com\/elparque\/wp-json\/wp\/v2\/comments?post=217220"}],"version-history":[{"count":0,"href":"https:\/\/desdropi.com\/elparque\/wp-json\/wp\/v2\/product\/217220\/revisions"}],"wp:featuredmedia":[{"embeddable":true,"href":"https:\/\/desdropi.com\/elparque\/wp-json\/wp\/v2\/media\/217222"}],"wp:attachment":[{"href":"https:\/\/desdropi.com\/elparque\/wp-json\/wp\/v2\/media?parent=217220"}],"wp:term":[{"taxonomy":"product_cat","embeddable":true,"href":"https:\/\/desdropi.com\/elparque\/wp-json\/wp\/v2\/product_cat?post=217220"},{"taxonomy":"product_tag","embeddable":true,"href":"https:\/\/desdropi.com\/elparque\/wp-json\/wp\/v2\/product_tag?post=217220"}],"curies":[{"name":"wp","href":"https:\/\/api.w.org\/{rel}","templated":true}]}}