{"id":217349,"date":"2024-04-04T09:36:23","date_gmt":"2024-04-04T07:36:23","guid":{"rendered":"https:\/\/desdropi.com\/elparque\/?post_type=product&#038;p=217349"},"modified":"2024-05-17T13:02:44","modified_gmt":"2024-05-17T11:02:44","slug":"portatil-hp-15-fd0036ns-i3-n305-8gb-256ssd-156","status":"publish","type":"product","link":"https:\/\/desdropi.com\/elparque\/portatil-hp-15-fd0036ns-i3-n305-8gb-256ssd-156\/","title":{"rendered":"PORTATIL HP 15 FD0036NS I3 N305\/8GB\/256SSD\/15,6&#8243;"},"content":{"rendered":"<div class=\"descripcion-tab\">\n<strong>NOMBRE DEL PRODUCTO<\/strong><br \/>\nMarca HP<br \/>\nModelo 977 M5EA<br \/>\nEAN197961074208<br \/>\n<strong>Procesador<\/strong><\/p>\n<ul>\n<li>N\u00famero de filamentos de procesador 8<\/li>\n<li>Frecuencia del procesador turbo 3,8<\/li>\n<li>Familia de procesador Intel Core i3<\/li>\n<li>Fabricante de procesador Intel<\/li>\n<li>Cach\u00e9 del procesador 6<\/li>\n<li>Tipo de cache en procesador Smart Cache<\/li>\n<li>N\u00famero de n\u00facleos de procesador 8<\/li>\n<li>Circuito integrado de tarjeta madre Intel \u00ae SoC<\/li>\n<li>Processor generation Intel Core i3-Nxxx<\/li>\n<li>Modelo del procesadori 3-N305<\/li>\n<\/ul>\n<p><strong>Memoria<\/strong><\/p>\n<ul>\n<li>Memoria RAM 8GB<\/li>\n<li>Tipo de memoria internaDDR 4-SDRAM<\/li>\n<li>Velocidad de memoria del reloj 3200<\/li>\n<li>Disposici\u00f3n de la memoria 1 x 8<\/li>\n<li>Forma de factor de memoria SO-DIMM<\/li>\n<\/ul>\n<p><strong>Exhibici\u00f3n<\/strong><\/p>\n<ul>\n<li>Diagonal de la pantalla 15,6&#8243;<\/li>\n<li>Diagonal de pantalla 39,6<\/li>\n<li>Tipo HD Full HD<\/li>\n<li>Resoluci\u00f3n de la pantalla 1920 x 1080<\/li>\n<li>Pantalla antirreflectante S\u00ed<\/li>\n<li>Brillo de pantalla 250<\/li>\n<li>Tecnolog\u00eda de pantalla bisel Micro-Edge<\/li>\n<li>Gama de colores 45<\/li>\n<li>RGB colour space NTSC<\/li>\n<li>Pantalla t\u00e1ctil No<\/li>\n<li>Relaci\u00f3n de aspecto nativa 16:9<\/li>\n<\/ul>\n<p><strong>Audio<\/strong><\/p>\n<ul>\n<li>N\u00famero de altavoces incorporados 2<\/li>\n<li>Micr\u00f3fono incorporado S\u00ed<\/li>\n<li>n\u00famero de micr\u00f3fonos 2<\/li>\n<li>Altavoces incorporados S\u00ed<\/li>\n<\/ul>\n<p><strong>Puertos e Interfaces<\/strong><\/p>\n<ul>\n<li>Cantidad de puertos tipo C USB 3.0 (3.1 Gen 1) 1<\/li>\n<li>Cantidad de puertos tipo A USB 3.0 (3.1 Gen 1) 2<\/li>\n<li>N\u00famero de puertos HDMI 1<\/li>\n<li>Versi\u00f3n HDMI1.4b<\/li>\n<li>Combo de salida de auriculares \/ micr\u00f3fono del puerto S\u00ed<\/li>\n<\/ul>\n<p><strong>Peso y dimensiones<\/strong><\/p>\n<ul>\n<li>Ancho 359,8<\/li>\n<li>Profundidad 236<\/li>\n<li>Peso 1,59<\/li>\n<li>Altura 18,6<\/li>\n<\/ul>\n<p><strong>Control de energ\u00eda<\/strong><\/p>\n<ul>\n<li>Potencia de adaptador AC 45<\/li>\n<li>Frecuencia de adaptador AC 50 &#8211; 60<\/li>\n<li>Voltaje de entrada de adaptador AC 100 &#8211; 240<\/li>\n<\/ul>\n<p><strong>Teclado<\/strong><\/p>\n<ul>\n<li>Teclado de tama\u00f1o completo S\u00ed<\/li>\n<li>Teclado num\u00e9rico S\u00ed<\/li>\n<li>Dispositivo apuntador Touchpad<\/li>\n<\/ul>\n<p><strong>Medios de almacenaje<\/strong><\/p>\n<ul>\n<li>Capacidad Disco Duro (GB) 256GB<\/li>\n<li>Tipo de Disco Duro SSD<\/li>\n<li>Total SSDs capacity 256<\/li>\n<li>N\u00famero de unidades SSD instalados 1<\/li>\n<li>Disco de estado s\u00f3lido, capacidad 256<\/li>\n<li>Factor de forma de disco SSDM.2<\/li>\n<li>Tipo de unidad \u00f3ptica No<\/li>\n<li>Interfaces de disco de estado s\u00f3lido PCI Express<\/li>\n<li>NVMe S\u00ed<\/li>\n<\/ul>\n<p><strong>Empaquetado<\/strong><\/p>\n<ul>\n<li>Profundidad del paquete 520<\/li>\n<li>Altura del paquete 305<\/li>\n<li>Ancho del paquete 69<\/li>\n<li>Peso del paquete 2,29<\/li>\n<\/ul>\n<p><strong>Seguridad<\/strong><\/p>\n<ul>\n<li>M\u00f3dulo de plataforma confiable (TPM) S\u00ed<\/li>\n<li>Protecci\u00f3n mediante contrase\u00f1a S\u00ed<\/li>\n<li>Protecci\u00f3n con contrase\u00f1a BIOS, Encendido, Usuario<\/li>\n<\/ul>\n<p><strong>Software<\/strong><\/p>\n<ul>\n<li>Sistema operativo instalado Windows 11 Home<\/li>\n<\/ul>\n<p><strong>C\u00e1mara fotogr\u00e1fica<\/strong><\/p>\n<ul>\n<li>Tipo de c\u00e1mara frontal HDHD<\/li>\n<li>C\u00e1mara frontal S\u00ed<\/li>\n<\/ul>\n<p><strong>Otras caracter\u00edsticas<\/strong><\/p>\n<ul>\n<li>N\u00famero de altavoces 2<\/li>\n<\/ul>\n<p><strong>Bater\u00eda<\/strong><\/p>\n<ul>\n<li>Tecnolog\u00eda de bater\u00eda Pol\u00edmero de litio<\/li>\n<li>N\u00famero de celdas de bater\u00eda 3<\/li>\n<li>Capacidad de bater\u00eda 41<\/li>\n<li>Tiempo de carga r\u00e1pido (50%) 45<\/li>\n<li>Carga r\u00e1pida S\u00ed<\/li>\n<li>Autonom\u00eda 7,5<\/li>\n<li>Tiempo continuo de reproducci\u00f3n de video 10,75<\/li>\n<\/ul>\n<p><strong>Caracter\u00edsticas especiales<\/strong><\/p>\n<ul>\n<li>HP segment Hogar<\/li>\n<li>Adaptador inteligente AC HP S\u00ed<\/li>\n<li>Tipo de altavoz HPHP Dual Speakers<\/li>\n<li>HP front camera HP True Vision HD<\/li>\n<li>HP Imagepad S\u00ed<\/li>\n<\/ul>\n<p><strong>Dise\u00f1o<\/strong><\/p>\n<ul>\n<li>Dise\u00f1o de producto 197961074208<\/li>\n<li>Introduction year 2023<\/li>\n<li>Tipo de producto Port\u00e1til<\/li>\n<li>Factor de forma Concha<\/li>\n<li>Posicionamiento de mercado Everyday<\/li>\n<li>Color del producto Blanco<\/li>\n<li>Nombre del color Cubierta blanco diamante, base y marco de teclado plata natural<\/li>\n<li>Nombre de marca original HP<\/li>\n<\/ul>\n<p><strong>Gr\u00e1ficos<\/strong><\/p>\n<ul>\n<li>Discrete graphics adapter No<\/li>\n<li>Modelo de adaptador de gr\u00e1ficos discretos No disponible<\/li>\n<li>Modelo de tarjeta gr\u00e1fica Intel\u00ae UHD Graphics<\/li>\n<li>Tarjeta gr\u00e1fica integrada S\u00ed<\/li>\n<li>On-board graphics adapter family Intel\u00ae UHD Graphics<\/li>\n<li>Fabricante de GPU (unidad de procesamiento gr\u00e1fico) integrada Intel<\/li>\n<\/ul>\n<p><strong>Conexi\u00f3n<\/strong><\/p>\n<ul>\n<li>WLAN controller manufacturer MediaTek<\/li>\n<li>Wi-Fi est\u00e1ndares Wi-Fi 6E (802.11ax)<\/li>\n<li>Tipo de antena 1&#215;1<\/li>\n<li>Versi\u00f3n de Bluetooth 5.3<\/li>\n<li>Bluetooth S\u00ed<\/li>\n<li>Ethernet No<\/li>\n<li>Est\u00e1ndar Wi-Fi Wi-Fi 6E (802.11ax)<\/li>\n<li>Modelo de controlador WLAN MediaTek MT7902<\/li>\n<\/ul>\n<p><strong>Sostenibilidad<\/strong><\/p>\n<ul>\n<li>Cumplimiento de sostenibilidad S\u00ed<\/li>\n<li>Certificados de sostenibilidad EPEAT Gold, ENERGY STAR<\/li>\n<\/ul>\n<\/div>\n","protected":false},"excerpt":{"rendered":"<p>NOMBRE DEL PRODUCTO Marca HP Modelo 977 M5EA EAN197961074208 Procesador N\u00famero de filamentos de procesador 8 Frecuencia del procesador turbo<\/p>\n","protected":false},"featured_media":217353,"comment_status":"open","ping_status":"closed","template":"","meta":{"_joinchat":[]},"product_cat":[6536,6556],"product_tag":[],"class_list":{"0":"post-217349","1":"product","2":"type-product","3":"status-publish","4":"has-post-thumbnail","6":"product_cat-informatica-y-ocio","7":"product_cat-portatiles-ordenadores-informatica-y-gaming","9":"first","10":"instock","11":"sale","12":"taxable","13":"shipping-taxable","14":"purchasable","15":"product-type-simple"},"_links":{"self":[{"href":"https:\/\/desdropi.com\/elparque\/wp-json\/wp\/v2\/product\/217349"}],"collection":[{"href":"https:\/\/desdropi.com\/elparque\/wp-json\/wp\/v2\/product"}],"about":[{"href":"https:\/\/desdropi.com\/elparque\/wp-json\/wp\/v2\/types\/product"}],"replies":[{"embeddable":true,"href":"https:\/\/desdropi.com\/elparque\/wp-json\/wp\/v2\/comments?post=217349"}],"version-history":[{"count":0,"href":"https:\/\/desdropi.com\/elparque\/wp-json\/wp\/v2\/product\/217349\/revisions"}],"wp:featuredmedia":[{"embeddable":true,"href":"https:\/\/desdropi.com\/elparque\/wp-json\/wp\/v2\/media\/217353"}],"wp:attachment":[{"href":"https:\/\/desdropi.com\/elparque\/wp-json\/wp\/v2\/media?parent=217349"}],"wp:term":[{"taxonomy":"product_cat","embeddable":true,"href":"https:\/\/desdropi.com\/elparque\/wp-json\/wp\/v2\/product_cat?post=217349"},{"taxonomy":"product_tag","embeddable":true,"href":"https:\/\/desdropi.com\/elparque\/wp-json\/wp\/v2\/product_tag?post=217349"}],"curies":[{"name":"wp","href":"https:\/\/api.w.org\/{rel}","templated":true}]}}