{"id":217395,"date":"2024-04-04T11:14:32","date_gmt":"2024-04-04T09:14:32","guid":{"rendered":"https:\/\/desdropi.com\/elparque\/?post_type=product&#038;p=217395"},"modified":"2024-05-17T13:02:45","modified_gmt":"2024-05-17T11:02:45","slug":"encimera-aeg-ikb6330sfb-3f-ind-timer","status":"publish","type":"product","link":"https:\/\/desdropi.com\/elparque\/encimera-aeg-ikb6330sfb-3f-ind-timer\/","title":{"rendered":"ENCIMERA AEG IKB6330SFB 3F IND TIMER"},"content":{"rendered":"<div class=\"descripcion-tab\">NOMBRE DEL PRODUCTO<br \/>\nMarca AEG<br \/>\nModelo IKB 6330SFB<br \/>\nEAN7332543701568<br \/>\n<strong>Peso y dimensiones<\/strong><\/p>\n<ul>\n<li>Ancho (Real) 590 mm<\/li>\n<li>Profundidad 520 mm<\/li>\n<li>Ancho de compartimiento de instalaci\u00f3n 56 cm<\/li>\n<li>Profundidad del compartimiento de instalaci\u00f3n 49 cm<\/li>\n<li>Ancho (Aprox.) 60 cm<\/li>\n<\/ul>\n<p><strong>Control de energ\u00eda<\/strong><\/p>\n<ul>\n<li>Potencia total m\u00e1xima 7350 W<\/li>\n<li>Voltaje de entrada AC 220 &#8211; 240 V<\/li>\n<li>Frecuencia de entrada AC 50 \\ 60 Hz<\/li>\n<\/ul>\n<p><strong>Ergonom\u00eda<\/strong><\/p>\n<ul>\n<li>F\u00e1cil de limpiar S\u00ed<\/li>\n<li>Tipo de control Tocar<\/li>\n<li>Bloqueo para ni\u00f1os S\u00ed<\/li>\n<li>Pantalla incorporada S\u00ed<\/li>\n<li>Control de posici\u00f3n Arriba a la derecha<\/li>\n<li>Temporizador S\u00ed<\/li>\n<li>Vibrador S\u00ed<\/li>\n<li>Indicador de calor residual S\u00ed<\/li>\n<\/ul>\n<p><strong>Dise\u00f1o<\/strong><\/p>\n<ul>\n<li>Color del producto Negro<\/li>\n<li>Appliance placement Integrado<\/li>\n<li>Hob width size60 cm<\/li>\n<li>Tipo Con placa de inducci\u00f3n<\/li>\n<li>Tipo de superficie superior Cristal\/Acero inoxidable<\/li>\n<li>Numero de zonas cocci\u00f3n 3<\/li>\n<li>N\u00famero de zonas de cocci\u00f3n el\u00e9ctricas 3 zona(s)<\/li>\n<li>Quemador a fuego lento\/zona de cocci\u00f3n 1800 W<\/li>\n<li>Simmer burner\/cooking zone shape Alrededor<\/li>\n<li>Quemador regular \/ zona de cocci\u00f3n 2800 W<\/li>\n<li>Regular burner\/cooking zone shape Alrededor<\/li>\n<li>Quemador grande\/zona de cocci\u00f3n 3500 W<\/li>\n<li>Large burner\/cooking zone shape Alrededor<\/li>\n<li>Quemador de alta velocidad extra grande\/ zona de cocci\u00f3n 3700 W<\/li>\n<li>Extra large high-speed burner\/cooking zone shape Alrededor<\/li>\n<li>Zona extra grande cocci\u00f3n 28 cm<\/li>\n<li>Tipo de placa Inducci\u00f3n<\/li>\n<\/ul>\n<p><strong>Campana extractora<\/strong><\/p>\n<ul>\n<li>Campana integrada No<\/li>\n<\/ul>\n<p><strong>Parrilla<\/strong><\/p>\n<ul>\n<li>Parrilla No<\/li>\n<\/ul>\n<\/div>\n","protected":false},"excerpt":{"rendered":"<p><span style=\"color: #ff0000;\"><strong>\u00a1INSTALACI\u00d3N INCLUIDA! + REEMBOLSO DE 50\u20ac<\/strong><\/span><\/p>\n<p><span style=\"color: #ff0000;\"><em>CASHBACK DE HASTA 200\u20ac AEG &#8211; Fechas: 01\/03\/24 al 31\/05\/24<\/em><\/span><\/p>\n<p><span style=\"color: #ff0000;\"><u><a style=\"color: #ff0000;\" href=\"https:\/\/promoaeg.com\/reembolso\/categoria\"><strong>M\u00e1s informaci\u00f3n<\/strong><\/a><\/u><\/span><\/p>\n","protected":false},"featured_media":217398,"comment_status":"open","ping_status":"closed","template":"","meta":{"_joinchat":[]},"product_cat":[3268,3269,3270],"product_tag":[],"class_list":{"0":"post-217395","1":"product","2":"type-product","3":"status-publish","4":"has-post-thumbnail","6":"product_cat-coccion","7":"product_cat-placas-cocina","8":"product_cat-induccion","10":"first","11":"instock","12":"sale","13":"taxable","14":"shipping-taxable","15":"purchasable","16":"product-type-simple"},"_links":{"self":[{"href":"https:\/\/desdropi.com\/elparque\/wp-json\/wp\/v2\/product\/217395"}],"collection":[{"href":"https:\/\/desdropi.com\/elparque\/wp-json\/wp\/v2\/product"}],"about":[{"href":"https:\/\/desdropi.com\/elparque\/wp-json\/wp\/v2\/types\/product"}],"replies":[{"embeddable":true,"href":"https:\/\/desdropi.com\/elparque\/wp-json\/wp\/v2\/comments?post=217395"}],"version-history":[{"count":0,"href":"https:\/\/desdropi.com\/elparque\/wp-json\/wp\/v2\/product\/217395\/revisions"}],"wp:featuredmedia":[{"embeddable":true,"href":"https:\/\/desdropi.com\/elparque\/wp-json\/wp\/v2\/media\/217398"}],"wp:attachment":[{"href":"https:\/\/desdropi.com\/elparque\/wp-json\/wp\/v2\/media?parent=217395"}],"wp:term":[{"taxonomy":"product_cat","embeddable":true,"href":"https:\/\/desdropi.com\/elparque\/wp-json\/wp\/v2\/product_cat?post=217395"},{"taxonomy":"product_tag","embeddable":true,"href":"https:\/\/desdropi.com\/elparque\/wp-json\/wp\/v2\/product_tag?post=217395"}],"curies":[{"name":"wp","href":"https:\/\/api.w.org\/{rel}","templated":true}]}}