{"id":217482,"date":"2024-04-04T12:52:14","date_gmt":"2024-04-04T10:52:14","guid":{"rendered":"https:\/\/desdropi.com\/elparque\/?post_type=product&#038;p=217482"},"modified":"2024-06-05T11:33:56","modified_gmt":"2024-06-05T09:33:56","slug":"tv-philips-50-50pus8558-uhd-googletv-ambilight-p5","status":"publish","type":"product","link":"https:\/\/desdropi.com\/elparque\/tv-philips-50-50pus8558-uhd-googletv-ambilight-p5\/","title":{"rendered":"TV PHILIPS 50&#8243; 50PUS8558 UHD GOOGLETV AMBILIGHT P5"},"content":{"rendered":"<div class=\"descripcion-tab\">\n<strong>NOMBRE DEL PRODUCTO<\/strong><br \/>\nMarca PHILIPS<br \/>\nModelo 50PUS8558\/12<br \/>\nEAN8718863037683<br \/>\n<strong>Exhibici\u00f3n<\/strong><\/p>\n<ul>\n<li>Pulgadas 50&#8243;<\/li>\n<li>Resoluci\u00f3n 4K Ultra HD<\/li>\n<li>Resoluci\u00f3n de la pantalla 3840 x 2160<\/li>\n<li>Tecnolog\u00eda del panel LED<\/li>\n<li>Frecuencia nativa de refresco 60<\/li>\n<li>Diagonal de pantalla 127<\/li>\n<li>Relaci\u00f3n de aspecto nativa 16:9<\/li>\n<li>Tipo de matriz VA<\/li>\n<li>Retroiluminaci\u00f3n del panel Direct LED<\/li>\n<li>Forma de la pantalla Plana<\/li>\n<\/ul>\n<p><strong>Audio<\/strong><\/p>\n<ul>\n<li>N\u00famero de altavoces 2<\/li>\n<li>Potencia estimada RMS 20<\/li>\n<li>Decodificadores incorporados DTS:X, Dolby Digital MS12 V2.6.1<\/li>\n<li>Enhanced Audio Return Channel (eARC) (Canal de retorno de audio mejorado) S\u00ed<\/li>\n<\/ul>\n<p><strong>Puertos e Interfaces<\/strong><\/p>\n<ul>\n<li>N\u00famero de puertos HDMI 4<\/li>\n<li>Versi\u00f3n HDMI 2.1<\/li>\n<li>Canal de retorno de audio (ARC) S\u00ed<\/li>\n<li>HDCP S\u00ed<\/li>\n<li>Ethernet LAN (RJ-45) cantidad de puertos 1<\/li>\n<li>Audio digital, salida optica 1<\/li>\n<li>Salidas para auriculares 1<\/li>\n<li>Interfaz com\u00fan S\u00ed<\/li>\n<li>Interfaz com\u00fan Plus (CI+) S\u00ed<\/li>\n<li>Entrada de CA S\u00ed<\/li>\n<li>Cantidad de puertos USB 2.02<\/li>\n<\/ul>\n<p><strong>Peso y dimensiones<\/strong><\/p>\n<ul>\n<li>Ancho del dispositivo (con soporte) 1116<\/li>\n<li>Altura del dispositivo (con soporte) 675<\/li>\n<li>Profundidad dispositivo (con soporte) 256<\/li>\n<li>Peso (con soporte) 9,2<\/li>\n<li>Ancho (sin base) 1116<\/li>\n<li>Altura (sin base) 655<\/li>\n<li>Profundidad (sin base) 13,1<\/li>\n<li>Peso (sin base) 12,7<\/li>\n<li>Rango de pulgadas De 50 a 60<\/li>\n<\/ul>\n<p><strong>Control de energ\u00eda<\/strong><\/p>\n<ul>\n<li>Energy efficiency class (SDR) F<\/li>\n<li>Energy consumption (SDR) per 1000 hours 55<\/li>\n<li>Consumo de energ\u00eda (inactivo) 2<\/li>\n<li>Voltaje de entrada AC 220 &#8211; 240<\/li>\n<li>Frecuencia de entrada AC 50\/60<\/li>\n<li>Energy efficiency scale De la A a la G<\/li>\n<\/ul>\n<p><strong>Empaquetado<\/strong><\/p>\n<ul>\n<li>Soporte de sobremesa S\u00ed<\/li>\n<li>Tipo de embalaje Caja<\/li>\n<li>Mando a distancia incluido S\u00ed<\/li>\n<li>Cables incluidos Corriente alterna<\/li>\n<\/ul>\n<p><strong>Sintonizador de la TV<\/strong><\/p>\n<ul>\n<li>Tipo de sintonizadorDigital<\/li>\n<li>Formato de se\u00f1al digital TDT\/T2\/T2-HD\/C\/S\/S2<\/li>\n<\/ul>\n<p><strong>Caracter\u00edsticas de administraci\u00f3n<\/strong><\/p>\n<ul>\n<li>Control por voz S\u00ed<\/li>\n<li>Tipo de control Inal\u00e1mbrico<\/li>\n<li>Gu\u00eda electr\u00f3nica de programaci\u00f3n S\u00ed<\/li>\n<li>Modo ECO S\u00ed<\/li>\n<li>Temporizador de apagado S\u00ed<\/li>\n<li>Funciona con el Asistente de Google S\u00ed<\/li>\n<li>Funciona con Amazon Alexa S\u00ed<\/li>\n<\/ul>\n<p><strong>Dise\u00f1o<\/strong><\/p>\n<ul>\n<li>Color del producto Negro<\/li>\n<li>montaje VESA S\u00ed<\/li>\n<li>Interfaz de panel de montaje 200 x 200<\/li>\n<li>Color del soporte Negro<\/li>\n<\/ul>\n<p><strong>Desempe\u00f1o<\/strong><\/p>\n<ul>\n<li>Alto Rango Din\u00e1mico (HDR) S\u00ed<\/li>\n<li>High Dynamic Range (HDR) technology Dolby Vision, HDR10+, Micro Dimming Pro, Natural Motion, Amplia gama de colores mejorada en un 90 % DCI\/P3, CalMAN Ready, HLG (Hybrid Log Gamma)<\/li>\n<li>Modo de juego S\u00ed<\/li>\n<li>Funciones de teletexto S\u00ed<\/li>\n<li>Teletexto 1000<\/li>\n<li>Est\u00e1ndares de teletexto Hipertexto<\/li>\n<li>Funci\u00f3n de subt\u00edtulos S\u00ed<\/li>\n<li>Formatos de v\u00eddeo compatibles AVI, MKV, H264\/MPEG-4 AVC, MPEG-1, MPEG-2, MPEG-4, VP9, HEVC (H.265), AV1<\/li>\n<li>Formatos de audio soportados AAC, MP3, WAV, WMA (v2 hasta v9.2), WMA-PRO (v9 y v10), FLAC<\/li>\n<li>Formatos de imagen soportados JPEG, BMP, GIF, PNG, 360 photo, HEIF<\/li>\n<li>Formatos de subt\u00edtulos soportados. SMI, .SRT, .SSA, .SUB, .TXT, .ASS<\/li>\n<li>AMD FreeSync S\u00ed<\/li>\n<li>Tipo de FreeSync de AMD Free Sync Premium<\/li>\n<li>N\u00famero de n\u00facleos de procesador 4<\/li>\n<\/ul>\n<p><strong>Smart TV<\/strong><\/p>\n<ul>\n<li>Aplicaciones de v\u00eddeo Amazon Prime Video, Apple TV, BBC iPlayer, Disney+, Netflix, YouTube, Google Play Pel\u00edculas<\/li>\n<li>Aplicaciones de m\u00fasica YouTube Music<\/li>\n<li>HbbTV S\u00ed<\/li>\n<li>TV por Internet S\u00ed<\/li>\n<li>Smart TV S\u00ed<\/li>\n<li>Sistema operativo instalado Google TV<\/li>\n<\/ul>\n<p><strong>Conexi\u00f3n<\/strong><\/p>\n<ul>\n<li>Wifi S\u00ed<\/li>\n<li>Ethernet S\u00ed<\/li>\n<li>Wi-Fi est\u00e1ndares Wi-Fi 5 (802.11ac)<\/li>\n<li>Bluetooth S\u00ed<\/li>\n<li>Versi\u00f3n de Bluetooth 5.0<\/li>\n<li>Navegaci\u00f3n S\u00ed<\/li>\n<li>Navegador web S\u00ed<\/li>\n<\/ul>\n<\/div>\n","protected":false},"excerpt":{"rendered":"<p>NOMBRE DEL PRODUCTO Marca PHILIPS Modelo 50PUS8558\/12 EAN8718863037683 Exhibici\u00f3n Pulgadas 50&#8243; Resoluci\u00f3n 4K Ultra HD Resoluci\u00f3n de la pantalla 3840<\/p>\n","protected":false},"featured_media":217492,"comment_status":"open","ping_status":"closed","template":"","meta":{"_joinchat":[]},"product_cat":[795,6464,7164,7068,7157],"product_tag":[],"class_list":{"0":"post-217482","1":"product","2":"type-product","3":"status-publish","4":"has-post-thumbnail","6":"product_cat-electronica","7":"product_cat-televisores-electronica","8":"product_cat-ofertas-canape","9":"product_cat-tv-40-59","10":"product_cat-ofertas-televisores","12":"first","13":"instock","14":"taxable","15":"shipping-taxable","16":"purchasable","17":"product-type-simple"},"_links":{"self":[{"href":"https:\/\/desdropi.com\/elparque\/wp-json\/wp\/v2\/product\/217482"}],"collection":[{"href":"https:\/\/desdropi.com\/elparque\/wp-json\/wp\/v2\/product"}],"about":[{"href":"https:\/\/desdropi.com\/elparque\/wp-json\/wp\/v2\/types\/product"}],"replies":[{"embeddable":true,"href":"https:\/\/desdropi.com\/elparque\/wp-json\/wp\/v2\/comments?post=217482"}],"version-history":[{"count":0,"href":"https:\/\/desdropi.com\/elparque\/wp-json\/wp\/v2\/product\/217482\/revisions"}],"wp:featuredmedia":[{"embeddable":true,"href":"https:\/\/desdropi.com\/elparque\/wp-json\/wp\/v2\/media\/217492"}],"wp:attachment":[{"href":"https:\/\/desdropi.com\/elparque\/wp-json\/wp\/v2\/media?parent=217482"}],"wp:term":[{"taxonomy":"product_cat","embeddable":true,"href":"https:\/\/desdropi.com\/elparque\/wp-json\/wp\/v2\/product_cat?post=217482"},{"taxonomy":"product_tag","embeddable":true,"href":"https:\/\/desdropi.com\/elparque\/wp-json\/wp\/v2\/product_tag?post=217482"}],"curies":[{"name":"wp","href":"https:\/\/api.w.org\/{rel}","templated":true}]}}