{"id":217550,"date":"2024-04-04T17:06:33","date_gmt":"2024-04-04T15:06:33","guid":{"rendered":"https:\/\/desdropi.com\/elparque\/?post_type=product&#038;p=217550"},"modified":"2024-05-17T13:02:48","modified_gmt":"2024-05-17T11:02:48","slug":"smartphone-samsung-a25-5g-6-128-65-yellow","status":"publish","type":"product","link":"https:\/\/desdropi.com\/elparque\/smartphone-samsung-a25-5g-6-128-65-yellow\/","title":{"rendered":"SMARTPHONE SAMSUNG A25 5G 6\/128 6,5&#8243; YELLOW"},"content":{"rendered":"<div class=\"descripcion-tab\">\n<strong>NOMBRE DEL PRODUCTO<\/strong><br \/>\nMarca SAMSUNG<br \/>\nModelo SM-A256BZYDEUB<br \/>\nEAN8806095382753<br \/>\n<strong>Procesador<\/strong><\/p>\n<ul>\n<li>Familia de procesador Samsung Exynos<\/li>\n<li>Modelo del procesador 1280<\/li>\n<li>N\u00famero de n\u00facleos de procesador 8<\/li>\n<li>Frecuencia del procesador 1,8<\/li>\n<\/ul>\n<p><strong>Exhibici\u00f3n<\/strong><\/p>\n<ul>\n<li>Display technology marketing name Super AMOLED<\/li>\n<li>Resoluci\u00f3n de la pantalla 1080 x 2340<\/li>\n<li>M\u00e1xima velocidad de actualizaci\u00f3n 120<\/li>\n<li>N\u00famero de colores de la pantalla 16 millones de colores<\/li>\n<li>Forma de la pantalla Plana<\/li>\n<li>Tipo de visualizador AMOLED<\/li>\n<li>Tama\u00f1o de la pantalla 16,5<\/li>\n<\/ul>\n<p><strong>Puertos e Interfaces<\/strong><\/p>\n<ul>\n<li>Auriculares 3,5 mm<\/li>\n<li>Puerto USB S\u00ed<\/li>\n<li>Conector USBUSB Tipo C<\/li>\n<\/ul>\n<p><strong>Peso y dimensiones<\/strong><\/p>\n<ul>\n<li>Peso 197<\/li>\n<li>Ancho 76,5<\/li>\n<li>Profundidad 8,3<\/li>\n<li>Altura 161<\/li>\n<\/ul>\n<p><strong>Medios de almacenaje<\/strong><\/p>\n<ul>\n<li>Tarjetas de memoria compatibles MicroSD (TransFlash)<\/li>\n<li>Tama\u00f1o m\u00e1ximo de tarjeta de memoria 1<\/li>\n<li>Memoria interna 128<\/li>\n<\/ul>\n<p><strong>Mensajer\u00eda<\/strong><\/p>\n<ul>\n<li>Servicios de mensajes cortos (SMS) S\u00ed<\/li>\n<li>Sistema de mensajer\u00eda multimedia (MMS) S\u00ed<\/li>\n<li>Correo electr\u00f3nico S\u00ed<\/li>\n<\/ul>\n<p><strong>Navegaci\u00f3n<\/strong><\/p>\n<ul>\n<li>GPS S\u00ed<\/li>\n<li>GPS (sat\u00e9lite) S\u00ed<\/li>\n<\/ul>\n<p><strong>Aprobaciones reguladoras<\/strong><\/p>\n<ul>\n<li>Categor\u00eda del \u00edndice SAR para la cabeza (UE) B<\/li>\n<li>\u00cdndice SAR para la cabeza (UE) 0,458<\/li>\n<\/ul>\n<p><strong>Software<\/strong><\/p>\n<ul>\n<li>Plataforma Android<\/li>\n<li>Sistema operativo instalado Android 14<\/li>\n<\/ul>\n<p><strong>C\u00e1mara fotogr\u00e1fica<\/strong><\/p>\n<ul>\n<li>Tipo de c\u00e1mara trasera Triple c\u00e1mara<\/li>\n<li>Resoluci\u00f3n de la c\u00e1mara trasera (num\u00e9rica) 50<\/li>\n<li>Resoluci\u00f3n de la segunda c\u00e1mara trasera (num\u00e9rica) 8<\/li>\n<li>Resoluci\u00f3n de la tercera c\u00e1mara trasera (num\u00e9rica) 2<\/li>\n<li>Autoenfoque S\u00ed<\/li>\n<li>Flash en c\u00e1mara trasera S\u00ed<\/li>\n<li>Tipo de c\u00e1mara frontal C\u00e1mara \u00fanica<\/li>\n<li>Resoluci\u00f3n de la c\u00e1mara frontal (num\u00e9rica) 13<\/li>\n<li>Modo de alto rango din\u00e1mico (HDR) de la c\u00e1mara S\u00ed<\/li>\n<\/ul>\n<p><strong>Contenido del embalaje<\/strong><\/p>\n<ul>\n<li>Potencia de adaptador AC 25<\/li>\n<li>Cables incluidos USB tipo C a USB tipo C<\/li>\n<li>Ejection pin S\u00ed<\/li>\n<li>Gu\u00eda de configuraci\u00f3n r\u00e1pida S\u00ed<\/li>\n<\/ul>\n<p><strong>Bater\u00eda<\/strong><\/p>\n<ul>\n<li>bater\u00eda extra\u00edble No<\/li>\n<li>Capacidad de bater\u00eda 5000<\/li>\n<\/ul>\n<p><strong>Dise\u00f1o<\/strong><\/p>\n<ul>\n<li>Factor de forma Barra<\/li>\n<li>C\u00f3digo IP (International Protection) IP68<\/li>\n<li>Color del tel\u00e9fono Amarillo<\/li>\n<\/ul>\n<p><strong>Desempe\u00f1o<\/strong><\/p>\n<ul>\n<li>Lector de huella digital S\u00ed<\/li>\n<li>Reconocimiento de cara S\u00ed<\/li>\n<li>Alerta vibratoria S\u00ed<\/li>\n<li>Video llamada S\u00ed<\/li>\n<li>Carga r\u00e1pida S\u00ed<\/li>\n<\/ul>\n<p><strong>Multimedia<\/strong><\/p>\n<ul>\n<li>Altavoces Est\u00e9reo<\/li>\n<\/ul>\n<p><strong>Suscripci\u00f3n<\/strong><\/p>\n<ul>\n<li>Tipo de suscripci\u00f3n Sin suscripci\u00f3n<\/li>\n<\/ul>\n<p><strong>Conexi\u00f3n<\/strong><\/p>\n<ul>\n<li>Capacidad de la tarjeta SIM SIM doble<\/li>\n<li>Tipo de tarjeta SIM NanoSIM<\/li>\n<li>Mobile network generation 5G<\/li>\n<li>Est\u00e1ndar 4G LTE<\/li>\n<li>Bluetooth S\u00ed<\/li>\n<li>Versi\u00f3n de Bluetooth 5.1<\/li>\n<li>NFC S\u00ed<\/li>\n<li>Wifi S\u00ed<\/li>\n<li>Wi-Fi est\u00e1ndares 802.11a, 802.11b, 802.11g, Wi-Fi 4 (802.11n), Wi-Fi 5 (802.11ac), Wi-Fi 6 (802.11ax)<\/li>\n<li>Est\u00e1ndares 3G WCDMA<\/li>\n<li>Voces superpuestas LTE (VoLTE) compatibles S\u00ed<\/li>\n<\/ul>\n<\/div>\n","protected":false},"excerpt":{"rendered":"<p><span style=\"color: #ff0000;\"><strong>\u00a1ENV\u00cdO INCLUIDO!<\/strong><\/span><\/p>\n","protected":false},"featured_media":217557,"comment_status":"open","ping_status":"closed","template":"","meta":{"_joinchat":[]},"product_cat":[795,6479,6476],"product_tag":[],"class_list":{"0":"post-217550","1":"product","2":"type-product","3":"status-publish","4":"has-post-thumbnail","6":"product_cat-electronica","7":"product_cat-smartphones-telefonos","8":"product_cat-telefonos","10":"first","11":"instock","12":"sale","13":"taxable","14":"shipping-taxable","15":"purchasable","16":"product-type-simple"},"_links":{"self":[{"href":"https:\/\/desdropi.com\/elparque\/wp-json\/wp\/v2\/product\/217550"}],"collection":[{"href":"https:\/\/desdropi.com\/elparque\/wp-json\/wp\/v2\/product"}],"about":[{"href":"https:\/\/desdropi.com\/elparque\/wp-json\/wp\/v2\/types\/product"}],"replies":[{"embeddable":true,"href":"https:\/\/desdropi.com\/elparque\/wp-json\/wp\/v2\/comments?post=217550"}],"version-history":[{"count":0,"href":"https:\/\/desdropi.com\/elparque\/wp-json\/wp\/v2\/product\/217550\/revisions"}],"wp:featuredmedia":[{"embeddable":true,"href":"https:\/\/desdropi.com\/elparque\/wp-json\/wp\/v2\/media\/217557"}],"wp:attachment":[{"href":"https:\/\/desdropi.com\/elparque\/wp-json\/wp\/v2\/media?parent=217550"}],"wp:term":[{"taxonomy":"product_cat","embeddable":true,"href":"https:\/\/desdropi.com\/elparque\/wp-json\/wp\/v2\/product_cat?post=217550"},{"taxonomy":"product_tag","embeddable":true,"href":"https:\/\/desdropi.com\/elparque\/wp-json\/wp\/v2\/product_tag?post=217550"}],"curies":[{"name":"wp","href":"https:\/\/api.w.org\/{rel}","templated":true}]}}