{"id":217566,"date":"2024-04-04T17:29:55","date_gmt":"2024-04-04T15:29:55","guid":{"rendered":"https:\/\/desdropi.com\/elparque\/?post_type=product&#038;p=217566"},"modified":"2024-05-17T13:02:48","modified_gmt":"2024-05-17T11:02:48","slug":"smartphone-redmi-note-12-pro-5g-8-256-667-mb","status":"publish","type":"product","link":"https:\/\/desdropi.com\/elparque\/smartphone-redmi-note-12-pro-5g-8-256-667-mb\/","title":{"rendered":"SMARTPHONE REDMI NOTE 12 PRO+ 5G 8\/256 6,67&#8243; MB"},"content":{"rendered":"<div class=\"descripcion-tab\"><strong>NOMBRE DEL PRODUCTO<\/strong><br \/>\nMarca XIAOMI<br \/>\nModelo MZB0DE7EU<br \/>\nEAN6941812713716<br \/>\n<strong>Procesador<\/strong><\/p>\n<ul>\n<li>Familia de procesador MediaTek Dimensity<\/li>\n<li>Arquitectura del procesador ARM Cortex-A78+Cortex-A55<\/li>\n<li>Frecuencia del procesador turbo 2,6<\/li>\n<li>Modelo del procesador 1080<\/li>\n<li>N\u00famero de n\u00facleos de procesador 8<\/li>\n<\/ul>\n<p><strong>Exhibici\u00f3n<\/strong><\/p>\n<ul>\n<li>Resoluci\u00f3n de la pantalla 2400 x 1080<\/li>\n<li>Forma de la pantalla Plana<\/li>\n<li>Tipo de visualizador AMOLED<\/li>\n<li>Tipo de cristal de pantalla Gorilla Glass<\/li>\n<li>Gorilla Glass version Gorilla Glass 5<\/li>\n<li>N\u00famero de colores de la pantalla 1,07 billones de colores<\/li>\n<li>Relaci\u00f3n de aspecto nativa 20:9<\/li>\n<li>Raz\u00f3n de contraste (t\u00edpica) 5000000:1<\/li>\n<li>M\u00e1xima velocidad de actualizaci\u00f3n 120<\/li>\n<li>Brillo de pantalla 500<\/li>\n<li>Brillo m\u00e1ximo de la pantalla (exteriores) 900<\/li>\n<li>Alto Rango Din\u00e1mico (HDR) S\u00ed<\/li>\n<li>High Dynamic Range (HDR) technology High Dynamic Range 10+ (HDR10 Plus), Dolby Vision<\/li>\n<li>Densidad del pixel 394<\/li>\n<li>Tama\u00f1o de la pantalla 16,9<\/li>\n<\/ul>\n<p><strong>Puertos e Interfaces<\/strong><\/p>\n<ul>\n<li>Puerto USB S\u00ed<\/li>\n<li>Conector USB USB Tipo C<\/li>\n<li>Auriculares 3,5 mm<\/li>\n<\/ul>\n<p><strong>Peso y dimensiones<\/strong><\/p>\n<ul>\n<li>Peso 210,5<\/li>\n<li>Ancho 76<\/li>\n<li>Profundidad 8,98<\/li>\n<li>Altura 162,9<\/li>\n<\/ul>\n<p><strong>Detalles t\u00e9cnicos<\/strong><\/p>\n<ul>\n<li>\u00cdndice de reparabilidad 7.6<\/li>\n<\/ul>\n<p><strong>Medios de almacenaje<\/strong><\/p>\n<ul>\n<li>RAM interna 8<\/li>\n<li>Memoria interna 256<\/li>\n<li>Tarjetas de memoria compatibles No compatible<\/li>\n<li>Tipo de memoria RAM interna LPDDR4X<\/li>\n<\/ul>\n<p><strong>Mensajer\u00eda<\/strong><\/p>\n<ul>\n<li>Sistema de mensajer\u00eda multimedia (MMS) S\u00ed<\/li>\n<li>Correo electr\u00f3nico S\u00ed<\/li>\n<li>Servicios de mensajes cortos (SMS)S\u00ed<\/li>\n<\/ul>\n<p><strong>Navegaci\u00f3n<\/strong><\/p>\n<ul>\n<li>GPS S\u00ed<\/li>\n<li>GPS (sat\u00e9lite) S\u00ed<\/li>\n<li>GLONASS S\u00ed<\/li>\n<li>BeiDou S\u00ed<\/li>\n<li>Br\u00fajula electr\u00f3nica S\u00ed<\/li>\n<li>Galileo S\u00ed<\/li>\n<\/ul>\n<p><strong>Software<\/strong><\/p>\n<ul>\n<li>Plataforma Android<\/li>\n<li>Sistema operativo instalado Android 12<\/li>\n<li>Operating system fork MIUI 14<\/li>\n<\/ul>\n<p><strong>C\u00e1mara fotogr\u00e1fica<\/strong><\/p>\n<ul>\n<li>Tipo de c\u00e1mara trasera Triple c\u00e1mara<\/li>\n<li>Resoluci\u00f3n de la c\u00e1mara trasera (num\u00e9rica) 200<\/li>\n<li>Resoluci\u00f3n de la segunda c\u00e1mara trasera (num\u00e9rica) 8<\/li>\n<li>Resoluci\u00f3n de la tercera c\u00e1mara trasera (num\u00e9rica) 2<\/li>\n<li>N\u00famero de apertura de la c\u00e1mara trasera 1,65<\/li>\n<li>N\u00famero de apertura de la segunda c\u00e1mara trasera 2,2<\/li>\n<li>N\u00famero de diafragma de la tercera c\u00e1mara trasera 2,4<\/li>\n<li>Tama\u00f1o de los p\u00edxeles de la c\u00e1mara trasera 0,56<\/li>\n<li>\u00c1ngulo del campo de visi\u00f3n (FOV) de la segunda c\u00e1mara trasera 120<\/li>\n<li>Elementos de la lente de la c\u00e1mara trasera Lente de 7 elementos<\/li>\n<li>Tipo de c\u00e1mara frontal C\u00e1mara \u00fanica<\/li>\n<li>Resoluci\u00f3n de la c\u00e1mara frontal (num\u00e9rica) 16<\/li>\n<li>N\u00famero de apertura de la c\u00e1mara frontal 2,45<\/li>\n<li>Flash en c\u00e1mara trasera S\u00ed<\/li>\n<li>Tipo de flash LED<\/li>\n<li>Velocidad m\u00e1xima de cuadro 960<\/li>\n<li>Resoluci\u00f3n en velocidad de captura 1280&#215;720@30fps, 1920&#215;1080@30fps, 1280&#215;720@120fps, 1280&#215;720@240fps, 1280&#215;720@960fps, 1920&#215;1080@60fps, 1920&#215;1080@120fps<\/li>\n<li>Modos de grabaci\u00f3n de v\u00eddeo 720p, 1080p<\/li>\n<li>Autoenfoque S\u00ed<\/li>\n<li>Modo de lapso de tiempo S\u00ed<\/li>\n<li>Estabilizador de imagen S\u00ed<\/li>\n<li>Tipo de estabilizador de imagen Optical Image Stabilization (OIS)<\/li>\n<li>Modo noche S\u00ed<\/li>\n<li>Panor\u00e1mica S\u00ed<\/li>\n<li>Modo retrato S\u00ed<\/li>\n<\/ul>\n<p><strong>Contenido del embalaje<\/strong><\/p>\n<ul>\n<li>Adaptador AC incluido S\u00ed<\/li>\n<li>Gu\u00eda de configuraci\u00f3n r\u00e1pida S\u00ed<\/li>\n<li>Cables incluidos USB Tipo C<\/li>\n<li>Ejection pin S\u00ed<\/li>\n<li>Potencia de adaptador AC 120<\/li>\n<li>Tarjeta de garant\u00eda S\u00ed<\/li>\n<\/ul>\n<p><strong>Sensores<\/strong><\/p>\n<ul>\n<li>Sensor de proximidad S\u00ed<\/li>\n<li>Aceler\u00f3metro S\u00ed<\/li>\n<li>Sensor de luz ambiental S\u00ed<\/li>\n<li>Giroscopio S\u00ed<\/li>\n<li>Sensor geomagn\u00e9tico S\u00ed<\/li>\n<li>Sensor infrarrojo S\u00ed<\/li>\n<\/ul>\n<p><strong>Bater\u00eda<\/strong><\/p>\n<ul>\n<li>Capacidad de bater\u00eda 5000<\/li>\n<\/ul>\n<p><strong>Dise\u00f1o<\/strong><\/p>\n<ul>\n<li>Factor de forma Barra<\/li>\n<li>Nombre del color Midnight Black<\/li>\n<li>C\u00f3digo IP (International Protection) IP53<\/li>\n<li>Color del tel\u00e9fono Negro<\/li>\n<\/ul>\n<p><strong>Desempe\u00f1o<\/strong><\/p>\n<ul>\n<li>Carga r\u00e1pida S\u00ed<\/li>\n<li>Video llamada S\u00ed<\/li>\n<li>Fast charging technology Hypercharge<\/li>\n<li>Adaptador gr\u00e1fico Mali-G68 MC4<\/li>\n<li>Lector de huella digital S\u00ed<\/li>\n<li>Reconocimiento de cara S\u00ed<\/li>\n<li>Altavoz S\u00ed<\/li>\n<li>Alerta vibratoria S\u00ed<\/li>\n<\/ul>\n<p><strong>Multimedia<\/strong><\/p>\n<ul>\n<li>Altavoces Est\u00e9reo<\/li>\n<li>Sistema de audio Dolby Atmos<\/li>\n<\/ul>\n<p><strong>Suscripci\u00f3n<\/strong><\/p>\n<ul>\n<li>Tipo de suscripci\u00f3n Sin suscripci\u00f3n<\/li>\n<\/ul>\n<p><strong>Conexi\u00f3n<\/strong><\/p>\n<ul>\n<li>Capacidad de la tarjeta SIM SIM doble<\/li>\n<li>Mobile network generation 5G<\/li>\n<li>Tipo de tarjeta SIM NanoSIM<\/li>\n<li>Est\u00e1ndares 3G WCDMA<\/li>\n<li>Est\u00e1ndar 4G LTE-TDD &amp; LTE-FDD<\/li>\n<li>Wifi S\u00ed<\/li>\n<li>Wi-Fi est\u00e1ndares 802.11a, 802.11b, 802.11g, Wi-Fi 4 (802.11n), Wi-Fi 5 (802.11ac), Wi-Fi 6 (802.11ax)<\/li>\n<li>Bluetooth S\u00ed<\/li>\n<li>Versi\u00f3n de Bluetooth 5.2<\/li>\n<li>NFC S\u00ed<\/li>\n<\/ul>\n<\/div>\n","protected":false},"excerpt":{"rendered":"<p><span style=\"color: #ff0000;\"><strong>\u00a1ENV\u00cdO INCLUIDO!<\/strong><\/span><\/p>\n","protected":false},"featured_media":217583,"comment_status":"open","ping_status":"closed","template":"","meta":{"_joinchat":[]},"product_cat":[795,6479,6476],"product_tag":[],"class_list":{"0":"post-217566","1":"product","2":"type-product","3":"status-publish","4":"has-post-thumbnail","6":"product_cat-electronica","7":"product_cat-smartphones-telefonos","8":"product_cat-telefonos","10":"first","11":"instock","12":"sale","13":"taxable","14":"shipping-taxable","15":"purchasable","16":"product-type-simple"},"_links":{"self":[{"href":"https:\/\/desdropi.com\/elparque\/wp-json\/wp\/v2\/product\/217566"}],"collection":[{"href":"https:\/\/desdropi.com\/elparque\/wp-json\/wp\/v2\/product"}],"about":[{"href":"https:\/\/desdropi.com\/elparque\/wp-json\/wp\/v2\/types\/product"}],"replies":[{"embeddable":true,"href":"https:\/\/desdropi.com\/elparque\/wp-json\/wp\/v2\/comments?post=217566"}],"version-history":[{"count":0,"href":"https:\/\/desdropi.com\/elparque\/wp-json\/wp\/v2\/product\/217566\/revisions"}],"wp:featuredmedia":[{"embeddable":true,"href":"https:\/\/desdropi.com\/elparque\/wp-json\/wp\/v2\/media\/217583"}],"wp:attachment":[{"href":"https:\/\/desdropi.com\/elparque\/wp-json\/wp\/v2\/media?parent=217566"}],"wp:term":[{"taxonomy":"product_cat","embeddable":true,"href":"https:\/\/desdropi.com\/elparque\/wp-json\/wp\/v2\/product_cat?post=217566"},{"taxonomy":"product_tag","embeddable":true,"href":"https:\/\/desdropi.com\/elparque\/wp-json\/wp\/v2\/product_tag?post=217566"}],"curies":[{"name":"wp","href":"https:\/\/api.w.org\/{rel}","templated":true}]}}