{"id":217714,"date":"2024-04-08T12:09:23","date_gmt":"2024-04-08T10:09:23","guid":{"rendered":"https:\/\/desdropi.com\/elparque\/?post_type=product&#038;p=217714"},"modified":"2024-05-17T13:02:50","modified_gmt":"2024-05-17T11:02:50","slug":"smartphone-redmi-note-12-pro-5g-8-128-667-b","status":"publish","type":"product","link":"https:\/\/desdropi.com\/elparque\/smartphone-redmi-note-12-pro-5g-8-128-667-b\/","title":{"rendered":"SMARTPHONE REDMI NOTE 12 PRO 5G 8\/128 6,67&#8243; B"},"content":{"rendered":"<div class=\"descripcion-tab\"><strong>NOMBRE DEL PRODUCTO<\/strong><br \/>\nMarca XIAOMI<br \/>\nModelo MZB0D37EU<br \/>\nEAN 6941812709764<br \/>\n<strong>Procesador<\/strong><\/p>\n<ul>\n<li>Familia de procesador MediaTek<\/li>\n<li>Modelo del procesador Dimensity 1080 5G<\/li>\n<li>Frecuencia del procesador turbo 2,6<\/li>\n<\/ul>\n<p><strong>Exhibici\u00f3n<\/strong><\/p>\n<ul>\n<li>Resoluci\u00f3n de la pantalla 2400 x 1080<\/li>\n<li>Pantalla t\u00e1ctil S\u00ed<\/li>\n<li>Forma de la pantalla Plana<\/li>\n<li>Tipo de visualizador OLED<\/li>\n<li>Raz\u00f3n de contraste (t\u00edpica)500000 0:1<\/li>\n<li>Brillo de pantalla 500<\/li>\n<li>M\u00e1xima velocidad de actualizaci\u00f3n 120 Hz<\/li>\n<li>Densidad del pixel 395<\/li>\n<li>Tama\u00f1o de la pantalla 6,67&#8243;<\/li>\n<\/ul>\n<p><strong>Puertos e Interfaces<\/strong><\/p>\n<ul>\n<li>Puerto USB S\u00ed<\/li>\n<li>Conector USB USB Tipo C<\/li>\n<li>Auriculares 3,5 mm<\/li>\n<\/ul>\n<p><strong>Peso y dimensiones<\/strong><\/p>\n<ul>\n<li>Peso 187 gr<\/li>\n<li>Ancho 76,0 mm<\/li>\n<li>Profundidad 7,9 mm<\/li>\n<li>Altura 162,9 mm<\/li>\n<\/ul>\n<p><strong>Medios de almacenaje<\/strong><\/p>\n<ul>\n<li>RAM interna 6 GB<\/li>\n<li>Memoria interna 128 GB<\/li>\n<\/ul>\n<p><strong>Mensajer\u00eda<\/strong><\/p>\n<ul>\n<li>Servicios de mensajes cortos (SMS) S\u00ed<\/li>\n<li>Sistema de mensajer\u00eda multimedia (MMS) S\u00ed<\/li>\n<li>Correo electr\u00f3nico S\u00ed<\/li>\n<\/ul>\n<p><strong>Navegaci\u00f3n<\/strong><\/p>\n<ul>\n<li>GPS S\u00ed<\/li>\n<li>GPS (sat\u00e9lite) S\u00ed<\/li>\n<li>GLONASS S\u00ed<\/li>\n<li>Galileo S\u00ed<\/li>\n<li>Br\u00fajula electr\u00f3nica S\u00ed<\/li>\n<\/ul>\n<p><strong>Software<\/strong><\/p>\n<ul>\n<li>Plataforma Android<\/li>\n<li>Sistema operativo instaladoAndroid 12<\/li>\n<li>Versi\u00f3n del firmwareMiui V13<\/li>\n<\/ul>\n<p><strong>C\u00e1mara fotogr\u00e1fica<\/strong><\/p>\n<ul>\n<li>Modos de grabaci\u00f3n de v\u00eddeo 1080p<\/li>\n<li>Autoenfoque S\u00ed<\/li>\n<li>Detector de rostro S\u00ed<\/li>\n<li>Disparador autom\u00e1tico S\u00ed<\/li>\n<li>Resoluci\u00f3n de la c\u00e1mara frontal (num\u00e9rica) 16<\/li>\n<li>Resoluci\u00f3n de la c\u00e1mara delantera 1920 x 1080<\/li>\n<li>N\u00famero de apertura de la c\u00e1mara frontal 2,4<\/li>\n<li>Flash en c\u00e1mara trasera S\u00ed<\/li>\n<li>Tipo de flash LED<\/li>\n<li>Resoluci\u00f3n en velocidad de captura 1920&#215;1080@30fps<\/li>\n<li>Resoluci\u00f3n de la c\u00e1mara trasera 1920 x 1080<\/li>\n<li>N\u00famero de apertura de la c\u00e1mara trasera 1,9<\/li>\n<li>N\u00famero de apertura de la segunda c\u00e1mara trasera 2,2<\/li>\n<li>N\u00famero de diafragma de la tercera c\u00e1mara trasera 2,4<\/li>\n<li>Tipo de c\u00e1mara frontal C\u00e1mara \u00fanica<\/li>\n<li>Resoluci\u00f3n de la c\u00e1mara trasera (num\u00e9rica) 50<\/li>\n<li>Resoluci\u00f3n de la segunda c\u00e1mara trasera (num\u00e9rica) 8<\/li>\n<li>Resoluci\u00f3n de la tercera c\u00e1mara trasera (num\u00e9rica)2<\/li>\n<\/ul>\n<p><strong>Contenido del embalaje<\/strong><\/p>\n<ul>\n<li>Adaptador AC incluido S\u00ed<\/li>\n<li>Potencia de adaptador AC67 W<\/li>\n<\/ul>\n<p><strong>Sensores<\/strong><\/p>\n<ul>\n<li>Sensor de orientac\u00edon S\u00ed<\/li>\n<li>Sensor infrarrojo S\u00ed<\/li>\n<li>Sensor de proximidad S\u00ed<\/li>\n<li>Aceler\u00f3metro S\u00ed<\/li>\n<li>Sensor de luz ambiental S\u00ed<\/li>\n<li>Giroscopio S\u00ed<\/li>\n<\/ul>\n<p><strong>Bater\u00eda<\/strong><\/p>\n<ul>\n<li>Capacidad de bater\u00eda 5000<\/li>\n<\/ul>\n<p><strong>Dise\u00f1o<\/strong><\/p>\n<ul>\n<li>Factor de forma Barra<\/li>\n<li>Color del tel\u00e9fono Negro<\/li>\n<\/ul>\n<p><strong>Desempe\u00f1o<\/strong><\/p>\n<ul>\n<li>Reconocimiento de cara S\u00ed<\/li>\n<li>Altavoz S\u00ed<\/li>\n<li>Alerta vibratoria S\u00ed<\/li>\n<li>Video llamada S\u00ed<\/li>\n<li>Carga r\u00e1pida S\u00ed<\/li>\n<li>Adaptador gr\u00e1fico Adreno\u00a0 619<\/li>\n<li>Lector de huella digital S\u00ed<\/li>\n<\/ul>\n<p><strong>Multimedia<\/strong><\/p>\n<ul>\n<li>Altavoces Est\u00e9reo<\/li>\n<\/ul>\n<p><strong>Conexi\u00f3n<\/strong><\/p>\n<ul>\n<li>Capacidad de la tarjeta SIM SIM doble<\/li>\n<li>Mobile network generation 5G<\/li>\n<li>Tipo de tarjeta SIM NanoSIM<\/li>\n<li>Est\u00e1ndares 3G WCDMA<\/li>\n<li>Est\u00e1ndar 4G LTE-TDD &amp; LTE-FDD<\/li>\n<li>Wifi S\u00ed<\/li>\n<li>Wi-Fi est\u00e1ndares 802.11a,802.11b,802.11g,Wi-Fi 4 (802.11n),Wi-Fi 5 (802.11ac)<\/li>\n<li>Bluetooth S\u00ed<\/li>\n<li>Versi\u00f3n de Bluetooth 5.1<\/li>\n<li>5G S\u00ed<\/li>\n<\/ul>\n<\/div>\n","protected":false},"excerpt":{"rendered":"<p><span style=\"color: #ff0000;\"><strong>\u00a1ENV\u00cdO INCLUIDO!<\/strong><\/span><\/p>\n","protected":false},"featured_media":217715,"comment_status":"open","ping_status":"closed","template":"","meta":{"_joinchat":[]},"product_cat":[795,6479,6476,7133],"product_tag":[],"class_list":{"0":"post-217714","1":"product","2":"type-product","3":"status-publish","4":"has-post-thumbnail","6":"product_cat-electronica","7":"product_cat-smartphones-telefonos","8":"product_cat-telefonos","9":"product_cat-ofertas-smartphones","11":"first","12":"instock","13":"sale","14":"taxable","15":"shipping-taxable","16":"purchasable","17":"product-type-simple"},"_links":{"self":[{"href":"https:\/\/desdropi.com\/elparque\/wp-json\/wp\/v2\/product\/217714"}],"collection":[{"href":"https:\/\/desdropi.com\/elparque\/wp-json\/wp\/v2\/product"}],"about":[{"href":"https:\/\/desdropi.com\/elparque\/wp-json\/wp\/v2\/types\/product"}],"replies":[{"embeddable":true,"href":"https:\/\/desdropi.com\/elparque\/wp-json\/wp\/v2\/comments?post=217714"}],"version-history":[{"count":0,"href":"https:\/\/desdropi.com\/elparque\/wp-json\/wp\/v2\/product\/217714\/revisions"}],"wp:featuredmedia":[{"embeddable":true,"href":"https:\/\/desdropi.com\/elparque\/wp-json\/wp\/v2\/media\/217715"}],"wp:attachment":[{"href":"https:\/\/desdropi.com\/elparque\/wp-json\/wp\/v2\/media?parent=217714"}],"wp:term":[{"taxonomy":"product_cat","embeddable":true,"href":"https:\/\/desdropi.com\/elparque\/wp-json\/wp\/v2\/product_cat?post=217714"},{"taxonomy":"product_tag","embeddable":true,"href":"https:\/\/desdropi.com\/elparque\/wp-json\/wp\/v2\/product_tag?post=217714"}],"curies":[{"name":"wp","href":"https:\/\/api.w.org\/{rel}","templated":true}]}}