{"id":217718,"date":"2024-04-08T12:29:11","date_gmt":"2024-04-08T10:29:11","guid":{"rendered":"https:\/\/desdropi.com\/elparque\/?post_type=product&#038;p=217718"},"modified":"2024-05-17T13:02:50","modified_gmt":"2024-05-17T11:02:50","slug":"smartphone-apple-iphone-13-4-128-61-midnight","status":"publish","type":"product","link":"https:\/\/desdropi.com\/elparque\/smartphone-apple-iphone-13-4-128-61-midnight\/","title":{"rendered":"SMARTPHONE APPLE IPHONE 13 4\/128 6,1&#8243; MIDNIGHT"},"content":{"rendered":"<div class=\"descripcion-tab\"><strong>NOMBRE DEL PRODUCTO<\/strong><br \/>\nMarca APPLE<br \/>\nModelo MLPF3QL\/A<br \/>\nEAN194252707197<br \/>\n<strong>Procesador<\/strong><\/p>\n<ul>\n<li>Coprocesador S\u00ed<\/li>\n<li>Familia de procesador Apple<\/li>\n<li>Modelo del procesador A15<\/li>\n<li>modelo Coprocesador Neural Engine<\/li>\n<li>N\u00famero de n\u00facleos de procesador 6<\/li>\n<li>n\u00facleos coprocesador 16<\/li>\n<\/ul>\n<p><strong>Exhibici\u00f3n<\/strong><\/p>\n<ul>\n<li>High Dynamic Range (HDR) technology Extreme Dynamic Range (XDR), High Dynamic Range 10 (HDR10), Hybrid Log-Gamma (HLG)<\/li>\n<li>Resoluci\u00f3n de la pantalla 2532 x 1170<\/li>\n<li>Densidad del pixel 460<\/li>\n<li>Pantalla con esquinas redondeadas S\u00ed<\/li>\n<li>Brillo de pantalla 800<\/li>\n<li>Raz\u00f3n de contraste (t\u00edpica)200000 0:1<\/li>\n<li>Forma de la pantalla Plana<\/li>\n<li>Tipo de visualizador OLED<\/li>\n<li>Anti-huellas S\u00ed<\/li>\n<li>Alto Rango Din\u00e1mico (HDR) S\u00ed<\/li>\n<li>Brillo m\u00e1ximo de la pantalla (HDR)1200<\/li>\n<li>Tipo de cristal de pantalla Ceramic Shield<\/li>\n<li>Tama\u00f1o de la pantalla 6,1&#8243;<\/li>\n<\/ul>\n<p><strong>Puertos e Interfaces<\/strong><\/p>\n<ul>\n<li>Auriculares Lightning<\/li>\n<li>Conector de iluminaci\u00f3n S\u00ed<\/li>\n<li>Puerto USB No<\/li>\n<\/ul>\n<p><strong>Peso y dimensiones<\/strong><\/p>\n<ul>\n<li>Peso 174<\/li>\n<li>Profundidad 7,65<\/li>\n<li>Altura 146,7<\/li>\n<li>Ancho 71,5<\/li>\n<\/ul>\n<p><strong>Condiciones ambientales<\/strong><\/p>\n<ul>\n<li>Intervalo de temperatura operativa0 &#8211; 35<\/li>\n<li>Intervalo de temperatura de almacenaje -20 &#8211; 45<\/li>\n<li>Intervalo de humedad relativa para funcionamiento 5 &#8211; 95<\/li>\n<li>Altitud de funcionamiento0 &#8211; 3000<br \/>\nDetalles t\u00e9cnicos<\/li>\n<li>\u00cdndice de reparabilidad 6.4<\/li>\n<\/ul>\n<p><strong>Medios de almacenaje<\/strong><\/p>\n<ul>\n<li>Tarjetas de memoria compatibles No compatible<\/li>\n<li>Memoria interna 128 GB<\/li>\n<li>RAM interna 4 GB<\/li>\n<\/ul>\n<p><strong>Mensajer\u00eda<\/strong><\/p>\n<ul>\n<li>Correo electr\u00f3nico S\u00ed<\/li>\n<li>Sistema de mensajer\u00eda multimedia (MMS) S\u00ed<\/li>\n<li>Servicios de mensajes cortos (SMS) S\u00ed<\/li>\n<\/ul>\n<p><strong>Navegaci\u00f3n<\/strong><\/p>\n<ul>\n<li>Br\u00fajula electr\u00f3nica S\u00ed<\/li>\n<li>GPS (sat\u00e9lite) S\u00ed<\/li>\n<li>Sistema por Sat\u00e9lite Quasi-Zenith (QZSS) S\u00ed<\/li>\n<li>BeiDou S\u00ed<\/li>\n<li>GLONASS S\u00ed<\/li>\n<li>Galileo S\u00ed<\/li>\n<li>GPS S\u00ed<\/li>\n<li>Posicionamiento de Wi-Fi S\u00ed<\/li>\n<\/ul>\n<p><strong>Aprobaciones reguladoras<\/strong><\/p>\n<ul>\n<li>\u00cdndice SAR para el cuerpo (UE) 0,99<\/li>\n<li>\u00cdndice SAR para la cabeza (UE) 0,98<\/li>\n<\/ul>\n<p><strong>Software<\/strong><\/p>\n<ul>\n<li>App distribution platform Apple App Store<\/li>\n<li>Sistema operativo MAC soportado S\u00ed<\/li>\n<li>Asistente virtual Apple Siri<\/li>\n<li>Sistema operativo Windows soportado S\u00ed<\/li>\n<li>Plataforma iOS<\/li>\n<li>Sistema operativo instalado iOS 15<\/li>\n<\/ul>\n<p><strong>C\u00e1mara fotogr\u00e1fica<\/strong><\/p>\n<ul>\n<li>Velocidad m\u00e1xima de cuadro 240<\/li>\n<li>\u00c1ngulo del campo de visi\u00f3n (FOV) de la c\u00e1mara trasera 120<\/li>\n<li>Tipo de c\u00e1mara trasera C\u00e1mara doble<\/li>\n<li>Elementos de la lente de la segunda c\u00e1mara trasera Lente de 7 elementos<\/li>\n<li>N\u00famero de apertura de la segunda c\u00e1mara trasera 1,6<\/li>\n<li>Modo noche S\u00ed<\/li>\n<li>Flash en c\u00e1mara trasera S\u00ed<\/li>\n<li>Modo de lapso de tiempo S\u00ed<\/li>\n<li>Zoom digital 5<\/li>\n<li>Estabilizador de imagen S\u00ed<\/li>\n<li>Resoluci\u00f3n en velocidad de captura 1920&#215;1080@120fps, 1920&#215;1080@240fps, 1920&#215;1080@30fps, 1920&#215;1080@60fps, 3840&#215;2160@24fps, 3840&#215;2160@30fps, 3840&#215;2160@60fps<\/li>\n<li>Autoenfoque S\u00ed<\/li>\n<li>Resoluci\u00f3n de la c\u00e1mara trasera (num\u00e9rica) 12<\/li>\n<li>Detector de rostro S\u00ed<\/li>\n<li>Resoluci\u00f3n de la c\u00e1mara frontal (num\u00e9rica) 12<\/li>\n<li>Disparador autom\u00e1tico S\u00ed<\/li>\n<li>Estabilizador de v\u00eddeo S\u00ed<\/li>\n<li>Resoluci\u00f3n de la segunda c\u00e1mara trasera (num\u00e9rica) 12<\/li>\n<li>Disparador multiple S\u00ed<\/li>\n<li>N\u00famero de apertura de la c\u00e1mara frontal 2,2<\/li>\n<li>Modos de grabaci\u00f3n de v\u00eddeo 720p, 1080p, 2160p<\/li>\n<li>Zoom \u00f3ptico 2<\/li>\n<li>Resoluci\u00f3n de captura de video 3840 x 2160<\/li>\n<li>Panor\u00e1mica S\u00ed<\/li>\n<li>Geoetiquetado S\u00ed<\/li>\n<li>N\u00famero de apertura de la c\u00e1mara trasera 2,4<\/li>\n<li>Tipo de c\u00e1mara frontal C\u00e1mara \u00fanica<\/li>\n<li>Elementos de la lente de la c\u00e1mara trasera Lente de 5 elementos<\/li>\n<\/ul>\n<p><strong>Contenido del embalaje<\/strong><\/p>\n<ul>\n<li>Cables incluidos USB Type-C to Lightning<\/li>\n<li>Auriculares incluidos No<\/li>\n<li>Adaptador AC incluido No<\/li>\n<\/ul>\n<p><strong>Otras caracter\u00edsticas<\/strong><\/p>\n<ul>\n<li>Pantalla t\u00e1ctil S\u00ed<\/li>\n<\/ul>\n<p><strong>Sensores<\/strong><\/p>\n<ul>\n<li>Bar\u00f3metro S\u00ed<\/li>\n<li>Giroscopio S\u00ed<\/li>\n<li>Sensor de orientac\u00edon S\u00ed<\/li>\n<li>Sensor de proximidad S\u00ed<\/li>\n<li>Sensor de luz ambiental S\u00ed<\/li>\n<li>Aceler\u00f3metro S\u00ed<\/li>\n<\/ul>\n<p><strong>Bater\u00eda<\/strong><\/p>\n<ul>\n<li>Tiempo continuo de reproducci\u00f3n de video 19<\/li>\n<li>Tecnolog\u00eda de bater\u00eda I\u00f3n de litio<\/li>\n<li>Tiempo continuo de reproducci\u00f3n de audio 75<\/li>\n<\/ul>\n<p><strong>Dise\u00f1o<\/strong><\/p>\n<ul>\n<li>Material de la carcas aluminio, Vidrio<\/li>\n<li>C\u00f3digo IP (International Protection) IP68<\/li>\n<li>Factor de forma Barra<\/li>\n<li>Funciones de protecci\u00f3n Resistente al polvo, A prueba de salpicaduras, Resistente al agua<\/li>\n<li>Nombre del color Midnight<\/li>\n<li>Color del tel\u00e9fono Negro<\/li>\n<\/ul>\n<p><strong>Desempe\u00f1o<\/strong><\/p>\n<ul>\n<li>Cargador inal\u00e1mbrico S\u00ed<\/li>\n<li>Compatible con aud\u00edfonos S\u00ed<\/li>\n<li>Alerta vibratoria S\u00ed<\/li>\n<li>Reconocimiento de cara S\u00ed<\/li>\n<li>Llamada por voz S\u00ed<\/li>\n<li>Adaptadores de n\u00facleo gr\u00e1fico 4<\/li>\n<li>Video llamada S\u00ed<\/li>\n<li>Carga r\u00e1pida S\u00ed<\/li>\n<li>Altavoz S\u00ed<\/li>\n<li>Comandos de voz S\u00ed<\/li>\n<\/ul>\n<p><strong>Multimedia<\/strong><\/p>\n<ul>\n<li>Formatos de audio soportados AAC, AAC-LC, AAX, AAX+, AC3, EAC3, FLAC, HE-AAC, HE-AAC v2, MP3, PCM<\/li>\n<li>Formatos de v\u00eddeo compatibles H.264, HEVC, M-JPEG, MPEG4<\/li>\n<li>Altavoces Est\u00e9reo<\/li>\n<\/ul>\n<p><strong>Suscripci\u00f3n<\/strong><\/p>\n<ul>\n<li>Tipo de suscripci\u00f3n Sin suscripci\u00f3n<\/li>\n<\/ul>\n<p><strong>Conexi\u00f3n<\/strong><\/p>\n<ul>\n<li>Est\u00e1ndares 3G DC-HSDPA, HSPA+, UMTS<\/li>\n<li>Wifi S\u00ed<\/li>\n<li>MIMO S\u00ed<\/li>\n<li>Bluetooth S\u00ed<\/li>\n<li>Tipo de tarjeta SIM NanoSIM + eSIM<\/li>\n<li>Versi\u00f3n de Bluetooth 5.0<\/li>\n<li>Est\u00e1ndar 4GLTE<\/li>\n<li>Mobile network generation5G<\/li>\n<li>AirPlay S\u00ed<\/li>\n<li>NFC S\u00ed<\/li>\n<li>iBeacon S\u00ed<\/li>\n<li>Voces superpuestas LTE (VoLTE) compatibles S\u00ed<\/li>\n<li>Wi-Fi est\u00e1ndares Wi-Fi 6 (802.11ax)<\/li>\n<li>Capacidad de la tarjeta SIM SIM doble<\/li>\n<\/ul>\n<\/div>\n","protected":false},"excerpt":{"rendered":"<p><span style=\"color: #ff0000;\"><strong>\u00a1ENV\u00cdO INCLUIDO!<\/strong><\/span><\/p>\n","protected":false},"featured_media":217719,"comment_status":"open","ping_status":"closed","template":"","meta":{"_joinchat":[]},"product_cat":[795,6479,6476,7133],"product_tag":[],"class_list":{"0":"post-217718","1":"product","2":"type-product","3":"status-publish","4":"has-post-thumbnail","6":"product_cat-electronica","7":"product_cat-smartphones-telefonos","8":"product_cat-telefonos","9":"product_cat-ofertas-smartphones","11":"first","12":"instock","13":"sale","14":"taxable","15":"shipping-taxable","16":"purchasable","17":"product-type-simple"},"_links":{"self":[{"href":"https:\/\/desdropi.com\/elparque\/wp-json\/wp\/v2\/product\/217718"}],"collection":[{"href":"https:\/\/desdropi.com\/elparque\/wp-json\/wp\/v2\/product"}],"about":[{"href":"https:\/\/desdropi.com\/elparque\/wp-json\/wp\/v2\/types\/product"}],"replies":[{"embeddable":true,"href":"https:\/\/desdropi.com\/elparque\/wp-json\/wp\/v2\/comments?post=217718"}],"version-history":[{"count":0,"href":"https:\/\/desdropi.com\/elparque\/wp-json\/wp\/v2\/product\/217718\/revisions"}],"wp:featuredmedia":[{"embeddable":true,"href":"https:\/\/desdropi.com\/elparque\/wp-json\/wp\/v2\/media\/217719"}],"wp:attachment":[{"href":"https:\/\/desdropi.com\/elparque\/wp-json\/wp\/v2\/media?parent=217718"}],"wp:term":[{"taxonomy":"product_cat","embeddable":true,"href":"https:\/\/desdropi.com\/elparque\/wp-json\/wp\/v2\/product_cat?post=217718"},{"taxonomy":"product_tag","embeddable":true,"href":"https:\/\/desdropi.com\/elparque\/wp-json\/wp\/v2\/product_tag?post=217718"}],"curies":[{"name":"wp","href":"https:\/\/api.w.org\/{rel}","templated":true}]}}