{"id":217753,"date":"2024-04-08T20:36:37","date_gmt":"2024-04-08T18:36:37","guid":{"rendered":"https:\/\/desdropi.com\/elparque\/?post_type=product&#038;p=217753"},"modified":"2024-06-05T11:33:56","modified_gmt":"2024-06-05T09:33:56","slug":"smartphone-redmi-note-13-5g-8-256-667-graphite-b","status":"publish","type":"product","link":"https:\/\/desdropi.com\/elparque\/smartphone-redmi-note-13-5g-8-256-667-graphite-b\/","title":{"rendered":"SMARTPHONE REDMI NOTE 13 5G 8\/256 6,67&#8243; GRAPHITE B"},"content":{"rendered":"<div class=\"descripcion-tab\">\n<strong>NOMBRE DEL PRODUCTO<\/strong><br \/>\nMarca XIAOMI<br \/>\nModelo MZB0FPYEU<br \/>\nEAN6941812755051<br \/>\n<strong>Procesador<\/strong><\/p>\n<ul>\n<li>Familia de procesador Media Tek Dimensity<\/li>\n<li>Frecuencia del procesador turbo 2,4<\/li>\n<li>Modelo del procesador 6080<\/li>\n<li>N\u00famero de n\u00facleos de procesador 8<\/li>\n<\/ul>\n<p><strong>Exhibici\u00f3n<\/strong><\/p>\n<ul>\n<li>Resoluci\u00f3n de la pantalla2400 x 1080<\/li>\n<li>Forma de la pantallaPlana<\/li>\n<li>Tipo de visualizadorAMOLED<\/li>\n<li>Brillo de pantalla1000<\/li>\n<li>Raz\u00f3n de contraste (t\u00edpica)500000 0:1<\/li>\n<li>M\u00e1xima velocidad de actualizaci\u00f3n 120<\/li>\n<li>Tipo de cristal de pantalla Gorilla Glass<\/li>\n<li>Gorilla Glass version Gorilla Glass 5<\/li>\n<li>Tama\u00f1o de la pantalla 16,9<\/li>\n<\/ul>\n<p><strong>Puertos e Interfaces<\/strong><\/p>\n<ul>\n<li>Puerto USB S\u00ed<\/li>\n<li>Conector USB USB Tipo C<\/li>\n<\/ul>\n<p><strong>Peso y dimensiones<\/strong><\/p>\n<ul>\n<li>Peso 173,5<\/li>\n<li>Altura 161,1<\/li>\n<li>Ancho 75<\/li>\n<li>Profundidad 7,6<\/li>\n<\/ul>\n<p><strong>Medios de almacenaje<\/strong><\/p>\n<ul>\n<li>RAM interna 8<\/li>\n<li>Memoria interna 256<\/li>\n<li>Tipo de memoria RAM interna LPD DR4X<\/li>\n<\/ul>\n<p><strong>Navegaci\u00f3n<\/strong><\/p>\n<ul>\n<li>GPS S\u00ed<\/li>\n<li>GPS (sat\u00e9lite) S\u00ed<\/li>\n<li>BeiDou S\u00ed<\/li>\n<li>GLONASS S\u00ed<\/li>\n<li>Galileo S\u00ed<\/li>\n<li>Br\u00fajula electr\u00f3nica S\u00ed<\/li>\n<li><strong>Software<\/strong><\/li>\n<li>Operating system fork MIUI 14<\/li>\n<\/ul>\n<p><strong>C\u00e1mara fotogr\u00e1fica<\/strong><\/p>\n<ul>\n<li>Resoluci\u00f3n de la c\u00e1mara trasera (num\u00e9rica) 100<\/li>\n<li>Resoluci\u00f3n de la segunda c\u00e1mara trasera (num\u00e9rica) 2<\/li>\n<li>Tipo de c\u00e1mara trasera C\u00e1mara doble<\/li>\n<li>Tipo de c\u00e1mara frontal C\u00e1mara \u00fanica<\/li>\n<li>Resoluci\u00f3n de la c\u00e1mara frontal (num\u00e9rica) 16<\/li>\n<li>Flash en c\u00e1mara trasera S\u00ed<\/li>\n<li>Modo de alto rango din\u00e1mico (HDR) de la c\u00e1mara S\u00ed<\/li>\n<li>Modo noche S\u00ed<\/li>\n<li>Modo retrato S\u00ed<\/li>\n<li>Panor\u00e1mica S\u00ed<\/li>\n<li>AI scene recognition S\u00ed<\/li>\n<li>Modo de lapso de tiempo S\u00ed<\/li>\n<li>Zoom \u00f3ptico 3<\/li>\n<li>N\u00famero de apertura de la c\u00e1mara trasera 1,7<\/li>\n<\/ul>\n<p><strong>Contenido del embalaje<\/strong><\/p>\n<ul>\n<li>Gu\u00eda de configuraci\u00f3n r\u00e1pida S\u00ed<\/li>\n<li>Adaptador AC incluido S\u00ed<\/li>\n<li>Cables incluidos USB Tipo C<\/li>\n<li>Ejection pin S\u00ed<\/li>\n<li>Funda protectora S\u00ed<\/li>\n<\/ul>\n<p><strong>Sensores<\/strong><\/p>\n<ul>\n<li>Giroscopio S\u00ed<\/li>\n<li>Aceler\u00f3metro S\u00ed<\/li>\n<li>Sensor de luz ambiental S\u00ed<\/li>\n<li>Sensor infrarrojo S\u00ed<\/li>\n<\/ul>\n<p><strong>Bater\u00eda<\/strong><\/p>\n<ul>\n<li>Capacidad de bater\u00eda 5000<\/li>\n<\/ul>\n<p><strong>Dise\u00f1o<\/strong><\/p>\n<ul>\n<li>Factor de forma Barra<\/li>\n<li>C\u00f3digo IP (International Protection)IP 54<\/li>\n<li>Color del tel\u00e9fono Negro<\/li>\n<\/ul>\n<p><strong>Desempe\u00f1o<\/strong><\/p>\n<ul>\n<li>Adaptador gr\u00e1fico Mali-G57<\/li>\n<li>Carga r\u00e1pida S\u00ed<\/li>\n<\/ul>\n<p><strong>Multimedia<\/strong><\/p>\n<ul>\n<li>Formatos de v\u00eddeo compatibles3G 2, 3GP, ASF, AVI, M4V, MKV, MP4, WEBM, WMV<\/li>\n<li>Formatos de audio soportados AAC, ADPCM, AMR, APE, FLAC, MP2, MP3, Vorbis, WAV<\/li>\n<\/ul>\n<p><strong>Conexi\u00f3n<\/strong><\/p>\n<ul>\n<li>Capacidad de la tarjeta SIM SIM doble<\/li>\n<li>Mobile network generation 5G<\/li>\n<li>Tipo de tarjeta SIM NanoSIM<\/li>\n<li>Est\u00e1ndar 5G Sub6 NSA, Sub6 SA<\/li>\n<li>Est\u00e1ndar 4G LTE-TDD &amp; LTE-FDD<\/li>\n<li>Est\u00e1ndares 3G WCDMA<\/li>\n<li>Bluetooth S\u00ed<\/li>\n<li>Versi\u00f3n de Bluetooth 5.3<\/li>\n<li>Wifi S\u00ed<\/li>\n<\/ul>\n<\/div>\n","protected":false},"excerpt":{"rendered":"<p>NOMBRE DEL PRODUCTO Marca XIAOMI Modelo MZB0FPYEU EAN6941812755051 Procesador Familia de procesador Media Tek Dimensity Frecuencia del procesador turbo 2,4<\/p>\n","protected":false},"featured_media":217754,"comment_status":"open","ping_status":"closed","template":"","meta":{"_joinchat":[]},"product_cat":[795,6479,6476,7133],"product_tag":[],"class_list":{"0":"post-217753","1":"product","2":"type-product","3":"status-publish","4":"has-post-thumbnail","6":"product_cat-electronica","7":"product_cat-smartphones-telefonos","8":"product_cat-telefonos","9":"product_cat-ofertas-smartphones","11":"first","12":"instock","13":"taxable","14":"shipping-taxable","15":"purchasable","16":"product-type-simple"},"_links":{"self":[{"href":"https:\/\/desdropi.com\/elparque\/wp-json\/wp\/v2\/product\/217753"}],"collection":[{"href":"https:\/\/desdropi.com\/elparque\/wp-json\/wp\/v2\/product"}],"about":[{"href":"https:\/\/desdropi.com\/elparque\/wp-json\/wp\/v2\/types\/product"}],"replies":[{"embeddable":true,"href":"https:\/\/desdropi.com\/elparque\/wp-json\/wp\/v2\/comments?post=217753"}],"version-history":[{"count":0,"href":"https:\/\/desdropi.com\/elparque\/wp-json\/wp\/v2\/product\/217753\/revisions"}],"wp:featuredmedia":[{"embeddable":true,"href":"https:\/\/desdropi.com\/elparque\/wp-json\/wp\/v2\/media\/217754"}],"wp:attachment":[{"href":"https:\/\/desdropi.com\/elparque\/wp-json\/wp\/v2\/media?parent=217753"}],"wp:term":[{"taxonomy":"product_cat","embeddable":true,"href":"https:\/\/desdropi.com\/elparque\/wp-json\/wp\/v2\/product_cat?post=217753"},{"taxonomy":"product_tag","embeddable":true,"href":"https:\/\/desdropi.com\/elparque\/wp-json\/wp\/v2\/product_tag?post=217753"}],"curies":[{"name":"wp","href":"https:\/\/api.w.org\/{rel}","templated":true}]}}