{"id":217757,"date":"2024-04-09T00:14:24","date_gmt":"2024-04-08T22:14:24","guid":{"rendered":"https:\/\/desdropi.com\/elparque\/lavadora-cecotec-02767-9kg-1400rpm-inverter-clase-a-inox\/"},"modified":"2024-05-19T00:06:23","modified_gmt":"2024-05-18T22:06:23","slug":"lavadora-cecotec-02767-9kg-1400rpm-inverter-clase-a-inox","status":"publish","type":"product","link":"https:\/\/desdropi.com\/elparque\/lavadora-cecotec-02767-9kg-1400rpm-inverter-clase-a-inox\/","title":{"rendered":"lavadora cecotec 02767 9kg 1400rpm inverter clase\/a inox"},"content":{"rendered":"<div class=\"descripcion-tab\">\n<strong>Descripci\u00f3n:<\/strong><\/p>\n<ul>\n<li>Capacidad de carga: 9 kg.<\/li>\n<li>Clase A: m\u00e1xima eficiencia energ\u00e9tica que permite un gran ahorro energ\u00e9tico en cada lavado.<\/li>\n<li>Motor Inverter Plus: garantiza un funcionamiento eficiente lavado tras lavado, lo que permite ahorrar m\u00e1s de un 70% en comparaci\u00f3n con un motor universal. Adem\u00e1s, reduce el ruido durante su funcionamiento, sobre todo en la fase de centrifugado y lavado.<\/li>\n<li>Revoluciones programables: m\u00e1x 1400 rpm.<\/li>\n<li>16 programas: un programa para cada momento y cada tejido para ofrecer siempre lavados a medida. Gran variedad de programas que se ajustan a todas tus necesidades y a todas tus prendas.<\/li>\n<li>OnSmart: lavado inteligente que selecciona el programa ideal de forma autom\u00e1tica con solo pulsar un bot\u00f3n.<\/li>\n<li>Fuzzy Logic: detecta la carga del lavado y optimiza el nivel de agua y tiempo de lavado.<\/li>\n<li>SteamMax: funci\u00f3n agregada antes del programa principal que lava la ropa mediante vapor. Envuelve la colada con vapor para penetrar eficazmente en cada prenda para esterilizarla y eliminar cualquier olor.<\/li>\n<li>Spa Care: funci\u00f3n de esterilizaci\u00f3n previa al lavado mediante vapor que deja la ropa 100 % libre de g\u00e9rmenes y bacterias.<\/li>\n<li>Pearl Drum: tambor con textura de copo de nieve m\u00e1s cuidadoso con tus prendas.<\/li>\n<li>Space Pro: m\u00e1s capacidad en el mismo espacio gracias al dise\u00f1o extraplano del tambor.<\/li>\n<li>Display touch: controla la lavadora de forma c\u00f3moda gracias a su display t\u00e1ctil XXL y conoce toda la informaci\u00f3n de cada lavado de un simple vistazo (tiempo de lavado, opciones seleccionadas, etapa del programa, etc.).<\/li>\n<li>DelayStart: programa el inicio del lavado entre 0 y 24 h antes.<\/li>\n<li>Smooth Wash: gracias al sistema ESC ajusta el lavado y centrifugado a un modo ultra silencioso para que pueda utilizarse incluso por las noches.<\/li>\n<li>KidLock: bloqueo de seguridad para ni\u00f1os para evitar que puedan controlar la lavadora.<\/li>\n<li>Goma antibacteriana: evita la formaci\u00f3n de g\u00e9rmenes en el interior de la lavadora para que tu colada siempre salga perfecta.<\/li>\n<li>Limpieza de tambor autom\u00e1tica: mant\u00e9n tu tambor siempre impecable y consigue una higiene total de tus prendas gracias a su sistema DrumClean.<\/li>\n<\/ul>\n<p><strong>Composici\u00f3n:<\/strong><\/p>\n<ul>\n<li>Lavadora<\/li>\n<li>Manguera suministro agua<\/li>\n<li>Manual de instrucciones<\/li>\n<li>Patas de transporte<\/li>\n<\/ul>\n<\/div>\n","protected":false},"excerpt":{"rendered":"<p><a href=\"https:\/\/eprel.ec.europa.eu\/informationsheet\/Fiche_1575049_ES.pdf\" target=\"_blank\" rel=\"noopener\"><img decoding=\"async\" class=\"alignnone wp-image-205400 size-full\" src=\"https:\/\/desdropi.com\/elparque\/wp-content\/uploads\/eficiencia-A.png\" alt=\"\" width=\"56\" height=\"33\" \/><u><\/u><\/a><u><a href=\"https:\/\/eprel.ec.europa.eu\/informationsheet\/Fiche_1575049_ES.pdf\" target=\"_blank\" rel=\"noopener\">Ficha de informaci\u00f3n de producto<\/a><\/u><\/p>\n","protected":false},"featured_media":217758,"comment_status":"open","ping_status":"closed","template":"","meta":{"_joinchat":[]},"product_cat":[6444,6443,780],"product_tag":[],"class_list":{"0":"post-217757","1":"product","2":"type-product","3":"status-publish","4":"has-post-thumbnail","6":"product_cat-carga-frontal-lavadoras","7":"product_cat-lavadoras","8":"product_cat-gran-electrodomestico","9":"pa_marca-cecotec-g-blanca","11":"first","12":"instock","13":"taxable","14":"shipping-taxable","15":"purchasable","16":"product-type-simple"},"_links":{"self":[{"href":"https:\/\/desdropi.com\/elparque\/wp-json\/wp\/v2\/product\/217757"}],"collection":[{"href":"https:\/\/desdropi.com\/elparque\/wp-json\/wp\/v2\/product"}],"about":[{"href":"https:\/\/desdropi.com\/elparque\/wp-json\/wp\/v2\/types\/product"}],"replies":[{"embeddable":true,"href":"https:\/\/desdropi.com\/elparque\/wp-json\/wp\/v2\/comments?post=217757"}],"version-history":[{"count":0,"href":"https:\/\/desdropi.com\/elparque\/wp-json\/wp\/v2\/product\/217757\/revisions"}],"wp:featuredmedia":[{"embeddable":true,"href":"https:\/\/desdropi.com\/elparque\/wp-json\/wp\/v2\/media\/217758"}],"wp:attachment":[{"href":"https:\/\/desdropi.com\/elparque\/wp-json\/wp\/v2\/media?parent=217757"}],"wp:term":[{"taxonomy":"product_cat","embeddable":true,"href":"https:\/\/desdropi.com\/elparque\/wp-json\/wp\/v2\/product_cat?post=217757"},{"taxonomy":"product_tag","embeddable":true,"href":"https:\/\/desdropi.com\/elparque\/wp-json\/wp\/v2\/product_tag?post=217757"}],"curies":[{"name":"wp","href":"https:\/\/api.w.org\/{rel}","templated":true}]}}