{"id":217766,"date":"2024-04-09T09:51:42","date_gmt":"2024-04-09T07:51:42","guid":{"rendered":"https:\/\/desdropi.com\/elparque\/?post_type=product&#038;p=217766"},"modified":"2024-05-17T13:02:52","modified_gmt":"2024-05-17T11:02:52","slug":"smartphone-redmi-12-8-256-679-sky-blue","status":"publish","type":"product","link":"https:\/\/desdropi.com\/elparque\/smartphone-redmi-12-8-256-679-sky-blue\/","title":{"rendered":"SMARTPHONE REDMI 12 8\/256 6,79&#8243; SKY BLUE"},"content":{"rendered":"<div class=\"descripcion-tab\">\n<strong>NOMBRE DEL PRODUCTO<\/strong><br \/>\nMarca XIAOMI<br \/>\nModelo MZB0ETBEU<br \/>\nEAN6941812739747<br \/>\n<strong>Procesador<\/strong><\/p>\n<ul>\n<li>Modelo del procesador Helio G88<\/li>\n<li>Familia de procesador MediaTek<\/li>\n<li>N\u00famero de n\u00facleos de procesador 8<\/li>\n<\/ul>\n<p><strong>Exhibici\u00f3n<\/strong><\/p>\n<ul>\n<li>Tipo de visualizador IPS<\/li>\n<li>Forma de la pantalla Plana<\/li>\n<li>M\u00e1xima velocidad de actualizaci\u00f3n 90<\/li>\n<li>Resoluci\u00f3n de la pantalla 1080 x 2400<\/li>\n<li>Alto Rango Din\u00e1mico (HDR) S\u00ed<\/li>\n<li>Tama\u00f1o de la pantalla 6,79&#8243;<\/li>\n<\/ul>\n<p><strong>Puertos e Interfaces<\/strong><\/p>\n<ul>\n<li>Auriculares 3,5 mm<\/li>\n<li>Puerto USB S\u00ed<\/li>\n<li>Conector USB USB Tipo C<\/li>\n<\/ul>\n<p><strong>Peso y dimensiones<\/strong><\/p>\n<ul>\n<li>Ancho 76,3<\/li>\n<li>Profundidad 8,17<\/li>\n<li>Altura 168,6<\/li>\n<li>Peso 198<\/li>\n<\/ul>\n<p><strong>Medios de almacenaje<\/strong><\/p>\n<ul>\n<li>Tarjetas de memoria compatibles MicroSD (TransFlash)<\/li>\n<li>Memoria interna 256<\/li>\n<li>Tipo de ranura para tarjeta de memoria Ranura h\u00edbrida<\/li>\n<li>Memoria del usuario 110,5<\/li>\n<li>Tama\u00f1o m\u00e1ximo de tarjeta de memoria 512<\/li>\n<li>RAM interna 8<\/li>\n<\/ul>\n<p><strong>Navegaci\u00f3n<\/strong><\/p>\n<ul>\n<li>GPS S\u00ed<\/li>\n<li>GPS (sat\u00e9lite) S\u00ed<\/li>\n<\/ul>\n<p><strong>Software<\/strong><\/p>\n<ul>\n<li>Operating system fork MIUI 14<\/li>\n<li>Sistema operativo instalado Android 13<\/li>\n<li>Plataforma Android<\/li>\n<\/ul>\n<p><strong>C\u00e1mara fotogr\u00e1fica<\/strong><\/p>\n<ul>\n<li>Resoluci\u00f3n de la c\u00e1mara trasera (num\u00e9rica) 50<\/li>\n<li>Flash en c\u00e1mara trasera S\u00ed<\/li>\n<li>Tipo de c\u00e1mara frontal C\u00e1mara \u00fanica<\/li>\n<li>Resoluci\u00f3n de la segunda c\u00e1mara trasera (num\u00e9rica) 8<\/li>\n<li>Modos de grabaci\u00f3n de v\u00eddeo 1080p<\/li>\n<li>Resoluci\u00f3n en velocidad de captura 1920&#215;1080@60fps<\/li>\n<li>Tipo de c\u00e1mara trasera Triple c\u00e1mara<\/li>\n<li>Resoluci\u00f3n de la tercera c\u00e1mara trasera (num\u00e9rica) 2<\/li>\n<li>Autoenfoque S\u00ed<\/li>\n<li>Resoluci\u00f3n de la c\u00e1mara frontal (num\u00e9rica) 8<\/li>\n<\/ul>\n<p><strong>Contenido del embalaje<\/strong><\/p>\n<ul>\n<li>Cables incluidos USB<\/li>\n<li>Adaptador AC incluido S\u00ed<\/li>\n<\/ul>\n<p><strong>Bater\u00eda<\/strong><\/p>\n<ul>\n<li>Capacidad de bater\u00eda 5000<\/li>\n<\/ul>\n<p><strong>Dise\u00f1o<\/strong><\/p>\n<ul>\n<li>Factor de forma Barra<\/li>\n<li>Nombre del color Sky Blue<\/li>\n<li>Color del tel\u00e9fono Azul<\/li>\n<\/ul>\n<p><strong>Desempe\u00f1o<\/strong><\/p>\n<ul>\n<li>Reconocimiento de cara S\u00ed<\/li>\n<li>Carga r\u00e1pida S\u00ed<\/li>\n<li>USB On-The-Go soportado S\u00ed<\/li>\n<\/ul>\n<p><strong>Multimedia<\/strong><\/p>\n<ul>\n<li>Radio FM S\u00ed<\/li>\n<li>Altavoces Est\u00e9reo<\/li>\n<\/ul>\n<p><strong>Conexi\u00f3n<\/strong><\/p>\n<ul>\n<li>NFC S\u00ed<\/li>\n<li>Est\u00e1ndar 5G No compatible<\/li>\n<li>Voces superpuestas LTE (VoLTE) compatibles S\u00ed<\/li>\n<li>Capacidad de la tarjeta SIM Ranura h\u00edbrida Dual SIM<\/li>\n<li>Bluetooth S\u00ed<\/li>\n<li>Mobile network generation 4G<\/li>\n<li>Wifi S\u00ed<\/li>\n<li>Wi-Fi est\u00e1ndares 802.11a, 802.11b, 802.11g, Wi-Fi 4 (802.11n), Wi-Fi 5 (802.11ac)<\/li>\n<li>Versi\u00f3n de Bluetooth 5.3<\/li>\n<li>Tipo de tarjeta SIM Nano SIM<\/li>\n<\/ul>\n<\/div>\n","protected":false},"excerpt":{"rendered":"<p><span style=\"color: #ff0000;\"><strong>\u00a1ENV\u00cdO GRATIS!<\/strong><\/span><\/p>\n","protected":false},"featured_media":217767,"comment_status":"open","ping_status":"closed","template":"","meta":{"_joinchat":[]},"product_cat":[795,6479,6476,7133],"product_tag":[],"class_list":{"0":"post-217766","1":"product","2":"type-product","3":"status-publish","4":"has-post-thumbnail","6":"product_cat-electronica","7":"product_cat-smartphones-telefonos","8":"product_cat-telefonos","9":"product_cat-ofertas-smartphones","11":"first","12":"instock","13":"sale","14":"taxable","15":"shipping-taxable","16":"purchasable","17":"product-type-simple"},"_links":{"self":[{"href":"https:\/\/desdropi.com\/elparque\/wp-json\/wp\/v2\/product\/217766"}],"collection":[{"href":"https:\/\/desdropi.com\/elparque\/wp-json\/wp\/v2\/product"}],"about":[{"href":"https:\/\/desdropi.com\/elparque\/wp-json\/wp\/v2\/types\/product"}],"replies":[{"embeddable":true,"href":"https:\/\/desdropi.com\/elparque\/wp-json\/wp\/v2\/comments?post=217766"}],"version-history":[{"count":0,"href":"https:\/\/desdropi.com\/elparque\/wp-json\/wp\/v2\/product\/217766\/revisions"}],"wp:featuredmedia":[{"embeddable":true,"href":"https:\/\/desdropi.com\/elparque\/wp-json\/wp\/v2\/media\/217767"}],"wp:attachment":[{"href":"https:\/\/desdropi.com\/elparque\/wp-json\/wp\/v2\/media?parent=217766"}],"wp:term":[{"taxonomy":"product_cat","embeddable":true,"href":"https:\/\/desdropi.com\/elparque\/wp-json\/wp\/v2\/product_cat?post=217766"},{"taxonomy":"product_tag","embeddable":true,"href":"https:\/\/desdropi.com\/elparque\/wp-json\/wp\/v2\/product_tag?post=217766"}],"curies":[{"name":"wp","href":"https:\/\/api.w.org\/{rel}","templated":true}]}}