{"id":217810,"date":"2024-04-09T18:41:37","date_gmt":"2024-04-09T16:41:37","guid":{"rendered":"https:\/\/desdropi.com\/elparque\/?post_type=product&#038;p=217810"},"modified":"2024-05-17T13:02:54","modified_gmt":"2024-05-17T11:02:54","slug":"smartphone-redmi-13c-8-256-674-midnight-black","status":"publish","type":"product","link":"https:\/\/desdropi.com\/elparque\/smartphone-redmi-13c-8-256-674-midnight-black\/","title":{"rendered":"SMARTPHONE REDMI 13C 8\/256 6,74&#8243; MIDNIGHT BLACK"},"content":{"rendered":"<div class=\"descripcion-tab\">\n<strong>NOMBRE DEL PRODUCTO<\/strong><br \/>\nMarca XIAOMI<br \/>\nModelo MZB0FTSEU<br \/>\nEAN6941812757383<br \/>\n<strong>Exhibici\u00f3n<\/strong><\/p>\n<ul>\n<li>Resoluci\u00f3n de la pantalla 1600 x 720<\/li>\n<li>Forma de la pantalla Plana<\/li>\n<li>Tipo de visualizador LCD<\/li>\n<li>Tipo de pantalla t\u00e1ctil Capacitiva<\/li>\n<li>Recubrimiento oleof\u00f3bico S\u00ed<\/li>\n<li>Anti-huellas S\u00ed<\/li>\n<li>Tama\u00f1o de la pantalla 17,1<\/li>\n<\/ul>\n<p><strong>Puertos e Interfaces<\/strong><\/p>\n<ul>\n<li>Puerto USB S\u00ed<\/li>\n<li>Conector USB USB Tipo C<\/li>\n<li>Auriculares USB Tipo C<\/li>\n<\/ul>\n<p><strong>Peso y dimensiones<\/strong><\/p>\n<ul>\n<li>Peso 192<\/li>\n<li>Ancho 78<\/li>\n<li>Profundidad 8,09<\/li>\n<li>Altura 168<\/li>\n<\/ul>\n<p><strong>Medios de almacenaje<\/strong><\/p>\n<ul>\n<li>RAM interna 8<\/li>\n<li>Memoria interna 256<\/li>\n<li>Tarjetas de memoria compatibles MicroSD (TransFlash)<\/li>\n<\/ul>\n<p><strong>Mensajer\u00eda<\/strong><\/p>\n<ul>\n<li>Servicios de mensajes cortos (SMS) S\u00ed<\/li>\n<li>Sistema de mensajer\u00eda multimedia (MMS) S\u00ed<\/li>\n<li>Correo electr\u00f3nico S\u00ed<\/li>\n<\/ul>\n<p><strong>Navegaci\u00f3n<\/strong><\/p>\n<ul>\n<li>GPS S\u00ed<\/li>\n<li>GPS (sat\u00e9lite) S\u00ed<\/li>\n<\/ul>\n<p><strong>Software<\/strong><\/p>\n<ul>\n<li>Plataforma Android<\/li>\n<\/ul>\n<p><strong>C\u00e1mara fotogr\u00e1fica<\/strong><\/p>\n<ul>\n<li>Tipo de c\u00e1mara trasera Triple c\u00e1mara<\/li>\n<li>Resoluci\u00f3n de la c\u00e1mara trasera (num\u00e9rica) 50<\/li>\n<li>Resoluci\u00f3n de la segunda c\u00e1mara trasera (num\u00e9rica) 2<\/li>\n<li>Resoluci\u00f3n de la tercera c\u00e1mara trasera (num\u00e9rica) 2<\/li>\n<li>Tipo de c\u00e1mara frontal C\u00e1mara \u00fanica<\/li>\n<li>Resoluci\u00f3n de la c\u00e1mara frontal (num\u00e9rica) 8<\/li>\n<li>Flash en c\u00e1mara trasera S\u00ed<\/li>\n<li>Tipo de flash LED<\/li>\n<\/ul>\n<p><strong>Bater\u00eda<\/strong><\/p>\n<ul>\n<li>Tecnolog\u00eda de bater\u00eda Pol\u00edmero de litio<\/li>\n<li>Capacidad de bater\u00eda 5000<\/li>\n<\/ul>\n<p><strong>Dise\u00f1o<\/strong><\/p>\n<ul>\n<li>Factor de forma Barra<\/li>\n<li>Color del tel\u00e9fono Negro<\/li>\n<\/ul>\n<p><strong>Desempe\u00f1o<\/strong><\/p>\n<ul>\n<li>Lector de huella digital S\u00ed<\/li>\n<li>Altavoz S\u00ed<\/li>\n<li>Alerta vibratoria S\u00ed<\/li>\n<\/ul>\n<p><strong>Conexi\u00f3n<\/strong><\/p>\n<ul>\n<li>Capacidad de la tarjeta SIM SIM doble<\/li>\n<li>Mobile network generation 4G<\/li>\n<li>Tipo de tarjeta SIM NanoSIM<\/li>\n<li>Est\u00e1ndar 4G LTE<\/li>\n<li>Wifi S\u00ed<\/li>\n<li>Bluetooth S\u00ed<\/li>\n<li>Versi\u00f3n de Bluetooth 5.1<\/li>\n<li>Wi-Fi Direct S\u00ed<\/li>\n<li>NFC S\u00ed<\/li>\n<\/ul>\n<\/div>\n","protected":false},"excerpt":{"rendered":"<p><span style=\"color: #ff0000;\"><strong>\u00a1ENV\u00cdO GRATIS!<\/strong><\/span><\/p>\n","protected":false},"featured_media":217819,"comment_status":"open","ping_status":"closed","template":"","meta":{"_joinchat":[]},"product_cat":[795,6479,6476,7133],"product_tag":[],"class_list":{"0":"post-217810","1":"product","2":"type-product","3":"status-publish","4":"has-post-thumbnail","6":"product_cat-electronica","7":"product_cat-smartphones-telefonos","8":"product_cat-telefonos","9":"product_cat-ofertas-smartphones","11":"first","12":"instock","13":"sale","14":"taxable","15":"shipping-taxable","16":"purchasable","17":"product-type-simple"},"_links":{"self":[{"href":"https:\/\/desdropi.com\/elparque\/wp-json\/wp\/v2\/product\/217810"}],"collection":[{"href":"https:\/\/desdropi.com\/elparque\/wp-json\/wp\/v2\/product"}],"about":[{"href":"https:\/\/desdropi.com\/elparque\/wp-json\/wp\/v2\/types\/product"}],"replies":[{"embeddable":true,"href":"https:\/\/desdropi.com\/elparque\/wp-json\/wp\/v2\/comments?post=217810"}],"version-history":[{"count":0,"href":"https:\/\/desdropi.com\/elparque\/wp-json\/wp\/v2\/product\/217810\/revisions"}],"wp:featuredmedia":[{"embeddable":true,"href":"https:\/\/desdropi.com\/elparque\/wp-json\/wp\/v2\/media\/217819"}],"wp:attachment":[{"href":"https:\/\/desdropi.com\/elparque\/wp-json\/wp\/v2\/media?parent=217810"}],"wp:term":[{"taxonomy":"product_cat","embeddable":true,"href":"https:\/\/desdropi.com\/elparque\/wp-json\/wp\/v2\/product_cat?post=217810"},{"taxonomy":"product_tag","embeddable":true,"href":"https:\/\/desdropi.com\/elparque\/wp-json\/wp\/v2\/product_tag?post=217810"}],"curies":[{"name":"wp","href":"https:\/\/api.w.org\/{rel}","templated":true}]}}