{"id":217842,"date":"2024-04-09T19:27:56","date_gmt":"2024-04-09T17:27:56","guid":{"rendered":"https:\/\/desdropi.com\/elparque\/?post_type=product&#038;p=217842"},"modified":"2024-05-17T13:02:55","modified_gmt":"2024-05-17T11:02:55","slug":"smartphone-motorola-edge-40-neo-12-256-65-black","status":"publish","type":"product","link":"https:\/\/desdropi.com\/elparque\/smartphone-motorola-edge-40-neo-12-256-65-black\/","title":{"rendered":"SMARTPHONE MOTOROLA EDGE 40 NEO 12\/256 6,5&#8243; BLACK"},"content":{"rendered":"<div class=\"descripcion-tab\">\n<strong>NOMBRE DEL PRODUCTO<\/strong><br \/>\nMarca MOTOROLA<br \/>\nModelo PAYH0000SE<br \/>\nEAN840023248535<br \/>\n<strong>Procesador<\/strong><\/p>\n<ul>\n<li>Familia de procesador MediaTek Dimensity<\/li>\n<li>Modelo del procesador 7030<\/li>\n<\/ul>\n<p><strong>Exhibici\u00f3n<\/strong><\/p>\n<ul>\n<li>Resoluci\u00f3n de la pantalla 1080 x 2400<\/li>\n<li>Forma de la pantalla Plana<\/li>\n<li>Tipo de visualizador OLED<\/li>\n<li>M\u00e1xima velocidad de actualizaci\u00f3n 144<\/li>\n<li>Tama\u00f1o de la pantalla 6,5&#8243;<\/li>\n<\/ul>\n<p><strong>Puertos e Interfaces<\/strong><\/p>\n<ul>\n<li>Puerto USB S\u00ed<\/li>\n<li>Conector USB USB Tipo C<\/li>\n<\/ul>\n<p><strong>Peso y dimensiones<\/strong><\/p>\n<ul>\n<li>Peso 170<\/li>\n<li>Ancho 72<\/li>\n<li>Profundidad 7,79<\/li>\n<li>Altura 159,6<\/li>\n<\/ul>\n<p><strong>Medios de almacenaje<\/strong><\/p>\n<ul>\n<li>RAM interna 12<\/li>\n<li>Memoria interna 256<\/li>\n<\/ul>\n<p><strong>Navegaci\u00f3n<\/strong><\/p>\n<ul>\n<li>GPS S\u00ed<\/li>\n<li>GPS (sat\u00e9lite) S\u00ed<\/li>\n<li>GLONASS S\u00ed<\/li>\n<li>Galileo S\u00ed<\/li>\n<\/ul>\n<p><strong>Software<\/strong><\/p>\n<ul>\n<li>Plataforma Android<\/li>\n<li>Sistema operativo instalado Android 13<\/li>\n<\/ul>\n<p><strong>C\u00e1mara fotogr\u00e1fica<\/strong><\/p>\n<ul>\n<li>Tipo de c\u00e1mara trasera C\u00e1mara doble<\/li>\n<li>Resoluci\u00f3n de la c\u00e1mara trasera (num\u00e9rica) 50<\/li>\n<li>Resoluci\u00f3n de la segunda c\u00e1mara trasera (num\u00e9rica) 13<\/li>\n<li>Tipo de c\u00e1mara frontal C\u00e1mara \u00fanica<\/li>\n<li>Resoluci\u00f3n de la c\u00e1mara frontal (num\u00e9rica) 32<\/li>\n<li>Estabilizador de imagen S\u00ed<\/li>\n<li>Tipo de estabilizador de imagen Optical Image Stabilization (OIS)<\/li>\n<li>Fotograf\u00eda macro S\u00ed<\/li>\n<\/ul>\n<p><strong>Contenido del embalaje<\/strong><\/p>\n<ul>\n<li>Potencia de adaptador AC 68<\/li>\n<li>Gu\u00eda de configuraci\u00f3n r\u00e1pida S\u00ed<\/li>\n<li>Adaptador AC incluido S\u00ed<\/li>\n<li>Cables incluidos USB Tipo C<\/li>\n<li>Protector de pantalla No<\/li>\n<li>Auriculares incluidos No<\/li>\n<li>Funda protectora S\u00ed<\/li>\n<\/ul>\n<p><strong>Bater\u00eda<\/strong><\/p>\n<ul>\n<li>Capacidad de bater\u00eda 5000<\/li>\n<\/ul>\n<p><strong>Dise\u00f1o<\/strong><\/p>\n<ul>\n<li>Factor de forma Barra<\/li>\n<li>Nombre del color Black Beauty<\/li>\n<li>Color del tel\u00e9fono Negro<\/li>\n<\/ul>\n<p><strong>Desempe\u00f1o<\/strong><\/p>\n<ul>\n<li>Reconocimiento de cara S\u00ed<\/li>\n<li>Lector de huella digital S\u00ed<\/li>\n<\/ul>\n<p><strong>Conexi\u00f3n<\/strong><\/p>\n<ul>\n<li>Capacidad de la tarjeta SIM SIM doble<\/li>\n<li>Mobile network generation 5G<\/li>\n<li>NFC S\u00ed<\/li>\n<li>Bluetooth S\u00ed<\/li>\n<li>Versi\u00f3n de Bluetooth 5.4<\/li>\n<\/ul>\n<\/div>\n","protected":false},"excerpt":{"rendered":"<p><span style=\"color: #ff0000;\"><strong>\u00a1ENV\u00cdO GRATIS!<\/strong><\/span><\/p>\n","protected":false},"featured_media":217843,"comment_status":"open","ping_status":"closed","template":"","meta":{"_joinchat":[]},"product_cat":[795,6479,6476,7133],"product_tag":[],"class_list":{"0":"post-217842","1":"product","2":"type-product","3":"status-publish","4":"has-post-thumbnail","6":"product_cat-electronica","7":"product_cat-smartphones-telefonos","8":"product_cat-telefonos","9":"product_cat-ofertas-smartphones","11":"first","12":"instock","13":"sale","14":"taxable","15":"shipping-taxable","16":"purchasable","17":"product-type-simple"},"_links":{"self":[{"href":"https:\/\/desdropi.com\/elparque\/wp-json\/wp\/v2\/product\/217842"}],"collection":[{"href":"https:\/\/desdropi.com\/elparque\/wp-json\/wp\/v2\/product"}],"about":[{"href":"https:\/\/desdropi.com\/elparque\/wp-json\/wp\/v2\/types\/product"}],"replies":[{"embeddable":true,"href":"https:\/\/desdropi.com\/elparque\/wp-json\/wp\/v2\/comments?post=217842"}],"version-history":[{"count":0,"href":"https:\/\/desdropi.com\/elparque\/wp-json\/wp\/v2\/product\/217842\/revisions"}],"wp:featuredmedia":[{"embeddable":true,"href":"https:\/\/desdropi.com\/elparque\/wp-json\/wp\/v2\/media\/217843"}],"wp:attachment":[{"href":"https:\/\/desdropi.com\/elparque\/wp-json\/wp\/v2\/media?parent=217842"}],"wp:term":[{"taxonomy":"product_cat","embeddable":true,"href":"https:\/\/desdropi.com\/elparque\/wp-json\/wp\/v2\/product_cat?post=217842"},{"taxonomy":"product_tag","embeddable":true,"href":"https:\/\/desdropi.com\/elparque\/wp-json\/wp\/v2\/product_tag?post=217842"}],"curies":[{"name":"wp","href":"https:\/\/api.w.org\/{rel}","templated":true}]}}