{"id":217862,"date":"2024-04-09T20:03:48","date_gmt":"2024-04-09T18:03:48","guid":{"rendered":"https:\/\/desdropi.com\/elparque\/?post_type=product&#038;p=217862"},"modified":"2024-06-05T11:33:56","modified_gmt":"2024-06-05T09:33:56","slug":"smartphone-apple-iphone-15-pro-256-61-blue-titan","status":"publish","type":"product","link":"https:\/\/desdropi.com\/elparque\/smartphone-apple-iphone-15-pro-256-61-blue-titan\/","title":{"rendered":"SMARTPHONE APPLE IPHONE 15 PRO 256 6,1&#8243; BLUE TITAN"},"content":{"rendered":"<div class=\"descripcion-tab\">\n<strong>NOMBRE DEL PRODUCTO<\/strong><br \/>\nMarca APPLE<br \/>\nModelo MTV63QL\/A<br \/>\nEAN195949019760<br \/>\n<strong>Procesador<\/strong><\/p>\n<ul>\n<li>Coprocesador S\u00ed<\/li>\n<li>Modelo del procesador A17 Pro<\/li>\n<li>Familia de procesador Apple<\/li>\n<li>modelo Coprocesador Neural Engine<\/li>\n<li>N\u00famero de n\u00facleos de procesador 6<\/li>\n<li>n\u00facleos coprocesador 16<\/li>\n<\/ul>\n<p><strong>Exhibici\u00f3n<\/strong><\/p>\n<ul>\n<li>Brillo m\u00e1ximo de la pantalla (exteriores) 2000<\/li>\n<li>High Dynamic Range (HDR) technology Dolby Vision, High Dynamic Range 10 (HDR10), Hybrid Log-Gamma (HLG)<\/li>\n<li>Brillo m\u00e1ximo de la pantalla (HDR) 1600<\/li>\n<li>Pantalla con esquinas redondeadas S\u00ed<\/li>\n<li>Tipo de pantalla t\u00e1ctil Capacitiva<\/li>\n<li>Display technology marketing name Super Retina XDR<\/li>\n<li>M\u00e1xima velocidad de actualizaci\u00f3n 120<\/li>\n<li>Recubrimiento oleof\u00f3bico S\u00ed<\/li>\n<li>Brillo de pantalla 1000<\/li>\n<li>Resoluci\u00f3n de la pantalla 2556 x 1179<\/li>\n<li>Tipo de cristal de pantalla Ceramic Shield<\/li>\n<li>Alto Rango Din\u00e1mico (HDR) S\u00ed<\/li>\n<li>Forma de la pantalla Plana<\/li>\n<li>Densidad del pixel 460<\/li>\n<li>Tecnolog\u00edas espec\u00edficas Pantalla siempre encendida, Dynamic Island, Haptic touch, ProMotion, True Tone, Amplia gama de colores (P3)<\/li>\n<li>Tipo de visualizador OLED<\/li>\n<li>Anti-huellas S\u00ed<\/li>\n<li>Raz\u00f3n de contraste (t\u00edpica)200000 0:1<\/li>\n<li>Tama\u00f1o de la pantalla 6,1&#8243;<\/li>\n<\/ul>\n<p><strong>Puertos e Interfaces<\/strong><\/p>\n<ul>\n<li>Puerto USB S\u00ed<\/li>\n<li>Conector USB USB Tipo C<\/li>\n<\/ul>\n<p><strong>Peso y dimensiones<\/strong><\/p>\n<ul>\n<li>Altura 146,6<\/li>\n<li>Ancho 70,6<\/li>\n<li>Profundidad 8,2<\/li>\n<li>Peso 187<\/li>\n<\/ul>\n<p><strong>Condiciones ambientales<\/strong><\/p>\n<ul>\n<li>Altitud de funcionamiento0 &#8211; 3000<\/li>\n<li>Intervalo de humedad relativa para funcionamiento5 &#8211; 95<\/li>\n<li>Intervalo de temperatura de almacenaje -20 &#8211; 45<\/li>\n<li>Intervalo de temperatura operativa0 &#8211; 35<\/li>\n<\/ul>\n<p><strong>Detalles t\u00e9cnicos<\/strong><\/p>\n<ul>\n<li>No contiene Ars\u00e9nico, Berilio, Mercurio, PVC\/BFR<\/li>\n<li>\u00cdndice de reparabilidad 7.6<\/li>\n<\/ul>\n<p><strong>Medios de almacenaje<\/strong><\/p>\n<ul>\n<li>Memoria interna 256<\/li>\n<li>Tarjetas de memoria compatibles No compatible<\/li>\n<\/ul>\n<p><strong>Mensajer\u00eda<\/strong><\/p>\n<ul>\n<li>Sistema de mensajer\u00eda multimedia (MMS) S\u00ed<\/li>\n<li>Correo electr\u00f3nico S\u00ed<\/li>\n<li>Servicios de mensajes cortos (SMS) S\u00ed<\/li>\n<\/ul>\n<p><strong>Navegaci\u00f3n<\/strong><\/p>\n<ul>\n<li>GPS S\u00ed<\/li>\n<li>NavIC S\u00ed<\/li>\n<li>Galileo S\u00ed<\/li>\n<li>Br\u00fajula electr\u00f3nica S\u00ed<\/li>\n<li>Posicionamiento de Wi-Fi S\u00ed<\/li>\n<li>GLONASS S\u00ed<\/li>\n<li>Sistema por Sat\u00e9lite Quasi-Zenith (QZSS) S\u00ed<\/li>\n<li>GPS (sat\u00e9lite) S\u00ed<\/li>\n<li>BeiDou S\u00ed<\/li>\n<\/ul>\n<p><strong>Aprobaciones reguladoras<\/strong><\/p>\n<ul>\n<li>\u00cdndice SAR para la cabeza (UE) 0,98<\/li>\n<li>Extremities SAR (EU) 2,99<\/li>\n<li>\u00cdndice SAR para el cuerpo (UE) 0,96<\/li>\n<\/ul>\n<p><strong>Software<\/strong><\/p>\n<ul>\n<li>Sistema operativo instaladoi OS 17<\/li>\n<li>Asistente virtual Apple Siri<\/li>\n<li>Plataforma iOS<\/li>\n<li>App distribution platform Apple App Store<\/li>\n<li>Compatible con Mac S\u00ed<\/li>\n<li>Sistema operativo MAC soportado Mac OS X 10.13 High Sierra, Mac OS X 10.14 Mojave, Mac OS X 10.15 Catalina, Mac OS X 10.15.3 Catalina, Mac OS X 11.0 Big Sur, Mac OS X 12.0 Monterey, Mac OS X 13.0 Ventura<\/li>\n<\/ul>\n<p><strong>C\u00e1mara fotogr\u00e1fica<\/strong><\/p>\n<ul>\n<li>\u00c1ngulo del campo de visi\u00f3n (FOV) de la segunda c\u00e1mara trasera 120<\/li>\n<li>N\u00famero de apertura de la c\u00e1mara trasera 1,78<\/li>\n<li>Modo de disparo continuo S\u00ed<\/li>\n<li>Zoom de audio S\u00ed<\/li>\n<li>Formatos de v\u00eddeo de la c\u00e1mara compatibles H.264, HEVC, ProRes<\/li>\n<li>Formatos de imagen de la c\u00e1mara compatibles DNG, HEIF, JPEG<\/li>\n<li>Alejamiento \u00f3ptico (zoom out) 2<\/li>\n<li>Estabilizador de v\u00eddeo S\u00ed<\/li>\n<li>Material de la cubierta de la lente Cristal de zafiro<\/li>\n<li>Tipo de c\u00e1mara trasera Triple c\u00e1mara<\/li>\n<li>Flash en c\u00e1mara trasera S\u00ed<\/li>\n<li>Resoluci\u00f3n de la tercera c\u00e1mara trasera (num\u00e9rica) 12<\/li>\n<li>N\u00famero de apertura de la segunda c\u00e1mara trasera 2,2<\/li>\n<li>Modo noche S\u00ed<\/li>\n<li>Resoluci\u00f3n de captura de video 3840 x 2160<\/li>\n<li>Zoom digital 15<\/li>\n<li>Modo de lapso de tiempo S\u00ed<\/li>\n<li>Estabilizador de imagen S\u00ed<\/li>\n<li>Fotograf\u00eda macro S\u00ed<\/li>\n<li>Panor\u00e1mica S\u00ed<\/li>\n<li>Tipo de c\u00e1mara frontal C\u00e1mara \u00fanica<\/li>\n<li>Modo retrato S\u00ed<\/li>\n<li>Geoetiquetado S\u00ed<\/li>\n<li>Detector de rostro S\u00ed<\/li>\n<li>N\u00famero de apertura de la c\u00e1mara frontal 1,9<\/li>\n<li>Resoluci\u00f3n de la c\u00e1mara frontal (num\u00e9rica) 12<\/li>\n<li>Distancia focal de la tercera c\u00e1mara trasera 7,7<\/li>\n<li>N\u00famero de diafragma de la tercera c\u00e1mara trasera 2,8<\/li>\n<li>Acercamiento \u00f3ptico (zoom in) 3<\/li>\n<li>Resoluci\u00f3n en velocidad de captura 3840&#215;2160@24fps, 3840&#215;2160@25fps, 3840&#215;2160@30fps, 3840&#215;2160@60fps, 1280&#215;720@30fps, 1920&#215;1080@25fps, 1920&#215;1080@30fps, 1920&#215;1080@60fps, 1920&#215;1080@120fps, 1920&#215;1080@240fps<\/li>\n<li>Resoluci\u00f3n de la c\u00e1mara trasera (num\u00e9rica) 48<\/li>\n<li>Distancia focal de la c\u00e1mara trasera 2,4<\/li>\n<li>Modos de grabaci\u00f3n de v\u00eddeo 720p, 1080p, 2160p<\/li>\n<li>Resoluci\u00f3n de la segunda c\u00e1mara trasera (num\u00e9rica) 12<\/li>\n<li>Distancia focal de la segunda c\u00e1mara trasera 1,3<\/li>\n<li>Zoom \u00f3ptico 6<\/li>\n<li>Velocidad m\u00e1xima de cuadro 240<\/li>\n<li>Modo de alto rango din\u00e1mico (HDR) de la c\u00e1mara S\u00ed<\/li>\n<li>Tipo de estabilizador de imagen Optical Image Stabilization (OIS)<\/li>\n<li>Correcci\u00f3n de ojos rojos Y<\/li>\n<\/ul>\n<p><strong>Contenido del embalaje<\/strong><\/p>\n<ul>\n<li>Cables incluidos USB tipo C a USB tipo C<\/li>\n<\/ul>\n<p><strong>Sensores<\/strong><\/p>\n<ul>\n<li>Bar\u00f3metro S\u00ed<\/li>\n<li>Giroscopio S\u00ed<\/li>\n<li>Sensor de proximidad S\u00ed<\/li>\n<li>Aceler\u00f3metro S\u00ed<\/li>\n<li>Sensor LiDAR S\u00ed<\/li>\n<li>Sensor de luz ambiental S\u00ed<\/li>\n<\/ul>\n<p><strong>Bater\u00eda<\/strong><\/p>\n<ul>\n<li>Tecnolog\u00eda de bater\u00eda I\u00f3n de litio<\/li>\n<li>Tiempo continuo de reproducci\u00f3n de audio 75<\/li>\n<li>Tiempo continuo de reproducci\u00f3n de video 23<\/li>\n<\/ul>\n<p><strong>Dise\u00f1o<\/strong><\/p>\n<ul>\n<li>C\u00f3digo IP (International Protection)IP68<\/li>\n<li>Funciones de protecci\u00f3n Resistente al polvo, A prueba de salpicaduras, Resistente al agua<\/li>\n<li>Humedad: resistente al agua hasta 6<\/li>\n<li>Factor de forma Barra<\/li>\n<li>Material de la carcasa Vidrio, Titanio<\/li>\n<li>Color del tel\u00e9fono Titanio, Azul<\/li>\n<\/ul>\n<p><strong>Desempe\u00f1o<\/strong><\/p>\n<ul>\n<li>Reconocimiento de cara S\u00ed<\/li>\n<li>Alerta vibratoria S\u00ed<\/li>\n<li>Detecci\u00f3n de accidentes S\u00ed<\/li>\n<li>Carga r\u00e1pida S\u00ed<\/li>\n<li>Video llamada S\u00ed<\/li>\n<li>Emergencia SOS (sat\u00e9lite) S\u00ed<\/li>\n<li>Llamada por voz S\u00ed<\/li>\n<li>Prestaciones de accesibilidad AssistiveTouch, Subt\u00edtulos cerrados, Lupa, Real-time text (RTT), Contenido hablado, Switch Control, Teletype (TTY), Type to Siri, Control por voz, VoiceOver, Acercar<\/li>\n<li>Adaptadores de n\u00facleo gr\u00e1fico 6<\/li>\n<li>Cargador inal\u00e1mbrico S\u00ed<\/li>\n<li>Comandos de voz S\u00ed<\/li>\n<li>Compatible con aud\u00edfonos M3, T4<\/li>\n<\/ul>\n<p><strong>Multimedia<\/strong><\/p>\n<ul>\n<li>Formatos de v\u00eddeo compatibles H.264, HEVC, ProRes<\/li>\n<li>Altavoces Est\u00e9reo<\/li>\n<li>Formatos de audio soportados AAC, ALAC, FLAC, MP3<\/li>\n<li>Formatos de texto soportados DOC, DOCX, HTM, HTML, ICS, Llave, PDF, PPT, PPTX, RTF, TXT, USDZ, VCF, XLSX, XLX<\/li>\n<li>Formato de archivos soportados Zip<\/li>\n<\/ul>\n<p><strong>Suscripci\u00f3n<\/strong><\/p>\n<ul>\n<li>Tipo de suscripci\u00f3n Sin suscripci\u00f3n<\/li>\n<\/ul>\n<p><strong>Conexi\u00f3n<\/strong><\/p>\n<ul>\n<li>Tipo de tarjeta SIMe SIM<\/li>\n<li>Banda de frecuencia Pentabanda<\/li>\n<li>Bandas 3G soportadas 850,900,1700,1900,2100<\/li>\n<li>Capacidad de la tarjeta SIM SIM doble<\/li>\n<li>Est\u00e1ndar 5GNR, NR mm Wave<\/li>\n<li>Voces superpuestas LTE (VoLTE) compatibles S\u00ed<\/li>\n<li>Wifi S\u00ed<\/li>\n<li>AirPlay S\u00ed<\/li>\n<li>Mobile network generation 5G<\/li>\n<li>MIMO S\u00ed<\/li>\n<li>Versi\u00f3n de Bluetooth 5.3<\/li>\n<li>Wi-Fi est\u00e1ndaresWi-Fi 6E (802.11ax)<\/li>\n<li>Bluetooth S\u00ed<\/li>\n<li>iBeacon S\u00ed<\/li>\n<li>Est\u00e1ndar 4G TD-LTE &amp; FDD-LTE<\/li>\n<li>NFC S\u00ed<\/li>\n<li>Est\u00e1ndares 3G DC-HSDPA, HSPA+, UMTS<\/li>\n<li>Est\u00e1ndares 2G Edge, GSM<\/li>\n<li>Bandas 2G (SIM principal) 850,900,1800,1900<\/li>\n<\/ul>\n<\/div>\n","protected":false},"excerpt":{"rendered":"<p><span style=\"color: #ff0000;\"><strong>\u00a1ENV\u00cdO GRATIS!<\/strong><\/span><\/p>\n","protected":false},"featured_media":217863,"comment_status":"open","ping_status":"closed","template":"","meta":{"_joinchat":[]},"product_cat":[795,6479,6476,7133],"product_tag":[],"class_list":{"0":"post-217862","1":"product","2":"type-product","3":"status-publish","4":"has-post-thumbnail","6":"product_cat-electronica","7":"product_cat-smartphones-telefonos","8":"product_cat-telefonos","9":"product_cat-ofertas-smartphones","11":"first","12":"instock","13":"taxable","14":"shipping-taxable","15":"purchasable","16":"product-type-simple"},"_links":{"self":[{"href":"https:\/\/desdropi.com\/elparque\/wp-json\/wp\/v2\/product\/217862"}],"collection":[{"href":"https:\/\/desdropi.com\/elparque\/wp-json\/wp\/v2\/product"}],"about":[{"href":"https:\/\/desdropi.com\/elparque\/wp-json\/wp\/v2\/types\/product"}],"replies":[{"embeddable":true,"href":"https:\/\/desdropi.com\/elparque\/wp-json\/wp\/v2\/comments?post=217862"}],"version-history":[{"count":0,"href":"https:\/\/desdropi.com\/elparque\/wp-json\/wp\/v2\/product\/217862\/revisions"}],"wp:featuredmedia":[{"embeddable":true,"href":"https:\/\/desdropi.com\/elparque\/wp-json\/wp\/v2\/media\/217863"}],"wp:attachment":[{"href":"https:\/\/desdropi.com\/elparque\/wp-json\/wp\/v2\/media?parent=217862"}],"wp:term":[{"taxonomy":"product_cat","embeddable":true,"href":"https:\/\/desdropi.com\/elparque\/wp-json\/wp\/v2\/product_cat?post=217862"},{"taxonomy":"product_tag","embeddable":true,"href":"https:\/\/desdropi.com\/elparque\/wp-json\/wp\/v2\/product_tag?post=217862"}],"curies":[{"name":"wp","href":"https:\/\/api.w.org\/{rel}","templated":true}]}}