{"id":217884,"date":"2024-04-09T23:16:10","date_gmt":"2024-04-09T21:16:10","guid":{"rendered":"https:\/\/desdropi.com\/elparque\/bascula-bano-laica-ps5014-diagnostica-180k\/"},"modified":"2025-04-13T19:18:15","modified_gmt":"2025-04-13T17:18:15","slug":"bascula-bano-laica-ps5014-diagnostica-180k","status":"publish","type":"product","link":"https:\/\/desdropi.com\/elparque\/bascula-bano-laica-ps5014-diagnostica-180k\/","title":{"rendered":"bascula ba\u00f1o laica ps5014 diagnostica 180k"},"content":{"rendered":"<div class=\"descripcion-tab\">\n<div class=\"woocommerce-tabs wc-tabs-wrapper container tabbed-content\">\n<div class=\"tab-panels\">\n<div id=\"tab-description\" class=\"woocommerce-Tabs-panel woocommerce-Tabs-panel--description panel entry-content active\" role=\"tabpanel\" aria-labelledby=\"tab-title-description\">\n<p><strong>DESCRIPCI\u00d3N<\/strong><\/p>\n<ul>\n<li>Mide el peso, calcula el% de masa grasa, el% de agua, el% de m\u00fasculos esquel\u00e9ticos, el metabolismo basal y el \u00edndice de masa corporal.<\/li>\n<li>Almacenamiento de datos para hasta 10 usuarios<\/li>\n<\/ul>\n<\/div>\n<div id=\"tab-additional_information\" class=\"woocommerce-Tabs-panel woocommerce-Tabs-panel--additional_information panel entry-content \" role=\"tabpanel\" aria-labelledby=\"tab-title-additional_information\"><\/div>\n<\/div>\n<\/div>\n<div class=\"tags_table\">\n<div class=\"tags_table_inner\">\n<div class=\"tag_item\"><img decoding=\"async\" src=\"https:\/\/www.laica.com\/es\/wp-content\/uploads\/icon_pesapersona_ritenzione.jpg\" alt=\"\" \/><img decoding=\"async\" src=\"https:\/\/www.laica.com\/es\/wp-content\/uploads\/icon_pesapersona_grasso.jpg\" alt=\"\" \/><img decoding=\"async\" src=\"https:\/\/www.laica.com\/es\/wp-content\/uploads\/icon_pesapersona_metabolismo.jpg\" alt=\"\" \/><img decoding=\"async\" src=\"https:\/\/www.laica.com\/es\/wp-content\/uploads\/icon_pesapersona_muscolatura.jpg\" alt=\"\" \/><\/div>\n<\/div>\n<\/div>\n<\/div>\n","protected":false},"excerpt":{"rendered":"<p>DESCRIPCI\u00d3N Mide el peso, calcula el% de masa grasa, el% de agua, el% de m\u00fasculos esquel\u00e9ticos, el metabolismo basal y<\/p>\n","protected":false},"featured_media":133185,"comment_status":"open","ping_status":"closed","template":"","meta":{"_joinchat":[]},"product_cat":[825,7037,7015,6097],"product_tag":[],"class_list":{"0":"post-217884","1":"product","2":"type-product","3":"status-publish","4":"has-post-thumbnail","6":"product_cat-pequeno-electrodomestico","7":"product_cat-basculas-de-bano-higiene-y-salud-cuidado-personal","8":"product_cat-higiene-y-salud-cuidado-personal","9":"product_cat-cuidado-personal","10":"pa_marca-laica","12":"first","13":"instock","14":"taxable","15":"shipping-taxable","16":"purchasable","17":"product-type-simple"},"_links":{"self":[{"href":"https:\/\/desdropi.com\/elparque\/wp-json\/wp\/v2\/product\/217884"}],"collection":[{"href":"https:\/\/desdropi.com\/elparque\/wp-json\/wp\/v2\/product"}],"about":[{"href":"https:\/\/desdropi.com\/elparque\/wp-json\/wp\/v2\/types\/product"}],"replies":[{"embeddable":true,"href":"https:\/\/desdropi.com\/elparque\/wp-json\/wp\/v2\/comments?post=217884"}],"version-history":[{"count":0,"href":"https:\/\/desdropi.com\/elparque\/wp-json\/wp\/v2\/product\/217884\/revisions"}],"wp:featuredmedia":[{"embeddable":true,"href":"https:\/\/desdropi.com\/elparque\/wp-json\/wp\/v2\/media\/133185"}],"wp:attachment":[{"href":"https:\/\/desdropi.com\/elparque\/wp-json\/wp\/v2\/media?parent=217884"}],"wp:term":[{"taxonomy":"product_cat","embeddable":true,"href":"https:\/\/desdropi.com\/elparque\/wp-json\/wp\/v2\/product_cat?post=217884"},{"taxonomy":"product_tag","embeddable":true,"href":"https:\/\/desdropi.com\/elparque\/wp-json\/wp\/v2\/product_tag?post=217884"}],"curies":[{"name":"wp","href":"https:\/\/api.w.org\/{rel}","templated":true}]}}