{"id":217886,"date":"2024-04-09T23:22:53","date_gmt":"2024-04-09T21:22:53","guid":{"rendered":"https:\/\/desdropi.com\/elparque\/bascula-bano-laica-ps7005-bluetooth-180kg\/"},"modified":"2025-04-13T20:27:43","modified_gmt":"2025-04-13T18:27:43","slug":"bascula-bano-laica-ps7005-bluetooth-180kg","status":"publish","type":"product","link":"https:\/\/desdropi.com\/elparque\/bascula-bano-laica-ps7005-bluetooth-180kg\/","title":{"rendered":"bascula ba\u00f1o laica ps7005 bluetooth 180kg"},"content":{"rendered":"<div class=\"descripcion-tab\">\n<div class=\"product-gallery product-gallery-wide\">\n<div class=\"row\">\n<div class=\"col large-12\">\n<div class=\"scheda_tecnica\">\n<div class=\"text_scheda_tecnica\"><strong>DESCRIPCI\u00d3N<\/strong><\/div>\n<\/div>\n<\/div>\n<\/div>\n<\/div>\n<div class=\"row\">\n<div class=\"col large-12\">\n<div class=\"product-footer\">\n<div class=\"woocommerce-tabs wc-tabs-wrapper container tabbed-content\">\n<div class=\"tab-panels\">\n<div id=\"tab-description\" class=\"woocommerce-Tabs-panel woocommerce-Tabs-panel--description panel entry-content active\" role=\"tabpanel\" aria-labelledby=\"tab-title-description\">\n<p>B\u00e1scula electr\u00f3nica smart con c\u00e1lculo de la composici\u00f3n corporal.<br \/>\nDescarga la aplicaci\u00f3n gratuita Laica Home Wellness para memorizar y monitorizar datos directamente en tu smartphone.<\/p>\n<p>\u2013 Peso corporal<br \/>\n\u2013 % Grasa corporal<br \/>\n\u2013 % M\u00fasculo<br \/>\n\u2013 % Agua<br \/>\n\u2013 \u00cdndice de masa corporal<br \/>\n\u2013 Metabolismo basal<br \/>\n\u2013 Env\u00eda autom\u00e1ticamente datos de composici\u00f3n corporal a su tel\u00e9fono inteligente.<br \/>\n\u2013 Compatible con tecnolog\u00eda bluetooth 4.0 o superior..<\/p>\n<p><img fetchpriority=\"high\" decoding=\"async\" class=\"alignnone size-shop_single wp-image-6549\" src=\"https:\/\/www.laica.com\/es\/wp-content\/uploads\/LAICA_Home_Wellness_HIRESS-1-1200x632.jpg\" sizes=\"(max-width: 1020px) 100vw, 1020px\" srcset=\"https:\/\/www.laica.com\/es\/wp-content\/uploads\/LAICA_Home_Wellness_HIRESS-1.jpg 1200w, https:\/\/www.laica.com\/es\/wp-content\/uploads\/LAICA_Home_Wellness_HIRESS-1-600x316.jpg 600w, https:\/\/www.laica.com\/es\/wp-content\/uploads\/LAICA_Home_Wellness_HIRESS-1-300x158.jpg 300w, https:\/\/www.laica.com\/es\/wp-content\/uploads\/LAICA_Home_Wellness_HIRESS-1-400x211.jpg 400w, https:\/\/www.laica.com\/es\/wp-content\/uploads\/LAICA_Home_Wellness_HIRESS-1-768x404.jpg 768w, https:\/\/www.laica.com\/es\/wp-content\/uploads\/LAICA_Home_Wellness_HIRESS-1-1024x539.jpg 1024w\" alt=\"\" width=\"1020\" height=\"537\" \/><\/p>\n<\/div>\n<\/div>\n<\/div>\n<\/div>\n<\/div>\n<\/div>\n<\/div>\n","protected":false},"excerpt":{"rendered":"<p>DESCRIPCI\u00d3N B\u00e1scula electr\u00f3nica smart con c\u00e1lculo de la composici\u00f3n corporal. Descarga la aplicaci\u00f3n gratuita Laica Home Wellness para memorizar y<\/p>\n","protected":false},"featured_media":217887,"comment_status":"open","ping_status":"closed","template":"","meta":{"_joinchat":[]},"product_cat":[825,7037,7015,6097],"product_tag":[],"class_list":{"0":"post-217886","1":"product","2":"type-product","3":"status-publish","4":"has-post-thumbnail","6":"product_cat-pequeno-electrodomestico","7":"product_cat-basculas-de-bano-higiene-y-salud-cuidado-personal","8":"product_cat-higiene-y-salud-cuidado-personal","9":"product_cat-cuidado-personal","10":"pa_marca-laica","12":"first","13":"instock","14":"taxable","15":"shipping-taxable","16":"purchasable","17":"product-type-simple"},"_links":{"self":[{"href":"https:\/\/desdropi.com\/elparque\/wp-json\/wp\/v2\/product\/217886"}],"collection":[{"href":"https:\/\/desdropi.com\/elparque\/wp-json\/wp\/v2\/product"}],"about":[{"href":"https:\/\/desdropi.com\/elparque\/wp-json\/wp\/v2\/types\/product"}],"replies":[{"embeddable":true,"href":"https:\/\/desdropi.com\/elparque\/wp-json\/wp\/v2\/comments?post=217886"}],"version-history":[{"count":1,"href":"https:\/\/desdropi.com\/elparque\/wp-json\/wp\/v2\/product\/217886\/revisions"}],"predecessor-version":[{"id":224503,"href":"https:\/\/desdropi.com\/elparque\/wp-json\/wp\/v2\/product\/217886\/revisions\/224503"}],"wp:featuredmedia":[{"embeddable":true,"href":"https:\/\/desdropi.com\/elparque\/wp-json\/wp\/v2\/media\/217887"}],"wp:attachment":[{"href":"https:\/\/desdropi.com\/elparque\/wp-json\/wp\/v2\/media?parent=217886"}],"wp:term":[{"taxonomy":"product_cat","embeddable":true,"href":"https:\/\/desdropi.com\/elparque\/wp-json\/wp\/v2\/product_cat?post=217886"},{"taxonomy":"product_tag","embeddable":true,"href":"https:\/\/desdropi.com\/elparque\/wp-json\/wp\/v2\/product_tag?post=217886"}],"curies":[{"name":"wp","href":"https:\/\/api.w.org\/{rel}","templated":true}]}}