{"id":217902,"date":"2024-04-10T00:16:46","date_gmt":"2024-04-09T22:16:46","guid":{"rendered":"https:\/\/desdropi.com\/elparque\/batidora-amasadora-kuken-34161-42-litros-600w-black\/"},"modified":"2025-04-14T03:52:06","modified_gmt":"2025-04-14T01:52:06","slug":"batidora-amasadora-kuken-34161-42-litros-600w-black","status":"publish","type":"product","link":"https:\/\/desdropi.com\/elparque\/batidora-amasadora-kuken-34161-42-litros-600w-black\/","title":{"rendered":"batidora amasadora kuken 34161 4,2\/litros 600w black"},"content":{"rendered":"<div class=\"descripcion-tab\">\n<strong>DESCRIPCI\u00d3N<\/strong><\/p>\n<ul>\n<li>Batidora amasadora de dise\u00f1o cromado y negro<\/li>\n<li><span class=\"a-list-item\">M\u00faltiples funciones: amasar, batir, mezclar, montar\u2026<\/span><\/li>\n<li>Bol de acero inox de 4,2L de capacidad.<\/li>\n<li>6 Velocidades + bot\u00f3n pulse.<\/li>\n<li>Incluye varillas para mezclar, para batir y garfio amasador.<\/li>\n<li>Base anti deslizante que asegura estabilidad durante el uso.<\/li>\n<li>Amasadora con cabezal pivotante para mayor facilidad de uso.<\/li>\n<li>Tapa de seguridad par<\/li>\n<\/ul>\n<\/div>\n","protected":false},"excerpt":{"rendered":"<p>DESCRIPCI\u00d3N Batidora amasadora de dise\u00f1o cromado y negro M\u00faltiples funciones: amasar, batir, mezclar, montar\u2026 Bol de acero inox de 4,2L<\/p>\n","protected":false},"featured_media":217903,"comment_status":"open","ping_status":"closed","template":"","meta":{"_joinchat":[]},"product_cat":[825,6501,831,851],"product_tag":[],"class_list":{"0":"post-217902","1":"product","2":"type-product","3":"status-publish","4":"has-post-thumbnail","6":"product_cat-pequeno-electrodomestico","7":"product_cat-amasadoras","8":"product_cat-accesorios-de-cocina","9":"product_cat-batidoras-cocina","10":"pa_marca-kuken-pae","12":"first","13":"instock","14":"taxable","15":"shipping-taxable","16":"purchasable","17":"product-type-simple"},"_links":{"self":[{"href":"https:\/\/desdropi.com\/elparque\/wp-json\/wp\/v2\/product\/217902"}],"collection":[{"href":"https:\/\/desdropi.com\/elparque\/wp-json\/wp\/v2\/product"}],"about":[{"href":"https:\/\/desdropi.com\/elparque\/wp-json\/wp\/v2\/types\/product"}],"replies":[{"embeddable":true,"href":"https:\/\/desdropi.com\/elparque\/wp-json\/wp\/v2\/comments?post=217902"}],"version-history":[{"count":1,"href":"https:\/\/desdropi.com\/elparque\/wp-json\/wp\/v2\/product\/217902\/revisions"}],"predecessor-version":[{"id":225061,"href":"https:\/\/desdropi.com\/elparque\/wp-json\/wp\/v2\/product\/217902\/revisions\/225061"}],"wp:featuredmedia":[{"embeddable":true,"href":"https:\/\/desdropi.com\/elparque\/wp-json\/wp\/v2\/media\/217903"}],"wp:attachment":[{"href":"https:\/\/desdropi.com\/elparque\/wp-json\/wp\/v2\/media?parent=217902"}],"wp:term":[{"taxonomy":"product_cat","embeddable":true,"href":"https:\/\/desdropi.com\/elparque\/wp-json\/wp\/v2\/product_cat?post=217902"},{"taxonomy":"product_tag","embeddable":true,"href":"https:\/\/desdropi.com\/elparque\/wp-json\/wp\/v2\/product_tag?post=217902"}],"curies":[{"name":"wp","href":"https:\/\/api.w.org\/{rel}","templated":true}]}}