{"id":217912,"date":"2024-04-10T00:16:46","date_gmt":"2024-04-09T22:16:46","guid":{"rendered":"https:\/\/desdropi.com\/elparque\/cafetera-italiana-supreme-33464-6-tazas-inox\/"},"modified":"2025-04-14T03:54:17","modified_gmt":"2025-04-14T01:54:17","slug":"cafetera-italiana-supreme-33464-6-tazas-inox","status":"publish","type":"product","link":"https:\/\/desdropi.com\/elparque\/cafetera-italiana-supreme-33464-6-tazas-inox\/","title":{"rendered":"cafetera italiana supreme 33464 6 tazas inox"},"content":{"rendered":"<p><strong>DESCRIPCI\u00d3N<\/strong><\/p>\n<ul>\n<li>Acabado en acero inoxidable pulido.<\/li>\n<li>Capacidad: 6 tazas.<\/li>\n<li>Asa ergon\u00f3mica tacto fr\u00edo.<\/li>\n<li>V\u00e1lvula de seguridad.<\/li>\n<li>Para cocinas: inducci\u00f3n, vitrocer\u00e1mica, gas y el\u00e9ctrica.<\/li>\n<\/ul>\n","protected":false},"excerpt":{"rendered":"<p>DESCRIPCI\u00d3N Acabado en acero inoxidable pulido. Capacidad: 6 tazas. Asa ergon\u00f3mica tacto fr\u00edo. V\u00e1lvula de seguridad. Para cocinas: inducci\u00f3n, vitrocer\u00e1mica,<\/p>\n","protected":false},"featured_media":217913,"comment_status":"open","ping_status":"closed","template":"","meta":{"_joinchat":[]},"product_cat":[6516,7222,825],"product_tag":[],"class_list":{"0":"post-217912","1":"product","2":"type-product","3":"status-publish","4":"has-post-thumbnail","6":"product_cat-cafeteras-pequeno-electrodomestico","7":"product_cat-italianas","8":"product_cat-pequeno-electrodomestico","9":"pa_marca-alfa-dyser","11":"first","12":"instock","13":"taxable","14":"shipping-taxable","15":"purchasable","16":"product-type-simple"},"_links":{"self":[{"href":"https:\/\/desdropi.com\/elparque\/wp-json\/wp\/v2\/product\/217912"}],"collection":[{"href":"https:\/\/desdropi.com\/elparque\/wp-json\/wp\/v2\/product"}],"about":[{"href":"https:\/\/desdropi.com\/elparque\/wp-json\/wp\/v2\/types\/product"}],"replies":[{"embeddable":true,"href":"https:\/\/desdropi.com\/elparque\/wp-json\/wp\/v2\/comments?post=217912"}],"version-history":[{"count":1,"href":"https:\/\/desdropi.com\/elparque\/wp-json\/wp\/v2\/product\/217912\/revisions"}],"predecessor-version":[{"id":225064,"href":"https:\/\/desdropi.com\/elparque\/wp-json\/wp\/v2\/product\/217912\/revisions\/225064"}],"wp:featuredmedia":[{"embeddable":true,"href":"https:\/\/desdropi.com\/elparque\/wp-json\/wp\/v2\/media\/217913"}],"wp:attachment":[{"href":"https:\/\/desdropi.com\/elparque\/wp-json\/wp\/v2\/media?parent=217912"}],"wp:term":[{"taxonomy":"product_cat","embeddable":true,"href":"https:\/\/desdropi.com\/elparque\/wp-json\/wp\/v2\/product_cat?post=217912"},{"taxonomy":"product_tag","embeddable":true,"href":"https:\/\/desdropi.com\/elparque\/wp-json\/wp\/v2\/product_tag?post=217912"}],"curies":[{"name":"wp","href":"https:\/\/api.w.org\/{rel}","templated":true}]}}