{"id":217932,"date":"2024-04-10T11:10:23","date_gmt":"2024-04-10T09:10:23","guid":{"rendered":"https:\/\/desdropi.com\/elparque\/?post_type=product&#038;p=217932"},"modified":"2024-05-17T13:02:57","modified_gmt":"2024-05-17T11:02:57","slug":"smartphone-redmi-note-13-8-256-667-blue","status":"publish","type":"product","link":"https:\/\/desdropi.com\/elparque\/smartphone-redmi-note-13-8-256-667-blue\/","title":{"rendered":"SMARTPHONE REDMI NOTE 13 8\/256 6,67&#8243; BLUE"},"content":{"rendered":"<div class=\"descripcion-tab\">\n<strong>NOMBRE DEL PRODUCTO<\/strong><br \/>\nMarca XIAOMI<br \/>\nModelo MZB0FYOEU<br \/>\nEAN6941812759554<br \/>\n<strong>Procesador<\/strong><\/p>\n<ul>\n<li>Modelo del procesador 685<\/li>\n<li>Familia de procesadorQualcomm Snapdragon<\/li>\n<li>Frecuencia del procesador turbo 2,8<\/li>\n<li>N\u00famero de n\u00facleos de procesador 8<\/li>\n<\/ul>\n<p><strong>Exhibici\u00f3n<\/strong><\/p>\n<ul>\n<li>Tipo de visualizador AMOLED<\/li>\n<li>Forma de la pantalla Plana<\/li>\n<li>Tipo de cristal de pantalla Gorilla Glass<\/li>\n<li>Gorilla Glass version Gorilla Glass 3<\/li>\n<li>M\u00e1xima velocidad de actualizaci\u00f3n 120<\/li>\n<li>Resoluci\u00f3n de la pantalla 2400 x 1080<\/li>\n<li>Tama\u00f1o de la pantalla 16,9<\/li>\n<\/ul>\n<p><strong>Puertos e Interfaces<\/strong><\/p>\n<ul>\n<li>Conector USB USB Tipo C<\/li>\n<li>Auriculares 3,5 mm<\/li>\n<li>Puerto USB S\u00ed<\/li>\n<\/ul>\n<p><strong>Peso y dimensiones<\/strong><\/p>\n<ul>\n<li>Ancho 75,5<\/li>\n<li>Profundidad 7,97<\/li>\n<li>Altura 162,2<\/li>\n<li>Peso 188,5<\/li>\n<\/ul>\n<p><strong>Medios de almacenaje<\/strong><\/p>\n<ul>\n<li>Tipo de memoria RAM interna LPDDR4X<\/li>\n<li>Memoria interna 256<\/li>\n<li>RAM interna 8<\/li>\n<\/ul>\n<p><strong>Software<\/strong><\/p>\n<ul>\n<li>Operating system fork MIUI 14<\/li>\n<li>Sistema operativo instalado Android 12<\/li>\n<li>Plataforma Android<\/li>\n<\/ul>\n<p><strong>C\u00e1mara fotogr\u00e1fica<\/strong><\/p>\n<ul>\n<li>Estabilizador de imagen S\u00ed<\/li>\n<li>Resoluci\u00f3n de la c\u00e1mara trasera (num\u00e9rica) 108<\/li>\n<li>Resoluci\u00f3n de la c\u00e1mara frontal (num\u00e9rica) 16<\/li>\n<li>Resoluci\u00f3n de la segunda c\u00e1mara trasera (num\u00e9rica) 8<\/li>\n<li>N\u00famero de apertura de la c\u00e1mara trasera 1,65<\/li>\n<li>N\u00famero de apertura de la segunda c\u00e1mara trasera 2,2<\/li>\n<li>Tipo de c\u00e1mara frontal C\u00e1mara \u00fanica<\/li>\n<li>Resoluci\u00f3n de la tercera c\u00e1mara trasera (num\u00e9rica) 2<\/li>\n<li>N\u00famero de diafragma de la tercera c\u00e1mara trasera 2,45<\/li>\n<li>Flash en c\u00e1mara trasera S\u00ed<\/li>\n<li>\u00c1ngulo del campo de visi\u00f3n (FOV) de la segunda c\u00e1mara trasera 119<\/li>\n<li>Tama\u00f1o del sensor de la c\u00e1mara trasera 1\/1.4<\/li>\n<li>Elementos de la lente de la c\u00e1mara trasera Lente de 7 elementos<\/li>\n<li>Tipo de estabilizador de imagen Electronic Image Stabilization (EIS), Optical Image Stabilization (OIS)<\/li>\n<li>Fotograf\u00eda macro S\u00ed<\/li>\n<li>Tipo de c\u00e1mara trasera Triple c\u00e1mara<\/li>\n<\/ul>\n<p><strong>Bater\u00eda<\/strong><\/p>\n<ul>\n<li>Capacidad de bater\u00eda 5000<\/li>\n<\/ul>\n<p><strong>Dise\u00f1o<\/strong><\/p>\n<ul>\n<li>C\u00f3digo IP (International Protection) IP54<\/li>\n<li>Factor de forma Barra<\/li>\n<li>Color del tel\u00e9fono Azul<\/li>\n<\/ul>\n<p><strong>Desempe\u00f1o<\/strong><\/p>\n<ul>\n<li>Lector de huella digital S\u00ed<\/li>\n<li>Adaptador gr\u00e1fico Mali-G610 MC6<\/li>\n<li>Carga r\u00e1pida S\u00ed<\/li>\n<li>Reconocimiento de cara S\u00ed<\/li>\n<\/ul>\n<p><strong>Multimedia<\/strong><\/p>\n<ul>\n<li>Sistema de audio Dolby Atmos<\/li>\n<\/ul>\n<p><strong>Conexi\u00f3n<\/strong><\/p>\n<ul>\n<li>Wifi S\u00ed<\/li>\n<li>Wi-Fi est\u00e1ndares Wi-Fi 5 (802.11ac)<\/li>\n<li>Bluetooth S\u00ed<\/li>\n<li>Versi\u00f3n de Bluetooth 5.2<\/li>\n<li>Tipo de tarjeta SIMNano SIM<\/li>\n<li>NFC S\u00ed<\/li>\n<li>Est\u00e1ndares 3G WCDMA<\/li>\n<li>Est\u00e1ndar 4G LTE-TDD &amp; LTE-FDD<\/li>\n<li>Est\u00e1ndar 5G No compatible<\/li>\n<li>Capacidad de la tarjeta SIM SIM doble<\/li>\n<li>Mobile network generation 4G<\/li>\n<\/ul>\n<\/div>\n","protected":false},"excerpt":{"rendered":"<p><span style=\"color: #ff0000;\"><strong>\u00a1ENV\u00cdO GRATIS!<\/strong><\/span><\/p>\n","protected":false},"featured_media":217933,"comment_status":"open","ping_status":"closed","template":"","meta":{"_joinchat":[]},"product_cat":[825,6479,6476,7133],"product_tag":[],"class_list":{"0":"post-217932","1":"product","2":"type-product","3":"status-publish","4":"has-post-thumbnail","6":"product_cat-pequeno-electrodomestico","7":"product_cat-smartphones-telefonos","8":"product_cat-telefonos","9":"product_cat-ofertas-smartphones","11":"first","12":"instock","13":"sale","14":"taxable","15":"shipping-taxable","16":"purchasable","17":"product-type-simple"},"_links":{"self":[{"href":"https:\/\/desdropi.com\/elparque\/wp-json\/wp\/v2\/product\/217932"}],"collection":[{"href":"https:\/\/desdropi.com\/elparque\/wp-json\/wp\/v2\/product"}],"about":[{"href":"https:\/\/desdropi.com\/elparque\/wp-json\/wp\/v2\/types\/product"}],"replies":[{"embeddable":true,"href":"https:\/\/desdropi.com\/elparque\/wp-json\/wp\/v2\/comments?post=217932"}],"version-history":[{"count":0,"href":"https:\/\/desdropi.com\/elparque\/wp-json\/wp\/v2\/product\/217932\/revisions"}],"wp:featuredmedia":[{"embeddable":true,"href":"https:\/\/desdropi.com\/elparque\/wp-json\/wp\/v2\/media\/217933"}],"wp:attachment":[{"href":"https:\/\/desdropi.com\/elparque\/wp-json\/wp\/v2\/media?parent=217932"}],"wp:term":[{"taxonomy":"product_cat","embeddable":true,"href":"https:\/\/desdropi.com\/elparque\/wp-json\/wp\/v2\/product_cat?post=217932"},{"taxonomy":"product_tag","embeddable":true,"href":"https:\/\/desdropi.com\/elparque\/wp-json\/wp\/v2\/product_tag?post=217932"}],"curies":[{"name":"wp","href":"https:\/\/api.w.org\/{rel}","templated":true}]}}