{"id":217982,"date":"2024-04-10T13:48:46","date_gmt":"2024-04-10T11:48:46","guid":{"rendered":"https:\/\/desdropi.com\/elparque\/?post_type=product&#038;p=217982"},"modified":"2024-05-14T22:42:37","modified_gmt":"2024-05-14T20:42:37","slug":"smartphone-samsung-a05s-4-64-67-light-green","status":"publish","type":"product","link":"https:\/\/desdropi.com\/elparque\/smartphone-samsung-a05s-4-64-67-light-green\/","title":{"rendered":"SMARTPHONE SAMSUNG A05S 4\/64 6,7&#8243; LIGHT GREEN"},"content":{"rendered":"<div class=\"descripcion-tab\">\nMarca SAMSUNG<br \/>\nModeloSM-A057GZKUEUB<br \/>\nEAN8806095268408<\/p>\n<p><strong>Procesador<\/strong><\/p>\n<ul>\n<li>Familia de procesador Qualcomm<\/li>\n<li>Modelo del procesador 680<\/li>\n<li>N\u00famero de n\u00facleos de procesador 8<\/li>\n<li>Frecuencia del procesador 1,9<\/li>\n<\/ul>\n<p><strong>Exhibici\u00f3n<\/strong><\/p>\n<ul>\n<li>Resoluci\u00f3n de la pantalla 1080 x 2400<\/li>\n<li>Tipo de visualizador PLS<\/li>\n<li>N\u00famero de colores de la pantalla 16 millones de colores<\/li>\n<li>M\u00e1xima velocidad de actualizaci\u00f3n 90<\/li>\n<li>Tama\u00f1o de la pantalla 17<\/li>\n<\/ul>\n<p><strong>Puertos e Interfaces<\/strong><\/p>\n<ul>\n<li>Conector USB Tipo C<\/li>\n<li>Versi\u00f3n USB 2.0<\/li>\n<li>Auriculares 3,5 mm<\/li>\n<li>Puerto USB S\u00ed<\/li>\n<\/ul>\n<p><strong>Peso y dimensiones<\/strong><\/p>\n<ul>\n<li>Ancho 77,8<\/li>\n<li>Peso 195<\/li>\n<li>Altura 168<\/li>\n<li>Profundidad 8,8<\/li>\n<\/ul>\n<p><strong>Medios de almacenaje<\/strong><\/p>\n<ul>\n<li>Tama\u00f1o m\u00e1ximo de tarjeta de memoria 1<\/li>\n<li>RAM interna 4<\/li>\n<li>Tarjetas de memoria compatibles MicroSD (TransFlash)<\/li>\n<li>Memoria interna 64<\/li>\n<\/ul>\n<p><strong>Mensajer\u00eda<\/strong><\/p>\n<ul>\n<li>Correo electr\u00f3nico S\u00ed<\/li>\n<li>Servicios de mensajes cortos (SMS) S\u00ed<\/li>\n<li>Sistema de mensajer\u00eda multimedia (MMS) S\u00ed<\/li>\n<\/ul>\n<p><strong>Navegaci\u00f3n<\/strong><\/p>\n<ul>\n<li>GPS (sat\u00e9lite) S\u00ed<\/li>\n<li>GPS S\u00ed<\/li>\n<\/ul>\n<p><strong>Aprobaciones reguladoras<\/strong><\/p>\n<ul>\n<li>Categor\u00eda del \u00edndice SAR para la cabeza (UE) B<\/li>\n<li>\u00cdndice SAR para la cabeza (UE) 0,58<\/li>\n<\/ul>\n<p><strong>Software<\/strong><\/p>\n<ul>\n<li>Sistema operativo instalado Android 13<\/li>\n<li>Plataforma Android<\/li>\n<\/ul>\n<p><strong>C\u00e1mara fotogr\u00e1fica<\/strong><\/p>\n<ul>\n<li>Modo de alto rango din\u00e1mico (HDR) de la c\u00e1mara S\u00ed<\/li>\n<li>Resoluci\u00f3n de la c\u00e1mara trasera (num\u00e9rica) 50<\/li>\n<li>Tipo de c\u00e1mara trasera Triple c\u00e1mara<\/li>\n<li>Resoluci\u00f3n de captura de video 1920 x 1080<\/li>\n<li>Resoluci\u00f3n de la tercera c\u00e1mara trasera (num\u00e9rica) 2<\/li>\n<li>Resoluci\u00f3n de la segunda c\u00e1mara trasera (num\u00e9rica) 2<\/li>\n<li>Tipo de c\u00e1mara frontal C\u00e1mara \u00fanica<\/li>\n<li>Resoluci\u00f3n de la c\u00e1mara frontal (num\u00e9rica) 13<\/li>\n<li>Flash en c\u00e1mara trasera S\u00ed<\/li>\n<li>Autoenfoque S\u00ed<\/li>\n<\/ul>\n<p><strong>Contenido del embalaje<\/strong><\/p>\n<ul>\n<li>Gu\u00eda de configuraci\u00f3n r\u00e1pida S\u00ed<\/li>\n<li>Ejection pin S\u00ed<\/li>\n<li>Cables incluidos USB tipo C a USB tipo C<\/li>\n<\/ul>\n<p><strong>Bater\u00eda<\/strong><\/p>\n<ul>\n<li>Bater\u00eda extra\u00edble No<\/li>\n<li>Capacidad de bater\u00eda 5000<\/li>\n<\/ul>\n<p><strong>Dise\u00f1o<\/strong><\/p>\n<ul>\n<li>Factor de forma Barra<\/li>\n<li>Color Light Green<\/li>\n<\/ul>\n<p><strong>Desempe\u00f1o<\/strong><\/p>\n<ul>\n<li>Lector de huella digital S\u00ed<\/li>\n<li>Carga r\u00e1pida S\u00ed<\/li>\n<li>Reconocimiento de cara S\u00ed<\/li>\n<li>Alerta vibratoria S\u00ed<\/li>\n<li>Video llamada S\u00ed<\/li>\n<\/ul>\n<p><strong>Multimedia<\/strong><\/p>\n<ul>\n<li>Radio FM No<\/li>\n<li>Altavoces Est\u00e9reo<\/li>\n<\/ul>\n<p><strong>Suscripci\u00f3n<\/strong><\/p>\n<ul>\n<li>Tipo de suscripci\u00f3n Sin suscripci\u00f3n<\/li>\n<\/ul>\n<p><strong>Conexi\u00f3n<\/strong><\/p>\n<ul>\n<li>Wifi S\u00ed<\/li>\n<li>Est\u00e1ndares 3G WCDMA<\/li>\n<li>Versi\u00f3n de Bluetooth 5.1<\/li>\n<li>Tipo de tarjeta SIM Nano SIM<\/li>\n<li>Wi-Fi est\u00e1ndares 802.11a, 802.11b, 802.11g, Wi-Fi 4 (802.11n), Wi-Fi 5 (802.11ac), Wi-Fi 6 (802.11ax)<\/li>\n<li>Est\u00e1ndar 4G LTE<\/li>\n<li>Mobile network generation 4G<\/li>\n<li>Voces superpuestas LTE (VoLTE) compatibles S\u00ed<\/li>\n<li>Bluetooth S\u00ed<\/li>\n<li>NFC S\u00ed<\/li>\n<li>Capacidad de la tarjeta SIM doble<\/li>\n<li>Est\u00e1ndar 5G No compatible<\/li>\n<\/ul>\n<\/div>\n","protected":false},"excerpt":{"rendered":"<p><span style=\"color: #ff0000;\"><strong>\u00a1ENV\u00cdO GRATIS!<\/strong><\/span><\/p>\n","protected":false},"featured_media":217983,"comment_status":"open","ping_status":"closed","template":"","meta":{"_joinchat":[]},"product_cat":[825,6479,6476,7133],"product_tag":[],"class_list":{"0":"post-217982","1":"product","2":"type-product","3":"status-publish","4":"has-post-thumbnail","6":"product_cat-pequeno-electrodomestico","7":"product_cat-smartphones-telefonos","8":"product_cat-telefonos","9":"product_cat-ofertas-smartphones","11":"first","12":"instock","13":"sale","14":"taxable","15":"shipping-taxable","16":"purchasable","17":"product-type-simple"},"_links":{"self":[{"href":"https:\/\/desdropi.com\/elparque\/wp-json\/wp\/v2\/product\/217982"}],"collection":[{"href":"https:\/\/desdropi.com\/elparque\/wp-json\/wp\/v2\/product"}],"about":[{"href":"https:\/\/desdropi.com\/elparque\/wp-json\/wp\/v2\/types\/product"}],"replies":[{"embeddable":true,"href":"https:\/\/desdropi.com\/elparque\/wp-json\/wp\/v2\/comments?post=217982"}],"version-history":[{"count":0,"href":"https:\/\/desdropi.com\/elparque\/wp-json\/wp\/v2\/product\/217982\/revisions"}],"wp:featuredmedia":[{"embeddable":true,"href":"https:\/\/desdropi.com\/elparque\/wp-json\/wp\/v2\/media\/217983"}],"wp:attachment":[{"href":"https:\/\/desdropi.com\/elparque\/wp-json\/wp\/v2\/media?parent=217982"}],"wp:term":[{"taxonomy":"product_cat","embeddable":true,"href":"https:\/\/desdropi.com\/elparque\/wp-json\/wp\/v2\/product_cat?post=217982"},{"taxonomy":"product_tag","embeddable":true,"href":"https:\/\/desdropi.com\/elparque\/wp-json\/wp\/v2\/product_tag?post=217982"}],"curies":[{"name":"wp","href":"https:\/\/api.w.org\/{rel}","templated":true}]}}